{"id":7383,"date":"2019-01-24T19:32:29","date_gmt":"2019-01-24T19:32:29","guid":{"rendered":"https:\/\/home.tovpil.org\/?page_id=7383"},"modified":"2019-01-24T19:32:29","modified_gmt":"2019-01-24T19:32:29","slug":"aviso-de-privacidad","status":"publish","type":"page","link":"https:\/\/home.tovpil.org\/en_US\/aviso-de-privacidad\/","title":{"rendered":"Aviso de Privacidad"},"content":{"rendered":"<p>Talleres de Oraci\u00f3n y Vida con portal web www.tovpil.org, en lo sucesivo TOV, somos los responsables del uso y protecci\u00f3n de sus datos personales y ponemos a su disposici\u00f3n el presente Aviso de Privacidad con el objetivo de informarle los datos personales que recabaremos, as\u00ed como el manejo, aprovechamiento, transferencia, disposici\u00f3n, divulgaci\u00f3n o almacenamiento que les daremos en estricto apego a las leyes y reglamentos aplicables.<\/p>\n<p><strong>Datos Personales y Sensibles<\/strong><\/p>\n<p>En TOV podremos tratar las siguientes categor\u00edas de sus datos personales:<\/p>\n<ul>\n<li>Nombre<\/li>\n<li>Ubicaci\u00f3n Geogr\u00e1fica<\/li>\n<li>Correo electr\u00f3nico<\/li>\n<li>Tel\u00e9fono<\/li>\n<li>Domicilio<\/li>\n<\/ul>\n<p>Conservaremos todos sus datos personales adoptando todas las medidas de seguridad f\u00edsicas, administrativas y t\u00e9cnicas que consideremos pertinentes tomando en cuenta todos los factores referentes a sus datos y al tratamiento de los mismos.<\/p>\n<p><strong>Finalidades<\/strong><\/p>\n<p>Trataremos sus datos personales para hacerle llegar informaci\u00f3n relativa a nuestros Talleres para Adultos, J\u00f3venes, Adolescentes y Ni\u00f1os, as\u00ed como los Cursos Matrimoniales, Encuentros de Experiencia de Dios, Charlas y Jornadas de Evangelizaci\u00f3n y C\u00edrculos de Oraci\u00f3n y Vida. Las finalidades espec\u00edficas de nuestro tratamiento de datos pueden variar en atenci\u00f3n a si usted est\u00e1s interesado en conocer sobre TOV, si es tallerista, si es Gu\u00eda y\/o miembro de Equipos Locales, Nacionales o Zonales.<\/p>\n<p>Los datos sensibles ser\u00e1n recabados \u00fanicamente si usted voluntariamente los proporciona y no ser\u00e1n utilizados para ninguna finalidad salvo hacerle llegar informaci\u00f3n relacionada a TOV que pudiera ser de su inter\u00e9s.<\/p>\n<p>En TOV no compartiremos sus datos personales o sensibles con terceros.<\/p>\n<p><strong>Derechos ARCO, Revocaci\u00f3n del Consentimiento y Limitaci\u00f3n de Uso<\/strong><strong>\u00a0<\/strong><\/p>\n<p>Los derechos ARCO consisten en: conocer las condiciones de tratamiento de sus datos personales (Acceso); solicitar la correcci\u00f3n de su informaci\u00f3n personal (Rectificaci\u00f3n); eliminar de registros o bases de datos su informaci\u00f3n cuando considere que no est\u00e1 siendo utilizada adecuadamente (Cancelaci\u00f3n); oponerse al uso de sus datos personales para fines espec\u00edficos (Oposici\u00f3n).<\/p>\n<p>Usted puede solicitar a TOV informaci\u00f3n sobre qu\u00e9 datos suyos tratamos, correcciones a su informaci\u00f3n personal, eliminaci\u00f3n de sus datos de nuestra base de datos u oponerse al uso de sus datos para fines espec\u00edficos. Asimismo, usted puede revocar el consentimiento que en su caso nos haya otorgado para el tratamiento de sus datos o solicitar alguna otra limitaci\u00f3n al uso de sus datos personales.<\/p>\n<p>Para facilitar el ejercicio de cualquiera de sus derechos, la revocaci\u00f3n de su consentimiento o la limitaci\u00f3n al uso de sus datos, usted podr\u00e1 enviar su solicitud al correo electr\u00f3nico <a href=\"mailto:secretariainternacional@home.tovpil.org\">secretariainternacional@home.tovpil.org<\/a> desde el cual en TOV daremos respuesta gratuita a sus solicitudes en un t\u00e9rmino m\u00e1ximo de 20 d\u00edas h\u00e1biles.<\/p>\n<p><strong>Nuestras tecnolog\u00edas de rastreo<\/strong><\/p>\n<p><strong>\u00a0<\/strong>En TOV le informamos que utilizamos cookies, web beacons u otras tecnolog\u00edas a trav\u00e9s de las cuales es posible monitorear su comportamiento en internet, as\u00ed como brindarle un mejor servicio y experiencia al navegar en nuestra p\u00e1gina.<\/p>\n<p>En nuestro portal de internet se le informar\u00e1 sobre las tecnolog\u00edas de rastreo utilizadas. Es importante que sepa que los datos personales recabados a trav\u00e9s de estas tecnolog\u00edas de rastreo no son transferidos a terceros.<\/p>\n<p><strong>Cambios, Modificaciones, Actualizaciones<\/strong><\/p>\n<p>El presente Aviso de Privacidad puede sufrir modificaciones, cambios o actualizaciones derivadas de nuevos requerimientos legales, de nuestras pr\u00e1cticas de privacidad, de cambios en los servicios ofrecidos o por otras causas legalmente justificadas.<\/p>\n<p>\u00a1Nos comprometemos a mantenerlo informado sobre los cambios que pueda sufrir el presente Aviso de Privacidad al publicar el documento actualizado a disposici\u00f3n en nuestra p\u00e1gina de internet www.tovpil.org!<\/p>\n<p>&nbsp;<\/p>\n","protected":false},"excerpt":{"rendered":"<p>Talleres de Oraci\u00f3n y Vida con portal web www.tovpil.org, en lo sucesivo TOV, somos los responsables del uso y protecci\u00f3n de sus datos personales y ponemos a su disposici\u00f3n el presente Aviso de Privacidad con el objetivo de informarle los datos personales que recabaremos, as\u00ed como el manejo, aprovechamiento, transferencia, disposici\u00f3n, divulgaci\u00f3n o almacenamiento que [&hellip;]<\/p>\n","protected":false},"author":1,"featured_media":0,"parent":0,"menu_order":0,"comment_status":"closed","ping_status":"closed","template":"","meta":{"footnotes":""},"class_list":["post-7383","page","type-page","status-publish","hentry"],"_links":{"self":[{"href":"https:\/\/home.tovpil.org\/en_US\/wp-json\/wp\/v2\/pages\/7383","targetHints":{"allow":["GET"]}}],"collection":[{"href":"https:\/\/home.tovpil.org\/en_US\/wp-json\/wp\/v2\/pages"}],"about":[{"href":"https:\/\/home.tovpil.org\/en_US\/wp-json\/wp\/v2\/types\/page"}],"author":[{"embeddable":true,"href":"https:\/\/home.tovpil.org\/en_US\/wp-json\/wp\/v2\/users\/1"}],"replies":[{"embeddable":true,"href":"https:\/\/home.tovpil.org\/en_US\/wp-json\/wp\/v2\/comments?post=7383"}],"version-history":[{"count":1,"href":"https:\/\/home.tovpil.org\/en_US\/wp-json\/wp\/v2\/pages\/7383\/revisions"}],"predecessor-version":[{"id":7384,"href":"https:\/\/home.tovpil.org\/en_US\/wp-json\/wp\/v2\/pages\/7383\/revisions\/7384"}],"wp:attachment":[{"href":"https:\/\/home.tovpil.org\/en_US\/wp-json\/wp\/v2\/media?parent=7383"}],"curies":[{"name":"wp","href":"https:\/\/api.w.org\/{rel}","templated":true}]}}