{"id":921,"date":"2017-06-25T22:06:10","date_gmt":"2017-06-25T22:06:10","guid":{"rendered":"https:\/\/home.tovpil.org\/?page_id=921"},"modified":"2017-12-22T01:26:04","modified_gmt":"2017-12-22T01:26:04","slug":"cursos-matrimoniales","status":"publish","type":"page","link":"https:\/\/home.tovpil.org\/en_US\/que-ofrecemos\/cursos-matrimoniales\/","title":{"rendered":"Marriage Course"},"content":{"rendered":"<p>[vc_row][vc_column width=&#8221;8\/12&#8243; el_class=&#8221;fondo_taller_cm seccion-desarrollado&#8221;][vc_column_text el_class=&#8221;margin-bottom-40&#8243;]<\/p>\n<h1>Marriage Course<\/h1>\n<ul class=\"block-info\">\n<li class=\"ssba\"><!-- Simple Share Buttons Adder (7.5.19) simplesharebuttons.com --><div class=\"ssba-classic-2 ssba ssbp-wrap left ssbp--theme-1\"><div style=\"text-align:left\"><a data-site=\"\" class=\"ssba_facebook_share\" href=\"http:\/\/www.facebook.com\/sharer.php?u=https:\/\/home.tovpil.org\/en_US\/wp-json\/wp\/v2\/pages\/921\"  target=\"_blank\" ><img decoding=\"async\" src=\"https:\/\/home.tovpil.org\/wp-content\/plugins\/simple-share-buttons-adder\/buttons\/somacro\/facebook.png\" style=\"width: 35px;\" title=\"Facebook\" class=\"ssba ssba-img\" alt=\"Share on Facebook\" \/><div title=\"Facebook\" class=\"ssbp-text\">Facebook<\/div><\/a><a data-site=\"\" class=\"ssba_twitter_share\" href=\"http:\/\/twitter.com\/share?url=https:\/\/home.tovpil.org\/en_US\/wp-json\/wp\/v2\/pages\/921&amp;text=Marriage%20Course%20\"  target=&quot;_blank&quot; ><img decoding=\"async\" src=\"https:\/\/home.tovpil.org\/wp-content\/plugins\/simple-share-buttons-adder\/buttons\/somacro\/twitter.png\" style=\"width: 35px;\" title=\"Twitter\" class=\"ssba ssba-img\" alt=\"Tweet about this on Twitter\" \/><div title=\"Twitter\" class=\"ssbp-text\">Twitter<\/div><\/a><a data-site='pinterest' class='ssba_pinterest_share' href='javascript:void((function()%7Bvar%20e=document.createElement(&apos;script&apos;);e.setAttribute(&apos;type&apos;,&apos;text\/javascript&apos;);e.setAttribute(&apos;charset&apos;,&apos;UTF-8&apos;);e.setAttribute(&apos;src&apos;,&apos;\/\/assets.pinterest.com\/js\/pinmarklet.js?r=&apos;+Math.random()*99999999);document.body.appendChild(e)%7D)());'><img decoding=\"async\" src=\"https:\/\/home.tovpil.org\/wp-content\/plugins\/simple-share-buttons-adder\/buttons\/somacro\/pinterest.png\" style=\"width: 35px;\" title=\"Pinterest\" class=\"ssba ssba-img\" alt=\"Pin on Pinterest\" \/><div title=\"Pinterest\" class=\"ssbp-text\">Pinterest<\/div><\/a><\/div><\/div><\/li>\n<\/ul>\n<p><strong>Capacity: 10 couples<\/strong><br \/>\n<strong>Duration: 6 Meetings<\/strong><br \/>\n<strong>1 per week lasting 2 hours each<\/strong><\/p>\n<p>It is a course, that is not theoretical but practical, in the style of a workshop which, by working, you learn to work. It uses a movement of communication and dialogue, from deep within, from heart to heart. A movement which establishes a current of being open and welcoming, through which the spouses clarify, understand, commit, forgive, accept each other. They enter into harmony, and a reciprocal joy and love are awakened. We want to accompany the couples on their pilgrimage towards the conjugal ideal.[\/vc_column_text][vc_column_text el_class=&#8221;title-main-na&#8221;]<\/p>\n<h2><a href=\"\/wp\/category\/testimonios\/plw-services\/curso-matrimonial\/\">TESTIMONIES<\/a><\/h2>\n<p>[\/vc_column_text]\n<div class=\"slz-shortcode sc_posts_mansory slz-posts-mansory slz-post-mansory-layout-1  posts-mansory-30175250869d062df03e61 \">\n\n<div class=\"slz-isotope-grid column-2\">\n<div class=\"grid-item\">\n\t<div class=\"slz-block-item-01 style-1\">\n\t\t\t\t\t\t<div class=\"block-content\">\n\t\t\t<div class=\"block-content-wrapper\">\n\t\t\t\t\t\t\t\t<a class=\"block-title\" href=\"https:\/\/home.tovpil.org\/en_US\/2024\/07\/04\/curso-para-casais-brasil-aplicado-em-curitiba-pr-local-ctba-1\/\">\n\t\t\t\t\tCURSO PARA CASAIS BRASIL aplicado em Curitiba-PR Local CTBA 1\t\t\t\t<\/a>\n\t\t\t\t<div class=\"block-info\">\n\t\t\t\t\t<ul>\n\t\t\t\t\t<li><a href=\"https:\/\/home.tovpil.org\/en_US\/2024\/07\/04\/curso-para-casais-brasil-aplicado-em-curitiba-pr-local-ctba-1\/\" class=\"link date\">julio 4, 2024<\/a><\/li>\t\t\t\t\t<\/ul>\n\t\t\t\t<\/div>\n\t\t\n\t\t\t\t\t\t\t\t\t<div class=\"block-text\">\n\t\t\t\t\t\t[vc_row][vc_column width=\"8\/12\" el_class=\"fondo_taller_cm seccion-desarrollado\"][vc_column_text el_class=\"margin-bottom-40\"] Marriage Course [ssba] Capacity: 10 couples\t\t\t\t\t<\/div>\n\t\t\t\t\n\t\t\t\t\n\t\t\t\t\t\t\t\t\t<a href=\"https:\/\/home.tovpil.org\/en_US\/2024\/07\/04\/curso-para-casais-brasil-aplicado-em-curitiba-pr-local-ctba-1\/\" class=\"block-read-more\">\n\t\t\t\t\t\tMore information\t\t\t\t\t\t<i class=\"fa fa-angle-double-right\"><\/i>\n\t\t\t\t\t<\/a>\n\t\t\t\t\t\t\t<\/div>\n\t\t<\/div>\n\t<\/div>\n<\/div>\n<div class=\"grid-item\">\n\t<div class=\"slz-block-item-01 style-1\">\n\t\t\t\t\t\t<div class=\"block-content\">\n\t\t\t<div class=\"block-content-wrapper\">\n\t\t\t\t\t\t\t\t<a class=\"block-title\" href=\"https:\/\/home.tovpil.org\/en_US\/2020\/11\/06\/testimonio-de-una-pareja-de-brasil\/\">\n\t\t\t\t\tTestimonio de una pareja de Brasil\t\t\t\t<\/a>\n\t\t\t\t<div class=\"block-info\">\n\t\t\t\t\t<ul>\n\t\t\t\t\t<li><a href=\"https:\/\/home.tovpil.org\/en_US\/2020\/11\/06\/testimonio-de-una-pareja-de-brasil\/\" class=\"link date\">noviembre 6, 2020<\/a><\/li>\t\t\t\t\t<\/ul>\n\t\t\t\t<\/div>\n\t\t\n\t\t\t\t\t\t\t\t\t<div class=\"block-text\">\n\t\t\t\t\t\t[vc_row][vc_column width=\"8\/12\" el_class=\"fondo_taller_cm seccion-desarrollado\"][vc_column_text el_class=\"margin-bottom-40\"] Marriage Course [ssba] Capacity: 10 couples\t\t\t\t\t<\/div>\n\t\t\t\t\n\t\t\t\t\n\t\t\t\t\t\t\t\t\t<a href=\"https:\/\/home.tovpil.org\/en_US\/2020\/11\/06\/testimonio-de-una-pareja-de-brasil\/\" class=\"block-read-more\">\n\t\t\t\t\t\tMore information\t\t\t\t\t\t<i class=\"fa fa-angle-double-right\"><\/i>\n\t\t\t\t\t<\/a>\n\t\t\t\t\t\t\t<\/div>\n\t\t<\/div>\n\t<\/div>\n<\/div><\/div><\/div>\n\n[vc_column_text el_class=&#8221;title-main-na&#8221;]<\/p>\n<h2><a href=\"\/wp\/category\/noticias\/servicios\/curso-matrimonial-servicios\/\">NEWS<\/a><\/h2>\n<p>[\/vc_column_text]\n<div class=\"slz-shortcode sc_posts_mansory slz-posts-mansory slz-post-mansory-layout-1  posts-mansory-200169426169d062df11bbe \">\n\n<div class=\"slz-isotope-grid column-2\">\n<div class=\"grid-item\">\n\t<div class=\"slz-block-item-01 style-1\">\n\t\t<a class='concentradora-noticia-item'>Marriage Course<\/a>\t\t\t<div class=\"block-image\">\n\t\t\t\t\t<a href=\"https:\/\/home.tovpil.org\/en_US\/2025\/11\/22\/curso-matrimonial-impartido-en-valdepenas-de-jaen-espana\/\" class=\"link\">\n\t\t\t\t<img loading=\"lazy\" decoding=\"async\" width=\"550\" height=\"350\" src=\"https:\/\/home.tovpil.org\/wp-content\/uploads\/2025\/11\/IMG-20251112-WA0031-550x350.jpg\" class=\"img-responsive img-full\" alt=\"\" \/>\t\t\t<\/a>\n\t<\/div>\n\t\t<div class=\"block-content\">\n\t\t\t<div class=\"block-content-wrapper\">\n\t\t\t\t\t\t\t\t<a class=\"block-title\" href=\"https:\/\/home.tovpil.org\/en_US\/2025\/11\/22\/curso-matrimonial-impartido-en-valdepenas-de-jaen-espana\/\">\n\t\t\t\t\tMarriage Course Held in Valdepe\u00f1as de Ja\u00e9n (Spain)\t\t\t\t<\/a>\n\t\t\t\t<div class=\"block-info\">\n\t\t\t\t\t<ul>\n\t\t\t\t\t<li><a href=\"https:\/\/home.tovpil.org\/en_US\/2025\/11\/22\/curso-matrimonial-impartido-en-valdepenas-de-jaen-espana\/\" class=\"link date\">noviembre 22, 2025<\/a><\/li>\t\t\t\t\t<\/ul>\n\t\t\t\t<\/div>\n\t\t\n\t\t\t\t\t\t\t\t\t<div class=\"block-text\">\n\t\t\t\t\t\tA Marriage Course concluded on November 10th in Valdepe\u00f1as de Ja\u00e9n. It was led by the coordinating married couple Cristina and Manolo from the Ja\u00e9n Local Coordination (Spain).\t\t\t\t\t<\/div>\n\t\t\t\t\n\t\t\t\t\n\t\t\t\t\t\t\t\t\t<a href=\"https:\/\/home.tovpil.org\/en_US\/2025\/11\/22\/curso-matrimonial-impartido-en-valdepenas-de-jaen-espana\/\" class=\"block-read-more\">\n\t\t\t\t\t\tMore information\t\t\t\t\t\t<i class=\"fa fa-angle-double-right\"><\/i>\n\t\t\t\t\t<\/a>\n\t\t\t\t\t\t\t<\/div>\n\t\t<\/div>\n\t<\/div>\n<\/div>\n<div class=\"grid-item\">\n\t<div class=\"slz-block-item-01 style-1\">\n\t\t<a class='concentradora-noticia-item'>Marriage Course<\/a>\t\t\t<div class=\"block-image\">\n\t\t\t\t\t<a href=\"https:\/\/home.tovpil.org\/en_US\/2025\/09\/27\/curso-para-matrimonios-en-palma-tocantins-brasil\/\" class=\"link\">\n\t\t\t\t<img loading=\"lazy\" decoding=\"async\" width=\"550\" height=\"350\" src=\"https:\/\/home.tovpil.org\/wp-content\/uploads\/2025\/09\/Curso-matrimonial-550x350.jpg\" class=\"img-responsive img-full\" alt=\"\" \/>\t\t\t<\/a>\n\t<\/div>\n\t\t<div class=\"block-content\">\n\t\t\t<div class=\"block-content-wrapper\">\n\t\t\t\t\t\t\t\t<a class=\"block-title\" href=\"https:\/\/home.tovpil.org\/en_US\/2025\/09\/27\/curso-para-matrimonios-en-palma-tocantins-brasil\/\">\n\t\t\t\t\tMATRIMONIAL COURSE IN PALMAS, TOCANTINS, BRAZIL\t\t\t\t<\/a>\n\t\t\t\t<div class=\"block-info\">\n\t\t\t\t\t<ul>\n\t\t\t\t\t<li><a href=\"https:\/\/home.tovpil.org\/en_US\/2025\/09\/27\/curso-para-matrimonios-en-palma-tocantins-brasil\/\" class=\"link date\">septiembre 27, 2025<\/a><\/li>\t\t\t\t\t<\/ul>\n\t\t\t\t<\/div>\n\t\t\n\t\t\t\t\t\t\t\t\t<div class=\"block-text\">\n\t\t\t\t\t\tA matrimonial course\u00a0 took place at S\u00e3o Jos\u00e9 Parish in Palmas, Tocantins, Brazil, and concluded on September 15. The parish belongs to Brazil Central National 9, which is part of the Brazil Central Zone\t\t\t\t\t<\/div>\n\t\t\t\t\n\t\t\t\t\n\t\t\t\t\t\t\t\t\t<a href=\"https:\/\/home.tovpil.org\/en_US\/2025\/09\/27\/curso-para-matrimonios-en-palma-tocantins-brasil\/\" class=\"block-read-more\">\n\t\t\t\t\t\tMore information\t\t\t\t\t\t<i class=\"fa fa-angle-double-right\"><\/i>\n\t\t\t\t\t<\/a>\n\t\t\t\t\t\t\t<\/div>\n\t\t<\/div>\n\t<\/div>\n<\/div><\/div><\/div>\n\n[vc_column_text el_class=&#8221;dash-bottom-frase&#8221;]<\/p>\n<blockquote>\n<p style=\"text-align: center;\"><a href=\"https:\/\/home.tovpil.org\/estructura\/\">&#8220;Where would you want to experience a Marriage Course&#8221;<\/a><\/p>\n<\/blockquote>\n<p>[\/vc_column_text][\/vc_column][vc_column width=&#8221;4\/12&#8243;][vc_column_text el_class=&#8221;relacionados&#8221;]<\/p>\n<h6>Related<\/h6>\n<p>[\/vc_column_text][vc_wp_custommenu nav_menu=&#8221;15&#8243;][\/vc_column][\/vc_row]<\/p>\n","protected":false},"excerpt":{"rendered":"<p>[vc_row][vc_column width=&#8221;8\/12&#8243; el_class=&#8221;fondo_taller_cm seccion-desarrollado&#8221;][vc_column_text el_class=&#8221;margin-bottom-40&#8243;]<\/p>\n<h1>Marriage Course<\/h1>\n<ul class=\"block-info\">\n<li class=\"ssba\">[ssba]<\/li>\n<\/ul>\n<p><strong>Capacity: 10 couples<\/stro...\n<\/p>\n","protected":false},"author":1,"featured_media":0,"parent":1270,"menu_order":0,"comment_status":"closed","ping_status":"closed","template":"","meta":{"footnotes":""},"class_list":["post-921","page","type-page","status-publish","hentry"],"_links":{"self":[{"href":"https:\/\/home.tovpil.org\/en_US\/wp-json\/wp\/v2\/pages\/921","targetHints":{"allow":["GET"]}}],"collection":[{"href":"https:\/\/home.tovpil.org\/en_US\/wp-json\/wp\/v2\/pages"}],"about":[{"href":"https:\/\/home.tovpil.org\/en_US\/wp-json\/wp\/v2\/types\/page"}],"author":[{"embeddable":true,"href":"https:\/\/home.tovpil.org\/en_US\/wp-json\/wp\/v2\/users\/1"}],"replies":[{"embeddable":true,"href":"https:\/\/home.tovpil.org\/en_US\/wp-json\/wp\/v2\/comments?post=921"}],"version-history":[{"count":0,"href":"https:\/\/home.tovpil.org\/en_US\/wp-json\/wp\/v2\/pages\/921\/revisions"}],"up":[{"embeddable":true,"href":"https:\/\/home.tovpil.org\/en_US\/wp-json\/wp\/v2\/pages\/1270"}],"wp:attachment":[{"href":"https:\/\/home.tovpil.org\/en_US\/wp-json\/wp\/v2\/media?parent=921"}],"curies":[{"name":"wp","href":"https:\/\/api.w.org\/{rel}","templated":true}]}}