{"id":945,"date":"2017-06-26T21:21:36","date_gmt":"2017-06-26T21:21:36","guid":{"rendered":"https:\/\/home.tovpil.org\/?page_id=945"},"modified":"2017-12-22T01:31:45","modified_gmt":"2017-12-22T01:31:45","slug":"charlas-y-jornadas-de-evangelizacion","status":"publish","type":"page","link":"https:\/\/home.tovpil.org\/en_US\/que-ofrecemos\/charlas-y-jornadas-de-evangelizacion\/","title":{"rendered":"Evangelizing Talks and Meetings"},"content":{"rendered":"<p>[vc_row][vc_column width=&#8221;8\/12&#8243; el_class=&#8221;seccion-desarrollado&#8221;][vc_column_text el_class=&#8221;margin-bottom-40&#8243;]<\/p>\n<h1>Evangelizing Talks and Meetings<\/h1>\n<ul class=\"block-info\">\n<li class=\"ssba\"><!-- Simple Share Buttons Adder (7.5.19) simplesharebuttons.com --><div class=\"ssba-classic-2 ssba ssbp-wrap left ssbp--theme-1\"><div style=\"text-align:left\"><a data-site=\"\" class=\"ssba_facebook_share\" href=\"http:\/\/www.facebook.com\/sharer.php?u=https:\/\/home.tovpil.org\/en_US\/wp-json\/wp\/v2\/pages\/945\"  target=\"_blank\" ><img decoding=\"async\" src=\"https:\/\/home.tovpil.org\/wp-content\/plugins\/simple-share-buttons-adder\/buttons\/somacro\/facebook.png\" style=\"width: 35px;\" title=\"Facebook\" class=\"ssba ssba-img\" alt=\"Share on Facebook\" \/><div title=\"Facebook\" class=\"ssbp-text\">Facebook<\/div><\/a><a data-site=\"\" class=\"ssba_twitter_share\" href=\"http:\/\/twitter.com\/share?url=https:\/\/home.tovpil.org\/en_US\/wp-json\/wp\/v2\/pages\/945&amp;text=Evangelizing%20Talks%20and%20Meetings%20\"  target=&quot;_blank&quot; ><img decoding=\"async\" src=\"https:\/\/home.tovpil.org\/wp-content\/plugins\/simple-share-buttons-adder\/buttons\/somacro\/twitter.png\" style=\"width: 35px;\" title=\"Twitter\" class=\"ssba ssba-img\" alt=\"Tweet about this on Twitter\" \/><div title=\"Twitter\" class=\"ssbp-text\">Twitter<\/div><\/a><a data-site='pinterest' class='ssba_pinterest_share' href='javascript:void((function()%7Bvar%20e=document.createElement(&apos;script&apos;);e.setAttribute(&apos;type&apos;,&apos;text\/javascript&apos;);e.setAttribute(&apos;charset&apos;,&apos;UTF-8&apos;);e.setAttribute(&apos;src&apos;,&apos;\/\/assets.pinterest.com\/js\/pinmarklet.js?r=&apos;+Math.random()*99999999);document.body.appendChild(e)%7D)());'><img decoding=\"async\" src=\"https:\/\/home.tovpil.org\/wp-content\/plugins\/simple-share-buttons-adder\/buttons\/somacro\/pinterest.png\" style=\"width: 35px;\" title=\"Pinterest\" class=\"ssba ssba-img\" alt=\"Pin on Pinterest\" \/><div title=\"Pinterest\" class=\"ssbp-text\">Pinterest<\/div><\/a><\/div><\/div><\/li>\n<\/ul>\n<p>The New Evangelization around the world is the key task undertaken by Prayer and Life Workshops. In addition to the Workshops each member of our Association, as a Guide, also delivers Evangelization Talks and\/or Meetings.<\/p>\n<p>Talks may be given in a couple of hours, in half-day or full-day meetings or over a week-end.<\/p>\n<p>All of the contents of these Talks or Meetings are based on the richness and diversity of our Association&#8217;s legacy, the original works of our founder Father Ignacio Larra\u00f1aga.[\/vc_column_text][vc_column_text el_class=&#8221;title-main-na&#8221;]<\/p>\n<h2><a href=\"\/wp\/category\/testimonios\/plw-services\/charlas-y-jornadas-de-evangelizacion-plw-services\/\">TESTIMONIES<\/a><\/h2>\n<p>[\/vc_column_text]\n<div class=\"slz-shortcode sc_posts_mansory slz-posts-mansory slz-post-mansory-layout-1  posts-mansory-75731082469d062d786f6c \">\n\n<div class=\"slz-isotope-grid column-2\">\n<div class=\"grid-item\">\n\t<div class=\"slz-block-item-01 style-1\">\n\t\t\t\t\t\t<div class=\"block-content\">\n\t\t\t<div class=\"block-content-wrapper\">\n\t\t\t\t\t\t\t\t<a class=\"block-title\" href=\"https:\/\/home.tovpil.org\/en_US\/2018\/02\/20\/testimony-of-the-retreat-in-south-africa\/\">\n\t\t\t\t\tThe Retreat \u2013 \u201cJESUS CENTRE OF LIFE\u201d for me was Heartfelt and Mind Changing! After the Hymn \u201cSpirit of the Living God\u201d was sung by all \u2026I could really FEEL his presence upon me.\t\t\t\t<\/a>\n\t\t\t\t<div class=\"block-info\">\n\t\t\t\t\t<ul>\n\t\t\t\t\t<li><a href=\"https:\/\/home.tovpil.org\/en_US\/2018\/02\/20\/testimony-of-the-retreat-in-south-africa\/\" class=\"link date\">febrero 20, 2018<\/a><\/li>\t\t\t\t\t<\/ul>\n\t\t\t\t<\/div>\n\t\t\n\t\t\t\t\t\t\t\t\t<div class=\"block-text\">\n\t\t\t\t\t\t[vc_row][vc_column width=\"8\/12\" el_class=\"seccion-desarrollado\"][vc_column_text el_class=\"margin-bottom-40\"] Evangelizing Talks and Meetings [ssba] The New Evangelization around the ...\t\t\t\t\t<\/div>\n\t\t\t\t\n\t\t\t\t\n\t\t\t\t\t\t\t\t\t<a href=\"https:\/\/home.tovpil.org\/en_US\/2018\/02\/20\/testimony-of-the-retreat-in-south-africa\/\" class=\"block-read-more\">\n\t\t\t\t\t\tMore information\t\t\t\t\t\t<i class=\"fa fa-angle-double-right\"><\/i>\n\t\t\t\t\t<\/a>\n\t\t\t\t\t\t\t<\/div>\n\t\t<\/div>\n\t<\/div>\n<\/div>\n<div class=\"grid-item\">\n\t<div class=\"slz-block-item-01 style-1\">\n\t\t\t\t\t\t<div class=\"block-content\">\n\t\t\t<div class=\"block-content-wrapper\">\n\t\t\t\t\t\t\t\t<a class=\"block-title\" href=\"https:\/\/home.tovpil.org\/en_US\/2017\/08\/07\/testimonio-retiro-transfiguracion\/\">\n\t\t\t\t\tRealizar esta experiencia fue muy enriquecedora y emotiva. Sent\u00ed la necesidad de trabajar m\u00e1s en mi espiritualidad, con ella fortalecida y siendo consciente que Dios vive en m\u00ed que me ama y confiando plenamente en \u00c9l, siento que mi vida tiene sentido y las dificultades o problemas que se me presentan son razones para crecer, los veo de otra manera con positivismo y les veo soluci\u00f3n.\t\t\t\t<\/a>\n\t\t\t\t<div class=\"block-info\">\n\t\t\t\t\t<ul>\n\t\t\t\t\t<li><a href=\"https:\/\/home.tovpil.org\/en_US\/2017\/08\/07\/testimonio-retiro-transfiguracion\/\" class=\"link date\">agosto 7, 2017<\/a><\/li>\t\t\t\t\t<\/ul>\n\t\t\t\t<\/div>\n\t\t\n\t\t\t\t\t\t\t\t\t<div class=\"block-text\">\n\t\t\t\t\t\t[vc_row][vc_column width=\"8\/12\" el_class=\"seccion-desarrollado\"][vc_column_text el_class=\"margin-bottom-40\"] Evangelizing Talks and Meetings [ssba] The New Evangelization around the ...\t\t\t\t\t<\/div>\n\t\t\t\t\n\t\t\t\t\n\t\t\t\t\t\t\t\t\t<a href=\"https:\/\/home.tovpil.org\/en_US\/2017\/08\/07\/testimonio-retiro-transfiguracion\/\" class=\"block-read-more\">\n\t\t\t\t\t\tMore information\t\t\t\t\t\t<i class=\"fa fa-angle-double-right\"><\/i>\n\t\t\t\t\t<\/a>\n\t\t\t\t\t\t\t<\/div>\n\t\t<\/div>\n\t<\/div>\n<\/div><\/div><\/div>\n\n[\/vc_column][vc_column width=&#8221;4\/12&#8243;][vc_column_text el_class=&#8221;relacionados&#8221;]<\/p>\n<h6>Related<\/h6>\n<p>[\/vc_column_text][vc_wp_custommenu nav_menu=&#8221;15&#8243;][\/vc_column][\/vc_row]<\/p>\n","protected":false},"excerpt":{"rendered":"<p>[vc_row][vc_column width=&#8221;8\/12&#8243; el_class=&#8221;seccion-desarrollado&#8221;][vc_column_text el_class=&#8221;margin-bottom-40&#8243;]<\/p>\n<h1>Evangelizing Talks and Meetings<\/h1>\n<ul class=\"block-info\">\n<li class=\"ssba\">[ssba]<\/li>\n<\/ul>\n<p>The New Evangelization around the &#8230;<\/p>\n","protected":false},"author":1,"featured_media":0,"parent":1270,"menu_order":0,"comment_status":"closed","ping_status":"closed","template":"","meta":{"footnotes":""},"class_list":["post-945","page","type-page","status-publish","hentry"],"_links":{"self":[{"href":"https:\/\/home.tovpil.org\/en_US\/wp-json\/wp\/v2\/pages\/945","targetHints":{"allow":["GET"]}}],"collection":[{"href":"https:\/\/home.tovpil.org\/en_US\/wp-json\/wp\/v2\/pages"}],"about":[{"href":"https:\/\/home.tovpil.org\/en_US\/wp-json\/wp\/v2\/types\/page"}],"author":[{"embeddable":true,"href":"https:\/\/home.tovpil.org\/en_US\/wp-json\/wp\/v2\/users\/1"}],"replies":[{"embeddable":true,"href":"https:\/\/home.tovpil.org\/en_US\/wp-json\/wp\/v2\/comments?post=945"}],"version-history":[{"count":0,"href":"https:\/\/home.tovpil.org\/en_US\/wp-json\/wp\/v2\/pages\/945\/revisions"}],"up":[{"embeddable":true,"href":"https:\/\/home.tovpil.org\/en_US\/wp-json\/wp\/v2\/pages\/1270"}],"wp:attachment":[{"href":"https:\/\/home.tovpil.org\/en_US\/wp-json\/wp\/v2\/media?parent=945"}],"curies":[{"name":"wp","href":"https:\/\/api.w.org\/{rel}","templated":true}]}}