{"id":103,"date":"2017-05-29T16:45:35","date_gmt":"2017-05-29T16:45:35","guid":{"rendered":"https:\/\/home.tovpil.org\/?page_id=103"},"modified":"2017-11-22T23:13:18","modified_gmt":"2017-11-22T23:13:18","slug":"obra-padre-ignacio-larranaga","status":"publish","type":"page","link":"https:\/\/home.tovpil.org\/es_ES\/fundador\/obra-padre-ignacio-larranaga\/","title":{"rendered":"Obra Padre Ignacio Larra\u00f1aga"},"content":{"rendered":"<p>[vc_row][vc_column width=&#8221;8\/12&#8243; css=&#8221;.vc_custom_1507323413447{border-right-width: 1px !important;padding-right: 40px !important;border-right-color: #d1d3d4 !important;border-right-style: solid !important;}&#8221;][vc_column_text css=&#8221;.vc_custom_1507323137238{margin-bottom: 20px !important;border-bottom-width: 1px !important;padding-bottom: 20px !important;border-bottom-color: #f59f1d !important;border-bottom-style: dashed !important;}&#8221; el_class=&#8221;dash-bottom&#8221;]<\/p>\n<h1>Obra Padre Ignacio Larra\u00f1aga<\/h1>\n<ul class=\"block-info\">\n<li class=\"ssba\"><!-- Simple Share Buttons Adder (7.5.19) simplesharebuttons.com --><div class=\"ssba-classic-2 ssba ssbp-wrap left ssbp--theme-1\"><div style=\"text-align:left\"><a data-site=\"\" class=\"ssba_facebook_share\" href=\"http:\/\/www.facebook.com\/sharer.php?u=https:\/\/home.tovpil.org\/es_ES\/wp-json\/wp\/v2\/pages\/103\"  target=\"_blank\" ><img decoding=\"async\" src=\"https:\/\/home.tovpil.org\/wp-content\/plugins\/simple-share-buttons-adder\/buttons\/somacro\/facebook.png\" style=\"width: 35px;\" title=\"Facebook\" class=\"ssba ssba-img\" alt=\"Share on Facebook\" \/><div title=\"Facebook\" class=\"ssbp-text\">Facebook<\/div><\/a><a data-site=\"\" class=\"ssba_twitter_share\" href=\"http:\/\/twitter.com\/share?url=https:\/\/home.tovpil.org\/es_ES\/wp-json\/wp\/v2\/pages\/103&amp;text=Obra%20Padre%20Ignacio%20Larra%C3%B1aga%20\"  target=&quot;_blank&quot; ><img decoding=\"async\" src=\"https:\/\/home.tovpil.org\/wp-content\/plugins\/simple-share-buttons-adder\/buttons\/somacro\/twitter.png\" style=\"width: 35px;\" title=\"Twitter\" class=\"ssba ssba-img\" alt=\"Tweet about this on Twitter\" \/><div title=\"Twitter\" class=\"ssbp-text\">Twitter<\/div><\/a><a data-site='pinterest' class='ssba_pinterest_share' href='javascript:void((function()%7Bvar%20e=document.createElement(&apos;script&apos;);e.setAttribute(&apos;type&apos;,&apos;text\/javascript&apos;);e.setAttribute(&apos;charset&apos;,&apos;UTF-8&apos;);e.setAttribute(&apos;src&apos;,&apos;\/\/assets.pinterest.com\/js\/pinmarklet.js?r=&apos;+Math.random()*99999999);document.body.appendChild(e)%7D)());'><img decoding=\"async\" src=\"https:\/\/home.tovpil.org\/wp-content\/plugins\/simple-share-buttons-adder\/buttons\/somacro\/pinterest.png\" style=\"width: 35px;\" title=\"Pinterest\" class=\"ssba ssba-img\" alt=\"Pin on Pinterest\" \/><div title=\"Pinterest\" class=\"ssbp-text\">Pinterest<\/div><\/a><\/div><\/div><\/li>\n<\/ul>\n<p>La obra fundamental del padre Ignacio Larra\u00f1aga son los Talleres de Oraci\u00f3n y Vida (TOV); constituyen la cumbre y coronamiento de toda su actividad apost\u00f3lica, por su fuerza expansiva, por sus frutos y por el alto aprecio manifestado hacia la misma por la Santa Sede y los Obispos.<\/p>\n<p><strong>Or\u00edgenes:<\/strong> el servicio de TOV surgi\u00f3 como por generaci\u00f3n espont\u00e1nea en el a\u00f1o 1984 a los diez a\u00f1os de los Encuentros de Experiencia de Dios, cuando una se\u00f1ora\u00a0\u00a0 que hab\u00eda asistido a unos de los Encuentros en Punta de Tralca, Chile, lleg\u00f3 al Centro Franciscano a expresarle su parecer sobre la riqueza excepcional y \u00fanica que hab\u00eda descubierto en el Encuentro que hab\u00eda experimentado, y lamentar que esta experiencia quedara reducida a unos pocos que viv\u00edan el Encuentro sin llegar al pueblo numeroso y hambriento del pueblo de Dios.[\/vc_column_text][vc_row_inner][vc_column_inner width=&#8221;1\/2&#8243;][vc_single_image image=&#8221;207&#8243; img_size=&#8221;full&#8221; alignment=&#8221;center&#8221; style=&#8221;vc_box_shadow_3d&#8221; css=&#8221;.vc_custom_1496094766960{margin-top: 20px !important;}&#8221;][\/vc_column_inner][vc_column_inner width=&#8221;1\/2&#8243; css=&#8221;.vc_custom_1499698073285{margin-top: 20px !important;}&#8221;][vc_column_text css=&#8221;.vc_custom_1498321332119{margin-top: 20px !important;margin-bottom: 20px !important;border-bottom-width: 1px !important;padding-bottom: 20px !important;border-bottom-color: #f59f1d !important;border-bottom-style: dashed !important;}&#8221;]Fue entonces cuando del mismo pueblo de Dios que hab\u00eda participado de los Encuentros surgi\u00f3 un numeroso grupo de laicos, dispuestos a hacer algo para que el esp\u00edritu y contenido de los Encuentros se prolongara y derramara en el seno de la Iglesia.[\/vc_column_text][\/vc_column_inner][\/vc_row_inner][vc_column_text css=&#8221;.vc_custom_1511389008606{margin-top: 20px !important;}&#8221;]En el segundo semestre del a\u00f1o 1984, un grupo de setenta laicos se reuni\u00f3 con el p. Ignacio quincenalmente, para probar, comprobar y ensayar diferentes esquemas, agregando o suprimiendo diferentes elementos, de acuerdo con los efectos que se iban observando.<\/p>\n<p>Fue un largo proceso de discernimiento, criba y maduraci\u00f3n y sobre la base de tan amplia experiencia al finales de 1984 se redact\u00f3 un Manual embrionario.<\/p>\n<p><strong>Una historia explosiva:<\/strong> en los a\u00f1os 1985 y 1986 mientras el p. Ignacio recorr\u00eda diferentes pa\u00edses impartiendo los Encuentros de Experiencia de Dios destinaba 30 mins, en la tarde para explicar paso a paso el proyecto de los Talleres y en la \u00faltima tarde preguntaba a la concurrencia cu\u00e1ntos sent\u00edan el impulso y la generosidad para impartir los primeros Talleres. A las quince o veinte personas que se presentaban les daba amplias instrucciones, les entregaba el Manual, y nombraba a una de ellas como enlace y en el nombre del Se\u00f1or les daba autorizaci\u00f3n y la bendici\u00f3n para iniciar la experiencia de Talleres.<\/p>\n<p>En los dos primeros a\u00f1os se impartieron Talleres en 15 pa\u00edses; esta impetuosa partida demostr\u00f3 la validez fundamental de los TOV como instrumentos de evangelizaci\u00f3n. Eran miles de personas que recuperaban el sentido de la vida, la alegr\u00eda de vivir, as\u00ed como su vocaci\u00f3n cristiana y apost\u00f3lica. Descubrieron la Biblia como fuente de riqueza espiritual, e innumerables hogares recuperaron la concordia y la paz.<\/p>\n<p>Su obra se ha expandido a m\u00e1s de 40 pa\u00edses, en los cuales cada a\u00f1o miles de personas aprenden a orar de una manera diferente mediante un trato personal con el Se\u00f1or y logran liberarse de angustias, tristezas, adquiriendo una paz nunca imaginada.<\/p>\n<p>Las obras de Ignacio Larra\u00f1aga proporcionan an\u00e1lisis y soluciones, doctrinas y orientaci\u00f3n para las necesidades y los problemas del ser humano, que han ayudado a millones de personas a experimentar el gozo de la liberaci\u00f3n interior y la alegr\u00eda de vivir. Los libros del Padre Larra\u00f1aga est\u00e1n traducidos al ingl\u00e9s, portugu\u00e9s y otros idiomas. Aunque el autor es cat\u00f3lico, su mensaje es v\u00e1lido para cualquier cristiano, cualquier creyente y, simplemente, para cualquier hombre y mujer, seg\u00fan se ha probado ya en muchas naciones. De hecho, muchos psic\u00f3logos recomiendan los libros de Ignacio Larra\u00f1aga a sus pacientes.<\/p>\n<p>&#8220;&#8230; el escritor religioso se siente impulsado a escribir por una exigencia interior, una necesidad vital de expresarse y transmitir a otros sus propias riquezas interiores, que son m\u00e1s fruto de la raz\u00f3n ardiente&#8221; (Apollinaire), &#8220;esto es, la raz\u00f3n transida de vida&#8221; (Guillermo de Torre),que de la raz\u00f3n razonada, de la &#8220;constituci\u00f3n&#8221; (San Buenaventura), o contemplaci\u00f3n que de la intelecci\u00f3n.<\/p>\n<p>Este es el caso de los libros de Ignacio Larra\u00f1aga, cuya difusi\u00f3n y repercusi\u00f3n en los \u00faltimos treinta a\u00f1os ha sido superior a la mayor parte de los escritores religiosos de habla espa\u00f1ola. Y esta es la raz\u00f3n por la que nos ocupamos de \u00e9l como escritor; no porque sus libros ofrezcan mayores novedades desde el punto de vista literario o de sus ideas, sino por su car\u00e1cter experiencial y testimonial, por su autenticidad y su vitalidad, que es lo que explica su \u00e9xito, y que lo sit\u00faa dentro de esa literatura comprometida\u201d.<\/p>\n<p><strong>Del libro &#8220;Una Aventura del Esp\u00edritu&#8221; de Camilo Luqu\u00edn, OFM CAP<\/strong><\/p>\n<ul class=\"block-info\">\n<li class=\"ssba\"><!-- Simple Share Buttons Adder (7.5.19) simplesharebuttons.com --><div class=\"ssba-classic-2 ssba ssbp-wrap left ssbp--theme-1\"><div style=\"text-align:left\"><a data-site=\"\" class=\"ssba_facebook_share\" href=\"http:\/\/www.facebook.com\/sharer.php?u=https:\/\/home.tovpil.org\/es_ES\/wp-json\/wp\/v2\/pages\/103\"  target=\"_blank\" ><img decoding=\"async\" src=\"https:\/\/home.tovpil.org\/wp-content\/plugins\/simple-share-buttons-adder\/buttons\/somacro\/facebook.png\" style=\"width: 35px;\" title=\"Facebook\" class=\"ssba ssba-img\" alt=\"Share on Facebook\" \/><div title=\"Facebook\" class=\"ssbp-text\">Facebook<\/div><\/a><a data-site=\"\" class=\"ssba_twitter_share\" href=\"http:\/\/twitter.com\/share?url=https:\/\/home.tovpil.org\/es_ES\/wp-json\/wp\/v2\/pages\/103&amp;text=Obra%20Padre%20Ignacio%20Larra%C3%B1aga%20\"  target=&quot;_blank&quot; ><img decoding=\"async\" src=\"https:\/\/home.tovpil.org\/wp-content\/plugins\/simple-share-buttons-adder\/buttons\/somacro\/twitter.png\" style=\"width: 35px;\" title=\"Twitter\" class=\"ssba ssba-img\" alt=\"Tweet about this on Twitter\" \/><div title=\"Twitter\" class=\"ssbp-text\">Twitter<\/div><\/a><a data-site='pinterest' class='ssba_pinterest_share' href='javascript:void((function()%7Bvar%20e=document.createElement(&apos;script&apos;);e.setAttribute(&apos;type&apos;,&apos;text\/javascript&apos;);e.setAttribute(&apos;charset&apos;,&apos;UTF-8&apos;);e.setAttribute(&apos;src&apos;,&apos;\/\/assets.pinterest.com\/js\/pinmarklet.js?r=&apos;+Math.random()*99999999);document.body.appendChild(e)%7D)());'><img decoding=\"async\" src=\"https:\/\/home.tovpil.org\/wp-content\/plugins\/simple-share-buttons-adder\/buttons\/somacro\/pinterest.png\" style=\"width: 35px;\" title=\"Pinterest\" class=\"ssba ssba-img\" alt=\"Pin on Pinterest\" \/><div title=\"Pinterest\" class=\"ssbp-text\">Pinterest<\/div><\/a><\/div><\/div><\/li>\n<\/ul>\n<p>[\/vc_column_text][\/vc_column][vc_column width=&#8221;4\/12&#8243;][vc_column_text el_class=&#8221;relacionados&#8221;]<\/p>\n<h6>Relacionados<\/h6>\n<p>[\/vc_column_text][vc_wp_custommenu nav_menu=&#8221;20&#8243;][\/vc_column][\/vc_row]<\/p>\n","protected":false},"excerpt":{"rendered":"<p>[vc_row][vc_column width=&#8221;8\/12&#8243; css=&#8221;.vc_custom_1507323413447{border-right-width: 1px !important;padding-right: 40px !important;border-right-color: #d1d3d4 !important;border-right-style: solid !important;}&#8221;][vc_column_text css=&#8221;.vc_custom_15073231372&#8230;<\/p>\n","protected":false},"author":1,"featured_media":0,"parent":142,"menu_order":0,"comment_status":"closed","ping_status":"closed","template":"","meta":{"footnotes":""},"class_list":["post-103","page","type-page","status-publish","hentry"],"_links":{"self":[{"href":"https:\/\/home.tovpil.org\/es_ES\/wp-json\/wp\/v2\/pages\/103","targetHints":{"allow":["GET"]}}],"collection":[{"href":"https:\/\/home.tovpil.org\/es_ES\/wp-json\/wp\/v2\/pages"}],"about":[{"href":"https:\/\/home.tovpil.org\/es_ES\/wp-json\/wp\/v2\/types\/page"}],"author":[{"embeddable":true,"href":"https:\/\/home.tovpil.org\/es_ES\/wp-json\/wp\/v2\/users\/1"}],"replies":[{"embeddable":true,"href":"https:\/\/home.tovpil.org\/es_ES\/wp-json\/wp\/v2\/comments?post=103"}],"version-history":[{"count":0,"href":"https:\/\/home.tovpil.org\/es_ES\/wp-json\/wp\/v2\/pages\/103\/revisions"}],"up":[{"embeddable":true,"href":"https:\/\/home.tovpil.org\/es_ES\/wp-json\/wp\/v2\/pages\/142"}],"wp:attachment":[{"href":"https:\/\/home.tovpil.org\/es_ES\/wp-json\/wp\/v2\/media?parent=103"}],"curies":[{"name":"wp","href":"https:\/\/api.w.org\/{rel}","templated":true}]}}