{"id":113,"date":"2017-05-29T17:00:06","date_gmt":"2017-05-29T17:00:06","guid":{"rendered":"https:\/\/home.tovpil.org\/?page_id=113"},"modified":"2018-02-20T20:20:18","modified_gmt":"2018-02-20T20:20:18","slug":"padre-ignacio-larranaga-orbegozo-ofm-cap","status":"publish","type":"page","link":"https:\/\/home.tovpil.org\/es_ES\/fundador\/padre-ignacio-larranaga-orbegozo-ofm-cap\/","title":{"rendered":"Padre Ignacio Larra\u00f1aga Orbegozo OFM Cap."},"content":{"rendered":"<p>[vc_row][vc_column width=&#8221;8\/12&#8243; el_class=&#8221;seccion-desarrollado&#8221;][vc_column_text]<\/p>\n<h1>Padre Ignacio Larra\u00f1aga Orbegozo OFM Cap<\/h1>\n<ul class=\"block-info\">\n<li class=\"ssba\"><!-- Simple Share Buttons Adder (7.5.19) simplesharebuttons.com --><div class=\"ssba-classic-2 ssba ssbp-wrap left ssbp--theme-1\"><div style=\"text-align:left\"><a data-site=\"\" class=\"ssba_facebook_share\" href=\"http:\/\/www.facebook.com\/sharer.php?u=https:\/\/home.tovpil.org\/es_ES\/wp-json\/wp\/v2\/pages\/113\"  target=\"_blank\" ><img decoding=\"async\" src=\"https:\/\/home.tovpil.org\/wp-content\/plugins\/simple-share-buttons-adder\/buttons\/somacro\/facebook.png\" style=\"width: 35px;\" title=\"Facebook\" class=\"ssba ssba-img\" alt=\"Share on Facebook\" \/><div title=\"Facebook\" class=\"ssbp-text\">Facebook<\/div><\/a><a data-site=\"\" class=\"ssba_twitter_share\" href=\"http:\/\/twitter.com\/share?url=https:\/\/home.tovpil.org\/es_ES\/wp-json\/wp\/v2\/pages\/113&amp;text=Padre%20Ignacio%20Larra%C3%B1aga%20Orbegozo%20OFM%20Cap.%20\"  target=&quot;_blank&quot; ><img decoding=\"async\" src=\"https:\/\/home.tovpil.org\/wp-content\/plugins\/simple-share-buttons-adder\/buttons\/somacro\/twitter.png\" style=\"width: 35px;\" title=\"Twitter\" class=\"ssba ssba-img\" alt=\"Tweet about this on Twitter\" \/><div title=\"Twitter\" class=\"ssbp-text\">Twitter<\/div><\/a><a data-site='pinterest' class='ssba_pinterest_share' href='javascript:void((function()%7Bvar%20e=document.createElement(&apos;script&apos;);e.setAttribute(&apos;type&apos;,&apos;text\/javascript&apos;);e.setAttribute(&apos;charset&apos;,&apos;UTF-8&apos;);e.setAttribute(&apos;src&apos;,&apos;\/\/assets.pinterest.com\/js\/pinmarklet.js?r=&apos;+Math.random()*99999999);document.body.appendChild(e)%7D)());'><img decoding=\"async\" src=\"https:\/\/home.tovpil.org\/wp-content\/plugins\/simple-share-buttons-adder\/buttons\/somacro\/pinterest.png\" style=\"width: 35px;\" title=\"Pinterest\" class=\"ssba ssba-img\" alt=\"Pin on Pinterest\" \/><div title=\"Pinterest\" class=\"ssbp-text\">Pinterest<\/div><\/a><\/div><\/div><\/li>\n<\/ul>\n<p>Ignacio Larra\u00f1aga, sacerdote capuchino, escritor y evangelizador, considerado por muchos un \u201cprofeta moderno\u201d o un \u201cm\u00edstico del siglo XXI\u201d es el fundador de Talleres de Oraci\u00f3n y Vida (TOV). Su principal obra ha consistido en dejar al mundo miles de laicos preparados y dedicados a ense\u00f1ar la oraci\u00f3n profunda y personal que permite un encuentro cotidiano con el Se\u00f1or en el d\u00eda a d\u00eda.<br \/>\n[\/vc_column_text][vc_row_inner][vc_column_inner][vc_single_image image=&#8221;29&#8243; img_size=&#8221;full&#8221; alignment=&#8221;center&#8221; style=&#8221;vc_box_shadow_3d&#8221; el_class=&#8221;margin-top-20&#8243;][\/vc_column_inner][\/vc_row_inner][vc_column_text el_class=&#8221;.paragraph-space&#8221;]Naci\u00f3 en Espa\u00f1a, el 4 de mayo de 1928, en la ciudad de Azpeitia, en el Barrio Baristain, caser\u00edo Txanton. Sus padres fueron: Marcelino Larra\u00f1aga Larra\u00f1aga y Mar\u00eda Salom\u00e9 Orbegozo, siendo el cuarto hijo de una numerosa familia.<\/p>\n<p>A la edad de 12 a\u00f1os, en 1940, ingresa al Seminario de los Capuchinos de Alsasua; poco antes de su ordenaci\u00f3n sacerdotal, recibe el Subdiaconado el 29 de marzo de 1952, en la misma ciudad de Pamplona; y recibe la ordenaci\u00f3n el 20 de diciembre de 1952, en San Sebasti\u00e1n.<\/p>\n<p>Desde peque\u00f1o tuvo inclinaci\u00f3n por la m\u00fasica, desde el Seminario tocaba el piano y el \u00f3rgano. Desarroll\u00f3 una gran sensibilidad por la m\u00fasica, es as\u00ed como todos sus audios y videos los adorn\u00f3 siempre con trozos de los grandes maestros de la m\u00fasica barroca.[\/vc_column_text][vc_row_inner el_class=&#8221;margin-top-20&#8243;][vc_column_inner width=&#8221;1\/2&#8243;][vc_column_text]<strong>Noche de Gallipienzo <\/strong><\/p>\n<p>En el mes de junio de 1957, estando en el peque\u00f1o pueblo de Gallipienzo, Navarra, en una tibia noche de verano, contemplando las estrellas, fu\u00e9 bendecido con una experiencia, que \u00e9l describe, en su libro la Rosa y el Fuego, como un deslumbramiento, una inundaci\u00f3n de ternura: El AMOR que asalta, invade, compenetra, embriaga y enloquece.[\/vc_column_text][\/vc_column_inner][vc_column_inner width=&#8221;1\/2&#8243;][vc_column_text]<iframe loading=\"lazy\" src=\"https:\/\/w.soundcloud.com\/player\/?url=https%3A\/\/api.soundcloud.com\/tracks\/392511324&amp;color=%23ff5500&amp;auto_play=false&amp;hide_related=false&amp;show_comments=true&amp;show_user=true&amp;show_reposts=false&amp;show_teaser=true&amp;visual=true\" width=\"100%\" height=\"200\" frameborder=\"no\" scrolling=\"no\"><\/iframe>[\/vc_column_text][\/vc_column_inner][vc_column_inner el_class=&#8221;margin-top-20&#8243;][vc_column_text]Esta experiencia se le conoce como <em>gratitud infusa<\/em> <em>extraordinaria. <\/em><u>E<\/u>stos instantes y los infinitos matices que aquella fulgurante vivencia conten\u00eda quedaron grabados en su alma para siempre y \u00e9l mismo afirma en La Rosa y el Fuego que \u201clas l\u00edneas gruesas y vitales de su obra tan compleja, los libros, Encuentros y Talleres de Oraci\u00f3n y Vida emanaron de la experiencia de aquella noche venturosa.[\/vc_column_text][\/vc_column_inner][\/vc_row_inner][vc_row_inner][vc_column_inner width=&#8221;1\/2&#8243;][vc_single_image image=&#8221;135&#8243; img_size=&#8221;full&#8221; alignment=&#8221;center&#8221; style=&#8221;vc_box_shadow_3d&#8221; css=&#8221;.vc_custom_1496092607468{margin-top: 20px !important;}&#8221;][\/vc_column_inner][vc_column_inner width=&#8221;1\/2&#8243;][vc_column_text css=&#8221;.vc_custom_1518041486692{margin-top: 20px !important;}&#8221;]Radicado en Chile desde 1959, despleg\u00f3 un apostolado variado y fecundo. Emprendi\u00f3 una serie de semanas de convivencia franciscana a lo largo de la angosta y larga geograf\u00eda chilena. Como resultado de esta prolongada evangelizaci\u00f3n fue suscit\u00e1ndose con el paso de los a\u00f1os, un gran entusiasmo entre los integrantes de toda la familia franciscana, que no se redujo solo a emociones o palabras, sino que fue concretiz\u00e1ndose en proyectos.[\/vc_column_text][\/vc_column_inner][\/vc_row_inner][vc_column_text css=&#8221;.vc_custom_1518041476816{margin-top: 20px !important;}&#8221; el_class=&#8221;paragraph-space&#8221;]En 1965 fund\u00f3 el Centro de estudios franciscanos y pastorales (CEFEPAL), dedic\u00e1ndose por unos diez a\u00f1os a la animaci\u00f3n franciscana postconciliar en varios pa\u00edses de Latinoam\u00e9rica.<\/p>\n<p>El a\u00f1o 1974 en Brasil, dio inicio a los retiros semanales llamados \u00abEncuentros de Experiencia de Dios\u00bb, (EED) que condujo incansablemente hasta 2011 por m\u00e1s de 40 pa\u00edses de cuatro continentes, con la asistencia de millares de personas.<\/p>\n<p>Adem\u00e1s de los EED, despleg\u00f3 una gran actividad evangelizadora a grandes masas en teatros, gimnasios, estadios, con charlas sobre materias cristol\u00f3gicas, matrimoniales, dimensi\u00f3n humanizante de la oraci\u00f3n, etc.<\/p>\n<p>Tambi\u00e9n inicia su etapa de escritor en 1974, tard\u00edamente, a la edad de 45 a\u00f1os. Escribi\u00f3 16 libros, la mayor\u00eda de los cuales han alcanzado numerosas ediciones, y han sido traducidos a m\u00e1s de 10 idiomas. Lo mismo que manuales y otros escritos especialmente para el uso de los Gu\u00edas de Talleres de Oraci\u00f3n y Vida (TOV). En la actualidad est\u00e1 considerado como uno de los autores cat\u00f3licos de mayor difusi\u00f3n.<\/p>\n<p>Los Talleres de Oraci\u00f3n y Vida (TOV), que fund\u00f3 en el a\u00f1o 1984, son un servicio eclesial aprobado por la Santa Sede desde 1997, y constituyen la cumbre y coronamiento de toda su actividad apost\u00f3lica por su fuerza expansiva, por sus frutos y por el alto aprecio hacia los mismos, manifestado por la Santa Sede y los Obispos. Han pasado por sus sesiones formativas millones de personas. El lema que sintetiza el camino a recorrer en Talleres de Oraci\u00f3n y Vida es: &#8220;Del encanto de Dios, al encanto de la vida&#8221;.<\/p>\n<p>Entreg\u00f3 a los Gu\u00edas de TOV su testamento espiritual en los encuentros semanales que llam\u00f3 Semanas de Culminaci\u00f3n, iniciados el a\u00f1o 2012, para lo cual viaj\u00f3 a numerosos pa\u00edses a fin de recoger el sentir del pueblo de Gu\u00edas, concluyendo ese proceso de oraci\u00f3n y reflexi\u00f3n comunitaria en la Re Fundaci\u00f3n de los TOV en el a\u00f1o 2013.[\/vc_column_text][vc_row_inner][vc_column_inner width=&#8221;1\/2&#8243;][vc_column_text css=&#8221;.vc_custom_1519158011712{margin-top: 20px !important;}&#8221; el_class=&#8221;paragraph-space&#8221;]<\/p>\n<p class=\"p1\"><span class=\"s1\">Su fallecimiento,\u00a0<\/span><span class=\"s2\">en Guadalajara M\u00e9xico <\/span><span class=\"s1\">el d\u00eda 28 de octubre de es a\u00f1o,\u00a0 lo encontr\u00f3 en plena misi\u00f3n y a solo dos semanas de completar el programa de 62 Semanas de Culminaci\u00f3n, las cuales se pudo concluir \u00edntegramente gracias a la filmaci\u00f3n que dej\u00f3 preparada en prevenci\u00f3n de que algo le ocurriera. <\/span><\/p>\n<p>[\/vc_column_text][\/vc_column_inner][vc_column_inner width=&#8221;1\/2&#8243;][vc_single_image image=&#8221;139&#8243; img_size=&#8221;full&#8221; alignment=&#8221;center&#8221; style=&#8221;vc_box_shadow_3d&#8221; css=&#8221;.vc_custom_1496093082703{margin-top: 20px !important;}&#8221;][\/vc_column_inner][\/vc_row_inner][vc_column_text css=&#8221;.vc_custom_1507399294794{margin-top: 20px !important;}&#8221; el_class=&#8221;paragraph-space&#8221;]El Padre Ignacio Larra\u00f1aga, con su amor a Jesucristo, con sus Talleres de Oraci\u00f3n y Vida, los Encuentros de Experiencia de Dios y toda su vasta obra, impulsado por el Esp\u00edritu Santo, ha llevado y continuar\u00e1 llevando la Nueva Evangelizaci\u00f3n a los confines de la tierra.<\/p>\n<ul class=\"block-info\">\n<li class=\"ssba\"><!-- Simple Share Buttons Adder (7.5.19) simplesharebuttons.com --><div class=\"ssba-classic-2 ssba ssbp-wrap left ssbp--theme-1\"><div style=\"text-align:left\"><a data-site=\"\" class=\"ssba_facebook_share\" href=\"http:\/\/www.facebook.com\/sharer.php?u=https:\/\/home.tovpil.org\/es_ES\/wp-json\/wp\/v2\/pages\/113\"  target=\"_blank\" ><img decoding=\"async\" src=\"https:\/\/home.tovpil.org\/wp-content\/plugins\/simple-share-buttons-adder\/buttons\/somacro\/facebook.png\" style=\"width: 35px;\" title=\"Facebook\" class=\"ssba ssba-img\" alt=\"Share on Facebook\" \/><div title=\"Facebook\" class=\"ssbp-text\">Facebook<\/div><\/a><a data-site=\"\" class=\"ssba_twitter_share\" href=\"http:\/\/twitter.com\/share?url=https:\/\/home.tovpil.org\/es_ES\/wp-json\/wp\/v2\/pages\/113&amp;text=Padre%20Ignacio%20Larra%C3%B1aga%20Orbegozo%20OFM%20Cap.%20\"  target=&quot;_blank&quot; ><img decoding=\"async\" src=\"https:\/\/home.tovpil.org\/wp-content\/plugins\/simple-share-buttons-adder\/buttons\/somacro\/twitter.png\" style=\"width: 35px;\" title=\"Twitter\" class=\"ssba ssba-img\" alt=\"Tweet about this on Twitter\" \/><div title=\"Twitter\" class=\"ssbp-text\">Twitter<\/div><\/a><a data-site='pinterest' class='ssba_pinterest_share' href='javascript:void((function()%7Bvar%20e=document.createElement(&apos;script&apos;);e.setAttribute(&apos;type&apos;,&apos;text\/javascript&apos;);e.setAttribute(&apos;charset&apos;,&apos;UTF-8&apos;);e.setAttribute(&apos;src&apos;,&apos;\/\/assets.pinterest.com\/js\/pinmarklet.js?r=&apos;+Math.random()*99999999);document.body.appendChild(e)%7D)());'><img decoding=\"async\" src=\"https:\/\/home.tovpil.org\/wp-content\/plugins\/simple-share-buttons-adder\/buttons\/somacro\/pinterest.png\" style=\"width: 35px;\" title=\"Pinterest\" class=\"ssba ssba-img\" alt=\"Pin on Pinterest\" \/><div title=\"Pinterest\" class=\"ssbp-text\">Pinterest<\/div><\/a><\/div><\/div><\/li>\n<\/ul>\n<p>[\/vc_column_text][\/vc_column][vc_column width=&#8221;4\/12&#8243;][vc_column_text el_class=&#8221;relacionados&#8221;]<\/p>\n<h6>Relacionados<\/h6>\n<p>[\/vc_column_text][vc_wp_custommenu nav_menu=&#8221;20&#8243;][\/vc_column][\/vc_row]<\/p>\n","protected":false},"excerpt":{"rendered":"<p>[vc_row][vc_column width=&#8221;8\/12&#8243; el_class=&#8221;seccion-desarrollado&#8221;][vc_column_text]<\/p>\n<h1>Padre Ignacio Larra\u00f1aga Orbegozo OFM Cap<\/h1>\n<ul class=\"block-info\">\n<li class=\"ssba\">[ssba]<\/li>\n<\/ul>\n<p>Ignacio Larra\u00f1aga, sacerdote capuchino, escritor y ev&#8230;<\/p>\n","protected":false},"author":1,"featured_media":0,"parent":142,"menu_order":0,"comment_status":"closed","ping_status":"closed","template":"","meta":{"footnotes":""},"class_list":["post-113","page","type-page","status-publish","hentry"],"_links":{"self":[{"href":"https:\/\/home.tovpil.org\/es_ES\/wp-json\/wp\/v2\/pages\/113","targetHints":{"allow":["GET"]}}],"collection":[{"href":"https:\/\/home.tovpil.org\/es_ES\/wp-json\/wp\/v2\/pages"}],"about":[{"href":"https:\/\/home.tovpil.org\/es_ES\/wp-json\/wp\/v2\/types\/page"}],"author":[{"embeddable":true,"href":"https:\/\/home.tovpil.org\/es_ES\/wp-json\/wp\/v2\/users\/1"}],"replies":[{"embeddable":true,"href":"https:\/\/home.tovpil.org\/es_ES\/wp-json\/wp\/v2\/comments?post=113"}],"version-history":[{"count":9,"href":"https:\/\/home.tovpil.org\/es_ES\/wp-json\/wp\/v2\/pages\/113\/revisions"}],"predecessor-version":[{"id":5233,"href":"https:\/\/home.tovpil.org\/es_ES\/wp-json\/wp\/v2\/pages\/113\/revisions\/5233"}],"up":[{"embeddable":true,"href":"https:\/\/home.tovpil.org\/es_ES\/wp-json\/wp\/v2\/pages\/142"}],"wp:attachment":[{"href":"https:\/\/home.tovpil.org\/es_ES\/wp-json\/wp\/v2\/media?parent=113"}],"curies":[{"name":"wp","href":"https:\/\/api.w.org\/{rel}","templated":true}]}}