{"id":11613,"date":"2022-10-25T22:35:41","date_gmt":"2022-10-25T22:35:41","guid":{"rendered":"https:\/\/home.tovpil.org\/?page_id=11613"},"modified":"2022-10-25T22:35:41","modified_gmt":"2022-10-25T22:35:41","slug":"experimenta-o-amor-de-deus","status":"publish","type":"page","link":"https:\/\/home.tovpil.org\/es_ES\/experimenta-o-amor-de-deus\/","title":{"rendered":"EXPERIMENTA EL AMOR DE DIOS"},"content":{"rendered":"<p>Orar con los salmos<\/p>\n<p>\u201cLos Salmos es el mejor camino para experimentar una oraci\u00f3n aut\u00e9nticamente profunda\u201d (San Romualdo de R\u00e1vena)<br \/>\nLos Salmos son la flor y el fruto de un largo romance mantenido entre Dios y el hombre. (Ignacio Larra\u00f1aga. \u201cSalmos para la vida\u201d)<br \/>\nQuerido amigo, te invito a penetrar en ese mundo tan vasto, tan antiguo y tambi\u00e9n  tan actual, que son los salmos; para poder conocerlos mejor y as\u00ed vivirlos con m\u00e1s profundidad; ya que los salmos recogen, desde muy antiguo, las vivencias y oraciones  de muchos hombres, que arrastraron hasta Dios la propia vida humana, con sus preocupaciones,  esperanzas y desalientos; rebeld\u00edas y sumisiones; imprecaciones y alabanzas\u2026               Tambi\u00e9n, se podr\u00eda decir que fueron la base de la espiritualidad y el fundamento en la oraci\u00f3n de Jes\u00fas.<br \/>\nTienes en la Biblia, un rico salterio, de 150 salmos; y la mayor parte de ellos pueden ser una magn\u00edfica encrucijada en donde darse cita y  encontrarse con Dios.<br \/>\nPor eso, es importante ir adquiriendo un conocimiento de lo que expresan, para que cuando ores con un salmo, sea un surtidor inagotable de vida y lo puedas elegirlo seg\u00fan tu estado de \u00e1nimo.<br \/>\nHay salmos que expresan desdicha y adversidades de todo tipo; incluso protestas e imprecaciones\u2026 Hay muchos otros que est\u00e1n llenos de alabanzas, en donde el salmista expresa su gratitud, por los sucesos venturosos de su vida\u2026 Hay otros salmos, en donde vemos que el salmista ni pide, ni se queja, ni agradece\u2026 simplemente adora\u2026 Hay algunos salmos de tal belleza, que la adoraci\u00f3n alcanza la altura y pureza m\u00e1s elevadas\u2026 Lo importante es escoger el m\u00e1s apropiado para tu estado emocional y poder expresar a Dios tus sentimientos. Por eso necesitas ir conoci\u00e9ndolos y tomar nota de lo que expresan.<br \/>\n\u00bfC\u00f3mo orar y vivificar el coraz\u00f3n con los salmos?<br \/>\nSe procede de la siguiente forma: Haz una breve invocaci\u00f3n al Esp\u00edritu Santo y comienza a  hacer una lectura rezada\u2026 pausada\u2026  trata de entender el significado de las palabras que vas leyendo\u2026.<br \/>\nDespu\u00e9s hay que dar paso al coraz\u00f3n; esto es, di con toda el alma las palabras m\u00e1s evocadoras\u2026 (prescinde de las que no te digan nada) repiti\u00e9ndolas varias veces\u2026 y asumiendo vitalmente las frases que vas diciendo; identific\u00e1ndote con el contenido de las frases. Trata de contagiarte de las mismas vivencias que ten\u00eda el salmista cuando escrib\u00eda ese salmo.<br \/>\nPoco a poco d\u00e9jate envolver de la presencia de Dios, y mant\u00e9n un di\u00e1logo \u00edntimo, a trav\u00e9s de estas frases que vas a ir pronunciando.<br \/>\nSe trata es de vivificar el coraz\u00f3n; hacer de las frases que dices, algo vivo y vital en la relaci\u00f3n con Dios. En estos momentos tu mente y tu coraz\u00f3n est\u00e1n en su presencia viva y verdadera.<br \/>\nEsos vers\u00edculos con los que oras, hazlos tuyos, para que muevan tu coraz\u00f3n a expresar  sentimientos y palabras que no salen del intelecto, que no son fruto de la raz\u00f3n; sino de tu aut\u00e9ntico sentir.<br \/>\n\u00a1As\u00ed  vivificar\u00e1s el coraz\u00f3n con los Salmos! \u00a1As\u00ed evitar\u00e1s el mayor enemigo de la oraci\u00f3n: la rutina!<br \/>\nTe invito en estos momentos a orar con el Salmo 90  que expresa c\u00f3mo a pesar de la fragilidad y levedad del hombre, su destino es ser hijo de la Inmensidad.<br \/>\nEn este momento haz silencio y rec\u00f3gete en tu propia interioridad\u2026<br \/>\nDeja ahora que el Esp\u00edritu de Dios te envuelva con su suave y amoroso soplo y  derrame sobre ti sus dones. Haz silencio unos instantes y di:<br \/>\nEsp\u00edritu Santo ven a m\u00ed. Porque yo sin Ti, no soy nada; yo sin Ti, no puedo nada; yo sin Ti, no valgo nada. Esp\u00edritu Santo ven a m\u00ed.<\/p>\n<p>Salmo 90 (89)<br \/>\nV.1- Se\u00f1or, T\u00fa has sido nuestro refugio de generaci\u00f3n en generaci\u00f3n.<br \/>\nV.2- Antes que naciesen los montes, o fuera engendrado el orbe de la tierra, desde siempre y para siempre, t\u00fa eres Dios.<br \/>\nV.3- T\u00fa reduces a polvo a los hombres, diciendo. Retornad, hijos de Ad\u00e1n.<br \/>\nV.4- Mil a\u00f1os a tus ojos, son como el ayer que ya pas\u00f3, como una vigilia nocturna.<br \/>\nV.9- Como un suspiro declinan nuestros a\u00f1os. Pasamos por la vida como un soplo<br \/>\nV.10- Los a\u00f1os de nuestra vida pueden alcanzar a setenta u ochenta si hay vigor; pero la mayor parte son trabajo y vanidad, pues pasan veloces.  Pues todo en la vida, est\u00e1 sometido a tres temibles leyes: la ley del desgaste, la ley del olvido y la ley de la muerte.<br \/>\nV.12- Ens\u00e9\u00f1anos a contar nuestros d\u00edas, para que adquiera sabidur\u00eda nuestro coraz\u00f3n.                                                                                                       \u00bfQui\u00e9n soy ante Ti, Se\u00f1or? Una sombra que arrastra su propia sombra \u00bfY mis d\u00edas? Hojas de oto\u00f1o ca\u00eddas \u00bfY mi vida? Una flauta de ca\u00f1a vac\u00eda, tan solo llena de aire. \u00a1Qu\u00e9 son nuestros d\u00edas a la luz de tu eternidad! Un soplo, un ayer que ya pas\u00f3.<br \/>\nPero a pesar de mi peque\u00f1ez y en mi levedad de vida en este mundo, soy tu hijo, y T\u00fa mi Padre eterno. Por eso, en este momento, apelo a Ti y te digo:<br \/>\nV.14- A la ma\u00f1ana, s\u00e1cianos de tu misericordia y toda nuestra vida ser\u00e1 alegr\u00eda y j\u00fabilo.<br \/>\nV.15- Devu\u00e9lvenos en gozo los a\u00f1os en que conocimos la desdicha<br \/>\nTu misericordia, Se\u00f1or, nos devuelve la esperanza; es capaz de cambiar el polvo en alegr\u00eda, los lamentos en j\u00fabilo y la muerte misma en fiesta.<br \/>\nLa cuesti\u00f3n es s\u00f3lo una: Que yo me sacie de tu Misericordia<br \/>\nV. 16-19 &#8211; Aparezca tu obra ante tus siervos, y tu esplendor sobre tus hijos. La dulzura del Se\u00f1or sea con nosotros. Confirma T\u00fa la acci\u00f3n de nuestras manos.<br \/>\nQuerido amigo, sacia tu vida de Dios, y la vida se transformar\u00e1 en banquete.<br \/>\nOraci\u00f3n Final S-14 \u201cT\u00fa lo eres todo\u201d<br \/>\nPadre, de Ti hago mi comida y mi bebida;<br \/>\nT\u00fa eres mi lecho, en Ti me tiendo.<br \/>\nT\u00fa eres todo lo que soy y todo lo que tomo.<br \/>\nYo estoy en continua comunicaci\u00f3n contigo.<br \/>\nPorque T\u00fa eres el que es y T\u00fa est\u00e1s aqu\u00ed y all\u00ed y no existe lugar alguno donde T\u00fa no te encuentres.  Am\u00e9n<\/p>\n","protected":false},"excerpt":{"rendered":"<p>Orar con los salmos<\/p>\n<p>\u201cLos Salmos es el mejor camino para experimentar una oraci\u00f3n aut\u00e9nticamente profunda\u201d (San Romualdo de R\u00e1vena)<br \/>\nLos Salmos son la flor y el fruto de un largo romance mantenido entre Dios y el hombre. (Ignacio Larra\u00f1aga. \u201cSalmos&#8230;<\/p>\n","protected":false},"author":5,"featured_media":0,"parent":0,"menu_order":0,"comment_status":"closed","ping_status":"closed","template":"","meta":{"footnotes":""},"class_list":["post-11613","page","type-page","status-publish","hentry"],"_links":{"self":[{"href":"https:\/\/home.tovpil.org\/es_ES\/wp-json\/wp\/v2\/pages\/11613","targetHints":{"allow":["GET"]}}],"collection":[{"href":"https:\/\/home.tovpil.org\/es_ES\/wp-json\/wp\/v2\/pages"}],"about":[{"href":"https:\/\/home.tovpil.org\/es_ES\/wp-json\/wp\/v2\/types\/page"}],"author":[{"embeddable":true,"href":"https:\/\/home.tovpil.org\/es_ES\/wp-json\/wp\/v2\/users\/5"}],"replies":[{"embeddable":true,"href":"https:\/\/home.tovpil.org\/es_ES\/wp-json\/wp\/v2\/comments?post=11613"}],"version-history":[{"count":7,"href":"https:\/\/home.tovpil.org\/es_ES\/wp-json\/wp\/v2\/pages\/11613\/revisions"}],"predecessor-version":[{"id":11631,"href":"https:\/\/home.tovpil.org\/es_ES\/wp-json\/wp\/v2\/pages\/11613\/revisions\/11631"}],"wp:attachment":[{"href":"https:\/\/home.tovpil.org\/es_ES\/wp-json\/wp\/v2\/media?parent=11613"}],"curies":[{"name":"wp","href":"https:\/\/api.w.org\/{rel}","templated":true}]}}