{"id":1270,"date":"2017-07-11T22:25:06","date_gmt":"2017-07-11T22:25:06","guid":{"rendered":"https:\/\/home.tovpil.org\/?page_id=1270"},"modified":"2017-12-26T20:19:03","modified_gmt":"2017-12-26T20:19:03","slug":"que-ofrecemos","status":"publish","type":"page","link":"https:\/\/home.tovpil.org\/es_ES\/que-ofrecemos\/","title":{"rendered":"QU\u00c9 OFRECEMOS"},"content":{"rendered":"<p>[vc_row][vc_column width=&#8221;8\/12&#8243; el_class=&#8221;seccion-desarrollado&#8221;][vc_column_text]<\/p>\n<ul class=\"block-info\">\n<li class=\"ssba\"><!-- Simple Share Buttons Adder (7.5.19) simplesharebuttons.com --><div class=\"ssba-classic-2 ssba ssbp-wrap left ssbp--theme-1\"><div style=\"text-align:left\"><a data-site=\"\" class=\"ssba_facebook_share\" href=\"http:\/\/www.facebook.com\/sharer.php?u=https:\/\/home.tovpil.org\/es_ES\/wp-json\/wp\/v2\/pages\/1270\"  target=\"_blank\" ><img decoding=\"async\" src=\"https:\/\/home.tovpil.org\/wp-content\/plugins\/simple-share-buttons-adder\/buttons\/somacro\/facebook.png\" style=\"width: 35px;\" title=\"Facebook\" class=\"ssba ssba-img\" alt=\"Share on Facebook\" \/><div title=\"Facebook\" class=\"ssbp-text\">Facebook<\/div><\/a><a data-site=\"\" class=\"ssba_twitter_share\" href=\"http:\/\/twitter.com\/share?url=https:\/\/home.tovpil.org\/es_ES\/wp-json\/wp\/v2\/pages\/1270&amp;text=QU%C3%89%20OFRECEMOS%20\"  target=&quot;_blank&quot; ><img decoding=\"async\" src=\"https:\/\/home.tovpil.org\/wp-content\/plugins\/simple-share-buttons-adder\/buttons\/somacro\/twitter.png\" style=\"width: 35px;\" title=\"Twitter\" class=\"ssba ssba-img\" alt=\"Tweet about this on Twitter\" \/><div title=\"Twitter\" class=\"ssbp-text\">Twitter<\/div><\/a><a data-site='pinterest' class='ssba_pinterest_share' href='javascript:void((function()%7Bvar%20e=document.createElement(&apos;script&apos;);e.setAttribute(&apos;type&apos;,&apos;text\/javascript&apos;);e.setAttribute(&apos;charset&apos;,&apos;UTF-8&apos;);e.setAttribute(&apos;src&apos;,&apos;\/\/assets.pinterest.com\/js\/pinmarklet.js?r=&apos;+Math.random()*99999999);document.body.appendChild(e)%7D)());'><img decoding=\"async\" src=\"https:\/\/home.tovpil.org\/wp-content\/plugins\/simple-share-buttons-adder\/buttons\/somacro\/pinterest.png\" style=\"width: 35px;\" title=\"Pinterest\" class=\"ssba ssba-img\" alt=\"Pin on Pinterest\" \/><div title=\"Pinterest\" class=\"ssbp-text\">Pinterest<\/div><\/a><\/div><\/div><\/li>\n<\/ul>\n<p>A todas las personas, desde los ni\u00f1os hasta los adultos mayores, que quieran aprender a comunicarse con el Se\u00f1or de una manera variada y progresiva poniendo en pr\u00e1ctica una peque\u00f1a pedagog\u00eda, les ofrecemos:<\/p>\n<ul class=\"tov-list\">\n<li style=\"text-align: left;\"><a href=\"https:\/\/home.tovpil.org\/tov-adultos\/\">Talleres para Adultos<\/a><\/li>\n<li style=\"text-align: left;\"><a href=\"https:\/\/home.tovpil.org\/tov-jovenes\/\">Talleres para J\u00f3venes<\/a><\/li>\n<li style=\"text-align: left;\"><a href=\"https:\/\/home.tovpil.org\/tov-adolescentes\/\">Talleres para Adolescentes<\/a><\/li>\n<li style=\"text-align: left;\"><a href=\"https:\/\/home.tovpil.org\/tov-ninos\/\">Talleres para Ni\u00f1os<\/a><\/li>\n<\/ul>\n<p>Llegamos a todos los miembros de la familia. De la familia pasamos a la sociedad.<\/p>\n<p>\u00a1Quien transforma el coraz\u00f3n, transforma el mundo!<\/p>\n<p>A las parejas, les ofrecemos:<\/p>\n<ul class=\"tov-list\">\n<li style=\"text-align: left;\"><a href=\"https:\/\/home.tovpil.org\/cursos-matrimoniales\/\">Curso Matrimonial<\/a><\/li>\n<\/ul>\n<p>Es una experiencia que permitir\u00e1 a las parejas que su comunicaci\u00f3n y dialogo sea de coraz\u00f3n a coraz\u00f3n, creando una corriente de apertura y acogida entre los dos. El resultado ser\u00e1 la comprensi\u00f3n, aceptaci\u00f3n, perd\u00f3n\u2026 suscitando as\u00ed un gozo rec\u00edproco de amor y paz. Estos Cursos son impartidos por matrimonios.<\/p>\n<p>A todos aquellos que quieran recuperar el encanto de la vida y la alegr\u00eda de vivir, les ofrecemos:<\/p>\n<ul class=\"tov-list\">\n<li><a href=\"https:\/\/home.tovpil.org\/encuentro-de-experiencia-de-dios\/\">Encuentro de Experiencia de Dios<\/a><\/li>\n<\/ul>\n<p>Son cinco d\u00edas de silencio y soledad. Es la experiencia madre de nuestra espiritualidad.<\/p>\n<p>A parroquias, empresas, universidades, colegios y grupos en general, les ofrecemos:<\/p>\n<ul class=\"tov-list\">\n<li style=\"text-align: left;\"><a href=\"https:\/\/home.tovpil.org\/charlas-y-jornadas-de-evangelizacion\/\">Charlas y Jornadas de Evangelizaci\u00f3n<\/a><\/li>\n<\/ul>\n<p>Sobre temas espirituales y humanistas, basados en la literatura del padre Ignacio Larra\u00f1aga.<\/p>\n<p>A los enfermos terminales, a lo olvidados, a los solitarios, a todos los que sufren, les ofrecemos:<\/p>\n<ul class=\"tov-list\">\n<li style=\"text-align: left;\"><a href=\"https:\/\/home.tovpil.org\/circulos-de-oracion-y-vida\/\">C\u00edrculos de Oraci\u00f3n y Vida<\/a><\/li>\n<\/ul>\n<p>Conformados por ex talleristas que dedican una parte de su tiempo a la oraci\u00f3n y a la dimensi\u00f3n samaritana acompa\u00f1ando a todos los que sufren.<\/p>\n<ul class=\"block-info\">\n<li class=\"ssba\"><!-- Simple Share Buttons Adder (7.5.19) simplesharebuttons.com --><div class=\"ssba-classic-2 ssba ssbp-wrap left ssbp--theme-1\"><div style=\"text-align:left\"><a data-site=\"\" class=\"ssba_facebook_share\" href=\"http:\/\/www.facebook.com\/sharer.php?u=https:\/\/home.tovpil.org\/es_ES\/wp-json\/wp\/v2\/pages\/1270\"  target=\"_blank\" ><img decoding=\"async\" src=\"https:\/\/home.tovpil.org\/wp-content\/plugins\/simple-share-buttons-adder\/buttons\/somacro\/facebook.png\" style=\"width: 35px;\" title=\"Facebook\" class=\"ssba ssba-img\" alt=\"Share on Facebook\" \/><div title=\"Facebook\" class=\"ssbp-text\">Facebook<\/div><\/a><a data-site=\"\" class=\"ssba_twitter_share\" href=\"http:\/\/twitter.com\/share?url=https:\/\/home.tovpil.org\/es_ES\/wp-json\/wp\/v2\/pages\/1270&amp;text=QU%C3%89%20OFRECEMOS%20\"  target=&quot;_blank&quot; ><img decoding=\"async\" src=\"https:\/\/home.tovpil.org\/wp-content\/plugins\/simple-share-buttons-adder\/buttons\/somacro\/twitter.png\" style=\"width: 35px;\" title=\"Twitter\" class=\"ssba ssba-img\" alt=\"Tweet about this on Twitter\" \/><div title=\"Twitter\" class=\"ssbp-text\">Twitter<\/div><\/a><a data-site='pinterest' class='ssba_pinterest_share' href='javascript:void((function()%7Bvar%20e=document.createElement(&apos;script&apos;);e.setAttribute(&apos;type&apos;,&apos;text\/javascript&apos;);e.setAttribute(&apos;charset&apos;,&apos;UTF-8&apos;);e.setAttribute(&apos;src&apos;,&apos;\/\/assets.pinterest.com\/js\/pinmarklet.js?r=&apos;+Math.random()*99999999);document.body.appendChild(e)%7D)());'><img decoding=\"async\" src=\"https:\/\/home.tovpil.org\/wp-content\/plugins\/simple-share-buttons-adder\/buttons\/somacro\/pinterest.png\" style=\"width: 35px;\" title=\"Pinterest\" class=\"ssba ssba-img\" alt=\"Pin on Pinterest\" \/><div title=\"Pinterest\" class=\"ssbp-text\">Pinterest<\/div><\/a><\/div><\/div><\/li>\n<\/ul>\n<p>[\/vc_column_text][\/vc_column][vc_column width=&#8221;4\/12&#8243;][vc_column_text el_class=&#8221;relacionados&#8221;]<\/p>\n<h6>Relacionados<\/h6>\n<p>[\/vc_column_text][vc_wp_custommenu nav_menu=&#8221;15&#8243;][\/vc_column][\/vc_row]<\/p>\n","protected":false},"excerpt":{"rendered":"<p>[vc_row][vc_column width=&#8221;8\/12&#8243; el_class=&#8221;seccion-desarrollado&#8221;][vc_column_text]<\/p>\n<ul class=\"block-info\">\n<li class=\"ssba\">[ssba]<\/li>\n<\/ul>\n<p>A todas las personas, desde los ni\u00f1os hasta los adultos mayores, que quieran aprender a comunicarse con &#8230;<\/p>\n","protected":false},"author":1,"featured_media":0,"parent":0,"menu_order":0,"comment_status":"closed","ping_status":"closed","template":"","meta":{"footnotes":""},"class_list":["post-1270","page","type-page","status-publish","hentry"],"_links":{"self":[{"href":"https:\/\/home.tovpil.org\/es_ES\/wp-json\/wp\/v2\/pages\/1270","targetHints":{"allow":["GET"]}}],"collection":[{"href":"https:\/\/home.tovpil.org\/es_ES\/wp-json\/wp\/v2\/pages"}],"about":[{"href":"https:\/\/home.tovpil.org\/es_ES\/wp-json\/wp\/v2\/types\/page"}],"author":[{"embeddable":true,"href":"https:\/\/home.tovpil.org\/es_ES\/wp-json\/wp\/v2\/users\/1"}],"replies":[{"embeddable":true,"href":"https:\/\/home.tovpil.org\/es_ES\/wp-json\/wp\/v2\/comments?post=1270"}],"version-history":[{"count":0,"href":"https:\/\/home.tovpil.org\/es_ES\/wp-json\/wp\/v2\/pages\/1270\/revisions"}],"wp:attachment":[{"href":"https:\/\/home.tovpil.org\/es_ES\/wp-json\/wp\/v2\/media?parent=1270"}],"curies":[{"name":"wp","href":"https:\/\/api.w.org\/{rel}","templated":true}]}}