{"id":142,"date":"2017-05-29T18:44:07","date_gmt":"2017-05-29T18:44:07","guid":{"rendered":"https:\/\/home.tovpil.org\/?page_id=142"},"modified":"2017-12-27T17:56:54","modified_gmt":"2017-12-27T17:56:54","slug":"fundador","status":"publish","type":"page","link":"https:\/\/home.tovpil.org\/es_ES\/fundador\/","title":{"rendered":"FUNDADOR"},"content":{"rendered":"<p>[vc_row full_width=&#8221;stretch_row&#8221; css=&#8221;.vc_custom_1509480972322{background-color: #fff2e6 !important;}&#8221;][vc_column width=&#8221;8\/12&#8243; css=&#8221;.vc_custom_1507308937532{margin-bottom: 20px !important;border-right-width: 1px !important;padding-right: 40px !important;border-right-color: #d1d3d4 !important;border-right-style: solid !important;}&#8221;][vc_row_inner css=&#8221;.vc_custom_1514396782982{margin-bottom: 20px !important;border-right-width: 1px !important;padding-right: 40px !important;}&#8221; el_class=&#8221;seccion-principal seccion-principal-fundador&#8221;][vc_column_inner width=&#8221;7\/12&#8243; css=&#8221;.vc_custom_1496172181530{margin-top: 20px !important;}&#8221;][\/vc_column_inner][vc_column_inner width=&#8221;5\/12&#8243;][vc_column_text css=&#8221;.vc_custom_1514321325065{margin-top: 20px !important;margin-bottom: 20px !important;}&#8221;]<\/p>\n<h2><a href=\"https:\/\/home.tovpil.org\/padre-ignacio-larranaga-orbegozo-ofm-cap\/\">Padre Ignacio Larra\u00f1aga Orbegozo OFM Cap.<\/a><\/h2>\n<p>Ignacio Larra\u00f1aga, sacerdote capuchino, escritor y evangelizador, considerado por muchos un \u201cprofeta moderno\u201d o un \u201cm\u00edstico del siglo XXI\u201d es el fundador de Talleres de Oraci\u00f3n y Vida (TOV).[\/vc_column_text]\n<div class=\"text-l\"><a href=\"http:\/\/tovpil.org\/es_ES\/fundador\/padre-ignacio-larranaga-orbegozo-ofm-cap\/\" class=\"button_box-58713864469fcbff20cb6a slz-btn btn-absolute \"><span class=\"btn-text\">M\u00e1s informaci\u00f3n<\/span><span class=\" btn-icon fa fa-angle-right\"><\/span><\/a><\/div>[\/vc_column_inner][\/vc_row_inner][\/vc_column][vc_column width=&#8221;4\/12&#8243;][vc_column_text el_class=&#8221;relacionados&#8221;]<\/p>\n<h6>Relacionados<\/h6>\n<p>[\/vc_column_text][vc_wp_custommenu nav_menu=&#8221;20&#8243;][\/vc_column][\/vc_row][vc_row el_class=&#8221;seccion seccion-main seccion-bgc&#8221;][vc_column][vc_row_inner el_class=&#8221;seccion seccion-bgc seccion-principal seccion-principal-padre&#8221;][vc_column_inner width=&#8221;7\/12&#8243;][\/vc_column_inner][vc_column_inner width=&#8221;5\/12&#8243;][vc_column_text]<\/p>\n<h2><a href=\"https:\/\/home.tovpil.org\/homenaje-padre-ignacio-larranaga\/\">Homenaje Padre Ignacio Larra\u00f1aga<\/a><\/h2>\n<p>[\/vc_column_text]\n<div class=\"text-l\"><a href=\"http:\/\/tovpil.org\/es_ES\/fundador\/homenaje-padre-ignacio-larranaga\/\" class=\"button_box-48099866469fcbff20cd87 slz-btn btn-absolute \"><span class=\"btn-text\">M\u00e1s informaci\u00f3n<\/span><span class=\" btn-icon fa fa-angle-right\"><\/span><\/a><\/div>[\/vc_column_inner][\/vc_row_inner][\/vc_column][\/vc_row][vc_row full_width=&#8221;stretch_row&#8221; css=&#8221;.vc_custom_1509481045761{background-color: #fff2e6 !important;}&#8221;][vc_column][vc_row_inner][vc_column_inner width=&#8221;1\/2&#8243; css=&#8221;.vc_custom_1507312422090{margin-top: 0px !important;}&#8221;][vc_column_text]<\/p>\n<h2><a href=\"https:\/\/home.tovpil.org\/obra-padre-ignacio-larranaga\/\">Obra Padre Ignacio Larra\u00f1aga<\/a><\/h2>\n<p>[\/vc_column_text][vc_column_text]La obra fundamental del Padre Ignacio Larra\u00f1aga son los Talleres de Oraci\u00f3n y Vida (TOV); constituyen la cumbre y coronamiento de toda su actividad apost\u00f3lica, por su fuerza expansiva, por sus frutos y por el alto aprecio manifestado hacia la misma por la Santa Sede y los Obispos.[\/vc_column_text]\n<div class=\"text-l\"><a href=\"http:\/\/tovpil.org\/es_ES\/fundador\/obra-padre-ignacio-larranaga\/\" class=\"button_box-62623032269fcbff20cee7 slz-btn btn-absolute \"><span class=\"btn-text\">M\u00e1s informaci\u00f3n<\/span><span class=\" btn-icon fa fa-angle-right\"><\/span><\/a><\/div>[\/vc_column_inner][vc_column_inner width=&#8221;1\/2&#8243; css=&#8221;.vc_custom_1496172181530{margin-top: 20px !important;}&#8221;][vc_single_image image=&#8221;135&#8243; img_size=&#8221;full&#8221; alignment=&#8221;center&#8221; style=&#8221;vc_box_shadow_3d&#8221; onclick=&#8221;custom_link&#8221; link=&#8221;https:\/\/home.tovpil.org\/obra-padre-ignacio-larranaga\/&#8221; css=&#8221;.vc_custom_1514321425694{margin-bottom: 20px !important;border-left-width: 1px !important;padding-left: 25px !important;border-left-color: #d1d3d4 !important;border-left-style: solid !important;}&#8221;][\/vc_column_inner][\/vc_row_inner][\/vc_column][\/vc_row][vc_row css=&#8221;.vc_custom_1507605629098{margin-bottom: 20px !important;}&#8221; el_class=&#8221;contenedor-libros&#8221;][vc_column][vc_column_text]<\/p>\n<h2><a href=\"https:\/\/home.tovpil.org\/libros\/\">Libros<\/a><\/h2>\n<p>[\/vc_column_text][vc_row_inner][vc_column_inner width=&#8221;1\/6&#8243; css=&#8221;.vc_custom_1507315808299{margin-top: 20px !important;}&#8221;][vc_single_image image=&#8221;273&#8243; img_size=&#8221;150x220px&#8221; alignment=&#8221;center&#8221; style=&#8221;vc_box_shadow_3d&#8221; onclick=&#8221;custom_link&#8221; css=&#8221;.vc_custom_1514321437844{padding-right: 1px !important;padding-left: 1px !important;}&#8221; link=&#8221;https:\/\/home.tovpil.org\/el-matrimonio-feliz&#8221;][vc_column_text]<\/p>\n<p style=\"text-align: center;\"><a href=\"https:\/\/home.tovpil.org\/el-matrimonio-feliz\/\"><strong>El Matrimonio feliz<\/strong><\/a><\/p>\n<p>[\/vc_column_text][\/vc_column_inner][vc_column_inner width=&#8221;1\/6&#8243; css=&#8221;.vc_custom_1496172181530{margin-top: 20px !important;}&#8221;][vc_single_image image=&#8221;162&#8243; img_size=&#8221;150x220px&#8221; alignment=&#8221;center&#8221; style=&#8221;vc_box_shadow_3d&#8221; onclick=&#8221;custom_link&#8221; link=&#8221;https:\/\/home.tovpil.org\/sube-conmigo&#8221;][vc_column_text]<\/p>\n<p style=\"text-align: center;\"><a href=\"https:\/\/home.tovpil.org\/sube-conmigo\/\"><strong>Sube Conmigo<\/strong><\/a><\/p>\n<p>[\/vc_column_text][\/vc_column_inner][vc_column_inner width=&#8221;1\/6&#8243; css=&#8221;.vc_custom_1496173552743{margin-top: 20px !important;}&#8221;][vc_single_image image=&#8221;158&#8243; img_size=&#8221;150x220px&#8221; alignment=&#8221;center&#8221; style=&#8221;vc_box_shadow_3d&#8221; onclick=&#8221;custom_link&#8221; link=&#8221;https:\/\/home.tovpil.org\/el-silencio-de-maria&#8221;][vc_column_text]<\/p>\n<p style=\"text-align: center;\"><a href=\"https:\/\/home.tovpil.org\/el-silencio-de-maria\/\"><strong>El Silencio de Mar\u00eda<\/strong><\/a><\/p>\n<p>[\/vc_column_text][\/vc_column_inner][vc_column_inner width=&#8221;1\/6&#8243;][vc_single_image image=&#8221;518&#8243; img_size=&#8221;150x220px&#8221; alignment=&#8221;center&#8221; style=&#8221;vc_box_shadow_3d&#8221; onclick=&#8221;custom_link&#8221; css=&#8221;.vc_custom_1514321516133{margin-top: 20px !important;padding-right: 1px !important;padding-left: 1px !important;}&#8221; link=&#8221;https:\/\/home.tovpil.org\/fundador\/libros\/muestrame-tu-rostro\/&#8221;][vc_column_text]<\/p>\n<p style=\"text-align: center;\"><a href=\"https:\/\/home.tovpil.org\/fundador\/libros\/muestrame-tu-rostro\/\"><strong>Mu\u00e9strame tu Rostro<\/strong><\/a><\/p>\n<p>[\/vc_column_text][\/vc_column_inner][vc_column_inner width=&#8221;1\/6&#8243;][vc_single_image image=&#8221;526&#8243; img_size=&#8221;150x220px&#8221; alignment=&#8221;center&#8221; style=&#8221;vc_box_shadow_3d&#8221; onclick=&#8221;custom_link&#8221; link=&#8221;https:\/\/home.tovpil.org\/el-sentido-de-la-vida&#8221; css=&#8221;.vc_custom_1514321543084{margin-top: 20px !important;}&#8221;][vc_column_text]<\/p>\n<p style=\"text-align: center;\"><a href=\"https:\/\/home.tovpil.org\/fundador\/libros\/el-sentido-de-la-vida\/\"><strong>El Sentido de la Vida<\/strong><\/a><\/p>\n<p>[\/vc_column_text][\/vc_column_inner][vc_column_inner width=&#8221;1\/6&#8243;][vc_single_image image=&#8221;521&#8243; img_size=&#8221;150x220px&#8221; alignment=&#8221;center&#8221; style=&#8221;vc_box_shadow_3d&#8221; onclick=&#8221;custom_link&#8221; link=&#8221;https:\/\/home.tovpil.org\/encuentro&#8221; css=&#8221;.vc_custom_1514321582677{margin-top: 20px !important;}&#8221;][vc_column_text]<\/p>\n<p style=\"text-align: center;\"><a href=\"https:\/\/home.tovpil.org\/encuentro\"><strong>Encuentro<\/strong><\/a><\/p>\n<p>[\/vc_column_text][\/vc_column_inner][\/vc_row_inner][\/vc_column][\/vc_row][vc_row full_width=&#8221;stretch_row&#8221; css=&#8221;.vc_custom_1509565560347{margin-bottom: 20px !important;background-color: #fff2e6 !important;}&#8221;][vc_column][vc_column_text]<\/p>\n<h2><a href=\"https:\/\/home.tovpil.org\/videos\/\">Videos<\/a><\/h2>\n<p>[\/vc_column_text][vc_row_inner css=&#8221;.vc_custom_1507315877871{margin-bottom: 20px !important;}&#8221;][vc_column_inner width=&#8221;1\/6&#8243;][vc_single_image image=&#8221;3518&#8243; img_size=&#8221;150x220px&#8221; alignment=&#8221;center&#8221; style=&#8221;vc_box_shadow_3d&#8221; onclick=&#8221;custom_link&#8221; css=&#8221;.vc_custom_1514321607231{margin-top: 20px !important;padding-right: 1px !important;padding-left: 1px !important;}&#8221; link=&#8221;https:\/\/home.tovpil.org\/fundador\/videos\/presentacion-tov\/&#8221;][\/vc_column_inner][vc_column_inner width=&#8221;2\/6&#8243; css=&#8221;.vc_custom_1507320820431{border-right-width: 1px !important;padding-right: 20px !important;border-right-color: #d1d3d4 !important;border-right-style: solid !important;}&#8221;][vc_column_text el_class=&#8221;seccion-inner&#8221;]<\/p>\n<h3><a href=\"https:\/\/home.tovpil.org\/fundador\/videos\/presentacion-tov\/\">Presentaci\u00f3n TOV<\/a><\/h3>\n<p>Descripci\u00f3n detallada de la esencia de los Talleres de Oraci\u00f3n y Vida sobre puntos clave:[\/vc_column_text]\n<div class=\"text-l\"><a href=\"http:\/\/www.tovpil.org\/es_ES\/fundador\/videos\/presentacion-tov\/\" class=\"button_box-126930177069fcbff20d046 slz-btn btn-absolute \"><span class=\"btn-text\">M\u00e1s informaci\u00f3n<\/span><span class=\" btn-icon fa fa-angle-right\"><\/span><\/a><\/div>[\/vc_column_inner][vc_column_inner width=&#8221;1\/6&#8243;][vc_single_image image=&#8221;3527&#8243; img_size=&#8221;220x220px&#8221; alignment=&#8221;center&#8221; style=&#8221;vc_box_shadow_3d&#8221; onclick=&#8221;custom_link&#8221; css=&#8221;.vc_custom_1514321650132{margin-top: 20px !important;}&#8221; link=&#8221;https:\/\/home.tovpil.org\/fundador\/videos\/mensajes-tov-adultos\/&#8221;][\/vc_column_inner][vc_column_inner width=&#8221;2\/6&#8243;][vc_column_text]<\/p>\n<h3><a href=\"https:\/\/home.tovpil.org\/fundador\/videos\/mensajes-tov-adultos\/\">Mensajes TOV Adultos<\/a><\/h3>\n<p>[\/vc_column_text][vc_column_text css=&#8221;.vc_custom_1507315950442{margin-bottom: 20px !important;}&#8221;]<\/p>\n<p class=\"p1\">Contiene los temas de la Apertura y las 15 Sesiones del Taller de Oraci\u00f3n y Vida para Adultos que imparten los Gu\u00edas.<\/p>\n<p>[\/vc_column_text]\n<div class=\"text-l\"><a href=\"http:\/\/www.tovpil.org\/es_ES\/fundador\/videos\/mensajes-tov-adultos\/\" class=\"button_box-184473538669fcbff20d18f slz-btn btn-absolute \"><span class=\"btn-text\">M\u00e1s informaci\u00f3n<\/span><span class=\" btn-icon fa fa-angle-right\"><\/span><\/a><\/div>[\/vc_column_inner][\/vc_row_inner][\/vc_column][\/vc_row][vc_row el_class=&#8221;contenedor-libros&#8221;][vc_column][vc_column_text]<\/p>\n<h2><a href=\"https:\/\/home.tovpil.org\/audios\/\">Audios<\/a><\/h2>\n<p>[\/vc_column_text][vc_row_inner css=&#8221;.vc_custom_1507315877871{margin-bottom: 20px !important;}&#8221;][vc_column_inner width=&#8221;1\/6&#8243;][vc_single_image image=&#8221;3537&#8243; img_size=&#8221;220x220px&#8221; alignment=&#8221;center&#8221; style=&#8221;vc_box_shadow_3d&#8221; onclick=&#8221;custom_link&#8221; css=&#8221;.vc_custom_1514321691169{margin-top: 20px !important;padding-right: 1px !important;padding-left: 1px !important;}&#8221; link=&#8221;https:\/\/home.tovpil.org\/fundador\/audios\/mensajes-cantos-y-silenciamientos-tov-adultos\/&#8221;][\/vc_column_inner][vc_column_inner width=&#8221;2\/6&#8243; css=&#8221;.vc_custom_1507320820431{border-right-width: 1px !important;padding-right: 20px !important;border-right-color: #d1d3d4 !important;border-right-style: solid !important;}&#8221;][vc_column_text el_class=&#8221;seccion-inner&#8221;]<\/p>\n<h3><a href=\"https:\/\/home.tovpil.org\/fundador\/audios\/mensajes-cantos-y-silenciamientos-tov-adultos\/\">Mensajes, Cantos y Silenciamientos TOV Adultos<\/a><\/h3>\n<p>Contiene los temas de la Apertura y las 15 Sesiones del Taller de Oraci\u00f3n y Vida para Adultos que imparten los Gu\u00edas, en la voz del padre Ignacio.[\/vc_column_text]\n<div class=\"text-l\"><a href=\"http:\/\/www.tovpil.org\/es_ES\/fundador\/audios\/mensajes-cantos-y-silenciamientos-tov-adultos\/\" class=\"button_box-50044848369fcbff20d2cf slz-btn btn-absolute \"><span class=\"btn-text\">M\u00e1s informaci\u00f3n<\/span><span class=\" btn-icon fa fa-angle-right\"><\/span><\/a><\/div>[\/vc_column_inner][vc_column_inner width=&#8221;1\/6&#8243;][vc_single_image image=&#8221;4184&#8243; img_size=&#8221;220x220px&#8221; alignment=&#8221;center&#8221; style=&#8221;vc_box_shadow_3d&#8221; onclick=&#8221;custom_link&#8221; css=&#8221;.vc_custom_1514321784849{margin-top: 20px !important;}&#8221; link=&#8221;https:\/\/home.tovpil.org\/fundador\/audios\/mensajes-tov-jovenes\/&#8221;][\/vc_column_inner][vc_column_inner width=&#8221;2\/6&#8243;][vc_column_text]<\/p>\n<h3><a href=\"https:\/\/home.tovpil.org\/fundador\/audios\/mensajes-tov-jovenes\/\">Mensajes y Cantos TOV J\u00f3venes<\/a><\/h3>\n<p>Contiene los mensajes y los cantos del Taller de J\u00f3venes. En la voz del padre Ignacio.[\/vc_column_text]\n<div class=\"text-l\"><a href=\"http:\/\/www.tovpil.org\/es_ES\/fundador\/audios\/mensajes-tov-jovenes\/\" class=\"button_box-47555349569fcbff20d3fc slz-btn btn-absolute \"><span class=\"btn-text\">M\u00e1s informaci\u00f3n<\/span><span class=\" btn-icon fa fa-angle-right\"><\/span><\/a><\/div>[\/vc_column_inner][\/vc_row_inner][vc_row_inner][vc_column_inner][\/vc_column_inner][\/vc_row_inner][\/vc_column][\/vc_row]<\/p>\n","protected":false},"excerpt":{"rendered":"<p>[vc_row full_width=&#8221;stretch_row&#8221; css=&#8221;.vc_custom_1509480972322{background-color: #fff2e6 !important;}&#8221;][vc_column width=&#8221;8\/12&#8243; css=&#8221;.vc_custom_1507308937532{margin-bottom: 20px !important;border-right-width: 1px !important;padding-right: 40px !import&#8230;<\/p>\n","protected":false},"author":1,"featured_media":0,"parent":0,"menu_order":0,"comment_status":"closed","ping_status":"closed","template":"","meta":{"footnotes":""},"class_list":["post-142","page","type-page","status-publish","hentry"],"_links":{"self":[{"href":"https:\/\/home.tovpil.org\/es_ES\/wp-json\/wp\/v2\/pages\/142","targetHints":{"allow":["GET"]}}],"collection":[{"href":"https:\/\/home.tovpil.org\/es_ES\/wp-json\/wp\/v2\/pages"}],"about":[{"href":"https:\/\/home.tovpil.org\/es_ES\/wp-json\/wp\/v2\/types\/page"}],"author":[{"embeddable":true,"href":"https:\/\/home.tovpil.org\/es_ES\/wp-json\/wp\/v2\/users\/1"}],"replies":[{"embeddable":true,"href":"https:\/\/home.tovpil.org\/es_ES\/wp-json\/wp\/v2\/comments?post=142"}],"version-history":[{"count":0,"href":"https:\/\/home.tovpil.org\/es_ES\/wp-json\/wp\/v2\/pages\/142\/revisions"}],"wp:attachment":[{"href":"https:\/\/home.tovpil.org\/es_ES\/wp-json\/wp\/v2\/media?parent=142"}],"curies":[{"name":"wp","href":"https:\/\/api.w.org\/{rel}","templated":true}]}}