{"id":1430,"date":"2017-07-22T14:38:42","date_gmt":"2017-07-22T14:38:42","guid":{"rendered":"https:\/\/home.tovpil.org\/?page_id=1430"},"modified":"2017-10-11T01:36:58","modified_gmt":"2017-10-11T01:36:58","slug":"circulos-de-oracion-y-vida","status":"publish","type":"page","link":"https:\/\/home.tovpil.org\/es_ES\/que-ofrecemos\/circulos-de-oracion-y-vida\/","title":{"rendered":"C\u00edrculos de Oraci\u00f3n y Vida"},"content":{"rendered":"<p>[vc_row][vc_column width=&#8221;8\/12&#8243; css=&#8221;.vc_custom_1507685671841{padding-bottom: 20px !important;background-image: url(http:\/\/home.tovpil.org\/wp-content\/uploads\/2017\/06\/MATRIM-HFF.png?id=1252) !important;background-position: 0 0 !important;background-repeat: no-repeat !important;}&#8221; el_class=&#8221;seccion-desarrollado&#8221;][vc_column_text]<\/p>\n<h1>C\u00edrculos de Oraci\u00f3n y Vida<\/h1>\n<ul class=\"block-info\">\n<li class=\"ssba\"><!-- Simple Share Buttons Adder (7.5.19) simplesharebuttons.com --><div class=\"ssba-classic-2 ssba ssbp-wrap left ssbp--theme-1\"><div style=\"text-align:left\"><a data-site=\"\" class=\"ssba_facebook_share\" href=\"http:\/\/www.facebook.com\/sharer.php?u=https:\/\/home.tovpil.org\/es_ES\/wp-json\/wp\/v2\/pages\/1430\"  target=\"_blank\" ><img decoding=\"async\" src=\"https:\/\/home.tovpil.org\/wp-content\/plugins\/simple-share-buttons-adder\/buttons\/somacro\/facebook.png\" style=\"width: 35px;\" title=\"Facebook\" class=\"ssba ssba-img\" alt=\"Share on Facebook\" \/><div title=\"Facebook\" class=\"ssbp-text\">Facebook<\/div><\/a><a data-site=\"\" class=\"ssba_twitter_share\" href=\"http:\/\/twitter.com\/share?url=https:\/\/home.tovpil.org\/es_ES\/wp-json\/wp\/v2\/pages\/1430&amp;text=C%C3%ADrculos%20de%20Oraci%C3%B3n%20y%20Vida%20\"  target=&quot;_blank&quot; ><img decoding=\"async\" src=\"https:\/\/home.tovpil.org\/wp-content\/plugins\/simple-share-buttons-adder\/buttons\/somacro\/twitter.png\" style=\"width: 35px;\" title=\"Twitter\" class=\"ssba ssba-img\" alt=\"Tweet about this on Twitter\" \/><div title=\"Twitter\" class=\"ssbp-text\">Twitter<\/div><\/a><a data-site='pinterest' class='ssba_pinterest_share' href='javascript:void((function()%7Bvar%20e=document.createElement(&apos;script&apos;);e.setAttribute(&apos;type&apos;,&apos;text\/javascript&apos;);e.setAttribute(&apos;charset&apos;,&apos;UTF-8&apos;);e.setAttribute(&apos;src&apos;,&apos;\/\/assets.pinterest.com\/js\/pinmarklet.js?r=&apos;+Math.random()*99999999);document.body.appendChild(e)%7D)());'><img decoding=\"async\" src=\"https:\/\/home.tovpil.org\/wp-content\/plugins\/simple-share-buttons-adder\/buttons\/somacro\/pinterest.png\" style=\"width: 35px;\" title=\"Pinterest\" class=\"ssba ssba-img\" alt=\"Pin on Pinterest\" \/><div title=\"Pinterest\" class=\"ssbp-text\">Pinterest<\/div><\/a><\/div><\/div><\/li>\n<\/ul>\n<p>Son peque\u00f1os grupos de creyentes conformados por ex talleritas abiertos compasiva y amorosamente a los \u00faltimos de la Humanidad: sidosos, cancerosos, solitarios, abandonados, agonizantes, aquellos que nadie los mira ni los quiere\u2026llev\u00e1ndoles presencia y proximidad, consolaci\u00f3n y alegr\u00eda, identific\u00e1ndose con la dimensi\u00f3n samarita del Evangelio, al estilo de Francisco de As\u00eds o Teresa de Calcuta.<\/p>\n<p>Se hacen presentes all\u00e1 donde haya dolor, soledad, orfandad\u2026 en las c\u00e1rceles, hospitales, orfanatos\u2026 en general donde haya hu\u00e9rfanos, d\u00e9biles mentales, minusv\u00e1lidos, ni\u00f1os abandonados.<\/p>\n<p>Estos peque\u00f1os grupos, invisibles, silenciosos, van infundiendo vida, casi imperceptiblemente, iluminando mentes, sanando heridas, vitalizando a la gran masa de la humanidad.<\/p>\n<p>El momento cardinal de los C\u00edrculos de Oraci\u00f3n y Vida es el Cen\u00e1culo en que sus integrantes se re\u00fanen semanalmente durante dos horas en que lo fundamental es la oraci\u00f3n y una entra\u00f1able fraternizaci\u00f3n. Con este alimento cada uno en sus tiempos disponibles desarrolla su dimensi\u00f3n samaritana.[\/vc_column_text][vc_column_text css=&#8221;.vc_custom_1501464990897{margin-top: 40px !important;margin-bottom: 40px !important;border-top-width: 1px !important;border-bottom-width: 1px !important;border-top-color: #f59f1d !important;border-top-style: dashed !important;border-bottom-color: #f59f1d !important;border-bottom-style: dashed !important;}&#8221; el_class=&#8221;dash-bottom-frase&#8221;]<\/p>\n<blockquote>\n<p style=\"text-align: center;\">Los C\u00edrculos de Oraci\u00f3n y Vida son hogueras<\/p>\n<p style=\"text-align: center;\">en medio de la oscuridad de la noche<\/p>\n<\/blockquote>\n<p>[\/vc_column_text][\/vc_column][vc_column width=&#8221;4\/12&#8243;][vc_column_text el_class=&#8221;relacionados&#8221;]<\/p>\n<h6>Relacionados<\/h6>\n<p>[\/vc_column_text][vc_wp_custommenu nav_menu=&#8221;15&#8243;][\/vc_column][\/vc_row]<\/p>\n","protected":false},"excerpt":{"rendered":"<p>[vc_row][vc_column width=&#8221;8\/12&#8243; css=&#8221;.vc_custom_1507685671841{padding-bottom: 20px !important;background-image: url(http:\/\/home.tovpil.org\/wp-content\/uploads\/2017\/06\/MATRIM-HFF.png?id=1252) !important;background-position: 0 0 !important;background-re&#8230;<\/p>\n","protected":false},"author":1,"featured_media":0,"parent":1270,"menu_order":0,"comment_status":"closed","ping_status":"closed","template":"","meta":{"footnotes":""},"class_list":["post-1430","page","type-page","status-publish","hentry"],"_links":{"self":[{"href":"https:\/\/home.tovpil.org\/es_ES\/wp-json\/wp\/v2\/pages\/1430","targetHints":{"allow":["GET"]}}],"collection":[{"href":"https:\/\/home.tovpil.org\/es_ES\/wp-json\/wp\/v2\/pages"}],"about":[{"href":"https:\/\/home.tovpil.org\/es_ES\/wp-json\/wp\/v2\/types\/page"}],"author":[{"embeddable":true,"href":"https:\/\/home.tovpil.org\/es_ES\/wp-json\/wp\/v2\/users\/1"}],"replies":[{"embeddable":true,"href":"https:\/\/home.tovpil.org\/es_ES\/wp-json\/wp\/v2\/comments?post=1430"}],"version-history":[{"count":0,"href":"https:\/\/home.tovpil.org\/es_ES\/wp-json\/wp\/v2\/pages\/1430\/revisions"}],"up":[{"embeddable":true,"href":"https:\/\/home.tovpil.org\/es_ES\/wp-json\/wp\/v2\/pages\/1270"}],"wp:attachment":[{"href":"https:\/\/home.tovpil.org\/es_ES\/wp-json\/wp\/v2\/media?parent=1430"}],"curies":[{"name":"wp","href":"https:\/\/api.w.org\/{rel}","templated":true}]}}