{"id":1489,"date":"2017-07-22T19:03:49","date_gmt":"2017-07-22T19:03:49","guid":{"rendered":"https:\/\/home.tovpil.org\/?page_id=1489"},"modified":"2017-12-26T21:55:37","modified_gmt":"2017-12-26T21:55:37","slug":"videos","status":"publish","type":"page","link":"https:\/\/home.tovpil.org\/es_ES\/fundador\/videos\/","title":{"rendered":"Videos"},"content":{"rendered":"<p>[vc_row][vc_column width=&#8221;8\/12&#8243; el_class=&#8221;seccion-desarrollado&#8221;][vc_column_text css=&#8221;.vc_custom_1508446513505{border-bottom-width: 1px !important;border-bottom-color: #d1d3d4 !important;border-bottom-style: solid !important;}&#8221;]<\/p>\n<h1>Videos<\/h1>\n<ul class=\"block-info\">\n<li class=\"ssba\"><!-- Simple Share Buttons Adder (7.5.19) simplesharebuttons.com --><div class=\"ssba-classic-2 ssba ssbp-wrap left ssbp--theme-1\"><div style=\"text-align:left\"><a data-site=\"\" class=\"ssba_facebook_share\" href=\"http:\/\/www.facebook.com\/sharer.php?u=https:\/\/home.tovpil.org\/es_ES\/wp-json\/wp\/v2\/pages\/1489\"  target=\"_blank\" ><img decoding=\"async\" src=\"https:\/\/home.tovpil.org\/wp-content\/plugins\/simple-share-buttons-adder\/buttons\/somacro\/facebook.png\" style=\"width: 35px;\" title=\"Facebook\" class=\"ssba ssba-img\" alt=\"Share on Facebook\" \/><div title=\"Facebook\" class=\"ssbp-text\">Facebook<\/div><\/a><a data-site=\"\" class=\"ssba_twitter_share\" href=\"http:\/\/twitter.com\/share?url=https:\/\/home.tovpil.org\/es_ES\/wp-json\/wp\/v2\/pages\/1489&amp;text=Videos%20\"  target=&quot;_blank&quot; ><img decoding=\"async\" src=\"https:\/\/home.tovpil.org\/wp-content\/plugins\/simple-share-buttons-adder\/buttons\/somacro\/twitter.png\" style=\"width: 35px;\" title=\"Twitter\" class=\"ssba ssba-img\" alt=\"Tweet about this on Twitter\" \/><div title=\"Twitter\" class=\"ssbp-text\">Twitter<\/div><\/a><a data-site='pinterest' class='ssba_pinterest_share' href='javascript:void((function()%7Bvar%20e=document.createElement(&apos;script&apos;);e.setAttribute(&apos;type&apos;,&apos;text\/javascript&apos;);e.setAttribute(&apos;charset&apos;,&apos;UTF-8&apos;);e.setAttribute(&apos;src&apos;,&apos;\/\/assets.pinterest.com\/js\/pinmarklet.js?r=&apos;+Math.random()*99999999);document.body.appendChild(e)%7D)());'><img decoding=\"async\" src=\"https:\/\/home.tovpil.org\/wp-content\/plugins\/simple-share-buttons-adder\/buttons\/somacro\/pinterest.png\" style=\"width: 35px;\" title=\"Pinterest\" class=\"ssba ssba-img\" alt=\"Pin on Pinterest\" \/><div title=\"Pinterest\" class=\"ssbp-text\">Pinterest<\/div><\/a><\/div><\/div><\/li>\n<\/ul>\n<p>[\/vc_column_text][vc_row_inner css=&#8221;.vc_custom_1507569092445{border-bottom-width: 1px !important;padding-bottom: 20px !important;border-bottom-color: #d1d3d4 !important;border-bottom-style: solid !important;}&#8221;][vc_column_inner el_class=&#8221;entry-content title-no-margin&#8221; width=&#8221;2\/6&#8243;][vc_single_image image=&#8221;3518&#8243; img_size=&#8221;150x220px&#8221; alignment=&#8221;center&#8221; style=&#8221;vc_box_shadow_3d&#8221; onclick=&#8221;custom_link&#8221; link=&#8221;https:\/\/home.tovpil.org\/fundador\/videos\/presentacion-tov\/&#8221;][\/vc_column_inner][vc_column_inner el_class=&#8221;entry-content title-no-margin&#8221; width=&#8221;4\/6&#8243;][vc_column_text]<\/p>\n<h2><a href=\"https:\/\/home.tovpil.org\/fundador\/videos\/presentacion-tov\/\">Presentaci\u00f3n TOV<\/a><\/h2>\n<p>[\/vc_column_text][vc_column_text el_class=&#8221;margin-top-20&#8243;]Descripci\u00f3n detallada de la esencia de los Talleres de Oraci\u00f3n y Vida sobre puntos clave:<\/p>\n<p>Basado en la Biblia \u2013 Con Cristo como centro \u2013 Fuente de vocaciones apost\u00f3licas \u2013 Servicio exclusivamente laical \u2013\u00a0Car\u00e1cter totalmente pr\u00e1ctico y experimental \u2013\u00a0Actividad orante paso a paso adaptada a la persona \u2013 Taller liberador y sanador a trav\u00e9s del conocimiento de Dios y de uno mismo \u2013 Transformaci\u00f3n a la luz de la palabra \u2013 Compromiso con los pobres.\u00a01 dvd[\/vc_column_text]\n<div class=\"text-l\"><a href=\"http:\/\/www.tovpil.org\/es_ES\/fundador\/videos\/presentacion-tov\/\" class=\"button_box-25380464269fcbffb346e1 slz-btn btn-absolute \"><span class=\"btn-text\">M\u00e1s informaci\u00f3n<\/span><span class=\" btn-icon fa fa-angle-right\"><\/span><\/a><\/div>[\/vc_column_inner][\/vc_row_inner][vc_row_inner css=&#8221;.vc_custom_1507569282303{border-bottom-width: 1px !important;padding-bottom: 20px !important;border-bottom-color: #d1d3d4 !important;border-bottom-style: solid !important;}&#8221;][vc_column_inner width=&#8221;2\/6&#8243;][vc_single_image image=&#8221;3527&#8243; img_size=&#8221;220x220px&#8221; alignment=&#8221;center&#8221; style=&#8221;vc_box_shadow_3d&#8221; onclick=&#8221;custom_link&#8221; link=&#8221;https:\/\/home.tovpil.org\/fundador\/videos\/mensajes-tov-adultos\/&#8221; el_class=&#8221;margin-top-20&#8243;][\/vc_column_inner][vc_column_inner width=&#8221;4\/6&#8243;][vc_column_text]<\/p>\n<h2><a href=\"https:\/\/home.tovpil.org\/fundador\/videos\/mensajes-tov-adultos\/\">Mensajes TOV Adultos<\/a><\/h2>\n<p>[\/vc_column_text][vc_column_text el_class=&#8221;margin-top-20&#8243;]Contiene los temas de la Apertura y las 15 Sesiones del Taller de Oraci\u00f3n y Vida para Adultos que imparten los Gu\u00edas.[\/vc_column_text]\n<div class=\"text-l\"><a href=\"http:\/\/www.tovpil.org\/es_ES\/fundador\/videos\/mensajes-tov-adultos\/\" class=\"button_box-10580163469fcbffb348ac slz-btn btn-absolute \"><span class=\"btn-text\">M\u00e1s informaci\u00f3n<\/span><span class=\" btn-icon fa fa-angle-right\"><\/span><\/a><\/div>[\/vc_column_inner][\/vc_row_inner][vc_row_inner css=&#8221;.vc_custom_1507569282303{border-bottom-width: 1px !important;padding-bottom: 20px !important;border-bottom-color: #d1d3d4 !important;border-bottom-style: solid !important;}&#8221;][vc_column_inner width=&#8221;2\/6&#8243;][vc_single_image image=&#8221;4033&#8243; img_size=&#8221;150x220px&#8221; alignment=&#8221;center&#8221; style=&#8221;vc_box_shadow_3d&#8221; onclick=&#8221;custom_link&#8221; link=&#8221;https:\/\/home.tovpil.org\/fundador\/videos\/mensajes-tov-jovenes\/&#8221; el_class=&#8221;margin-top-20&#8243;][\/vc_column_inner][vc_column_inner width=&#8221;4\/6&#8243;][vc_column_text]<\/p>\n<h2><a href=\"https:\/\/home.tovpil.org\/fundador\/videos\/mensajes-tov-jovenes\/\">Mensajes TOV J\u00f3venes<\/a><\/h2>\n<p>[\/vc_column_text][vc_column_text el_class=&#8221;margin-top-20&#8243;]Contiene los mensajes, de las 10 Sesiones del Taller de J\u00f3venes que imparten los Gu\u00edas.[\/vc_column_text]\n<div class=\"text-l\"><a href=\"http:\/\/www.tovpil.org\/es_ES\/fundador\/videos\/mensajes-tov-jovenes\/\" class=\"button_box-39358596469fcbffb349fd slz-btn btn-absolute \"><span class=\"btn-text\">M\u00e1s informaci\u00f3n<\/span><span class=\" btn-icon fa fa-angle-right\"><\/span><\/a><\/div>[\/vc_column_inner][\/vc_row_inner][vc_row_inner css=&#8221;.vc_custom_1507569282303{border-bottom-width: 1px !important;padding-bottom: 20px !important;border-bottom-color: #d1d3d4 !important;border-bottom-style: solid !important;}&#8221;][vc_column_inner width=&#8221;2\/6&#8243;][vc_single_image image=&#8221;4302&#8243; img_size=&#8221;150x220px&#8221; alignment=&#8221;center&#8221; style=&#8221;vc_box_shadow_3d&#8221; onclick=&#8221;custom_link&#8221; link=&#8221;https:\/\/home.tovpil.org\/fundador\/videos\/curso-matrimonial\/&#8221; el_class=&#8221;margin-top-20&#8243;][\/vc_column_inner][vc_column_inner width=&#8221;4\/6&#8243;][vc_column_text]<\/p>\n<h2><a href=\"https:\/\/home.tovpil.org\/fundador\/videos\/curso-matrimonial\/\">Curso Matrimonial<\/a><\/h2>\n<p>[\/vc_column_text][vc_column_text el_class=&#8221;margin-top-20&#8243;]Contiene los 6 mensajes del Curso Matrimonial que imparten las parejas de Gu\u00edas en el Curso matrimonial.[\/vc_column_text]\n<div class=\"text-l\"><a href=\"http:\/\/www.tovpil.org\/es_ES\/fundador\/videos\/curso-matrimonial\/\" class=\"button_box-147815666569fcbffb34b43 slz-btn btn-absolute \"><span class=\"btn-text\">M\u00e1s informaci\u00f3n<\/span><span class=\" btn-icon fa fa-angle-right\"><\/span><\/a><\/div>[\/vc_column_inner][\/vc_row_inner][vc_row_inner css=&#8221;.vc_custom_1507569282303{border-bottom-width: 1px !important;padding-bottom: 20px !important;border-bottom-color: #d1d3d4 !important;border-bottom-style: solid !important;}&#8221;][vc_column_inner width=&#8221;2\/6&#8243;][vc_single_image image=&#8221;4030&#8243; img_size=&#8221;220x220px&#8221; alignment=&#8221;center&#8221; style=&#8221;vc_box_shadow_3d&#8221; onclick=&#8221;custom_link&#8221; link=&#8221;https:\/\/home.tovpil.org\/fundador\/videos\/esencia-y-trascendencia-de-un-guia\/&#8221; el_class=&#8221;margin-top-20&#8243;][\/vc_column_inner][vc_column_inner width=&#8221;4\/6&#8243;][vc_column_text]<\/p>\n<h2><a href=\"https:\/\/home.tovpil.org\/fundador\/videos\/esencia-y-trascendencia-de-un-guia\/\">Esencia y Trascendencia de un Gu\u00eda<\/a><\/h2>\n<p>[\/vc_column_text][vc_column_text el_class=&#8221;margin-top-20&#8243;]Charla del p. Ignacio en las Semanas de Culminaci\u00f3n en que trata el tema de la vocaci\u00f3n del Gu\u00eda, quien es una persona elegida, separada y destinada con alta sensibilidad divina y una insaciable sed de Dios hasta el punto que no puede vivir sin Dios torn\u00e1ndose en una posesi\u00f3n de \u00c9l.[\/vc_column_text]\n<div class=\"text-l\"><a href=\"http:\/\/www.tovpil.org\/es_ES\/fundador\/videos\/esencia-y-trascendencia-de-un-guia\/\" class=\"button_box-207755764669fcbffb34c4e slz-btn btn-absolute \"><span class=\"btn-text\">M\u00e1s informaci\u00f3n<\/span><span class=\" btn-icon fa fa-angle-right\"><\/span><\/a><\/div>[\/vc_column_inner][\/vc_row_inner][vc_row_inner css=&#8221;.vc_custom_1507569282303{border-bottom-width: 1px !important;padding-bottom: 20px !important;border-bottom-color: #d1d3d4 !important;border-bottom-style: solid !important;}&#8221;][vc_column_inner width=&#8221;2\/6&#8243;][vc_single_image image=&#8221;4031&#8243; img_size=&#8221;150x220px&#8221; alignment=&#8221;center&#8221; style=&#8221;vc_box_shadow_3d&#8221; onclick=&#8221;custom_link&#8221; link=&#8221;https:\/\/home.tovpil.org\/fundador\/videos\/espiritualidad\/&#8221; el_class=&#8221;margin-top-20&#8243;][\/vc_column_inner][vc_column_inner width=&#8221;4\/6&#8243;][vc_column_text]<\/p>\n<h2><a href=\"https:\/\/home.tovpil.org\/fundador\/videos\/espiritualidad\/\">Espiritualidad<\/a><\/h2>\n<p>[\/vc_column_text][vc_column_text el_class=&#8221;margin-top-20&#8243;]Contiene los mensajes de la espiritualidad de Talleres de Oraci\u00f3n y Vida: Personas Orantes, Vac\u00edos de Si y Sue\u00f1o de Oro utilizados por los Gu\u00edas que imparten la Escuela de Preparaci\u00f3n de Gu\u00edas.[\/vc_column_text]\n<div class=\"text-l\"><a href=\"http:\/\/www.tovpil.org\/es_ES\/fundador\/videos\/espiritualidad\/\" class=\"button_box-187499255769fcbffb34d3f slz-btn btn-absolute \"><span class=\"btn-text\">M\u00e1s informaci\u00f3n<\/span><span class=\" btn-icon fa fa-angle-right\"><\/span><\/a><\/div>[\/vc_column_inner][\/vc_row_inner][vc_row_inner css=&#8221;.vc_custom_1507569282303{border-bottom-width: 1px !important;padding-bottom: 20px !important;border-bottom-color: #d1d3d4 !important;border-bottom-style: solid !important;}&#8221;][vc_column_inner width=&#8221;2\/6&#8243;][vc_single_image image=&#8221;4029&#8243; img_size=&#8221;150x220px&#8221; alignment=&#8221;center&#8221; style=&#8221;vc_box_shadow_3d&#8221; onclick=&#8221;custom_link&#8221; link=&#8221;https:\/\/home.tovpil.org\/fundador\/videos\/del-encanto-de-dios-al-encanto-de-la-vida\/&#8221; el_class=&#8221;margin-top-20&#8243;][\/vc_column_inner][vc_column_inner width=&#8221;4\/6&#8243;][vc_column_text]<\/p>\n<h2><a href=\"https:\/\/home.tovpil.org\/fundador\/videos\/del-encanto-de-dios-al-encanto-de-la-vida\/\">Del Encanto de Dios al Encanto de la Vida<\/a><\/h2>\n<p>[\/vc_column_text][vc_column_text el_class=&#8221;margin-top-20&#8243;]Del encanto de Dios al encanto de la vida, expresa padre Ignacio, es el Itinerario que nunca falla, cualquier otro camino puede ser falaz, enga\u00f1oso, porque todo lo que se repite se gasta, lo que se gasta, cansa; el amor frecuentemente es flor de un dia que desfallece, agoniza y muere. Como en el matrimonio, en el cual hay que alimentar el amor con los peque\u00f1os detalles de cada d\u00eda. Si la vida deja de ser movimiento deja de ser vida.<\/p>\n<p>[\/vc_column_text]\n<div class=\"text-l\"><a href=\"http:\/\/www.tovpil.org\/es_ES\/fundador\/videos\/del-encanto-de-dios-al-encanto-de-la-vida\/\" class=\"button_box-13834795269fcbffb34e36 slz-btn btn-absolute \"><span class=\"btn-text\">M\u00e1s informaci\u00f3n<\/span><span class=\" btn-icon fa fa-angle-right\"><\/span><\/a><\/div>[\/vc_column_inner][\/vc_row_inner][vc_row_inner css=&#8221;.vc_custom_1507569282303{border-bottom-width: 1px !important;padding-bottom: 20px !important;border-bottom-color: #d1d3d4 !important;border-bottom-style: solid !important;}&#8221;][vc_column_inner width=&#8221;2\/6&#8243;][vc_single_image image=&#8221;4028&#8243; img_size=&#8221;220x220px&#8221; alignment=&#8221;center&#8221; style=&#8221;vc_box_shadow_3d&#8221; onclick=&#8221;custom_link&#8221; link=&#8221;https:\/\/home.tovpil.org\/fundador\/videos\/encuentro-de-experiencia-de-dios-temas-de-evangelizacion\/&#8221; el_class=&#8221;margin-top-20&#8243;][\/vc_column_inner][vc_column_inner width=&#8221;4\/6&#8243;][vc_column_text]<\/p>\n<h2><a href=\"https:\/\/home.tovpil.org\/fundador\/videos\/encuentro-de-experiencia-de-dios-temas-de-evangelizacion\/\">Encuentro de Experiencia de Dios &#8211; Temas de Evangelizaci\u00f3n<\/a><\/h2>\n<p>[\/vc_column_text][vc_column_text el_class=&#8221;margin-top-20&#8243;]Memorial de una vida.<\/p>\n<p>Es sin duda, la obra m\u00e1s importante en la vida del Padre Larra\u00f1aga. Este material podr\u00e1 utilizarse para m\u00faltiples usos: retiros, charlas, jornadas evangelizadoras, piedad personal, promoci\u00f3n de Talleres, etc.[\/vc_column_text]\n<div class=\"text-l\"><a href=\"http:\/\/www.tovpil.org\/es_ES\/fundador\/videos\/encuentro-de-experiencia-de-dios-temas-de-evangelizacion\/\" class=\"button_box-62518749069fcbffb34f39 slz-btn btn-absolute \"><span class=\"btn-text\">M\u00e1s informaci\u00f3n<\/span><span class=\" btn-icon fa fa-angle-right\"><\/span><\/a><\/div>[\/vc_column_inner][\/vc_row_inner][vc_row_inner css=&#8221;.vc_custom_1507569282303{border-bottom-width: 1px !important;padding-bottom: 20px !important;border-bottom-color: #d1d3d4 !important;border-bottom-style: solid !important;}&#8221;][vc_column_inner width=&#8221;2\/6&#8243;][vc_single_image image=&#8221;4102&#8243; img_size=&#8221;150x220px&#8221; alignment=&#8221;center&#8221; style=&#8221;vc_box_shadow_3d&#8221; onclick=&#8221;custom_link&#8221; link=&#8221;https:\/\/home.tovpil.org\/fundador\/videos\/convencion-monterrey\/&#8221; el_class=&#8221;margin-top-20&#8243;][\/vc_column_inner][vc_column_inner width=&#8221;4\/6&#8243;][vc_column_text]<\/p>\n<h2><a href=\"https:\/\/home.tovpil.org\/fundador\/videos\/convencion-monterrey\/\">Convenci\u00f3n Monterrey<\/a><\/h2>\n<p>[\/vc_column_text][vc_column_text el_class=&#8221;margin-top-20&#8243;]Compendio de las Charlas del gran evento de la familia de Talleres de Oraci\u00f3n y Vida realizado en la ciudad de Monterrey, M\u00e9xico, en marzo de 2008, con ocasi\u00f3n de la Primera Reuni\u00f3n Internacional de Gu\u00edas TOV. Serie de 13 DVD.[\/vc_column_text]\n<div class=\"text-l\"><a href=\"http:\/\/www.tovpil.org\/es_ES\/fundador\/videos\/convencion-monterrey\/\" class=\"button_box-160332405869fcbffb3502b slz-btn btn-absolute \"><span class=\"btn-text\">M\u00e1s informaci\u00f3n<\/span><span class=\" btn-icon fa fa-angle-right\"><\/span><\/a><\/div>[\/vc_column_inner][\/vc_row_inner][vc_row_inner css=&#8221;.vc_custom_1507569282303{border-bottom-width: 1px !important;padding-bottom: 20px !important;border-bottom-color: #d1d3d4 !important;border-bottom-style: solid !important;}&#8221;][vc_column_inner width=&#8221;2\/6&#8243;][vc_single_image image=&#8221;4034&#8243; img_size=&#8221;150x220px&#8221; alignment=&#8221;center&#8221; style=&#8221;vc_box_shadow_3d&#8221; onclick=&#8221;custom_link&#8221; link=&#8221;https:\/\/home.tovpil.org\/fundador\/videos\/un-profeta-moderno\/&#8221; el_class=&#8221;margin-top-20&#8243;][\/vc_column_inner][vc_column_inner width=&#8221;4\/6&#8243;][vc_column_text]<\/p>\n<h2><a href=\"https:\/\/home.tovpil.org\/fundador\/videos\/un-profeta-moderno\/\">Un Profeta Moderno<\/a><\/h2>\n<p>[\/vc_column_text][vc_column_text el_class=&#8221;margin-top-20&#8243;]En este documental podemos ver los momentos claves en la vida de Ignacio Larra\u00f1aga, sacerdote capuchino, fundador de los Talleres de Oraci\u00f3n y Vida. Talleres de Oraci\u00f3n y Vida es una organizaci\u00f3n laica, aprobada por la Santa Sede, que se inspira del Evangelio para proponer un encuentro cotidiano con Dios.[\/vc_column_text]\n<div class=\"text-l\"><a href=\"http:\/\/www.tovpil.org\/es_ES\/fundador\/videos\/un-profeta-moderno\/\" class=\"button_box-188423767569fcbffb3511d slz-btn btn-absolute \"><span class=\"btn-text\">M\u00e1s informaci\u00f3n<\/span><span class=\" btn-icon fa fa-angle-right\"><\/span><\/a><\/div>[\/vc_column_inner][\/vc_row_inner][vc_row_inner css=&#8221;.vc_custom_1507569282303{border-bottom-width: 1px !important;padding-bottom: 20px !important;border-bottom-color: #d1d3d4 !important;border-bottom-style: solid !important;}&#8221;][vc_column_inner width=&#8221;2\/6&#8243;][vc_single_image image=&#8221;4036&#8243; img_size=&#8221;220x220px&#8221; alignment=&#8221;center&#8221; style=&#8221;vc_box_shadow_3d&#8221; onclick=&#8221;custom_link&#8221; link=&#8221;https:\/\/home.tovpil.org\/fundador\/videos\/charlas-de-refundacion\/&#8221; el_class=&#8221;margin-top-20&#8243;][\/vc_column_inner][vc_column_inner width=&#8221;4\/6&#8243;][vc_column_text]<\/p>\n<h2><a href=\"https:\/\/home.tovpil.org\/fundador\/videos\/charlas-de-refundacion\/\">Charlas de Refundaci\u00f3n<\/a><\/h2>\n<p>[\/vc_column_text][vc_column_text el_class=&#8221;margin-top-20&#8243;]Compendio de los temas impartidos por padre Ignacio Larra\u00f1aga a todos los Gu\u00edas del mundo, a lo largo de 62 semanas en 35? pa\u00edses, las cuales llam\u00f3 Semanas de Culminaci\u00f3n, a\u00f1os 2012 y 2103.[\/vc_column_text]\n<div class=\"text-l\"><a href=\"http:\/\/www.tovpil.org\/es_ES\/fundador\/videos\/charlas-de-refundacion\/\" class=\"button_box-197888904969fcbffb3524c slz-btn btn-absolute \"><span class=\"btn-text\">M\u00e1s informaci\u00f3n<\/span><span class=\" btn-icon fa fa-angle-right\"><\/span><\/a><\/div>[\/vc_column_inner][\/vc_row_inner][vc_row_inner css=&#8221;.vc_custom_1507569282303{border-bottom-width: 1px !important;padding-bottom: 20px !important;border-bottom-color: #d1d3d4 !important;border-bottom-style: solid !important;}&#8221;][vc_column_inner width=&#8221;2\/6&#8243;][vc_single_image image=&#8221;4027&#8243; img_size=&#8221;150x220px&#8221; alignment=&#8221;center&#8221; style=&#8221;vc_box_shadow_3d&#8221; onclick=&#8221;custom_link&#8221; link=&#8221;https:\/\/home.tovpil.org\/fundador\/videos\/despedida-de-ignacio-larranaga-y-una-mirada-hacia-el\/&#8221; el_class=&#8221;margin-top-20&#8243;][\/vc_column_inner][vc_column_inner width=&#8221;4\/6&#8243;][vc_column_text]<\/p>\n<h2><a href=\"https:\/\/home.tovpil.org\/fundador\/videos\/despedida-de-ign\u2026-mirada-hacia-el\/\">Despedida de Ignacio Larra\u00f1aga &#8211;\u00a0Y una mirada hacia \u00e9l<\/a><\/h2>\n<p>[\/vc_column_text][vc_column_text el_class=&#8221;margin-top-20&#8243;]Ignacio Larra\u00f1aga fundador de los Talleres de Oraci\u00f3n y Vida, impact\u00f3 a muchas personas con su mensaje evangelizador centrado en la figura de Dios como un padre amoroso que solo quiere que sus hijos sean felices.<\/p>\n<p>[\/vc_column_text]\n<div class=\"text-l\"><a href=\"http:\/\/www.tovpil.org\/es_ES\/fundador\/videos\/despedida-de-ignacio-larranaga-y-una-mirada-hacia-el\/\" class=\"button_box-164888644769fcbffb3539e slz-btn btn-absolute \"><span class=\"btn-text\">M\u00e1s informaci\u00f3n<\/span><span class=\" btn-icon fa fa-angle-right\"><\/span><\/a><\/div>[\/vc_column_inner][\/vc_row_inner][vc_row_inner css=&#8221;.vc_custom_1507569282303{border-bottom-width: 1px !important;padding-bottom: 20px !important;border-bottom-color: #d1d3d4 !important;border-bottom-style: solid !important;}&#8221;][vc_column_inner width=&#8221;2\/6&#8243;][vc_single_image image=&#8221;4026&#8243; img_size=&#8221;150x220px&#8221; alignment=&#8221;center&#8221; style=&#8221;vc_box_shadow_3d&#8221; onclick=&#8221;custom_link&#8221; link=&#8221;https:\/\/home.tovpil.org\/fundador\/videos\/contemplacion-con-ignacio-larranaga\/&#8221; el_class=&#8221;margin-top-20&#8243;][\/vc_column_inner][vc_column_inner width=&#8221;4\/6&#8243;][vc_column_text]<\/p>\n<h2><a href=\"https:\/\/home.tovpil.org\/fundador\/videos\/contemplacion-co\u2026gnacio-larranaga\/\">Contemplaci\u00f3n con Ignacio Larra\u00f1aga<\/a><\/h2>\n<p>[\/vc_column_text][vc_column_text el_class=&#8221;margin-top-20&#8243;]DVD motivacional para la vivencia del Desierto realizado en la Curva 21 del camino a Farellones a 48 kms. de Santiago de Chile, el 29 de octubre del 2016, como parte de la celebraci\u00f3n del tercer aniversario de la Pascua de padre Ignacio Larra\u00f1aga. 332 Gu\u00edas procedentes de diversos pa\u00edses vivieron esta experiencia en el mismo lugar frecuentado por padre Ignacio para su encuentro con el Se\u00f1or en silencio y soledad.[\/vc_column_text]\n<div class=\"text-l\"><a href=\"http:\/\/www.tovpil.org\/es_ES\/fundador\/videos\/contemplacion-co\u2026gnacio-larranaga\/\" class=\"button_box-145500341269fcbffb354e9 slz-btn btn-absolute \"><span class=\"btn-text\">M\u00e1s informaci\u00f3n<\/span><span class=\" btn-icon fa fa-angle-right\"><\/span><\/a><\/div>[\/vc_column_inner][\/vc_row_inner][\/vc_column][vc_column width=&#8221;4\/12&#8243;][vc_column_text el_class=&#8221;relacionados&#8221;]<\/p>\n<h6>Relacionados<\/h6>\n<p>[\/vc_column_text][vc_wp_custommenu nav_menu=&#8221;20&#8243;][\/vc_column][\/vc_row]<\/p>\n","protected":false},"excerpt":{"rendered":"<p>[vc_row][vc_column width=&#8221;8\/12&#8243; el_class=&#8221;seccion-desarrollado&#8221;][vc_column_text css=&#8221;.vc_custom_1508446513505{border-bottom-width: 1px !important;border-bottom-color: #d1d3d4 !important;border-bottom-style: solid !important;}&#8221;]<\/p>\n<h1>Videos<\/h1>\n<ul ... \n\n","protected":false},"author":1,"featured_media":0,"parent":142,"menu_order":0,"comment_status":"closed","ping_status":"closed","template":"","meta":{"footnotes":""},"class_list":["post-1489","page","type-page","status-publish","hentry"],"_links":{"self":[{"href":"https:\/\/home.tovpil.org\/es_ES\/wp-json\/wp\/v2\/pages\/1489","targetHints":{"allow":["GET"]}}],"collection":[{"href":"https:\/\/home.tovpil.org\/es_ES\/wp-json\/wp\/v2\/pages"}],"about":[{"href":"https:\/\/home.tovpil.org\/es_ES\/wp-json\/wp\/v2\/types\/page"}],"author":[{"embeddable":true,"href":"https:\/\/home.tovpil.org\/es_ES\/wp-json\/wp\/v2\/users\/1"}],"replies":[{"embeddable":true,"href":"https:\/\/home.tovpil.org\/es_ES\/wp-json\/wp\/v2\/comments?post=1489"}],"version-history":[{"count":0,"href":"https:\/\/home.tovpil.org\/es_ES\/wp-json\/wp\/v2\/pages\/1489\/revisions"}],"up":[{"embeddable":true,"href":"https:\/\/home.tovpil.org\/es_ES\/wp-json\/wp\/v2\/pages\/142"}],"wp:attachment":[{"href":"https:\/\/home.tovpil.org\/es_ES\/wp-json\/wp\/v2\/media?parent=1489"}],"curies":[{"name":"wp","href":"https:\/\/api.w.org\/{rel}","templated":true}]}}