{"id":1580,"date":"2017-07-26T22:43:20","date_gmt":"2017-07-26T22:43:20","guid":{"rendered":"https:\/\/home.tovpil.org\/?page_id=1580"},"modified":"2018-03-22T16:28:28","modified_gmt":"2018-03-22T16:28:28","slug":"meditar-y-vivir","status":"publish","type":"page","link":"https:\/\/home.tovpil.org\/es_ES\/meditar-y-vivir\/","title":{"rendered":"MEDITAR Y VIVIR"},"content":{"rendered":"<p>[vc_row][vc_column]<div class=\"slz-shortcode sc_block_posts meditaryvivir posts-block-6952889269fcbff7f3db9\"><div class=\"slz-template-03  layout-3 list-layout-1\">\n\t<div class=\"slz-list-block slz-column-3\"><div class=\"item marielas-style\"><div class=\"slz-block-item-01 style-1 \">\n\t\n\t<a href=\"https:\/\/home.tovpil.org\/es_ES\/2026\/04\/30\/la-fraternidad-de-jesus\/\" class=\"block-title\" >La fraternidad de Jes\u00fas<\/a>\t\t\t\n\n\t\t<div class=\"block-image\">\n\t\t\t\t\t<a href=\"https:\/\/home.tovpil.org\/es_ES\/2026\/04\/30\/la-fraternidad-de-jesus\/\" class=\"link\">\n\t\t\t\t<img loading=\"lazy\" decoding=\"async\" width=\"1536\" height=\"1024\" src=\"https:\/\/home.tovpil.org\/wp-content\/uploads\/2026\/04\/IMG_3717.jpeg\" class=\"img-responsive img-full\" alt=\"\" \/>\t\t\t<\/a>\n\t<\/div>\n\t<div class=\"block-content\">\n\t\t<div class=\"block-content-wrapper\">\n\t\t\t\t\t\t\t<ul class=\"block-info\">\n\t\t\t\t\t<li>\n\t\t\t\t\t\t<a href=\"https:\/\/home.tovpil.org\/es_ES\/2026\/04\/30\/la-fraternidad-de-jesus\/\" class=\"link date\">on abril 30, 2026<\/a>\t\t\t\t\t<\/li>\n\t\t\t\t<\/ul>\n\t\t\t\t\t\t\t\n\t\t\t\t\t<ul class=\"block-info\">\n\t\t\t\t\t\t\t\t\t\t\t<\/ul>\n\t\t\t\t\t\n\t\t\t\t\t\t<div class=\"block-text\">\n\t\t\tAl desaparecer la fraternidad itinerante de Jes\u00fas, con la dispersi\u00f3n de los Ap\u00f3stoles en el mundo, surge en Jerusal\u00e9n una copia de aquella familia apost\u00f3lica. Y Los Hechos nos presentan la comunidad de Jerusal\u00e9n como el ideal de la existencia cristia...\t\t\t<\/div>\n\t\t\t\t\t\t<a href=\"https:\/\/home.tovpil.org\/es_ES\/2026\/04\/30\/la-fraternidad-de-jesus\/\" class=\"block-read-more\">M\u00e1s informaci\u00f3n<i class=\"fa fa-angle-double-right\"><\/i><\/a>\t\t<\/div>\n\t<\/div>\n\t<div class=\"vc_separator\">\n\t\t<div class=\"vc_sep_holder vc_sep_holder_l\">\n\t\t\t<div class=\"vc_sep_line\"><\/div>\n\t\t<\/div>\n\t<\/div>\t\n<\/div><\/div><div class=\"item marielas-style\"><div class=\"slz-block-item-01 style-1 \">\n\t\n\t<a href=\"https:\/\/home.tovpil.org\/es_ES\/2026\/04\/22\/este-es-mi-grito-de-resurreccion\/\" class=\"block-title\" >Este es mi grito de Resurrecci\u00f3n<\/a>\t\t\t\n\n\t\t<div class=\"block-image\">\n\t\t\t\t\t<a href=\"https:\/\/home.tovpil.org\/es_ES\/2026\/04\/22\/este-es-mi-grito-de-resurreccion\/\" class=\"link\">\n\t\t\t\t<img loading=\"lazy\" decoding=\"async\" width=\"1024\" height=\"1145\" src=\"https:\/\/home.tovpil.org\/wp-content\/uploads\/2026\/04\/IMG-20260405-WA0124.jpg\" class=\"img-responsive img-full\" alt=\"\" \/>\t\t\t<\/a>\n\t<\/div>\n\t<div class=\"block-content\">\n\t\t<div class=\"block-content-wrapper\">\n\t\t\t\t\t\t\t<ul class=\"block-info\">\n\t\t\t\t\t<li>\n\t\t\t\t\t\t<a href=\"https:\/\/home.tovpil.org\/es_ES\/2026\/04\/22\/este-es-mi-grito-de-resurreccion\/\" class=\"link date\">on abril 22, 2026<\/a>\t\t\t\t\t<\/li>\n\t\t\t\t<\/ul>\n\t\t\t\t\t\t\t\n\t\t\t\t\t<ul class=\"block-info\">\n\t\t\t\t\t\t\t\t\t\t\t<\/ul>\n\t\t\t\t\t\n\t\t\t\t\t\t<div class=\"block-text\">\n\t\t\tYo quisiera que todos los Gu\u00edas del mundo se enamoraran de nuestro bendito Dios y Padre. Quiero que todos los talleristas del mundo vean a los gu\u00edas santamente, fanatizados con nuestro Dios, y que ellos, los talleristas, quedar\u00e1n contagiados de esa d...\t\t\t<\/div>\n\t\t\t\t\t\t<a href=\"https:\/\/home.tovpil.org\/es_ES\/2026\/04\/22\/este-es-mi-grito-de-resurreccion\/\" class=\"block-read-more\">M\u00e1s informaci\u00f3n<i class=\"fa fa-angle-double-right\"><\/i><\/a>\t\t<\/div>\n\t<\/div>\n\t<div class=\"vc_separator\">\n\t\t<div class=\"vc_sep_holder vc_sep_holder_l\">\n\t\t\t<div class=\"vc_sep_line\"><\/div>\n\t\t<\/div>\n\t<\/div>\t\n<\/div><\/div><div class=\"item marielas-style\"><div class=\"slz-block-item-01 style-1 \">\n\t\n\t<a href=\"https:\/\/home.tovpil.org\/es_ES\/2026\/04\/14\/getsemani\/\" class=\"block-title\" >Getseman\u00ed<\/a>\t\t\t\n\n\t\t<div class=\"block-image\">\n\t\t\t\t\t<a href=\"https:\/\/home.tovpil.org\/es_ES\/2026\/04\/14\/getsemani\/\" class=\"link\">\n\t\t\t\t<img loading=\"lazy\" decoding=\"async\" width=\"1024\" height=\"768\" src=\"https:\/\/home.tovpil.org\/wp-content\/uploads\/2026\/04\/IMG_3709.jpg\" class=\"img-responsive img-full\" alt=\"\" \/>\t\t\t<\/a>\n\t<\/div>\n\t<div class=\"block-content\">\n\t\t<div class=\"block-content-wrapper\">\n\t\t\t\t\t\t\t<ul class=\"block-info\">\n\t\t\t\t\t<li>\n\t\t\t\t\t\t<a href=\"https:\/\/home.tovpil.org\/es_ES\/2026\/04\/14\/getsemani\/\" class=\"link date\">on abril 14, 2026<\/a>\t\t\t\t\t<\/li>\n\t\t\t\t<\/ul>\n\t\t\t\t\t\t\t\n\t\t\t\t\t<ul class=\"block-info\">\n\t\t\t\t\t\t\t\t\t\t\t<\/ul>\n\t\t\t\t\t\n\t\t\t\t\t\t<div class=\"block-text\">\n\t\t\tSalieron del Cen\u00e1culo. Jerusal\u00e9n estaba inundada por la luz de la luna, y en la noche subyugadora flotaba un intenso aroma de azahares. Tom\u00f3, pues, consigo a los tres testigos de la transfiguraci\u00f3n \u2014Santiago, Pedro y Juan\u2014 para que fueran tambi\u00e9n tes...\t\t\t<\/div>\n\t\t\t\t\t\t<a href=\"https:\/\/home.tovpil.org\/es_ES\/2026\/04\/14\/getsemani\/\" class=\"block-read-more\">M\u00e1s informaci\u00f3n<i class=\"fa fa-angle-double-right\"><\/i><\/a>\t\t<\/div>\n\t<\/div>\n\t<div class=\"vc_separator\">\n\t\t<div class=\"vc_sep_holder vc_sep_holder_l\">\n\t\t\t<div class=\"vc_sep_line\"><\/div>\n\t\t<\/div>\n\t<\/div>\t\n<\/div><\/div><div class=\"item marielas-style\"><div class=\"slz-block-item-01 style-1 \">\n\t\n\t<a href=\"https:\/\/home.tovpil.org\/es_ES\/2026\/03\/20\/vida-de-fe-criterios-de-vida\/\" class=\"block-title\" >Vida de Fe. Criterios de vida<\/a>\t\t\t\n\n\t\t<div class=\"block-image\">\n\t\t\t\t\t<a href=\"https:\/\/home.tovpil.org\/es_ES\/2026\/03\/20\/vida-de-fe-criterios-de-vida\/\" class=\"link\">\n\t\t\t\t<img loading=\"lazy\" decoding=\"async\" width=\"1273\" height=\"955\" src=\"https:\/\/home.tovpil.org\/wp-content\/uploads\/2026\/03\/IMG_3682.jpg\" class=\"img-responsive img-full\" alt=\"\" \/>\t\t\t<\/a>\n\t<\/div>\n\t<div class=\"block-content\">\n\t\t<div class=\"block-content-wrapper\">\n\t\t\t\t\t\t\t<ul class=\"block-info\">\n\t\t\t\t\t<li>\n\t\t\t\t\t\t<a href=\"https:\/\/home.tovpil.org\/es_ES\/2026\/03\/20\/vida-de-fe-criterios-de-vida\/\" class=\"link date\">on marzo 20, 2026<\/a>\t\t\t\t\t<\/li>\n\t\t\t\t<\/ul>\n\t\t\t\t\t\t\t\n\t\t\t\t\t<ul class=\"block-info\">\n\t\t\t\t\t\t\t\t\t\t\t<\/ul>\n\t\t\t\t\t\n\t\t\t\t\t\t<div class=\"block-text\">\n\t\t\tSe han aceptado como criterios de vida la inmediatez, la eficacia y la rapidez. Por contraste, la vida de fe es lenta y exige una constancia sobrehumana, su adelanto es oscilante y no se lo puede comprobar con m\u00e9todos exactos de medici\u00f3n\t\t\t<\/div>\n\t\t\t\t\t\t<a href=\"https:\/\/home.tovpil.org\/es_ES\/2026\/03\/20\/vida-de-fe-criterios-de-vida\/\" class=\"block-read-more\">M\u00e1s informaci\u00f3n<i class=\"fa fa-angle-double-right\"><\/i><\/a>\t\t<\/div>\n\t<\/div>\n\t<div class=\"vc_separator\">\n\t\t<div class=\"vc_sep_holder vc_sep_holder_l\">\n\t\t\t<div class=\"vc_sep_line\"><\/div>\n\t\t<\/div>\n\t<\/div>\t\n<\/div><\/div><div class=\"item marielas-style\"><div class=\"slz-block-item-01 style-1 \">\n\t\n\t<a href=\"https:\/\/home.tovpil.org\/es_ES\/2026\/02\/21\/tentacion-de-jesus\/\" class=\"block-title\" >Tentaci\u00f3n de Jes\u00fas<\/a>\t\t\t\n\n\t\t<div class=\"block-image\">\n\t\t\t\t\t<a href=\"https:\/\/home.tovpil.org\/es_ES\/2026\/02\/21\/tentacion-de-jesus\/\" class=\"link\">\n\t\t\t\t<img loading=\"lazy\" decoding=\"async\" width=\"1216\" height=\"912\" src=\"https:\/\/home.tovpil.org\/wp-content\/uploads\/2026\/02\/IMG_3655.jpg\" class=\"img-responsive img-full\" alt=\"\" \/>\t\t\t<\/a>\n\t<\/div>\n\t<div class=\"block-content\">\n\t\t<div class=\"block-content-wrapper\">\n\t\t\t\t\t\t\t<ul class=\"block-info\">\n\t\t\t\t\t<li>\n\t\t\t\t\t\t<a href=\"https:\/\/home.tovpil.org\/es_ES\/2026\/02\/21\/tentacion-de-jesus\/\" class=\"link date\">on febrero 21, 2026<\/a>\t\t\t\t\t<\/li>\n\t\t\t\t<\/ul>\n\t\t\t\t\t\t\t\n\t\t\t\t\t<ul class=\"block-info\">\n\t\t\t\t\t\t\t\t\t\t\t<\/ul>\n\t\t\t\t\t\n\t\t\t\t\t\t<div class=\"block-text\">\n\t\t\tEl Pobre hab\u00eda sido tentado por las corrientes y por las ideas de la \u00e9poca. Pero en un proceso de oraci\u00f3n y discernimiento en la soledad del desierto hab\u00eda descubierto que su sendero era diferente. Una por una hab\u00eda sorteado las trampas del tentador....\t\t\t<\/div>\n\t\t\t\t\t\t<a href=\"https:\/\/home.tovpil.org\/es_ES\/2026\/02\/21\/tentacion-de-jesus\/\" class=\"block-read-more\">M\u00e1s informaci\u00f3n<i class=\"fa fa-angle-double-right\"><\/i><\/a>\t\t<\/div>\n\t<\/div>\n\t<div class=\"vc_separator\">\n\t\t<div class=\"vc_sep_holder vc_sep_holder_l\">\n\t\t\t<div class=\"vc_sep_line\"><\/div>\n\t\t<\/div>\n\t<\/div>\t\n<\/div><\/div><div class=\"item marielas-style\"><div class=\"slz-block-item-01 style-1 \">\n\t\n\t<a href=\"https:\/\/home.tovpil.org\/es_ES\/2026\/01\/31\/apresentacao-no-templo\/\" class=\"block-title\" >Presentaci\u00f3n en el templo<\/a>\t\t\t\n\n\t\t<div class=\"block-image\">\n\t\t\t\t\t<a href=\"https:\/\/home.tovpil.org\/es_ES\/2026\/01\/31\/apresentacao-no-templo\/\" class=\"link\">\n\t\t\t\t<img loading=\"lazy\" decoding=\"async\" width=\"1399\" height=\"1049\" src=\"https:\/\/home.tovpil.org\/wp-content\/uploads\/2026\/01\/IMG_3647.jpg\" class=\"img-responsive img-full\" alt=\"\" \/>\t\t\t<\/a>\n\t<\/div>\n\t<div class=\"block-content\">\n\t\t<div class=\"block-content-wrapper\">\n\t\t\t\t\t\t\t<ul class=\"block-info\">\n\t\t\t\t\t<li>\n\t\t\t\t\t\t<a href=\"https:\/\/home.tovpil.org\/es_ES\/2026\/01\/31\/apresentacao-no-templo\/\" class=\"link date\">on enero 31, 2026<\/a>\t\t\t\t\t<\/li>\n\t\t\t\t<\/ul>\n\t\t\t\t\t\t\t\n\t\t\t\t\t<ul class=\"block-info\">\n\t\t\t\t\t\t\t\t\t\t\t<\/ul>\n\t\t\t\t\t\n\t\t\t\t\t\t<div class=\"block-text\">\n\t\t\tDesde los d\u00edas de Mois\u00e9s, hab\u00eda una ordenaci\u00f3n seg\u00fan la cual todo primog\u00e9nito masculino \u2014\u00abde hombre o de animal\u00bb\u2014 era propiedad especial del Se\u00f1or. El primog\u00e9nito animal era ofrecido en sacrificio, y el primog\u00e9nito hombre era rescatado por sus padres...\t\t\t<\/div>\n\t\t\t\t\t\t<a href=\"https:\/\/home.tovpil.org\/es_ES\/2026\/01\/31\/apresentacao-no-templo\/\" class=\"block-read-more\">M\u00e1s informaci\u00f3n<i class=\"fa fa-angle-double-right\"><\/i><\/a>\t\t<\/div>\n\t<\/div>\n\t<div class=\"vc_separator\">\n\t\t<div class=\"vc_sep_holder vc_sep_holder_l\">\n\t\t\t<div class=\"vc_sep_line\"><\/div>\n\t\t<\/div>\n\t<\/div>\t\n<\/div><\/div><div class=\"item marielas-style\"><div class=\"slz-block-item-01 style-1 \">\n\t\n\t<a href=\"https:\/\/home.tovpil.org\/es_ES\/2026\/01\/14\/la-larga-noche-ha-terminado\/\" class=\"block-title\" >La larga noche ha terminado<\/a>\t\t\t\n\n\t\t<div class=\"block-image\">\n\t\t\t\t\t<a href=\"https:\/\/home.tovpil.org\/es_ES\/2026\/01\/14\/la-larga-noche-ha-terminado\/\" class=\"link\">\n\t\t\t\t<img loading=\"lazy\" decoding=\"async\" width=\"1052\" height=\"789\" src=\"https:\/\/home.tovpil.org\/wp-content\/uploads\/2026\/01\/IMG_3632.jpg\" class=\"img-responsive img-full\" alt=\"\" \/>\t\t\t<\/a>\n\t<\/div>\n\t<div class=\"block-content\">\n\t\t<div class=\"block-content-wrapper\">\n\t\t\t\t\t\t\t<ul class=\"block-info\">\n\t\t\t\t\t<li>\n\t\t\t\t\t\t<a href=\"https:\/\/home.tovpil.org\/es_ES\/2026\/01\/14\/la-larga-noche-ha-terminado\/\" class=\"link date\">on enero 14, 2026<\/a>\t\t\t\t\t<\/li>\n\t\t\t\t<\/ul>\n\t\t\t\t\t\t\t\n\t\t\t\t\t<ul class=\"block-info\">\n\t\t\t\t\t\t\t\t\t\t\t<\/ul>\n\t\t\t\t\t\n\t\t\t\t\t\t<div class=\"block-text\">\n\t\t\tJes\u00fas ya tiene veintisiete o veintiocho a\u00f1os. Es un trigal maduro, un manzano cuajado de fruta dorada. Cualquier observador sensible podr\u00eda notar en \u00e9l un vislumbre diferente, como que el resplandor del Padre lo envolviera con una serena madurez, tra...\t\t\t<\/div>\n\t\t\t\t\t\t<a href=\"https:\/\/home.tovpil.org\/es_ES\/2026\/01\/14\/la-larga-noche-ha-terminado\/\" class=\"block-read-more\">M\u00e1s informaci\u00f3n<i class=\"fa fa-angle-double-right\"><\/i><\/a>\t\t<\/div>\n\t<\/div>\n\t<div class=\"vc_separator\">\n\t\t<div class=\"vc_sep_holder vc_sep_holder_l\">\n\t\t\t<div class=\"vc_sep_line\"><\/div>\n\t\t<\/div>\n\t<\/div>\t\n<\/div><\/div><div class=\"item marielas-style\"><div class=\"slz-block-item-01 style-1 \">\n\t\n\t<a href=\"https:\/\/home.tovpil.org\/es_ES\/2025\/12\/31\/16224\/\" class=\"block-title\" >FELIZ Y SANTA NAVIDAD 2025 - TALLERES DE ORACI\u00d3N Y VIDA<\/a>\t\t\t\n\n\t\t<div class=\"block-image\">\n\t\t\t\t\t<a href=\"https:\/\/home.tovpil.org\/es_ES\/2025\/12\/31\/16224\/\" class=\"link\">\n\t\t\t\t<img loading=\"lazy\" decoding=\"async\" width=\"2560\" height=\"1705\" src=\"https:\/\/home.tovpil.org\/wp-content\/uploads\/2025\/12\/Otra-Navidad-scaled.png\" class=\"img-responsive img-full\" alt=\"\" \/>\t\t\t<\/a>\n\t<\/div>\n\t<div class=\"block-content\">\n\t\t<div class=\"block-content-wrapper\">\n\t\t\t\t\t\t\t<ul class=\"block-info\">\n\t\t\t\t\t<li>\n\t\t\t\t\t\t<a href=\"https:\/\/home.tovpil.org\/es_ES\/2025\/12\/31\/16224\/\" class=\"link date\">on diciembre 31, 2025<\/a>\t\t\t\t\t<\/li>\n\t\t\t\t<\/ul>\n\t\t\t\t\t\t\t\n\t\t\t\t\t<ul class=\"block-info\">\n\t\t\t\t\t\t\t\t\t\t\t<\/ul>\n\t\t\t\t\t\n\t\t\t\t\t\t<div class=\"block-text\">\n\t\t\tEn este tiempo santo de Navidad, y en nombre de la Coordinaci\u00f3n Internacional de Talleres de Oraci\u00f3n y Vida, queremos hacerles llegar nuestro saludo fraterno. \u00a0&lt;...\t\t\t<\/div>\n\t\t\t\t\t\t<a href=\"https:\/\/home.tovpil.org\/es_ES\/2025\/12\/31\/16224\/\" class=\"block-read-more\">M\u00e1s informaci\u00f3n<i class=\"fa fa-angle-double-right\"><\/i><\/a>\t\t<\/div>\n\t<\/div>\n\t<div class=\"vc_separator\">\n\t\t<div class=\"vc_sep_holder vc_sep_holder_l\">\n\t\t\t<div class=\"vc_sep_line\"><\/div>\n\t\t<\/div>\n\t<\/div>\t\n<\/div><\/div><div class=\"item marielas-style\"><div class=\"slz-block-item-01 style-1 \">\n\t\n\t<a href=\"https:\/\/home.tovpil.org\/es_ES\/2025\/12\/19\/gestacion-de-maria\/\" class=\"block-title\" >Gestaci\u00f3n de Mar\u00cda<\/a>\t\t\t\n\n\t\t<div class=\"block-image\">\n\t\t\t\t\t<a href=\"https:\/\/home.tovpil.org\/es_ES\/2025\/12\/19\/gestacion-de-maria\/\" class=\"link\">\n\t\t\t\t<img loading=\"lazy\" decoding=\"async\" width=\"1366\" height=\"1024\" src=\"https:\/\/home.tovpil.org\/wp-content\/uploads\/2025\/12\/IMG_3605.jpg\" class=\"img-responsive img-full\" alt=\"\" \/>\t\t\t<\/a>\n\t<\/div>\n\t<div class=\"block-content\">\n\t\t<div class=\"block-content-wrapper\">\n\t\t\t\t\t\t\t<ul class=\"block-info\">\n\t\t\t\t\t<li>\n\t\t\t\t\t\t<a href=\"https:\/\/home.tovpil.org\/es_ES\/2025\/12\/19\/gestacion-de-maria\/\" class=\"link date\">on diciembre 19, 2025<\/a>\t\t\t\t\t<\/li>\n\t\t\t\t<\/ul>\n\t\t\t\t\t\t\t\n\t\t\t\t\t<ul class=\"block-info\">\n\t\t\t\t\t\t\t\t\t\t\t<\/ul>\n\t\t\t\t\t\n\t\t\t\t\t\t<div class=\"block-text\">\n\t\t\tPara saber c\u00f3mo eran los sentimientos de Mar\u00eda en los d\u00edas de gestaci\u00f3n, vamos a colocarnos ante situaciones an\u00e1logas. Si hoy d\u00eda preguntamos a una mujer gr\u00e1vida, y que al mismo tiempo sea mujer de mucha fe y gran interioridad, cu\u00e1les son los sent...\t\t\t<\/div>\n\t\t\t\t\t\t<a href=\"https:\/\/home.tovpil.org\/es_ES\/2025\/12\/19\/gestacion-de-maria\/\" class=\"block-read-more\">M\u00e1s informaci\u00f3n<i class=\"fa fa-angle-double-right\"><\/i><\/a>\t\t<\/div>\n\t<\/div>\n\t<div class=\"vc_separator\">\n\t\t<div class=\"vc_sep_holder vc_sep_holder_l\">\n\t\t\t<div class=\"vc_sep_line\"><\/div>\n\t\t<\/div>\n\t<\/div>\t\n<\/div><\/div><div class=\"item marielas-style\"><div class=\"slz-block-item-01 style-1 \">\n\t\n\t<a href=\"https:\/\/home.tovpil.org\/es_ES\/2025\/12\/06\/el-fracaso-concepto-relativo\/\" class=\"block-title\" >El Fracaso concepto relativo<\/a>\t\t\t\n\n\t\t<div class=\"block-image\">\n\t\t\t\t\t<a href=\"https:\/\/home.tovpil.org\/es_ES\/2025\/12\/06\/el-fracaso-concepto-relativo\/\" class=\"link\">\n\t\t\t\t<img loading=\"lazy\" decoding=\"async\" width=\"1115\" height=\"836\" src=\"https:\/\/home.tovpil.org\/wp-content\/uploads\/2025\/12\/IMG_3577.jpg\" class=\"img-responsive img-full\" alt=\"\" \/>\t\t\t<\/a>\n\t<\/div>\n\t<div class=\"block-content\">\n\t\t<div class=\"block-content-wrapper\">\n\t\t\t\t\t\t\t<ul class=\"block-info\">\n\t\t\t\t\t<li>\n\t\t\t\t\t\t<a href=\"https:\/\/home.tovpil.org\/es_ES\/2025\/12\/06\/el-fracaso-concepto-relativo\/\" class=\"link date\">on diciembre 6, 2025<\/a>\t\t\t\t\t<\/li>\n\t\t\t\t<\/ul>\n\t\t\t\t\t\t\t\n\t\t\t\t\t<ul class=\"block-info\">\n\t\t\t\t\t\t\t\t\t\t\t<\/ul>\n\t\t\t\t\t\n\t\t\t\t\t\t<div class=\"block-text\">\n\t\t\tUna de las fuentes m\u00e1s abrumadoras de tristeza humana son los fracasos. El fracaso es un concepto relativo y subjetivo, una vez m\u00e1s, un producto de la mente. T\u00fa ten\u00edas un proyecto; calculaste que el proyecto alcanzar\u00eda, digamos as\u00ed, cien puntos, pero...\t\t\t<\/div>\n\t\t\t\t\t\t<a href=\"https:\/\/home.tovpil.org\/es_ES\/2025\/12\/06\/el-fracaso-concepto-relativo\/\" class=\"block-read-more\">M\u00e1s informaci\u00f3n<i class=\"fa fa-angle-double-right\"><\/i><\/a>\t\t<\/div>\n\t<\/div>\n\t<div class=\"vc_separator\">\n\t\t<div class=\"vc_sep_holder vc_sep_holder_l\">\n\t\t\t<div class=\"vc_sep_line\"><\/div>\n\t\t<\/div>\n\t<\/div>\t\n<\/div><\/div><div class=\"item marielas-style\"><div class=\"slz-block-item-01 style-1 \">\n\t\n\t<a href=\"https:\/\/home.tovpil.org\/es_ES\/2025\/12\/05\/quedarse-con-el-padre\/\" class=\"block-title\" >Quedarse con el Padre<\/a>\t\t\t\n\n\t\t<div class=\"block-image\">\n\t\t\t\t\t<a href=\"https:\/\/home.tovpil.org\/es_ES\/2025\/12\/05\/quedarse-con-el-padre\/\" class=\"link\">\n\t\t\t\t<img loading=\"lazy\" decoding=\"async\" width=\"817\" height=\"613\" src=\"https:\/\/home.tovpil.org\/wp-content\/uploads\/2025\/12\/IMG_3547.jpg\" class=\"img-responsive img-full\" alt=\"\" \/>\t\t\t<\/a>\n\t<\/div>\n\t<div class=\"block-content\">\n\t\t<div class=\"block-content-wrapper\">\n\t\t\t\t\t\t\t<ul class=\"block-info\">\n\t\t\t\t\t<li>\n\t\t\t\t\t\t<a href=\"https:\/\/home.tovpil.org\/es_ES\/2025\/12\/05\/quedarse-con-el-padre\/\" class=\"link date\">on diciembre 5, 2025<\/a>\t\t\t\t\t<\/li>\n\t\t\t\t<\/ul>\n\t\t\t\t\t\t\t\n\t\t\t\t\t<ul class=\"block-info\">\n\t\t\t\t\t\t\t\t\t\t\t<\/ul>\n\t\t\t\t\t\n\t\t\t\t\t\t<div class=\"block-text\">\n\t\t\tLlegu\u00e9 y entr\u00e9 en la soledad m\u00e1s profunda de mi ser. Encend\u00ed la luz de la fe y, \u00a1oh prodigio!, aquella soledad estaba ocupada por un Habitante: el Padre. Si el Padre y yo nos encontramos en una habitaci\u00f3n cerrada, \u00bfqu\u00e9 hacemos ahora? \u00bfC\u00f3mo adorar?...\t\t\t<\/div>\n\t\t\t\t\t\t<a href=\"https:\/\/home.tovpil.org\/es_ES\/2025\/12\/05\/quedarse-con-el-padre\/\" class=\"block-read-more\">M\u00e1s informaci\u00f3n<i class=\"fa fa-angle-double-right\"><\/i><\/a>\t\t<\/div>\n\t<\/div>\n\t<div class=\"vc_separator\">\n\t\t<div class=\"vc_sep_holder vc_sep_holder_l\">\n\t\t\t<div class=\"vc_sep_line\"><\/div>\n\t\t<\/div>\n\t<\/div>\t\n<\/div><\/div><div class=\"item marielas-style\"><div class=\"slz-block-item-01 style-1 \">\n\t\n\t<a href=\"https:\/\/home.tovpil.org\/es_ES\/2025\/10\/29\/duodecimo-aniversario-de-su-pascua-padre-ignacio-larranaga\/\" class=\"block-title\" >Duod\u00e9cimo Aniversario de su Pascua. Padre Ignacio Larra\u00f1aga<\/a>\t\t\t\n\n\t\t<div class=\"block-image\">\n\t\t\t\t\t<a href=\"https:\/\/home.tovpil.org\/es_ES\/2025\/10\/29\/duodecimo-aniversario-de-su-pascua-padre-ignacio-larranaga\/\" class=\"link\">\n\t\t\t\t<img loading=\"lazy\" decoding=\"async\" width=\"238\" height=\"256\" src=\"https:\/\/home.tovpil.org\/wp-content\/uploads\/2025\/10\/obras_1.jpg\" class=\"img-responsive img-full\" alt=\"\" \/>\t\t\t<\/a>\n\t<\/div>\n\t<div class=\"block-content\">\n\t\t<div class=\"block-content-wrapper\">\n\t\t\t\t\t\t\t<ul class=\"block-info\">\n\t\t\t\t\t<li>\n\t\t\t\t\t\t<a href=\"https:\/\/home.tovpil.org\/es_ES\/2025\/10\/29\/duodecimo-aniversario-de-su-pascua-padre-ignacio-larranaga\/\" class=\"link date\">on octubre 29, 2025<\/a>\t\t\t\t\t<\/li>\n\t\t\t\t<\/ul>\n\t\t\t\t\t\t\t\n\t\t\t\t\t<ul class=\"block-info\">\n\t\t\t\t\t\t\t\t\t\t\t<\/ul>\n\t\t\t\t\t\n\t\t\t\t\t\t<div class=\"block-text\">\n\t\t\tAlguien abr\u00eda las puertas Est\u00e1 anocheciendo. Fue un d\u00eda luminoso y c\u00e1lido. En el transcurso de sus horas, con frecuencia, al detener los pasos, me invad\u00eda una extra\u00f1a sensaci\u00f3n: alguien ha tomado mi lugar, me dec\u00eda, alguien me ha ...\t\t\t<\/div>\n\t\t\t\t\t\t<a href=\"https:\/\/home.tovpil.org\/es_ES\/2025\/10\/29\/duodecimo-aniversario-de-su-pascua-padre-ignacio-larranaga\/\" class=\"block-read-more\">M\u00e1s informaci\u00f3n<i class=\"fa fa-angle-double-right\"><\/i><\/a>\t\t<\/div>\n\t<\/div>\n\t<div class=\"vc_separator\">\n\t\t<div class=\"vc_sep_holder vc_sep_holder_l\">\n\t\t\t<div class=\"vc_sep_line\"><\/div>\n\t\t<\/div>\n\t<\/div>\t\n<\/div><\/div><\/div>\t\n<\/div><div class=\"slz-pagination\"><nav class=\"navigation pagination\"><div class=\"nav-links\"><span class=\"page-numbers current\">1<\/span><a href=\"https:\/\/home.tovpil.org\/es_ES\/wp-json\/wp\/v2\/pages\/1580\/page\/2\/\" class=\"page-numbers\" >2<\/a><a href=\"https:\/\/home.tovpil.org\/es_ES\/wp-json\/wp\/v2\/pages\/1580\/page\/3\/\" class=\"page-numbers\" >3<\/a><a href=\"https:\/\/home.tovpil.org\/es_ES\/wp-json\/wp\/v2\/pages\/1580\/page\/4\/\" class=\"page-numbers\" >4<\/a><a href=\"https:\/\/home.tovpil.org\/es_ES\/wp-json\/wp\/v2\/pages\/1580\/page\/5\/\" class=\"page-numbers\" >5<\/a><a href=\"https:\/\/home.tovpil.org\/es_ES\/wp-json\/wp\/v2\/pages\/1580\/page\/2\/\" class=\"page-numbers\">&bull;&bull;&bull;<\/a><a href=\"https:\/\/home.tovpil.org\/es_ES\/wp-json\/wp\/v2\/pages\/1580\/page\/2\/\" class=\"next page-numbers\">Next<\/a><a href=\"https:\/\/home.tovpil.org\/es_ES\/wp-json\/wp\/v2\/pages\/1580\/page\/20\/\" class=\"last page-numbers\">Last<\/a><\/div>\n<\/nav><\/div><\/div>[\/vc_column][\/vc_row]<\/p>\n","protected":false},"excerpt":{"rendered":"<p>[vc_row][vc_column][slz_posts_block layout=&#8221;layout-3&#8243; list_column_3=&#8221;3&#8243; limit_post=&#8221;12&#8243; excerpt_length=&#8221;999&#8243; btn_read_more=&#8221;M\u00e1s informaci\u00f3n&#8221; extra_class=&#8221;meditaryvivir&#8221; category_list=&#8221;%5B%7B%22category_slug%22%3A%22meditar-y-vivir%22%7D%5D&#8221; tag_list=&#8230;<\/p>\n","protected":false},"author":1,"featured_media":0,"parent":0,"menu_order":0,"comment_status":"closed","ping_status":"closed","template":"","meta":{"footnotes":""},"class_list":["post-1580","page","type-page","status-publish","hentry"],"_links":{"self":[{"href":"https:\/\/home.tovpil.org\/es_ES\/wp-json\/wp\/v2\/pages\/1580","targetHints":{"allow":["GET"]}}],"collection":[{"href":"https:\/\/home.tovpil.org\/es_ES\/wp-json\/wp\/v2\/pages"}],"about":[{"href":"https:\/\/home.tovpil.org\/es_ES\/wp-json\/wp\/v2\/types\/page"}],"author":[{"embeddable":true,"href":"https:\/\/home.tovpil.org\/es_ES\/wp-json\/wp\/v2\/users\/1"}],"replies":[{"embeddable":true,"href":"https:\/\/home.tovpil.org\/es_ES\/wp-json\/wp\/v2\/comments?post=1580"}],"version-history":[{"count":3,"href":"https:\/\/home.tovpil.org\/es_ES\/wp-json\/wp\/v2\/pages\/1580\/revisions"}],"predecessor-version":[{"id":5506,"href":"https:\/\/home.tovpil.org\/es_ES\/wp-json\/wp\/v2\/pages\/1580\/revisions\/5506"}],"wp:attachment":[{"href":"https:\/\/home.tovpil.org\/es_ES\/wp-json\/wp\/v2\/media?parent=1580"}],"curies":[{"name":"wp","href":"https:\/\/api.w.org\/{rel}","templated":true}]}}