{"id":221,"date":"2017-05-29T22:09:24","date_gmt":"2017-05-29T22:09:24","guid":{"rendered":"https:\/\/home.tovpil.org\/?page_id=221"},"modified":"2018-02-07T22:43:46","modified_gmt":"2018-02-07T22:43:46","slug":"libros","status":"publish","type":"page","link":"https:\/\/home.tovpil.org\/es_ES\/fundador\/libros\/","title":{"rendered":"Libros"},"content":{"rendered":"<p>[vc_row][vc_column width=&#8221;8\/12&#8243; el_class=&#8221;seccion-desarrollado&#8221;][vc_column_text css=&#8221;.vc_custom_1507571951618{border-bottom-width: 1px !important;border-bottom-color: #d1d3d4 !important;border-bottom-style: solid !important;}&#8221;]<\/p>\n<h1>Libros<\/h1>\n<ul class=\"block-info\">\n<li class=\"ssba\"><!-- Simple Share Buttons Adder (7.5.19) simplesharebuttons.com --><div class=\"ssba-classic-2 ssba ssbp-wrap left ssbp--theme-1\"><div style=\"text-align:left\"><a data-site=\"\" class=\"ssba_facebook_share\" href=\"http:\/\/www.facebook.com\/sharer.php?u=https:\/\/home.tovpil.org\/es_ES\/wp-json\/wp\/v2\/pages\/221\"  target=\"_blank\" ><img decoding=\"async\" src=\"https:\/\/home.tovpil.org\/wp-content\/plugins\/simple-share-buttons-adder\/buttons\/somacro\/facebook.png\" style=\"width: 35px;\" title=\"Facebook\" class=\"ssba ssba-img\" alt=\"Share on Facebook\" \/><div title=\"Facebook\" class=\"ssbp-text\">Facebook<\/div><\/a><a data-site=\"\" class=\"ssba_twitter_share\" href=\"http:\/\/twitter.com\/share?url=https:\/\/home.tovpil.org\/es_ES\/wp-json\/wp\/v2\/pages\/221&amp;text=Libros%20\"  target=&quot;_blank&quot; ><img decoding=\"async\" src=\"https:\/\/home.tovpil.org\/wp-content\/plugins\/simple-share-buttons-adder\/buttons\/somacro\/twitter.png\" style=\"width: 35px;\" title=\"Twitter\" class=\"ssba ssba-img\" alt=\"Tweet about this on Twitter\" \/><div title=\"Twitter\" class=\"ssbp-text\">Twitter<\/div><\/a><a data-site='pinterest' class='ssba_pinterest_share' href='javascript:void((function()%7Bvar%20e=document.createElement(&apos;script&apos;);e.setAttribute(&apos;type&apos;,&apos;text\/javascript&apos;);e.setAttribute(&apos;charset&apos;,&apos;UTF-8&apos;);e.setAttribute(&apos;src&apos;,&apos;\/\/assets.pinterest.com\/js\/pinmarklet.js?r=&apos;+Math.random()*99999999);document.body.appendChild(e)%7D)());'><img decoding=\"async\" src=\"https:\/\/home.tovpil.org\/wp-content\/plugins\/simple-share-buttons-adder\/buttons\/somacro\/pinterest.png\" style=\"width: 35px;\" title=\"Pinterest\" class=\"ssba ssba-img\" alt=\"Pin on Pinterest\" \/><div title=\"Pinterest\" class=\"ssbp-text\">Pinterest<\/div><\/a><\/div><\/div><\/li>\n<\/ul>\n<p>[\/vc_column_text][vc_row_inner css=&#8221;.vc_custom_1507569282303{border-bottom-width: 1px !important;padding-bottom: 20px !important;border-bottom-color: #d1d3d4 !important;border-bottom-style: solid !important;}&#8221;][vc_column_inner el_class=&#8221;entry-content title-no-margin&#8221; width=&#8221;1\/4&#8243;][vc_single_image image=&#8221;518&#8243; img_size=&#8221;120X170PX&#8221; alignment=&#8221;center&#8221; style=&#8221;vc_box_shadow_3d&#8221; onclick=&#8221;custom_link&#8221; link=&#8221;https:\/\/home.tovpil.org\/muestrame-tu-rostro&#8221;][\/vc_column_inner][vc_column_inner el_class=&#8221;entry-content title-no-margin&#8221; width=&#8221;3\/4&#8243;][vc_column_text]<\/p>\n<h2><a href=\"https:\/\/home.tovpil.org\/muestrame-tu-rostro\">Mu\u00e9strame tu Rostro<\/a><\/h2>\n<p>[\/vc_column_text][vc_column_text el_class=&#8221;margin-top-20&#8243;]<\/p>\n<p class=\"p1\">Ofrece una acabada colaboraci\u00f3n a quienes quieren iniciarse o recuperar la experiencia de Dios, y aquellos otros que anhelan avanzar en el misterio insondable de Dios. Mu\u00e9strame tu rostro desvela todo el itinerario hacia Dios.<\/p>\n<p>[\/vc_column_text]\n<div class=\"text-l\"><a href=\"http:\/\/www.tovpil.org\/es_ES\/muestrame-tu-rostro\" class=\"button_box-17257172169fcbffd1d488 slz-btn btn-absolute \"><span class=\"btn-text\">M\u00e1s informaci\u00f3n<\/span><span class=\" btn-icon fa fa-angle-right\"><\/span><\/a><\/div>[\/vc_column_inner][\/vc_row_inner][vc_row_inner css=&#8221;.vc_custom_1507569282303{border-bottom-width: 1px !important;padding-bottom: 20px !important;border-bottom-color: #d1d3d4 !important;border-bottom-style: solid !important;}&#8221;][vc_column_inner width=&#8221;1\/4&#8243;][vc_single_image image=&#8221;158&#8243; img_size=&#8221;120X170PX&#8221; alignment=&#8221;center&#8221; style=&#8221;vc_box_shadow_3d&#8221; onclick=&#8221;custom_link&#8221; link=&#8221;https:\/\/home.tovpil.org\/el-silencio-de-maria&#8221; el_class=&#8221;margin-top-20&#8243;][\/vc_column_inner][vc_column_inner width=&#8221;3\/4&#8243;][vc_column_text]<\/p>\n<h2><a href=\"https:\/\/home.tovpil.org\/el-silencio-de-maria\">El Silencio de Mar\u00eda<\/a><\/h2>\n<p>[\/vc_column_text][vc_column_text el_class=&#8221;margin-top-20&#8243;]<\/p>\n<p class=\"p1\">En este libro el Padre Ignacio Larra\u00f1aga nos hace descubrir a &#8220;la otra Mar\u00eda&#8221;: la mujer de fe, la pobre de Dios, se\u00f1ora de s\u00ed misma, de admirable y envidiable entereza, tan llena de silencio y dignidad.<\/p>\n<p>[\/vc_column_text]\n<div class=\"text-l\"><a href=\"http:\/\/www.tovpil.org\/es_ES\/el-silencio-de-maria\" class=\"button_box-155565440869fcbffd1d6c3 slz-btn btn-absolute \"><span class=\"btn-text\">M\u00e1s informaci\u00f3n<\/span><span class=\" btn-icon fa fa-angle-right\"><\/span><\/a><\/div>[\/vc_column_inner][\/vc_row_inner][vc_row_inner css=&#8221;.vc_custom_1507569282303{border-bottom-width: 1px !important;padding-bottom: 20px !important;border-bottom-color: #d1d3d4 !important;border-bottom-style: solid !important;}&#8221;][vc_column_inner width=&#8221;1\/4&#8243;][vc_single_image image=&#8221;162&#8243; img_size=&#8221;120X170PX&#8221; alignment=&#8221;center&#8221; style=&#8221;vc_box_shadow_3d&#8221; onclick=&#8221;custom_link&#8221; link=&#8221;https:\/\/home.tovpil.org\/sube-conmigo&#8221; el_class=&#8221;margin-top-20&#8243;][\/vc_column_inner][vc_column_inner width=&#8221;3\/4&#8243;][vc_column_text]<\/p>\n<h2><a href=\"https:\/\/home.tovpil.org\/sube-conmigo\">Sube Conmigo<\/a><\/h2>\n<p>[\/vc_column_text][vc_column_text el_class=&#8221;margin-top-20&#8243;]<\/p>\n<p class=\"p1\">Esta obra est\u00e1 dirigida, ante todo, a los religiosos que viven en comunidad. Escrita tambi\u00e9n para todos los cristianos que, en formas diversas est\u00e1n integrados en grupos comunitarios: Comunidades Eclesiales de Base,&#8230;<\/p>\n<p>[\/vc_column_text]\n<div class=\"text-l\"><a href=\"http:\/\/www.tovpil.org\/es_ES\/sube-conmigo\" class=\"button_box-73686435069fcbffd1d911 slz-btn btn-absolute \"><span class=\"btn-text\">M\u00e1s informaci\u00f3n<\/span><span class=\" btn-icon fa fa-angle-right\"><\/span><\/a><\/div>[\/vc_column_inner][\/vc_row_inner][vc_row_inner css=&#8221;.vc_custom_1507569282303{border-bottom-width: 1px !important;padding-bottom: 20px !important;border-bottom-color: #d1d3d4 !important;border-bottom-style: solid !important;}&#8221;][vc_column_inner width=&#8221;1\/4&#8243;][vc_single_image image=&#8221;522&#8243; img_size=&#8221;120X170PX&#8221; alignment=&#8221;center&#8221; style=&#8221;vc_box_shadow_3d&#8221; onclick=&#8221;custom_link&#8221; link=&#8221;https:\/\/home.tovpil.org\/el-hermano-de-asis&#8221; el_class=&#8221;margin-top-20&#8243;][\/vc_column_inner][vc_column_inner width=&#8221;3\/4&#8243;][vc_column_text]<\/p>\n<h2><a href=\"https:\/\/home.tovpil.org\/el-hermano-de-asis\">El Hermano de As\u00eds<\/a><\/h2>\n<p>[\/vc_column_text][vc_column_text el_class=&#8221;margin-top-20&#8243;]<\/p>\n<p class=\"p1\">Biograf\u00eda de San Francisco de As\u00eds. Son p\u00e1ginas llenas de excelentes pistas para el hombre de hoy que quiera como Francisco, profundizar en la vida de oraci\u00f3n y de entrega al pr\u00f3jimo.<\/p>\n<p>[\/vc_column_text]\n<div class=\"text-l\"><a href=\"http:\/\/www.tovpil.org\/es_ES\/el-hermano-de-asis\" class=\"button_box-139971791069fcbffd1dace slz-btn btn-absolute \"><span class=\"btn-text\">M\u00e1s informaci\u00f3n<\/span><span class=\" btn-icon fa fa-angle-right\"><\/span><\/a><\/div>[\/vc_column_inner][\/vc_row_inner][vc_row_inner css=&#8221;.vc_custom_1507569092445{border-bottom-width: 1px !important;padding-bottom: 20px !important;border-bottom-color: #d1d3d4 !important;border-bottom-style: solid !important;}&#8221;][vc_column_inner el_class=&#8221;entry-content title-no-margin&#8221; width=&#8221;1\/4&#8243;][vc_single_image image=&#8221;527&#8243; img_size=&#8221;120X170PX&#8221; alignment=&#8221;center&#8221; style=&#8221;vc_box_shadow_3d&#8221; onclick=&#8221;custom_link&#8221; link=&#8221;https:\/\/home.tovpil.org\/del-sufrimiento-a-la-paz&#8221; el_class=&#8221;margin-top-20&#8243;][\/vc_column_inner][vc_column_inner el_class=&#8221;entry-content title-no-margin&#8221; width=&#8221;3\/4&#8243;][vc_column_text el_class=&#8221;margin-top-20&#8243;]<\/p>\n<h2><a href=\"https:\/\/home.tovpil.org\/del-sufrimiento-a-la-paz\">Del Sufrimiento a la Paz<\/a><\/h2>\n<p>[\/vc_column_text][vc_column_text el_class=&#8221;margin-top-20&#8243;]<\/p>\n<p class=\"p1\">\u00a1Sufrir a manos llenas, he aqu\u00ed el misterio de la existencia humana!. Sufrimiento que, por cierto, nadie ha invocado, ni convocado, pero que est\u00e1 ah\u00ed, como una sombra a nuestro lado.<\/p>\n<p>[\/vc_column_text]\n<div class=\"text-l\"><a href=\"http:\/\/www.tovpil.org\/es_ES\/del-sufrimiento-a-la-paz\" class=\"button_box-165530328769fcbffd1dc40 slz-btn btn-absolute \"><span class=\"btn-text\">M\u00e1s informaci\u00f3n<\/span><span class=\" btn-icon fa fa-angle-right\"><\/span><\/a><\/div>[\/vc_column_inner][\/vc_row_inner][vc_row_inner css=&#8221;.vc_custom_1507569282303{border-bottom-width: 1px !important;padding-bottom: 20px !important;border-bottom-color: #d1d3d4 !important;border-bottom-style: solid !important;}&#8221;][vc_column_inner width=&#8221;1\/4&#8243;][vc_single_image image=&#8221;521&#8243; img_size=&#8221;120X170PX&#8221; alignment=&#8221;center&#8221; style=&#8221;vc_box_shadow_3d&#8221; onclick=&#8221;custom_link&#8221; link=&#8221;https:\/\/home.tovpil.org\/encuentro&#8221; el_class=&#8221;margin-top-20&#8243;][\/vc_column_inner][vc_column_inner width=&#8221;3\/4&#8243;][vc_column_text]<\/p>\n<h2><a href=\"https:\/\/home.tovpil.org\/encuentro\">Encuentro<\/a><\/h2>\n<p>[\/vc_column_text][vc_column_text el_class=&#8221;margin-top-20&#8243;]<\/p>\n<p class=\"p1\">Es un manual de oraci\u00f3n, de peque\u00f1o tama\u00f1o en que no falta ni sobra nada. Contiene gran variedad de oraciones para cualquier circunstancia o emergencia de la vida; ofrece diversas modalidades para relacionarse con Dios, &#8230;<\/p>\n<p>[\/vc_column_text]\n<div class=\"text-l\"><a href=\"http:\/\/www.tovpil.org\/es_ES\/encuentro\" class=\"button_box-116402308769fcbffd1dd6d slz-btn btn-absolute \"><span class=\"btn-text\">M\u00e1s informaci\u00f3n<\/span><span class=\" btn-icon fa fa-angle-right\"><\/span><\/a><\/div>[\/vc_column_inner][\/vc_row_inner][vc_row_inner css=&#8221;.vc_custom_1507569282303{border-bottom-width: 1px !important;padding-bottom: 20px !important;border-bottom-color: #d1d3d4 !important;border-bottom-style: solid !important;}&#8221;][vc_column_inner width=&#8221;1\/4&#8243;][vc_single_image image=&#8221;161&#8243; img_size=&#8221;120X170PX&#8221; alignment=&#8221;center&#8221; style=&#8221;vc_box_shadow_3d&#8221; onclick=&#8221;custom_link&#8221; link=&#8221;https:\/\/home.tovpil.org\/salmos-para-la-vida&#8221; el_class=&#8221;margin-top-20&#8243;][\/vc_column_inner][vc_column_inner width=&#8221;3\/4&#8243;][vc_column_text]<\/p>\n<h2><a href=\"https:\/\/home.tovpil.org\/salmos-para-la-vida\">Salmos para la Vida<\/a><\/h2>\n<p>[\/vc_column_text][vc_column_text el_class=&#8221;margin-top-20&#8243;]<\/p>\n<p class=\"p1\">Salmos para la vida es un intento de ayudar al lector a comprender ese largo di\u00e1logo del hombre con Dios y de Dios con el hombre; a comprender las situaciones concretas en las que nacieron, pues en ellos se encierra la pasi\u00f3n del mundo,&#8230;<\/p>\n<p>[\/vc_column_text]\n<div class=\"text-l\"><a href=\"http:\/\/www.tovpil.org\/es_ES\/salmos-para-la-vida\" class=\"button_box-76974305269fcbffd1df08 slz-btn btn-absolute \"><span class=\"btn-text\">M\u00e1s informaci\u00f3n<\/span><span class=\" btn-icon fa fa-angle-right\"><\/span><\/a><\/div>[\/vc_column_inner][\/vc_row_inner][vc_row_inner css=&#8221;.vc_custom_1507569282303{border-bottom-width: 1px !important;padding-bottom: 20px !important;border-bottom-color: #d1d3d4 !important;border-bottom-style: solid !important;}&#8221;][vc_column_inner width=&#8221;1\/4&#8243;][vc_single_image image=&#8221;520&#8243; img_size=&#8221;120X170PX&#8221; alignment=&#8221;center&#8221; style=&#8221;vc_box_shadow_3d&#8221; onclick=&#8221;custom_link&#8221; link=&#8221;https:\/\/home.tovpil.org\/el-pobre-de-nazareth&#8221; el_class=&#8221;margin-top-20&#8243;][\/vc_column_inner][vc_column_inner width=&#8221;3\/4&#8243;][vc_column_text]<\/p>\n<h2><a href=\"https:\/\/home.tovpil.org\/el-pobre-de-nazareth\">El Pobre de Nazareth<\/a><\/h2>\n<p>[\/vc_column_text][vc_column_text el_class=&#8221;margin-top-20&#8243;]<\/p>\n<p class=\"p1\">Este libro es una creaci\u00f3n original que ofrece una rica y variada informaci\u00f3n documental, hist\u00f3rica y doctrinal, sin dejar de incluir elementos de ficci\u00f3n, estrictamente apoyados en los documentos del Nuevo Testamento.<\/p>\n<p>[\/vc_column_text]\n<div class=\"text-l\"><a href=\"http:\/\/www.tovpil.org\/wp\/es_ES\/el-pobre-de-nazareth\" class=\"button_box-72937811769fcbffd1e0ac slz-btn btn-absolute \"><span class=\"btn-text\">M\u00e1s informaci\u00f3n<\/span><span class=\" btn-icon fa fa-angle-right\"><\/span><\/a><\/div>[\/vc_column_inner][\/vc_row_inner][vc_row_inner css=&#8221;.vc_custom_1507569282303{border-bottom-width: 1px !important;padding-bottom: 20px !important;border-bottom-color: #d1d3d4 !important;border-bottom-style: solid !important;}&#8221;][vc_column_inner width=&#8221;1\/4&#8243;][vc_single_image image=&#8221;519&#8243; img_size=&#8221;120X170PX&#8221; alignment=&#8221;center&#8221; style=&#8221;vc_box_shadow_3d&#8221; onclick=&#8221;custom_link&#8221; link=&#8221;https:\/\/home.tovpil.org\/itinerario-hacia-dios&#8221; el_class=&#8221;margin-top-20&#8243;][\/vc_column_inner][vc_column_inner width=&#8221;3\/4&#8243;][vc_column_text]<\/p>\n<h2><a href=\"https:\/\/home.tovpil.org\/itinerario-hacia-dios\">Itinerario hacia Dios<\/a><\/h2>\n<p>[\/vc_column_text][vc_column_text el_class=&#8221;margin-top-20&#8243;]<\/p>\n<p class=\"p1\">A trav\u00e9s de los cuatro cap\u00edtulos de este libro (Principios y constantes de la oraci\u00f3n, Purificaci\u00f3n y ascensi\u00f3n penitencial, Hacia el Encuentro, Oraci\u00f3n y Vida), Ignacio Larra\u00f1aga nos describe las diversas fases del itinerario hacia Dios.<\/p>\n<p>[\/vc_column_text]\n<div class=\"text-l\"><a href=\"http:\/\/www.tovpil.org\/es_ES\/itinerario-hacia-dios\" class=\"button_box-115377532869fcbffd1e227 slz-btn btn-absolute \"><span class=\"btn-text\">M\u00e1s informaci\u00f3n<\/span><span class=\" btn-icon fa fa-angle-right\"><\/span><\/a><\/div>[\/vc_column_inner][\/vc_row_inner][vc_row_inner css=&#8221;.vc_custom_1507569282303{border-bottom-width: 1px !important;padding-bottom: 20px !important;border-bottom-color: #d1d3d4 !important;border-bottom-style: solid !important;}&#8221;][vc_column_inner width=&#8221;1\/4&#8243;][vc_single_image image=&#8221;525&#8243; img_size=&#8221;120X170PX&#8221; alignment=&#8221;center&#8221; style=&#8221;vc_box_shadow_3d&#8221; onclick=&#8221;custom_link&#8221; link=&#8221;https:\/\/home.tovpil.org\/transfiguracion&#8221; el_class=&#8221;margin-top-20&#8243;][\/vc_column_inner][vc_column_inner width=&#8221;3\/4&#8243;][vc_column_text]<\/p>\n<h2><a href=\"https:\/\/home.tovpil.org\/transfiguracion\">Transfiguraci\u00f3n<\/a><\/h2>\n<p>[\/vc_column_text][vc_column_text el_class=&#8221;margin-top-20&#8243;]<\/p>\n<p class=\"p1\">Es un libro de espiritualidad escrito para uso de los Gu\u00edas de Talleres de Oraci\u00f3n y Vida con el t\u00edtulo &#8220;Estilo y Vida de los Gu\u00edas&#8221;. El libro, como lo comprobar\u00e1 el mismo lector, tiene un car\u00e1cter eminentemente pr\u00e1ctico.<\/p>\n<p>[\/vc_column_text]\n<div class=\"text-l\"><a href=\"http:\/\/www.tovpil.org\/es_ES\/transfiguracion\" class=\"button_box-39124799669fcbffd1e395 slz-btn btn-absolute \"><span class=\"btn-text\">M\u00e1s informaci\u00f3n<\/span><span class=\" btn-icon fa fa-angle-right\"><\/span><\/a><\/div>[\/vc_column_inner][\/vc_row_inner][vc_row_inner css=&#8221;.vc_custom_1507569282303{border-bottom-width: 1px !important;padding-bottom: 20px !important;border-bottom-color: #d1d3d4 !important;border-bottom-style: solid !important;}&#8221;][vc_column_inner width=&#8221;1\/4&#8243;][vc_single_image image=&#8221;523&#8243; img_size=&#8221;120X170PX&#8221; alignment=&#8221;center&#8221; style=&#8221;vc_box_shadow_3d&#8221; onclick=&#8221;custom_link&#8221; link=&#8221;https:\/\/home.tovpil.org\/la-rosa-y-el-fuego&#8221; el_class=&#8221;margin-top-20&#8243;][\/vc_column_inner][vc_column_inner width=&#8221;3\/4&#8243;][vc_column_text]<\/p>\n<h2><a href=\"https:\/\/home.tovpil.org\/la-rosa-y-el-fuego\">La Rosa y el Fuego<\/a><\/h2>\n<p>[\/vc_column_text][vc_column_text el_class=&#8221;margin-top-20&#8243;]<\/p>\n<p class=\"p1\">Si todos los libros del autor son reflejo de su propia vida, &#8220;La rosa y el fuego&#8221; explicita las etapas de su trayectoria humana y espiritual con tal sinceridad y transparencia que lo convierten en un modelo de literatura religiosa, testimonial.<\/p>\n<p>[\/vc_column_text]\n<div class=\"text-l\"><a href=\"http:\/\/www.tovpil.org\/es_ES\/la-rosa-y-el-fuego\" class=\"button_box-6086583169fcbffd1e4db slz-btn btn-absolute \"><span class=\"btn-text\">M\u00e1s informaci\u00f3n<\/span><span class=\" btn-icon fa fa-angle-right\"><\/span><\/a><\/div>[\/vc_column_inner][\/vc_row_inner][vc_row_inner css=&#8221;.vc_custom_1507569282303{border-bottom-width: 1px !important;padding-bottom: 20px !important;border-bottom-color: #d1d3d4 !important;border-bottom-style: solid !important;}&#8221;][vc_column_inner width=&#8221;1\/4&#8243;][vc_single_image image=&#8221;526&#8243; img_size=&#8221;120X170PX&#8221; alignment=&#8221;center&#8221; style=&#8221;vc_box_shadow_3d&#8221; onclick=&#8221;custom_link&#8221; link=&#8221;https:\/\/home.tovpil.org\/el-sentido-de-la-vida&#8221; el_class=&#8221;margin-top-20&#8243;][\/vc_column_inner][vc_column_inner width=&#8221;3\/4&#8243;][vc_column_text]<\/p>\n<h2><a href=\"https:\/\/home.tovpil.org\/el-sentido-de-la-vida\">El Sentido de la Vida<\/a><\/h2>\n<p>[\/vc_column_text][vc_column_text el_class=&#8221;margin-top-20&#8243;]<\/p>\n<p class=\"p1\">El Padre Larra\u00f1aga ha reunido en este volumen una selecci\u00f3n de sus propios textos para cada d\u00eda del a\u00f1o. Su profundo conocimiento de la naturaleza humana, de las causas del desasosiego y del sufrimiento\u00a0&#8230;<\/p>\n<p>[\/vc_column_text]\n<div class=\"text-l\"><a href=\"http:\/\/www.tovpil.org\/es_ES\/el-sentido-de-la-vida\" class=\"button_box-30824944169fcbffd1e60c slz-btn btn-absolute \"><span class=\"btn-text\">M\u00e1s informaci\u00f3n<\/span><span class=\" btn-icon fa fa-angle-right\"><\/span><\/a><\/div>[\/vc_column_inner][\/vc_row_inner][vc_row_inner css=&#8221;.vc_custom_1507569282303{border-bottom-width: 1px !important;padding-bottom: 20px !important;border-bottom-color: #d1d3d4 !important;border-bottom-style: solid !important;}&#8221;][vc_column_inner width=&#8221;1\/4&#8243;][vc_single_image image=&#8221;273&#8243; img_size=&#8221;120X170PX&#8221; alignment=&#8221;center&#8221; style=&#8221;vc_box_shadow_3d&#8221; onclick=&#8221;custom_link&#8221; link=&#8221;https:\/\/home.tovpil.org\/el-matrimonio-feliz&#8221; el_class=&#8221;margin-top-20&#8243;][\/vc_column_inner][vc_column_inner width=&#8221;3\/4&#8243;][vc_column_text]<\/p>\n<h2><a href=\"https:\/\/home.tovpil.org\/el-matrimonio-feliz\">El Matrimonio Feliz<\/a><\/h2>\n<p>[\/vc_column_text][vc_column_text el_class=&#8221;margin-top-20&#8243;]<\/p>\n<p class=\"p1\">Toda convivencia est\u00e1 sujeta al desgaste. El amor como sentimiento humano que es, no deja de tener un car\u00e1cter de fugacidad; el paso de la vida asedia y aminora el encanto del amor.<\/p>\n<p>[\/vc_column_text]\n<div class=\"text-l\"><a href=\"http:\/\/www.tovpil.org\/es_ES\/el-matrimonio-feliz\" class=\"button_box-101043976669fcbffd1e762 slz-btn btn-absolute \"><span class=\"btn-text\">M\u00e1s informaci\u00f3n<\/span><span class=\" btn-icon fa fa-angle-right\"><\/span><\/a><\/div>[\/vc_column_inner][\/vc_row_inner][vc_row_inner css=&#8221;.vc_custom_1507569282303{border-bottom-width: 1px !important;padding-bottom: 20px !important;border-bottom-color: #d1d3d4 !important;border-bottom-style: solid !important;}&#8221;][vc_column_inner width=&#8221;1\/4&#8243;][vc_single_image image=&#8221;538&#8243; img_size=&#8221;120X170PX&#8221; alignment=&#8221;center&#8221; style=&#8221;vc_box_shadow_3d&#8221; onclick=&#8221;custom_link&#8221; link=&#8221;https:\/\/home.tovpil.org\/el-arte-de-ser-feliz&#8221; el_class=&#8221;margin-top-20&#8243;][\/vc_column_inner][vc_column_inner width=&#8221;3\/4&#8243;][vc_column_text]<\/p>\n<h2><a href=\"https:\/\/home.tovpil.org\/el-arte-de-ser-feliz\">El Arte de Ser Feliz<\/a><\/h2>\n<p>[\/vc_column_text][vc_column_text el_class=&#8221;margin-top-20&#8243;]<\/p>\n<p class=\"p1\">Una condensaci\u00f3n del libro &#8220;Del sufrimiento a la paz&#8221;, escrito en un lenguaje simple, directo y de f\u00e1cil lectura. Con orientaciones pr\u00e1cticas para recuperar la paz interior, el sentido de la vida y la alegr\u00eda de vivir.<\/p>\n<p>[\/vc_column_text]\n<div class=\"text-l\"><a href=\"http:\/\/www.tovpil.org\/es_ES\/el-arte-de-ser-feliz\" class=\"button_box-14399211569fcbffd1e899 slz-btn btn-absolute \"><span class=\"btn-text\">M\u00e1s informaci\u00f3n<\/span><span class=\" btn-icon fa fa-angle-right\"><\/span><\/a><\/div>[\/vc_column_inner][\/vc_row_inner][vc_row_inner css=&#8221;.vc_custom_1507569282303{border-bottom-width: 1px !important;padding-bottom: 20px !important;border-bottom-color: #d1d3d4 !important;border-bottom-style: solid !important;}&#8221;][vc_column_inner width=&#8221;1\/4&#8243;][vc_single_image image=&#8221;516&#8243; img_size=&#8221;120X170PX&#8221; alignment=&#8221;center&#8221; style=&#8221;vc_box_shadow_3d&#8221; onclick=&#8221;custom_link&#8221; link=&#8221;https:\/\/home.tovpil.org\/las-fuerzas-de-la-decadencia&#8221; el_class=&#8221;margin-top-20&#8243;][\/vc_column_inner][vc_column_inner width=&#8221;3\/4&#8243;][vc_column_text]<\/p>\n<h2><a href=\"https:\/\/home.tovpil.org\/las-fuerzas-de-la-decadencia\">Las Fuerzas de la Decadencia<\/a><\/h2>\n<p>[\/vc_column_text][vc_column_text el_class=&#8221;margin-top-20&#8243;]<\/p>\n<p class=\"p1\">Este libro es continuaci\u00f3n y complemento de la obra &#8220;Del sufrimiento a la paz&#8221;, uno de los libros de Ignacio Larra\u00f1aga que ha alcanzado mayor difusi\u00f3n en numerosos pa\u00edses y en diversos idiomas.<\/p>\n<p>[\/vc_column_text]\n<div class=\"text-l\"><a href=\"http:\/\/www.tovpil.org\/es_ES\/las-fuerzas-de-la-decadencia\" class=\"button_box-91632950469fcbffd1e9a1 slz-btn btn-absolute \"><span class=\"btn-text\">M\u00e1s informaci\u00f3n<\/span><span class=\" btn-icon fa fa-angle-right\"><\/span><\/a><\/div>[\/vc_column_inner][\/vc_row_inner][vc_row_inner css=&#8221;.vc_custom_1507569282303{border-bottom-width: 1px !important;padding-bottom: 20px !important;border-bottom-color: #d1d3d4 !important;border-bottom-style: solid !important;}&#8221;][vc_column_inner width=&#8221;1\/4&#8243;][vc_single_image image=&#8221;524&#8243; img_size=&#8221;120X170PX&#8221; alignment=&#8221;center&#8221; style=&#8221;vc_box_shadow_3d&#8221; onclick=&#8221;custom_link&#8221; link=&#8221;https:\/\/home.tovpil.org\/dios-adentro&#8221; el_class=&#8221;margin-top-20&#8243;][\/vc_column_inner][vc_column_inner width=&#8221;3\/4&#8243;][vc_column_text]<\/p>\n<h2><a href=\"https:\/\/home.tovpil.org\/dios-adentro\">Dios Adentro<\/a><\/h2>\n<p>[\/vc_column_text][vc_column_text el_class=&#8221;margin-top-20&#8243;]<\/p>\n<p class=\"p1\">Este tratado de oraci\u00f3n desea ofrecer una ayuda eficaz a los que quieren iniciarse en el trato con el Se\u00f1or y recuperar el encanto de Dios, y a aquellos otros que anhelan avanzar, mar adentro, en el misterio insondable del Dios vivo y verdadero.<\/p>\n<p>[\/vc_column_text]\n<div class=\"text-l\"><a href=\"http:\/\/tovpil.org\/fundador\/libros\/dios-adentro\/\" class=\"button_box-39923252569fcbffd1ea84 slz-btn btn-absolute \"><span class=\"btn-text\">M\u00e1s informaci\u00f3n<\/span><span class=\" btn-icon fa fa-angle-right\"><\/span><\/a><\/div>[\/vc_column_inner][\/vc_row_inner][vc_row_inner css=&#8221;.vc_custom_1507569282303{border-bottom-width: 1px !important;padding-bottom: 20px !important;border-bottom-color: #d1d3d4 !important;border-bottom-style: solid !important;}&#8221;][vc_column_inner width=&#8221;1\/4&#8243;][vc_single_image image=&#8221;2704&#8243; img_size=&#8221;120X170PX&#8221; alignment=&#8221;center&#8221; style=&#8221;vc_box_shadow_3d&#8221; onclick=&#8221;custom_link&#8221; link=&#8221;https:\/\/home.tovpil.org\/jubiloso-jubileo&#8221; el_class=&#8221;margin-top-20&#8243;][\/vc_column_inner][vc_column_inner width=&#8221;3\/4&#8243;][vc_column_text]<\/p>\n<h2><a href=\"https:\/\/home.tovpil.org\/jubiloso-jubileo\">Jubiloso Jubileo<\/a><\/h2>\n<p>[\/vc_column_text][vc_column_text el_class=&#8221;margin-top-20&#8243;]<\/p>\n<p class=\"p1\">Este libro conmemorativo narra la vida del Padre Ignacio Larra\u00f1aga desde sus comienzos: es la celebraci\u00f3n de sus 50 a\u00f1os de ordenaci\u00f3n.<\/p>\n<p>[\/vc_column_text]\n<div class=\"text-l\"><a href=\"http:\/\/www.tovpil.org\/es_ES\/jubiloso-jubileo\" class=\"button_box-20534368669fcbffd1eb52 slz-btn btn-absolute \"><span class=\"btn-text\">M\u00e1s informaci\u00f3n<\/span><span class=\" btn-icon fa fa-angle-right\"><\/span><\/a><\/div>[\/vc_column_inner][\/vc_row_inner][\/vc_column][vc_column width=&#8221;4\/12&#8243;][vc_column_text el_class=&#8221;relacionados&#8221;]<\/p>\n<h6>Relacionados<\/h6>\n<p>[\/vc_column_text][vc_wp_custommenu nav_menu=&#8221;20&#8243;][\/vc_column][\/vc_row]<\/p>\n","protected":false},"excerpt":{"rendered":"<p>[vc_row][vc_column width=&#8221;8\/12&#8243; el_class=&#8221;seccion-desarrollado&#8221;][vc_column_text css=&#8221;.vc_custom_1507571951618{border-bottom-width: 1px !important;border-bottom-color: #d1d3d4 !important;border-bottom-style: solid !important;}&#8221;]<\/p>\n<h1>Libros<\/h1>\n<ul ... \n\n","protected":false},"author":1,"featured_media":0,"parent":142,"menu_order":0,"comment_status":"closed","ping_status":"closed","template":"","meta":{"footnotes":""},"class_list":["post-221","page","type-page","status-publish","hentry"],"_links":{"self":[{"href":"https:\/\/home.tovpil.org\/es_ES\/wp-json\/wp\/v2\/pages\/221","targetHints":{"allow":["GET"]}}],"collection":[{"href":"https:\/\/home.tovpil.org\/es_ES\/wp-json\/wp\/v2\/pages"}],"about":[{"href":"https:\/\/home.tovpil.org\/es_ES\/wp-json\/wp\/v2\/types\/page"}],"author":[{"embeddable":true,"href":"https:\/\/home.tovpil.org\/es_ES\/wp-json\/wp\/v2\/users\/1"}],"replies":[{"embeddable":true,"href":"https:\/\/home.tovpil.org\/es_ES\/wp-json\/wp\/v2\/comments?post=221"}],"version-history":[{"count":1,"href":"https:\/\/home.tovpil.org\/es_ES\/wp-json\/wp\/v2\/pages\/221\/revisions"}],"predecessor-version":[{"id":5165,"href":"https:\/\/home.tovpil.org\/es_ES\/wp-json\/wp\/v2\/pages\/221\/revisions\/5165"}],"up":[{"embeddable":true,"href":"https:\/\/home.tovpil.org\/es_ES\/wp-json\/wp\/v2\/pages\/142"}],"wp:attachment":[{"href":"https:\/\/home.tovpil.org\/es_ES\/wp-json\/wp\/v2\/media?parent=221"}],"curies":[{"name":"wp","href":"https:\/\/api.w.org\/{rel}","templated":true}]}}