{"id":256,"date":"2017-05-30T04:40:09","date_gmt":"2017-05-30T04:40:09","guid":{"rendered":"https:\/\/home.tovpil.org\/?page_id=256"},"modified":"2017-10-07T17:23:47","modified_gmt":"2017-10-07T17:23:47","slug":"el-silencio-de-maria","status":"publish","type":"page","link":"https:\/\/home.tovpil.org\/es_ES\/fundador\/libros\/el-silencio-de-maria\/","title":{"rendered":"El Silencio de Mar\u00eda"},"content":{"rendered":"<p>[vc_row][vc_column width=&#8221;2\/12&#8243;][vc_single_image image=&#8221;158&#8243; img_size=&#8221;full&#8221; alignment=&#8221;center&#8221; style=&#8221;vc_box_shadow_3d&#8221;][\/vc_column][vc_column width=&#8221;6\/12&#8243; el_class=&#8221;seccion-desarrollado&#8221;][vc_column_text]<\/p>\n<h1>El Silencio de Mar\u00eda<\/h1>\n<ul class=\"block-info\">\n<li class=\"ssba\"><!-- Simple Share Buttons Adder (7.5.19) simplesharebuttons.com --><div class=\"ssba-classic-2 ssba ssbp-wrap left ssbp--theme-1\"><div style=\"text-align:left\"><a data-site=\"\" class=\"ssba_facebook_share\" href=\"http:\/\/www.facebook.com\/sharer.php?u=https:\/\/home.tovpil.org\/es_ES\/wp-json\/wp\/v2\/pages\/256\"  target=\"_blank\" ><img decoding=\"async\" src=\"https:\/\/home.tovpil.org\/wp-content\/plugins\/simple-share-buttons-adder\/buttons\/somacro\/facebook.png\" style=\"width: 35px;\" title=\"Facebook\" class=\"ssba ssba-img\" alt=\"Share on Facebook\" \/><div title=\"Facebook\" class=\"ssbp-text\">Facebook<\/div><\/a><a data-site=\"\" class=\"ssba_twitter_share\" href=\"http:\/\/twitter.com\/share?url=https:\/\/home.tovpil.org\/es_ES\/wp-json\/wp\/v2\/pages\/256&amp;text=El%20Silencio%20de%20Mar%C3%ADa%20\"  target=&quot;_blank&quot; ><img decoding=\"async\" src=\"https:\/\/home.tovpil.org\/wp-content\/plugins\/simple-share-buttons-adder\/buttons\/somacro\/twitter.png\" style=\"width: 35px;\" title=\"Twitter\" class=\"ssba ssba-img\" alt=\"Tweet about this on Twitter\" \/><div title=\"Twitter\" class=\"ssbp-text\">Twitter<\/div><\/a><a data-site='pinterest' class='ssba_pinterest_share' href='javascript:void((function()%7Bvar%20e=document.createElement(&apos;script&apos;);e.setAttribute(&apos;type&apos;,&apos;text\/javascript&apos;);e.setAttribute(&apos;charset&apos;,&apos;UTF-8&apos;);e.setAttribute(&apos;src&apos;,&apos;\/\/assets.pinterest.com\/js\/pinmarklet.js?r=&apos;+Math.random()*99999999);document.body.appendChild(e)%7D)());'><img decoding=\"async\" src=\"https:\/\/home.tovpil.org\/wp-content\/plugins\/simple-share-buttons-adder\/buttons\/somacro\/pinterest.png\" style=\"width: 35px;\" title=\"Pinterest\" class=\"ssba ssba-img\" alt=\"Pin on Pinterest\" \/><div title=\"Pinterest\" class=\"ssbp-text\">Pinterest<\/div><\/a><\/div><\/div><\/li>\n<\/ul>\n<p class=\"p1\">En este libro el Padre Ignacio Larra\u00f1aga nos hace descubrir a &#8220;la otra Mar\u00eda&#8221;: la mujer de fe, la pobre de Dios, se\u00f1ora de s\u00ed misma, de admirable y envidiable entereza, tan llena de silencio y dignidad. El hilo conductor de la meditaci\u00f3n que \u00e9l realiza sobre Mar\u00eda es su maternidad y su fidelidad al designio de Dios en la oscuridad y el silencio, la pobreza y la humildad.<\/p>\n<p class=\"p1\">En este texto elaborado y fluido, escrito al ritmo del coraz\u00f3n, se destaca la seriedad y claridad del discurso, siempre enmarcado en lo experiencial y vital.<\/p>\n<p>[\/vc_column_text][\/vc_column][vc_column width=&#8221;4\/12&#8243;][vc_column_text el_class=&#8221;relacionados&#8221;]<\/p>\n<h6>Relacionados<\/h6>\n<p>[\/vc_column_text][vc_wp_custommenu nav_menu=&#8221;20&#8243;][\/vc_column][\/vc_row][vc_row][vc_column width=&#8221;8\/12&#8243; el_class=&#8221;seccion-desarrollado&#8221;][vc_column_text css=&#8221;.vc_custom_1507393699772{padding-top: 20px !important;}&#8221; el_class=&#8221;paragraph-desarrollado&#8221;]<\/p>\n<p class=\"p1\">De alguna manera, Ignacio Larra\u00f1aga proyecta en el itinerario de Mar\u00eda hacia Dios su propia intimidad humana y espiritual, su propia &#8220;memoria&#8221; o su experiencia personal de Mar\u00eda revisti\u00e9ndola de una calidez y una con naturalidad en su proceso de comprensi\u00f3n y asimilaci\u00f3n del misterio. Mar\u00eda es el paradigma del &#8220;silencio&#8221; de Dios, m\u00e1s misteriosamente silencioso y gratuito cuanto m\u00e1s \u00edntimamente sentido. &#8220;Todo lo definitivo lleva el sello del silencio&#8221; que abre espacios de libertad, la disponibilidad, la receptividad. Y por eso Ignacio Larra\u00f1aga eligi\u00f3 esta palabra, &#8220;silencio&#8221;, para definir su concepci\u00f3n de Mar\u00eda en la historia de la salvaci\u00f3n; porque ella es la &#8220;gran silenciosa&#8221; en los textos sagrados; y lo es, adem\u00e1s, por su plenitud espiritual y su directa vinculaci\u00f3n con el misterio. &#8220;Cuando digo silencio de Mar\u00eda\u201d, afirma su autor, \u201cquiero decir profundidad, plenitud, fecundidad, dominio de s\u00ed misma, madurez humana, y lo que lo sintetiza todo: humildad y fidelidad&#8221;. Solo sabemos de Mar\u00eda lo que nos transmiten los relatos de la infancia de Jes\u00fas, y muy poco m\u00e1s; y ella est\u00e1 ah\u00ed y en todo lo dem\u00e1s en funci\u00f3n de su Hijo, o en raz\u00f3n de su maternidad. Pero as\u00ed como est\u00e1, -afirma el autor-, es perfecta, no hay que agregarle nada m\u00e1s. Pero hay que situar a Mar\u00eda en su verdadera perspectiva, la de la mujer de fe y la <i>peregrinatio fidei<\/i>, como lo hizo el Concilio Vaticano II, el camino que se va haciendo, el desierto, la noche oscura, el silencio y la obediencia. Porque ella no era m\u00e1s que una mujer del pueblo, una &#8220;hija de Si\u00f3n&#8221;, que no hizo otra cosa que &#8220;permitir que avanzara a trav\u00e9s de ella la gloria de Dios -que ha preferido- derramarse por ella, fluir desde ella a lo lejos \u201cy no de otra manera&#8221;. Mar\u00eda es pues, la heredera de una tradici\u00f3n espiritual, la de los anawim, que, por designio de Dios se condens\u00f3 en ella como una densa nube gr\u00e1vida de Esp\u00edritu para encarnar al Justo, el &#8220;siervo de Jahv\u00e9 por excelencia&#8221;. La singularidad de Mar\u00eda fue as\u00ed fruto, se podr\u00eda decir, de la conjunci\u00f3n del designio de Dios y de la culminaci\u00f3n y la plenitud de un tiempo de hombre. El la prepar\u00f3 y la model\u00f3 desde la eternidad para ser el recept\u00e1culo del Verbo, pero la humanidad la reclamaba tambi\u00e9n como un fruto maduro. Y a esa explosi\u00f3n de la suma gratuidad ella respondi\u00f3 con una fidelidad suma; y esa es la raz\u00f3n de su singularidad. &#8220;De alguna manera, todo hombre- afirma Larra\u00f1aga- es lo que ha sido su madre; pero en el caso de Jes\u00fas debi\u00f3 ser as\u00ed de una manera excepcional. \u00bfC\u00f3mo habr\u00eda sido Mar\u00eda ps\u00edquicamente, espiritualmente? S\u00f3lo sabemos lo que nos dicen los Evangelios, y es muy poco. Pero no hace falta nada m\u00e1s, basta mirar a Jes\u00fas&#8221;.<\/p>\n<p class=\"p1\"><strong>Extractado de Una aventura del Esp\u00edritu, Camilo Luquin Urabayen.<\/strong><\/p>\n<ul class=\"block-info\">\n<li class=\"ssba\"><!-- Simple Share Buttons Adder (7.5.19) simplesharebuttons.com --><div class=\"ssba-classic-2 ssba ssbp-wrap left ssbp--theme-1\"><div style=\"text-align:left\"><a data-site=\"\" class=\"ssba_facebook_share\" href=\"http:\/\/www.facebook.com\/sharer.php?u=https:\/\/home.tovpil.org\/es_ES\/wp-json\/wp\/v2\/pages\/256\"  target=\"_blank\" ><img decoding=\"async\" src=\"https:\/\/home.tovpil.org\/wp-content\/plugins\/simple-share-buttons-adder\/buttons\/somacro\/facebook.png\" style=\"width: 35px;\" title=\"Facebook\" class=\"ssba ssba-img\" alt=\"Share on Facebook\" \/><div title=\"Facebook\" class=\"ssbp-text\">Facebook<\/div><\/a><a data-site=\"\" class=\"ssba_twitter_share\" href=\"http:\/\/twitter.com\/share?url=https:\/\/home.tovpil.org\/es_ES\/wp-json\/wp\/v2\/pages\/256&amp;text=El%20Silencio%20de%20Mar%C3%ADa%20\"  target=&quot;_blank&quot; ><img decoding=\"async\" src=\"https:\/\/home.tovpil.org\/wp-content\/plugins\/simple-share-buttons-adder\/buttons\/somacro\/twitter.png\" style=\"width: 35px;\" title=\"Twitter\" class=\"ssba ssba-img\" alt=\"Tweet about this on Twitter\" \/><div title=\"Twitter\" class=\"ssbp-text\">Twitter<\/div><\/a><a data-site='pinterest' class='ssba_pinterest_share' href='javascript:void((function()%7Bvar%20e=document.createElement(&apos;script&apos;);e.setAttribute(&apos;type&apos;,&apos;text\/javascript&apos;);e.setAttribute(&apos;charset&apos;,&apos;UTF-8&apos;);e.setAttribute(&apos;src&apos;,&apos;\/\/assets.pinterest.com\/js\/pinmarklet.js?r=&apos;+Math.random()*99999999);document.body.appendChild(e)%7D)());'><img decoding=\"async\" src=\"https:\/\/home.tovpil.org\/wp-content\/plugins\/simple-share-buttons-adder\/buttons\/somacro\/pinterest.png\" style=\"width: 35px;\" title=\"Pinterest\" class=\"ssba ssba-img\" alt=\"Pin on Pinterest\" \/><div title=\"Pinterest\" class=\"ssbp-text\">Pinterest<\/div><\/a><\/div><\/div><\/li>\n<\/ul>\n<p>[\/vc_column_text][\/vc_column][vc_column width=&#8221;4\/12&#8243;][\/vc_column][\/vc_row]<\/p>\n","protected":false},"excerpt":{"rendered":"<p>[vc_row][vc_column width=&#8221;2\/12&#8243;][vc_single_image image=&#8221;158&#8243; img_size=&#8221;full&#8221; alignment=&#8221;center&#8221; style=&#8221;vc_box_shadow_3d&#8221;][\/vc_column][vc_column width=&#8221;6\/12&#8243; el_class=&#8221;seccion-desarrollado&#8221;][vc_column_text]<\/p>\n<h1>El Silencio de Mar\u00eda<\/h1>\n<ul class=\"b... \n\n","protected":false},"author":1,"featured_media":0,"parent":221,"menu_order":0,"comment_status":"closed","ping_status":"closed","template":"","meta":{"footnotes":""},"class_list":["post-256","page","type-page","status-publish","hentry"],"_links":{"self":[{"href":"https:\/\/home.tovpil.org\/es_ES\/wp-json\/wp\/v2\/pages\/256","targetHints":{"allow":["GET"]}}],"collection":[{"href":"https:\/\/home.tovpil.org\/es_ES\/wp-json\/wp\/v2\/pages"}],"about":[{"href":"https:\/\/home.tovpil.org\/es_ES\/wp-json\/wp\/v2\/types\/page"}],"author":[{"embeddable":true,"href":"https:\/\/home.tovpil.org\/es_ES\/wp-json\/wp\/v2\/users\/1"}],"replies":[{"embeddable":true,"href":"https:\/\/home.tovpil.org\/es_ES\/wp-json\/wp\/v2\/comments?post=256"}],"version-history":[{"count":0,"href":"https:\/\/home.tovpil.org\/es_ES\/wp-json\/wp\/v2\/pages\/256\/revisions"}],"up":[{"embeddable":true,"href":"https:\/\/home.tovpil.org\/es_ES\/wp-json\/wp\/v2\/pages\/221"}],"wp:attachment":[{"href":"https:\/\/home.tovpil.org\/es_ES\/wp-json\/wp\/v2\/media?parent=256"}],"curies":[{"name":"wp","href":"https:\/\/api.w.org\/{rel}","templated":true}]}}