{"id":2853,"date":"2017-09-09T18:29:44","date_gmt":"2017-09-09T18:29:44","guid":{"rendered":"https:\/\/home.tovpil.org\/?page_id=2853"},"modified":"2018-05-11T14:58:06","modified_gmt":"2018-05-11T14:58:06","slug":"fundacion-tov","status":"publish","type":"page","link":"https:\/\/home.tovpil.org\/es_ES\/fundacion-tov\/","title":{"rendered":"FUNDACI\u00d3N TOV"},"content":{"rendered":"<p>[vc_row][vc_column width=&#8221;8\/12&#8243; el_class=&#8221;seccion-desarrollado&#8221;][vc_column_text]<\/p>\n<h1>Fundaci\u00f3n Talleres de Oraci\u00f3n y Vida Padre Ignacio Larra\u00f1aga<\/h1>\n<p>(Fundaci\u00f3n TOVPIL)<\/p>\n<ul class=\"block-info\">\n<li class=\"ssba\"><!-- Simple Share Buttons Adder (7.5.19) simplesharebuttons.com --><div class=\"ssba-classic-2 ssba ssbp-wrap left ssbp--theme-1\"><div style=\"text-align:left\"><a data-site=\"\" class=\"ssba_facebook_share\" href=\"http:\/\/www.facebook.com\/sharer.php?u=https:\/\/home.tovpil.org\/es_ES\/wp-json\/wp\/v2\/pages\/2853\"  target=\"_blank\" ><img decoding=\"async\" src=\"https:\/\/home.tovpil.org\/wp-content\/plugins\/simple-share-buttons-adder\/buttons\/somacro\/facebook.png\" style=\"width: 35px;\" title=\"Facebook\" class=\"ssba ssba-img\" alt=\"Share on Facebook\" \/><div title=\"Facebook\" class=\"ssbp-text\">Facebook<\/div><\/a><a data-site=\"\" class=\"ssba_twitter_share\" href=\"http:\/\/twitter.com\/share?url=https:\/\/home.tovpil.org\/es_ES\/wp-json\/wp\/v2\/pages\/2853&amp;text=FUNDACI%C3%93N%20TOV%20\"  target=&quot;_blank&quot; ><img decoding=\"async\" src=\"https:\/\/home.tovpil.org\/wp-content\/plugins\/simple-share-buttons-adder\/buttons\/somacro\/twitter.png\" style=\"width: 35px;\" title=\"Twitter\" class=\"ssba ssba-img\" alt=\"Tweet about this on Twitter\" \/><div title=\"Twitter\" class=\"ssbp-text\">Twitter<\/div><\/a><a data-site='pinterest' class='ssba_pinterest_share' href='javascript:void((function()%7Bvar%20e=document.createElement(&apos;script&apos;);e.setAttribute(&apos;type&apos;,&apos;text\/javascript&apos;);e.setAttribute(&apos;charset&apos;,&apos;UTF-8&apos;);e.setAttribute(&apos;src&apos;,&apos;\/\/assets.pinterest.com\/js\/pinmarklet.js?r=&apos;+Math.random()*99999999);document.body.appendChild(e)%7D)());'><img decoding=\"async\" src=\"https:\/\/home.tovpil.org\/wp-content\/plugins\/simple-share-buttons-adder\/buttons\/somacro\/pinterest.png\" style=\"width: 35px;\" title=\"Pinterest\" class=\"ssba ssba-img\" alt=\"Pin on Pinterest\" \/><div title=\"Pinterest\" class=\"ssbp-text\">Pinterest<\/div><\/a><\/div><\/div><\/li>\n<\/ul>\n<p>[\/vc_column_text][vc_row_inner][vc_column_inner][vc_column_text el_class=&#8221;title-main-na&#8221;]<\/p>\n<h2>MISI\u00d3N<\/h2>\n<p>Ser instrumento de preservaci\u00f3n y difusi\u00f3n de la obra del Fundador de los TOV y apoyo de la Coordinaci\u00f3n Internacional en su funci\u00f3n de propagar e irradiar el carisma de los TOV en su misi\u00f3n evangelizadora.[\/vc_column_text][\/vc_column_inner][\/vc_row_inner][vc_row_inner][vc_column_inner el_class=&#8221;margin-top-20&#8243;][vc_column_text el_class=&#8221;title-main-na&#8221;]<\/p>\n<h2>ORIGEN<\/h2>\n<p>La casa donde viv\u00eda el Padre Ignacio Larra\u00f1aga, Fundador de los TOV se encuentra en Santiago de Chile en la Comuna de lo Barnechea. Actualmente la Casa Fundacional es un lugar de peregrinaje espiritual de quienes han visto su vida transformada por los TOV.<\/p>\n<p>Padre Ignacio deseaba que estando \u00e9l en la Casa del Padre, este lugar fuera un centro vivo de irradiaci\u00f3n espiritual del carisma que Dios le inspir\u00f3, y no que se convirtiera en un museo*. Siguiendo ese anhelo de nuestro Fundador es que en la Asamblea del a\u00f1o 2014 la Coordinaci\u00f3n Internacional plante\u00f3 la necesidad de crear una Fundaci\u00f3n**.<\/p>\n<p>Por lo cual en marzo del 2015 la Coordinaci\u00f3n Internacional constituy\u00f3 la <strong>Fundaci\u00f3n Talleres de Oraci\u00f3n y Vida Padre Ignacio Larra\u00f1aga,<\/strong> para as\u00ed dar forma legal al cuidado, protecci\u00f3n y difusi\u00f3n del patrimonio espiritual de padre Ignacio para las futuras generaciones.[\/vc_column_text][\/vc_column_inner][\/vc_row_inner][vc_row_inner][vc_column_inner el_class=&#8221;margin-top-20&#8243;][vc_column_text el_class=&#8221;title-main-na&#8221;]<\/p>\n<h2>PATRIMONIO<\/h2>\n<p>Para aquellos que no la conocen esta casa es un s\u00edmbolo que condensa muchos significados, adem\u00e1s de haber sido el hogar de Padre Ignacio en sus \u00faltimos 20 a\u00f1os, fue el lugar donde brotaron muchos de sus escritos, charlas, y mensajes.<\/p>\n<p>Esa fecundidad notable, surgi\u00f3 desde su escritorio, un peque\u00f1o cuarto donde or\u00f3 cotidianamente, y que \u00e9l consideraba \u201cun poquito sagrado\u201d pues fue all\u00ed donde el Esp\u00edritu Santo lo inspir\u00f3 a escribir los Manuales que hoy en manos de miles de Gu\u00edas alrededor del mundo hacen fluir el carisma de los TOV en una nueva evangelizaci\u00f3n.<\/p>\n<p>El acervo que constituyen sus libros, documentos, cartas, audios, videos, fotograf\u00edas, as\u00ed como otras colecciones de archivos de TOV, dar\u00e1 origen a un Centro de Documentaci\u00f3n de la Fundaci\u00f3n TOVPIL en Santiago de Chile el cual esperamos contribuya al estudio y difusi\u00f3n de su vida y obra.<\/p>\n<p>* Registro audiovisual a\u00f1o 2007 archivo Casa Fundacional\/ Carta abierta a todos los Gu\u00edas del mundo. \u201cCartas Circulares a los Gu\u00edas 1-28. 2004. 240-241\/ Carta personal p Camilo 2006\/ Acta reuni\u00f3n equipo Casa Fundacional 2007<\/p>\n<p>** Acta Asamblea Internacional 2014 p\u00e1gs. 98-100[\/vc_column_text][\/vc_column_inner][\/vc_row_inner][vc_row_inner][vc_column_inner el_class=&#8221;margin-top-20&#8243;][vc_column_text el_class=&#8221;title-main-na&#8221;]<\/p>\n<h2>ESTRUCTURA<\/h2>\n<p>[\/vc_column_text][vc_single_image image=&#8221;2888&#8243; img_size=&#8221;full&#8221; alignment=&#8221;center&#8221; css_animation=&#8221;none&#8221; css=&#8221;.vc_custom_1512583960320{margin-top: 20px !important;}&#8221;][\/vc_column_inner][\/vc_row_inner][\/vc_column][vc_column width=&#8221;4\/12&#8243;][vc_column_text el_class=&#8221;relacionados&#8221;]<\/p>\n<h6>Relacionados<\/h6>\n<p>[\/vc_column_text][vc_column_text]<a class=\"tovfunfb\" href=\"https:\/\/www.facebook.com\/Fundaciontovpil\/\" target=\"_blank\" rel=\"noopener\"><img decoding=\"async\" src=\"http:\/\/en.tovpil.org\/wp-content\/plugins\/simple-share-buttons-adder\/buttons\/somacro\/facebook.png\" \/> Fundaciontovpil<\/a>[\/vc_column_text][vc_column_text]<\/p>\n<h6>Informaciones<\/h6>\n<p>[\/vc_column_text][vc_column_text el_class=&#8221;relacionados-contacto&#8221;]<strong>Contacto:<\/strong><\/p>\n<p>El Rodeo 13555 Lo Barnechea. Santiago, Chile<\/p>\n<p>Tel\u00e9fono 569 222458407<\/p>\n<p>Correo electr\u00f3nico: <a href=\"mailto:fundaciontovpil2@gmail.com\">fundaciontovpil2@gmail.com<\/a>[\/vc_column_text][vc_column_text el_class=&#8221;relacionados-contacto&#8221;]<strong>Horario de visita: <\/strong><\/p>\n<p>Las visitas se encuentran suspendidas por trabajos de Remodelaci\u00f3n, gracias por su comprensi\u00f3n.[\/vc_column_text][\/vc_column][\/vc_row]<\/p>\n","protected":false},"excerpt":{"rendered":"<p>[vc_row][vc_column width=&#8221;8\/12&#8243; el_class=&#8221;seccion-desarrollado&#8221;][vc_column_text]<\/p>\n<h1>Fundaci\u00f3n Talleres de Oraci\u00f3n y Vida Padre Ignacio Larra\u00f1aga<\/h1>\n<p>(Fundaci\u00f3n TOVPIL)<\/p>\n<ul class=\"block-info\">\n<li class=\"ssba\">[ssba]<\/li>\n<\/ul>\n<p>[\/vc_column_t&#8230;<\/p>\n","protected":false},"author":1,"featured_media":0,"parent":0,"menu_order":0,"comment_status":"closed","ping_status":"closed","template":"","meta":{"footnotes":""},"class_list":["post-2853","page","type-page","status-publish","hentry"],"_links":{"self":[{"href":"https:\/\/home.tovpil.org\/es_ES\/wp-json\/wp\/v2\/pages\/2853","targetHints":{"allow":["GET"]}}],"collection":[{"href":"https:\/\/home.tovpil.org\/es_ES\/wp-json\/wp\/v2\/pages"}],"about":[{"href":"https:\/\/home.tovpil.org\/es_ES\/wp-json\/wp\/v2\/types\/page"}],"author":[{"embeddable":true,"href":"https:\/\/home.tovpil.org\/es_ES\/wp-json\/wp\/v2\/users\/1"}],"replies":[{"embeddable":true,"href":"https:\/\/home.tovpil.org\/es_ES\/wp-json\/wp\/v2\/comments?post=2853"}],"version-history":[{"count":5,"href":"https:\/\/home.tovpil.org\/es_ES\/wp-json\/wp\/v2\/pages\/2853\/revisions"}],"predecessor-version":[{"id":5861,"href":"https:\/\/home.tovpil.org\/es_ES\/wp-json\/wp\/v2\/pages\/2853\/revisions\/5861"}],"wp:attachment":[{"href":"https:\/\/home.tovpil.org\/es_ES\/wp-json\/wp\/v2\/media?parent=2853"}],"curies":[{"name":"wp","href":"https:\/\/api.w.org\/{rel}","templated":true}]}}