{"id":2971,"date":"2017-09-23T15:35:09","date_gmt":"2017-09-23T15:35:09","guid":{"rendered":"https:\/\/home.tovpil.org\/?page_id=2971"},"modified":"2017-11-29T16:20:42","modified_gmt":"2017-11-29T16:20:42","slug":"que-son-los-talleres-de-oracion-y-vida","status":"publish","type":"page","link":"https:\/\/home.tovpil.org\/es_ES\/quienes-somos\/que-son-los-talleres-de-oracion-y-vida\/","title":{"rendered":"\u00bfQu\u00e9 son los Talleres de Oraci\u00f3n y Vida?"},"content":{"rendered":"<p>[vc_row][vc_column width=&#8221;8\/12&#8243; el_class=&#8221;seccion-desarrollado&#8221;][vc_column_text]<\/p>\n<h1>\u00bfQu\u00e9 son los Talleres de Oraci\u00f3n y Vida?<\/h1>\n<ul class=\"block-info\">\n<li class=\"ssba\"><!-- Simple Share Buttons Adder (7.5.19) simplesharebuttons.com --><div class=\"ssba-classic-2 ssba ssbp-wrap left ssbp--theme-1\"><div style=\"text-align:left\"><a data-site=\"\" class=\"ssba_facebook_share\" href=\"http:\/\/www.facebook.com\/sharer.php?u=https:\/\/home.tovpil.org\/es_ES\/wp-json\/wp\/v2\/pages\/2971\"  target=\"_blank\" ><img decoding=\"async\" src=\"https:\/\/home.tovpil.org\/wp-content\/plugins\/simple-share-buttons-adder\/buttons\/somacro\/facebook.png\" style=\"width: 35px;\" title=\"Facebook\" class=\"ssba ssba-img\" alt=\"Share on Facebook\" \/><div title=\"Facebook\" class=\"ssbp-text\">Facebook<\/div><\/a><a data-site=\"\" class=\"ssba_twitter_share\" href=\"http:\/\/twitter.com\/share?url=https:\/\/home.tovpil.org\/es_ES\/wp-json\/wp\/v2\/pages\/2971&amp;text=%C2%BFQu%C3%A9%20son%20los%20Talleres%20de%20Oraci%C3%B3n%20y%20Vida%3F%20\"  target=&quot;_blank&quot; ><img decoding=\"async\" src=\"https:\/\/home.tovpil.org\/wp-content\/plugins\/simple-share-buttons-adder\/buttons\/somacro\/twitter.png\" style=\"width: 35px;\" title=\"Twitter\" class=\"ssba ssba-img\" alt=\"Tweet about this on Twitter\" \/><div title=\"Twitter\" class=\"ssbp-text\">Twitter<\/div><\/a><a data-site='pinterest' class='ssba_pinterest_share' href='javascript:void((function()%7Bvar%20e=document.createElement(&apos;script&apos;);e.setAttribute(&apos;type&apos;,&apos;text\/javascript&apos;);e.setAttribute(&apos;charset&apos;,&apos;UTF-8&apos;);e.setAttribute(&apos;src&apos;,&apos;\/\/assets.pinterest.com\/js\/pinmarklet.js?r=&apos;+Math.random()*99999999);document.body.appendChild(e)%7D)());'><img decoding=\"async\" src=\"https:\/\/home.tovpil.org\/wp-content\/plugins\/simple-share-buttons-adder\/buttons\/somacro\/pinterest.png\" style=\"width: 35px;\" title=\"Pinterest\" class=\"ssba ssba-img\" alt=\"Pin on Pinterest\" \/><div title=\"Pinterest\" class=\"ssbp-text\">Pinterest<\/div><\/a><\/div><\/div><\/li>\n<\/ul>\n<p>Los Talleres de Oraci\u00f3n y Vida son una nueva forma de EVANGELIZACION. M\u00e1s VIVA y con una visi\u00f3n m\u00e1s positiva de lo que se ha mostrado siempre. Es una presentaci\u00f3n m\u00e1s vibrante y activa de JES\u00daS que posee una mayor ADAPTACI\u00d3N a las necesidades de la SOCIEDAD ACTUAL y a lo que realmente las personas necesitan.<\/p>\n<p>Est\u00e1 basada en el AMOR y lo que \u00e9ste es capaz de realizar, no en el temor ni en el castigo.<em>\u00a0<\/em><\/p>\n<p>Por eso decimos con pleno convencimiento que los Talleres de Oraci\u00f3n y Vida son una respuesta al mundo de hoy\u2026<\/p>\n<p>Ignacio Larra\u00f1aga, sacerdote franciscano, capuchino, originario de Espa\u00f1a, ha desarrollado una amplia labor animadora y evangelizadora durante 30 a\u00f1os en Am\u00e9rica Latina, Norteam\u00e9rica y Europa.\u00a0Es el Fundador de los Encuentros de Experiencia de Dios, que iniciaron en Brasil en 1974, y de los Talleres de Oraci\u00f3n y Vida que datan de 1984.[\/vc_column_text]<div class=\"slz-shortcode sc-video slz-block-video video-159243662069fcc08458693 margin-top-20 \">\n                <div class=\"block-video block-video-style-1 text-c\">\n        <div class=\"video-content\">\n            <div class=\"btn-play\">\n                <i class=\"icons fa fa-play\"><\/i>\n                <div class=\"wrapper-video-content\">\n                                                        <\/div>\n            <\/div>\n            <div class=\"btn-close\" data-src=\"https:\/\/www.youtube.com\/embed\/dYoz9Q5N_2Q?rel=0\"><i class=\"icons fa fa-times\"><\/i><\/div>\n            \n                        <img decoding=\"async\" src=\"https:\/\/home.tovpil.org\/wp-content\/uploads\/2017\/05\/presentacion_esp.png\" alt=\"\" class=\"img-full\"\/>\n                        <iframe src=\"https:\/\/www.youtube.com\/embed\/dYoz9Q5N_2Q?rel=0\" allowfullscreen=\"allowfullscreen\" class=\"video-embed\"><\/iframe>        <\/div>\n    <\/div>\n        \n<\/div>\n[vc_column_text]<\/p>\n<ul class=\"block-info\">\n<li class=\"ssba\"><!-- Simple Share Buttons Adder (7.5.19) simplesharebuttons.com --><div class=\"ssba-classic-2 ssba ssbp-wrap left ssbp--theme-1\"><div style=\"text-align:left\"><a data-site=\"\" class=\"ssba_facebook_share\" href=\"http:\/\/www.facebook.com\/sharer.php?u=https:\/\/home.tovpil.org\/es_ES\/wp-json\/wp\/v2\/pages\/2971\"  target=\"_blank\" ><img decoding=\"async\" src=\"https:\/\/home.tovpil.org\/wp-content\/plugins\/simple-share-buttons-adder\/buttons\/somacro\/facebook.png\" style=\"width: 35px;\" title=\"Facebook\" class=\"ssba ssba-img\" alt=\"Share on Facebook\" \/><div title=\"Facebook\" class=\"ssbp-text\">Facebook<\/div><\/a><a data-site=\"\" class=\"ssba_twitter_share\" href=\"http:\/\/twitter.com\/share?url=https:\/\/home.tovpil.org\/es_ES\/wp-json\/wp\/v2\/pages\/2971&amp;text=%C2%BFQu%C3%A9%20son%20los%20Talleres%20de%20Oraci%C3%B3n%20y%20Vida%3F%20\"  target=&quot;_blank&quot; ><img decoding=\"async\" src=\"https:\/\/home.tovpil.org\/wp-content\/plugins\/simple-share-buttons-adder\/buttons\/somacro\/twitter.png\" style=\"width: 35px;\" title=\"Twitter\" class=\"ssba ssba-img\" alt=\"Tweet about this on Twitter\" \/><div title=\"Twitter\" class=\"ssbp-text\">Twitter<\/div><\/a><a data-site='pinterest' class='ssba_pinterest_share' href='javascript:void((function()%7Bvar%20e=document.createElement(&apos;script&apos;);e.setAttribute(&apos;type&apos;,&apos;text\/javascript&apos;);e.setAttribute(&apos;charset&apos;,&apos;UTF-8&apos;);e.setAttribute(&apos;src&apos;,&apos;\/\/assets.pinterest.com\/js\/pinmarklet.js?r=&apos;+Math.random()*99999999);document.body.appendChild(e)%7D)());'><img decoding=\"async\" src=\"https:\/\/home.tovpil.org\/wp-content\/plugins\/simple-share-buttons-adder\/buttons\/somacro\/pinterest.png\" style=\"width: 35px;\" title=\"Pinterest\" class=\"ssba ssba-img\" alt=\"Pin on Pinterest\" \/><div title=\"Pinterest\" class=\"ssbp-text\">Pinterest<\/div><\/a><\/div><\/div><\/li>\n<\/ul>\n<p>[\/vc_column_text][\/vc_column][vc_column width=&#8221;4\/12&#8243;][vc_column_text el_class=&#8221;relacionados&#8221;]<\/p>\n<h6>Relacionados<\/h6>\n<p>[\/vc_column_text][vc_wp_custommenu nav_menu=&#8221;23&#8243;][\/vc_column][\/vc_row]<\/p>\n","protected":false},"excerpt":{"rendered":"<p>[vc_row][vc_column width=&#8221;8\/12&#8243; el_class=&#8221;seccion-desarrollado&#8221;][vc_column_text]<\/p>\n<h1>\u00bfQu\u00e9 son los Talleres de Oraci\u00f3n y Vida?<\/h1>\n<ul class=\"block-info\">\n<li class=\"ssba\">[ssba]<\/li>\n<\/ul>\n<p>Los Talleres de Oraci\u00f3n y Vida son una nueva forma de&#8230;<\/p>\n","protected":false},"author":1,"featured_media":0,"parent":880,"menu_order":0,"comment_status":"closed","ping_status":"closed","template":"","meta":{"footnotes":""},"class_list":["post-2971","page","type-page","status-publish","hentry"],"_links":{"self":[{"href":"https:\/\/home.tovpil.org\/es_ES\/wp-json\/wp\/v2\/pages\/2971","targetHints":{"allow":["GET"]}}],"collection":[{"href":"https:\/\/home.tovpil.org\/es_ES\/wp-json\/wp\/v2\/pages"}],"about":[{"href":"https:\/\/home.tovpil.org\/es_ES\/wp-json\/wp\/v2\/types\/page"}],"author":[{"embeddable":true,"href":"https:\/\/home.tovpil.org\/es_ES\/wp-json\/wp\/v2\/users\/1"}],"replies":[{"embeddable":true,"href":"https:\/\/home.tovpil.org\/es_ES\/wp-json\/wp\/v2\/comments?post=2971"}],"version-history":[{"count":0,"href":"https:\/\/home.tovpil.org\/es_ES\/wp-json\/wp\/v2\/pages\/2971\/revisions"}],"up":[{"embeddable":true,"href":"https:\/\/home.tovpil.org\/es_ES\/wp-json\/wp\/v2\/pages\/880"}],"wp:attachment":[{"href":"https:\/\/home.tovpil.org\/es_ES\/wp-json\/wp\/v2\/media?parent=2971"}],"curies":[{"name":"wp","href":"https:\/\/api.w.org\/{rel}","templated":true}]}}