{"id":4151,"date":"2017-10-28T16:27:35","date_gmt":"2017-10-28T16:27:35","guid":{"rendered":"https:\/\/home.tovpil.org\/?page_id=4151"},"modified":"2017-10-28T16:30:26","modified_gmt":"2017-10-28T16:30:26","slug":"contemplacion-con-ignacio-larranaga","status":"publish","type":"page","link":"https:\/\/home.tovpil.org\/es_ES\/fundador\/videos\/contemplacion-con-ignacio-larranaga\/","title":{"rendered":"Contemplaci\u00f3n con Ignacio Larra\u00f1aga"},"content":{"rendered":"<p>[vc_row][vc_column width=&#8221;2\/12&#8243;][vc_single_image image=&#8221;4026&#8243; img_size=&#8221;150x220px&#8221; alignment=&#8221;center&#8221; style=&#8221;vc_box_shadow_3d&#8221;][\/vc_column][vc_column width=&#8221;6\/12&#8243; el_class=&#8221;seccion-desarrollado&#8221;][vc_column_text]<\/p>\n<h1>Contemplaci\u00f3n con Ignacio Larra\u00f1aga<\/h1>\n<ul class=\"block-info\">\n<li class=\"ssba\"><!-- Simple Share Buttons Adder (7.5.19) simplesharebuttons.com --><div class=\"ssba-classic-2 ssba ssbp-wrap left ssbp--theme-1\"><div style=\"text-align:left\"><a data-site=\"\" class=\"ssba_facebook_share\" href=\"http:\/\/www.facebook.com\/sharer.php?u=https:\/\/home.tovpil.org\/es_ES\/wp-json\/wp\/v2\/pages\/4151\"  target=\"_blank\" ><img decoding=\"async\" src=\"https:\/\/home.tovpil.org\/wp-content\/plugins\/simple-share-buttons-adder\/buttons\/somacro\/facebook.png\" style=\"width: 35px;\" title=\"Facebook\" class=\"ssba ssba-img\" alt=\"Share on Facebook\" \/><div title=\"Facebook\" class=\"ssbp-text\">Facebook<\/div><\/a><a data-site=\"\" class=\"ssba_twitter_share\" href=\"http:\/\/twitter.com\/share?url=https:\/\/home.tovpil.org\/es_ES\/wp-json\/wp\/v2\/pages\/4151&amp;text=Contemplaci%C3%B3n%20con%20Ignacio%20Larra%C3%B1aga%20\"  target=&quot;_blank&quot; ><img decoding=\"async\" src=\"https:\/\/home.tovpil.org\/wp-content\/plugins\/simple-share-buttons-adder\/buttons\/somacro\/twitter.png\" style=\"width: 35px;\" title=\"Twitter\" class=\"ssba ssba-img\" alt=\"Tweet about this on Twitter\" \/><div title=\"Twitter\" class=\"ssbp-text\">Twitter<\/div><\/a><a data-site='pinterest' class='ssba_pinterest_share' href='javascript:void((function()%7Bvar%20e=document.createElement(&apos;script&apos;);e.setAttribute(&apos;type&apos;,&apos;text\/javascript&apos;);e.setAttribute(&apos;charset&apos;,&apos;UTF-8&apos;);e.setAttribute(&apos;src&apos;,&apos;\/\/assets.pinterest.com\/js\/pinmarklet.js?r=&apos;+Math.random()*99999999);document.body.appendChild(e)%7D)());'><img decoding=\"async\" src=\"https:\/\/home.tovpil.org\/wp-content\/plugins\/simple-share-buttons-adder\/buttons\/somacro\/pinterest.png\" style=\"width: 35px;\" title=\"Pinterest\" class=\"ssba ssba-img\" alt=\"Pin on Pinterest\" \/><div title=\"Pinterest\" class=\"ssbp-text\">Pinterest<\/div><\/a><\/div><\/div><\/li>\n<\/ul>\n<p class=\"p1\">DVD motivacional para la vivencia del Desierto realizado en la Curva 21 del camino a Farellones a 48 kms. de Santiago de Chile, el 29 de octubre del 2016, como parte de la celebraci\u00f3n del tercer aniversario de la Pascua de padre Ignacio Larra\u00f1aga. 332 Gu\u00edas procedentes de diversos pa\u00edses vivieron esta experiencia en el mismo lugar frecuentado por padre Ignacio para su encuentro con el Se\u00f1or en silencio y soledad.<\/p>\n<ul class=\"block-info\">\n<li class=\"ssba\"><!-- Simple Share Buttons Adder (7.5.19) simplesharebuttons.com --><div class=\"ssba-classic-2 ssba ssbp-wrap left ssbp--theme-1\"><div style=\"text-align:left\"><a data-site=\"\" class=\"ssba_facebook_share\" href=\"http:\/\/www.facebook.com\/sharer.php?u=https:\/\/home.tovpil.org\/es_ES\/wp-json\/wp\/v2\/pages\/4151\"  target=\"_blank\" ><img decoding=\"async\" src=\"https:\/\/home.tovpil.org\/wp-content\/plugins\/simple-share-buttons-adder\/buttons\/somacro\/facebook.png\" style=\"width: 35px;\" title=\"Facebook\" class=\"ssba ssba-img\" alt=\"Share on Facebook\" \/><div title=\"Facebook\" class=\"ssbp-text\">Facebook<\/div><\/a><a data-site=\"\" class=\"ssba_twitter_share\" href=\"http:\/\/twitter.com\/share?url=https:\/\/home.tovpil.org\/es_ES\/wp-json\/wp\/v2\/pages\/4151&amp;text=Contemplaci%C3%B3n%20con%20Ignacio%20Larra%C3%B1aga%20\"  target=&quot;_blank&quot; ><img decoding=\"async\" src=\"https:\/\/home.tovpil.org\/wp-content\/plugins\/simple-share-buttons-adder\/buttons\/somacro\/twitter.png\" style=\"width: 35px;\" title=\"Twitter\" class=\"ssba ssba-img\" alt=\"Tweet about this on Twitter\" \/><div title=\"Twitter\" class=\"ssbp-text\">Twitter<\/div><\/a><a data-site='pinterest' class='ssba_pinterest_share' href='javascript:void((function()%7Bvar%20e=document.createElement(&apos;script&apos;);e.setAttribute(&apos;type&apos;,&apos;text\/javascript&apos;);e.setAttribute(&apos;charset&apos;,&apos;UTF-8&apos;);e.setAttribute(&apos;src&apos;,&apos;\/\/assets.pinterest.com\/js\/pinmarklet.js?r=&apos;+Math.random()*99999999);document.body.appendChild(e)%7D)());'><img decoding=\"async\" src=\"https:\/\/home.tovpil.org\/wp-content\/plugins\/simple-share-buttons-adder\/buttons\/somacro\/pinterest.png\" style=\"width: 35px;\" title=\"Pinterest\" class=\"ssba ssba-img\" alt=\"Pin on Pinterest\" \/><div title=\"Pinterest\" class=\"ssbp-text\">Pinterest<\/div><\/a><\/div><\/div><\/li>\n<\/ul>\n<p>[\/vc_column_text][\/vc_column][vc_column width=&#8221;4\/12&#8243;][vc_column_text el_class=&#8221;relacionados&#8221;]<\/p>\n<h6>Relacionados<\/h6>\n<p>[\/vc_column_text][vc_wp_custommenu nav_menu=&#8221;20&#8243;][\/vc_column][\/vc_row]<\/p>\n","protected":false},"excerpt":{"rendered":"<p>[vc_row][vc_column width=&#8221;2\/12&#8243;][vc_single_image image=&#8221;4026&#8243; img_size=&#8221;150x220px&#8221; alignment=&#8221;center&#8221; style=&#8221;vc_box_shadow_3d&#8221;][\/vc_column][vc_column width=&#8221;6\/12&#8243; el_class=&#8221;seccion-desarrollado&#8221;][vc_column_text]<\/p>\n<h1>Contemplaci\u00f3n con Ignacio Larra\u00f1a&#8230;<\/p>\n","protected":false},"author":1,"featured_media":0,"parent":1489,"menu_order":0,"comment_status":"closed","ping_status":"closed","template":"","meta":{"footnotes":""},"class_list":["post-4151","page","type-page","status-publish","hentry"],"_links":{"self":[{"href":"https:\/\/home.tovpil.org\/es_ES\/wp-json\/wp\/v2\/pages\/4151","targetHints":{"allow":["GET"]}}],"collection":[{"href":"https:\/\/home.tovpil.org\/es_ES\/wp-json\/wp\/v2\/pages"}],"about":[{"href":"https:\/\/home.tovpil.org\/es_ES\/wp-json\/wp\/v2\/types\/page"}],"author":[{"embeddable":true,"href":"https:\/\/home.tovpil.org\/es_ES\/wp-json\/wp\/v2\/users\/1"}],"replies":[{"embeddable":true,"href":"https:\/\/home.tovpil.org\/es_ES\/wp-json\/wp\/v2\/comments?post=4151"}],"version-history":[{"count":0,"href":"https:\/\/home.tovpil.org\/es_ES\/wp-json\/wp\/v2\/pages\/4151\/revisions"}],"up":[{"embeddable":true,"href":"https:\/\/home.tovpil.org\/es_ES\/wp-json\/wp\/v2\/pages\/1489"}],"wp:attachment":[{"href":"https:\/\/home.tovpil.org\/es_ES\/wp-json\/wp\/v2\/media?parent=4151"}],"curies":[{"name":"wp","href":"https:\/\/api.w.org\/{rel}","templated":true}]}}