{"id":590,"date":"2017-06-13T03:54:03","date_gmt":"2017-06-13T03:54:03","guid":{"rendered":"https:\/\/home.tovpil.org\/?page_id=590"},"modified":"2017-10-07T17:21:42","modified_gmt":"2017-10-07T17:21:42","slug":"el-matrimonio-feliz","status":"publish","type":"page","link":"https:\/\/home.tovpil.org\/es_ES\/fundador\/libros\/el-matrimonio-feliz\/","title":{"rendered":"El Matrimonio Feliz"},"content":{"rendered":"<p>[vc_row][vc_column width=&#8221;2\/12&#8243;][vc_single_image image=&#8221;273&#8243; img_size=&#8221;full&#8221; alignment=&#8221;center&#8221; style=&#8221;vc_box_shadow_3d&#8221;][\/vc_column][vc_column width=&#8221;6\/12&#8243; el_class=&#8221;seccion-desarrollado&#8221;][vc_column_text]<\/p>\n<h1>El Matrimonio Feliz<\/h1>\n<ul class=\"block-info\">\n<li class=\"ssba\"><!-- Simple Share Buttons Adder (7.5.19) simplesharebuttons.com --><div class=\"ssba-classic-2 ssba ssbp-wrap left ssbp--theme-1\"><div style=\"text-align:left\"><a data-site=\"\" class=\"ssba_facebook_share\" href=\"http:\/\/www.facebook.com\/sharer.php?u=https:\/\/home.tovpil.org\/es_ES\/wp-json\/wp\/v2\/pages\/590\"  target=\"_blank\" ><img decoding=\"async\" src=\"https:\/\/home.tovpil.org\/wp-content\/plugins\/simple-share-buttons-adder\/buttons\/somacro\/facebook.png\" style=\"width: 35px;\" title=\"Facebook\" class=\"ssba ssba-img\" alt=\"Share on Facebook\" \/><div title=\"Facebook\" class=\"ssbp-text\">Facebook<\/div><\/a><a data-site=\"\" class=\"ssba_twitter_share\" href=\"http:\/\/twitter.com\/share?url=https:\/\/home.tovpil.org\/es_ES\/wp-json\/wp\/v2\/pages\/590&amp;text=El%20Matrimonio%20Feliz%20\"  target=&quot;_blank&quot; ><img decoding=\"async\" src=\"https:\/\/home.tovpil.org\/wp-content\/plugins\/simple-share-buttons-adder\/buttons\/somacro\/twitter.png\" style=\"width: 35px;\" title=\"Twitter\" class=\"ssba ssba-img\" alt=\"Tweet about this on Twitter\" \/><div title=\"Twitter\" class=\"ssbp-text\">Twitter<\/div><\/a><a data-site='pinterest' class='ssba_pinterest_share' href='javascript:void((function()%7Bvar%20e=document.createElement(&apos;script&apos;);e.setAttribute(&apos;type&apos;,&apos;text\/javascript&apos;);e.setAttribute(&apos;charset&apos;,&apos;UTF-8&apos;);e.setAttribute(&apos;src&apos;,&apos;\/\/assets.pinterest.com\/js\/pinmarklet.js?r=&apos;+Math.random()*99999999);document.body.appendChild(e)%7D)());'><img decoding=\"async\" src=\"https:\/\/home.tovpil.org\/wp-content\/plugins\/simple-share-buttons-adder\/buttons\/somacro\/pinterest.png\" style=\"width: 35px;\" title=\"Pinterest\" class=\"ssba ssba-img\" alt=\"Pin on Pinterest\" \/><div title=\"Pinterest\" class=\"ssbp-text\">Pinterest<\/div><\/a><\/div><\/div><\/li>\n<\/ul>\n<p>Toda convivencia est\u00e1 sujeta al desgaste. El amor como sentimiento humano que es, no deja de tener un car\u00e1cter de fugacidad; el paso de la vida asedia y aminora el encanto del amor. \u00bfQu\u00e9 hacer para que el amor amanezca todas las ma\u00f1anas con cara nueva? \u00bfC\u00f3mo evitar ser devorados por el desencanto? \u00bfC\u00f3mo lograr que el matrimonio sea una perpetua fiesta? \u00bfQu\u00e9 pasos hay que dar para evitar que la dominaci\u00f3n-dependencia se instale sutilmente en el entramado de la relaci\u00f3n? \u00bfC\u00f3mo dejar fuera de combate al enemigo fundamental del amor, que es el ego\u00edsmo? \u00bfQu\u00e9 hacer para mantener alta y viva las llama del amor en las largas noches de invierno? \u00bfC\u00f3mo lograr coronar con \u00e9xito el complejo proceso de la mutua adaptaci\u00f3n? \u00bfC\u00f3mo evitar que los c\u00f3nyuges vivan juntos, pero distantes?. A estas y otras preguntas trata de dar respuesta este libro, escrito por uno de los m\u00e1s reputados especialistas en el dif\u00edcil mundo de las relaciones humanas.<\/p>\n<ul class=\"block-info\">\n<li class=\"ssba\"><!-- Simple Share Buttons Adder (7.5.19) simplesharebuttons.com --><div class=\"ssba-classic-2 ssba ssbp-wrap left ssbp--theme-1\"><div style=\"text-align:left\"><a data-site=\"\" class=\"ssba_facebook_share\" href=\"http:\/\/www.facebook.com\/sharer.php?u=https:\/\/home.tovpil.org\/es_ES\/wp-json\/wp\/v2\/pages\/590\"  target=\"_blank\" ><img decoding=\"async\" src=\"https:\/\/home.tovpil.org\/wp-content\/plugins\/simple-share-buttons-adder\/buttons\/somacro\/facebook.png\" style=\"width: 35px;\" title=\"Facebook\" class=\"ssba ssba-img\" alt=\"Share on Facebook\" \/><div title=\"Facebook\" class=\"ssbp-text\">Facebook<\/div><\/a><a data-site=\"\" class=\"ssba_twitter_share\" href=\"http:\/\/twitter.com\/share?url=https:\/\/home.tovpil.org\/es_ES\/wp-json\/wp\/v2\/pages\/590&amp;text=El%20Matrimonio%20Feliz%20\"  target=&quot;_blank&quot; ><img decoding=\"async\" src=\"https:\/\/home.tovpil.org\/wp-content\/plugins\/simple-share-buttons-adder\/buttons\/somacro\/twitter.png\" style=\"width: 35px;\" title=\"Twitter\" class=\"ssba ssba-img\" alt=\"Tweet about this on Twitter\" \/><div title=\"Twitter\" class=\"ssbp-text\">Twitter<\/div><\/a><a data-site='pinterest' class='ssba_pinterest_share' href='javascript:void((function()%7Bvar%20e=document.createElement(&apos;script&apos;);e.setAttribute(&apos;type&apos;,&apos;text\/javascript&apos;);e.setAttribute(&apos;charset&apos;,&apos;UTF-8&apos;);e.setAttribute(&apos;src&apos;,&apos;\/\/assets.pinterest.com\/js\/pinmarklet.js?r=&apos;+Math.random()*99999999);document.body.appendChild(e)%7D)());'><img decoding=\"async\" src=\"https:\/\/home.tovpil.org\/wp-content\/plugins\/simple-share-buttons-adder\/buttons\/somacro\/pinterest.png\" style=\"width: 35px;\" title=\"Pinterest\" class=\"ssba ssba-img\" alt=\"Pin on Pinterest\" \/><div title=\"Pinterest\" class=\"ssbp-text\">Pinterest<\/div><\/a><\/div><\/div><\/li>\n<\/ul>\n<p>[\/vc_column_text][\/vc_column][vc_column width=&#8221;4\/12&#8243;][vc_column_text el_class=&#8221;relacionados&#8221;]<\/p>\n<h6>Relacionados<\/h6>\n<p>[\/vc_column_text][vc_wp_custommenu nav_menu=&#8221;20&#8243;][\/vc_column][\/vc_row]<\/p>\n","protected":false},"excerpt":{"rendered":"<p>[vc_row][vc_column width=&#8221;2\/12&#8243;][vc_single_image image=&#8221;273&#8243; img_size=&#8221;full&#8221; alignment=&#8221;center&#8221; style=&#8221;vc_box_shadow_3d&#8221;][\/vc_column][vc_column width=&#8221;6\/12&#8243; el_class=&#8221;seccion-desarrollado&#8221;][vc_column_text]<\/p>\n<h1>El Matrimonio Feliz<\/h1>\n<ul class=\"bl... \n\n","protected":false},"author":1,"featured_media":0,"parent":221,"menu_order":0,"comment_status":"closed","ping_status":"closed","template":"","meta":{"footnotes":""},"class_list":["post-590","page","type-page","status-publish","hentry"],"_links":{"self":[{"href":"https:\/\/home.tovpil.org\/es_ES\/wp-json\/wp\/v2\/pages\/590","targetHints":{"allow":["GET"]}}],"collection":[{"href":"https:\/\/home.tovpil.org\/es_ES\/wp-json\/wp\/v2\/pages"}],"about":[{"href":"https:\/\/home.tovpil.org\/es_ES\/wp-json\/wp\/v2\/types\/page"}],"author":[{"embeddable":true,"href":"https:\/\/home.tovpil.org\/es_ES\/wp-json\/wp\/v2\/users\/1"}],"replies":[{"embeddable":true,"href":"https:\/\/home.tovpil.org\/es_ES\/wp-json\/wp\/v2\/comments?post=590"}],"version-history":[{"count":0,"href":"https:\/\/home.tovpil.org\/es_ES\/wp-json\/wp\/v2\/pages\/590\/revisions"}],"up":[{"embeddable":true,"href":"https:\/\/home.tovpil.org\/es_ES\/wp-json\/wp\/v2\/pages\/221"}],"wp:attachment":[{"href":"https:\/\/home.tovpil.org\/es_ES\/wp-json\/wp\/v2\/media?parent=590"}],"curies":[{"name":"wp","href":"https:\/\/api.w.org\/{rel}","templated":true}]}}