{"id":619,"date":"2017-06-13T20:22:35","date_gmt":"2017-06-13T20:22:35","guid":{"rendered":"https:\/\/home.tovpil.org\/?page_id=619"},"modified":"2018-02-20T20:23:02","modified_gmt":"2018-02-20T20:23:02","slug":"mision","status":"publish","type":"page","link":"https:\/\/home.tovpil.org\/es_ES\/quienes-somos\/mision\/","title":{"rendered":"Misi\u00f3n"},"content":{"rendered":"<p>[vc_row][vc_column width=&#8221;8\/12&#8243; el_class=&#8221;seccion-desarrollado&#8221;][vc_column_text]<\/p>\n<h1>Misi\u00f3n<\/h1>\n<ul class=\"block-info\">\n<li class=\"ssba\"><!-- Simple Share Buttons Adder (7.5.19) simplesharebuttons.com --><div class=\"ssba-classic-2 ssba ssbp-wrap left ssbp--theme-1\"><div style=\"text-align:left\"><a data-site=\"\" class=\"ssba_facebook_share\" href=\"http:\/\/www.facebook.com\/sharer.php?u=https:\/\/home.tovpil.org\/es_ES\/wp-json\/wp\/v2\/pages\/619\"  target=\"_blank\" ><img decoding=\"async\" src=\"https:\/\/home.tovpil.org\/wp-content\/plugins\/simple-share-buttons-adder\/buttons\/somacro\/facebook.png\" style=\"width: 35px;\" title=\"Facebook\" class=\"ssba ssba-img\" alt=\"Share on Facebook\" \/><div title=\"Facebook\" class=\"ssbp-text\">Facebook<\/div><\/a><a data-site=\"\" class=\"ssba_twitter_share\" href=\"http:\/\/twitter.com\/share?url=https:\/\/home.tovpil.org\/es_ES\/wp-json\/wp\/v2\/pages\/619&amp;text=Misi%C3%B3n%20\"  target=&quot;_blank&quot; ><img decoding=\"async\" src=\"https:\/\/home.tovpil.org\/wp-content\/plugins\/simple-share-buttons-adder\/buttons\/somacro\/twitter.png\" style=\"width: 35px;\" title=\"Twitter\" class=\"ssba ssba-img\" alt=\"Tweet about this on Twitter\" \/><div title=\"Twitter\" class=\"ssbp-text\">Twitter<\/div><\/a><a data-site='pinterest' class='ssba_pinterest_share' href='javascript:void((function()%7Bvar%20e=document.createElement(&apos;script&apos;);e.setAttribute(&apos;type&apos;,&apos;text\/javascript&apos;);e.setAttribute(&apos;charset&apos;,&apos;UTF-8&apos;);e.setAttribute(&apos;src&apos;,&apos;\/\/assets.pinterest.com\/js\/pinmarklet.js?r=&apos;+Math.random()*99999999);document.body.appendChild(e)%7D)());'><img decoding=\"async\" src=\"https:\/\/home.tovpil.org\/wp-content\/plugins\/simple-share-buttons-adder\/buttons\/somacro\/pinterest.png\" style=\"width: 35px;\" title=\"Pinterest\" class=\"ssba ssba-img\" alt=\"Pin on Pinterest\" \/><div title=\"Pinterest\" class=\"ssbp-text\">Pinterest<\/div><\/a><\/div><\/div><\/li>\n<\/ul>\n<p>Este servicio de los Talleres de Oraci\u00f3n y Vida, reconocido y probado por la Santa Sede en 1997 y confirmado, seg\u00fan Decreto de Aprobaci\u00f3n dado por el Concejo Pontificio para los laicos el 4 de octubre de 2002, constituyen la cumbre y coronaci\u00f3n de toda la actividad apost\u00f3lica del Padre Larra\u00f1aga, por su fuerza expansiva, por sus frutos y por el alto aprecio hacia los mismos, manifestado por la Santa Sede y los Obispos.<\/p>\n<p>Con m\u00e1s de 18.000 Gu\u00edas actuando en el mundo entero, a trav\u00e9s de los TOV, est\u00e1n ense\u00f1ando a la gente a orar, de una manera experimental y progresiva, introduci\u00e9ndolos en la oraci\u00f3n lit\u00fargica y en la vida sacramental.[\/vc_column_text][vc_row_inner css=&#8221;.vc_custom_1497388618173{margin-top: 20px !important;}&#8221;][vc_column_inner width=&#8221;1\/2&#8243;][vc_single_image image=&#8221;630&#8243; img_size=&#8221;full&#8221; alignment=&#8221;center&#8221; style=&#8221;vc_box_shadow_3d&#8221;][\/vc_column_inner][vc_column_inner width=&#8221;1\/2&#8243;][vc_column_text]La misi\u00f3n del Gu\u00eda es la de implantar a Dios vivo en los corazones, y al mismo tiempo abrir un manantial de paz, de fortaleza y de alegr\u00eda en estos mismos corazones. Por un lado es una tarea eminentemente evangelizadora y, por otro lado, es una tarea eminentemente humanitaria.[\/vc_column_text][\/vc_column_inner][\/vc_row_inner][vc_column_text]<\/p>\n<h3>Puntos Claves<\/h3>\n<p>[\/vc_column_text][vc_column_text]1. Basado en la Biblia: Talleres de Oraci\u00f3n y Vida es un m\u00e9todo de evangelizaci\u00f3n que est\u00e1 \u00edntegramente basado en la Palabra. El eje de cada sesi\u00f3n es la lectura y meditaci\u00f3n de la Palabra. Para todos los d\u00edas de la semana, durante cuatro meses, se les se\u00f1ala a los participantes, textos del Antiguo y Nuevo Testamento para meditarlos y rezarlos en sus casas, con una pedagog\u00eda especial, con un maravilloso instrumento que se llama Peque\u00f1a Pedagog\u00eda para meditar y vivir la Palabra.<\/p>\n<p>2. Con Cristo como centro: Jesucristo es, en los Talleres, el principio, el centro y la meta para pensar, sentir, actuar y amar como Jes\u00fas, con la eterna pregunta en el coraz\u00f3n: &#8220;\u00bfQu\u00e9 har\u00eda Jes\u00fas en mi lugar?&#8221;.<\/p>\n<p>3. Fuente de vocaciones apost\u00f3licas: toda experiencia acaba en testimonio. El taller quiere ser no s\u00f3lo escuela de formaci\u00f3n, sino tambi\u00e9n escuela apost\u00f3lica, de tal manera que los participantes, una vez constituidos en disc\u00edpulos y amigos de Jes\u00eds, participen directamente de la misi\u00f3n sacerdotal, prof\u00e9tica y regia de Cristo Jes\u00eds, y donde quiera que se hagan presentes, implanten el Reino de Dios con su presencia, conducta, palabra y acci\u00f3n. De esta manera los Talleres se convierten en instrumentos de vitalizaci\u00f3n de la Iglesia local.<\/p>\n<p>4. Servicio exclusivamente laical: los Talleres, convencidos de que s\u00f3lo con una autonom\u00eda completa tendr\u00edan un laicado maduro, apostaron desde el principio por los laicos, entreg\u00e1ndoles la responsabilidad integral para organizar y gobernar el servicio de los Talleres en el mundo entero. Siendo un servicio eminentemente laical, siempre hemos insistido firmemente en el prop\u00f3sito de establecer y mantener unas relaciones fluidas y afectuosas con los Obispos y P\u00e1rrocos.<\/p>\n<p>5. Car\u00e1cter totalmente pr\u00e1ctico y experimental: el Taller no es una doctrina; tampoco una teor\u00eda o teolog\u00eda. El taller funciona a base de orientaciones de vida y puesta en pr\u00e1ctica. Se trata de una pedagog\u00eda experimental, tanto durante la sesi\u00f3n como en la pr\u00e1ctica semanal en casa. Orar no consiste en una reflexi\u00f3n intelectual, es una actividad vital, y las cosas de la vida se aprenden vivi\u00e9ndolas, practic\u00e1ndolas. Por este car\u00e1cter pr\u00e1ctico hablamos de Taller, porque as\u00ed como cualquier taller se aprende trabajando y se trabaja aprendiendo, en nuestro caso, orando se aprende a orar.<\/p>\n<p>6. Actividad orante paso a paso y adaptada a la persona: la oraci\u00f3n, adem\u00e1s de gracia, es arte. Y como arte, est\u00e1 sometida a un aprendizaje met\u00f3dico y progresivo. Por eso nos hemos esforzado por colocar en la organizaci\u00f3n interna del Taller objetivos claros, una pedagog\u00eda progresiva, contenidos y mucha disciplina.[\/vc_column_text][vc_row_inner css=&#8221;.vc_custom_1497389312414{margin-top: 20px !important;}&#8221;][vc_column_inner width=&#8221;1\/2&#8243; css=&#8221;.vc_custom_1497389349683{margin-top: 10px !important;}&#8221;][vc_column_text]7. Taller liberador y sanador a trav\u00e9s del conocimiento de Dios y de uno: a trav\u00e9s de una vivencia del Abandono, el participante va llegando a una profunda paz; y por medio de mensajes y ejercicios, el participante llega paulatinamente a liberarse de tristezas y angustias, sanarse de las heridas, superar complejos y miedos, recuperando el sentido de la vida y la alegr\u00eda de vivir.[\/vc_column_text][\/vc_column_inner][vc_column_inner width=&#8221;1\/2&#8243;][vc_single_image image=&#8221;637&#8243; img_size=&#8221;full&#8221; alignment=&#8221;center&#8221; style=&#8221;vc_box_shadow_3d&#8221;][\/vc_column_inner][\/vc_row_inner][vc_column_text css=&#8221;.vc_custom_1519158177442{margin-top: 20px !important;}&#8221;]8. Transformaci\u00f3n a la luz de la palabra: el Taller toma al participante y, a la luz de la Palabra, lo introduce en un complejo entramado de reflexi\u00f3n, oraci\u00f3n, mensaje evang\u00e9lico y an\u00e1lisis de la propia vida. En este contexto, el participante, casi sin darse cuenta, es arrastrado a una transformaci\u00f3n vital. El bien y el mal nacen en el coraz\u00f3n. El taller aborda al coraz\u00f3n y lo transforma en un baluarte de armon\u00eda, serenidad y paz. Desde el coraz\u00f3n convertido estos dones se irradian a la familia, y de la familia a la sociedad. Quien transforma un coraz\u00f3n, transforma al mundo.<\/p>\n<p>9. Compromiso con los pobres: Cristo quiso identificarse de manera preferente con los necesitados de todos los tiempos (Mateo 25, 31-46). Son los pobres el lugar privilegiado donde Dios se manifiesta. Los Talleres quieren hacer lo que Jes\u00fas hizo, sus preferidos ser\u00e1n nuestros preferidos, sus objetivos, nuestros objetivos. Tambi\u00e9n nosotros queremos bajar de la monta\u00f1a de la oraci\u00f3n y hacernos presentes con la Palabra y la presencia, preferentemente en el pueblo de los \u00faltimos, para defender a los d\u00e9biles, liberar a los cautivos y anunciar un a\u00f1o de gracia y salvaci\u00f3n, como dice Isa\u00edas.<\/p>\n<p>10. Promoci\u00f3n de valores del evangelio.<\/p>\n<ul class=\"block-info\">\n<li class=\"ssba\"><!-- Simple Share Buttons Adder (7.5.19) simplesharebuttons.com --><div class=\"ssba-classic-2 ssba ssbp-wrap left ssbp--theme-1\"><div style=\"text-align:left\"><a data-site=\"\" class=\"ssba_facebook_share\" href=\"http:\/\/www.facebook.com\/sharer.php?u=https:\/\/home.tovpil.org\/es_ES\/wp-json\/wp\/v2\/pages\/619\"  target=\"_blank\" ><img decoding=\"async\" src=\"https:\/\/home.tovpil.org\/wp-content\/plugins\/simple-share-buttons-adder\/buttons\/somacro\/facebook.png\" style=\"width: 35px;\" title=\"Facebook\" class=\"ssba ssba-img\" alt=\"Share on Facebook\" \/><div title=\"Facebook\" class=\"ssbp-text\">Facebook<\/div><\/a><a data-site=\"\" class=\"ssba_twitter_share\" href=\"http:\/\/twitter.com\/share?url=https:\/\/home.tovpil.org\/es_ES\/wp-json\/wp\/v2\/pages\/619&amp;text=Misi%C3%B3n%20\"  target=&quot;_blank&quot; ><img decoding=\"async\" src=\"https:\/\/home.tovpil.org\/wp-content\/plugins\/simple-share-buttons-adder\/buttons\/somacro\/twitter.png\" style=\"width: 35px;\" title=\"Twitter\" class=\"ssba ssba-img\" alt=\"Tweet about this on Twitter\" \/><div title=\"Twitter\" class=\"ssbp-text\">Twitter<\/div><\/a><a data-site='pinterest' class='ssba_pinterest_share' href='javascript:void((function()%7Bvar%20e=document.createElement(&apos;script&apos;);e.setAttribute(&apos;type&apos;,&apos;text\/javascript&apos;);e.setAttribute(&apos;charset&apos;,&apos;UTF-8&apos;);e.setAttribute(&apos;src&apos;,&apos;\/\/assets.pinterest.com\/js\/pinmarklet.js?r=&apos;+Math.random()*99999999);document.body.appendChild(e)%7D)());'><img decoding=\"async\" src=\"https:\/\/home.tovpil.org\/wp-content\/plugins\/simple-share-buttons-adder\/buttons\/somacro\/pinterest.png\" style=\"width: 35px;\" title=\"Pinterest\" class=\"ssba ssba-img\" alt=\"Pin on Pinterest\" \/><div title=\"Pinterest\" class=\"ssbp-text\">Pinterest<\/div><\/a><\/div><\/div><\/li>\n<\/ul>\n<p>[\/vc_column_text][\/vc_column][vc_column width=&#8221;4\/12&#8243;][vc_column_text el_class=&#8221;relacionados&#8221;]<\/p>\n<h6>Relacionados<\/h6>\n<p>[\/vc_column_text][vc_wp_custommenu nav_menu=&#8221;23&#8243;][\/vc_column][\/vc_row]<\/p>\n","protected":false},"excerpt":{"rendered":"<p>[vc_row][vc_column width=&#8221;8\/12&#8243; el_class=&#8221;seccion-desarrollado&#8221;][vc_column_text]<\/p>\n<h1>Misi\u00f3n<\/h1>\n<ul class=\"block-info\">\n<li class=\"ssba\">[ssba]<\/li>\n<\/ul>\n<p>Este servicio de los Talleres de Oraci\u00f3n y Vida, reconocido y probado por la Santa Sede&#8230;<\/p>\n","protected":false},"author":1,"featured_media":0,"parent":880,"menu_order":0,"comment_status":"closed","ping_status":"closed","template":"","meta":{"footnotes":""},"class_list":["post-619","page","type-page","status-publish","hentry"],"_links":{"self":[{"href":"https:\/\/home.tovpil.org\/es_ES\/wp-json\/wp\/v2\/pages\/619","targetHints":{"allow":["GET"]}}],"collection":[{"href":"https:\/\/home.tovpil.org\/es_ES\/wp-json\/wp\/v2\/pages"}],"about":[{"href":"https:\/\/home.tovpil.org\/es_ES\/wp-json\/wp\/v2\/types\/page"}],"author":[{"embeddable":true,"href":"https:\/\/home.tovpil.org\/es_ES\/wp-json\/wp\/v2\/users\/1"}],"replies":[{"embeddable":true,"href":"https:\/\/home.tovpil.org\/es_ES\/wp-json\/wp\/v2\/comments?post=619"}],"version-history":[{"count":1,"href":"https:\/\/home.tovpil.org\/es_ES\/wp-json\/wp\/v2\/pages\/619\/revisions"}],"predecessor-version":[{"id":5234,"href":"https:\/\/home.tovpil.org\/es_ES\/wp-json\/wp\/v2\/pages\/619\/revisions\/5234"}],"up":[{"embeddable":true,"href":"https:\/\/home.tovpil.org\/es_ES\/wp-json\/wp\/v2\/pages\/880"}],"wp:attachment":[{"href":"https:\/\/home.tovpil.org\/es_ES\/wp-json\/wp\/v2\/media?parent=619"}],"curies":[{"name":"wp","href":"https:\/\/api.w.org\/{rel}","templated":true}]}}