{"id":643,"date":"2017-06-13T21:48:16","date_gmt":"2017-06-13T21:48:16","guid":{"rendered":"https:\/\/home.tovpil.org\/?page_id=643"},"modified":"2017-10-19T20:36:34","modified_gmt":"2017-10-19T20:36:34","slug":"el-vaticano","status":"publish","type":"page","link":"https:\/\/home.tovpil.org\/es_ES\/quienes-somos\/el-vaticano\/","title":{"rendered":"El Vaticano y los TOV"},"content":{"rendered":"<p>[vc_row][vc_column width=&#8221;8\/12&#8243; el_class=&#8221;seccion-desarrollado&#8221;][vc_column_text]<\/p>\n<h1>El Vaticano y los TOV<\/h1>\n<ul class=\"block-info\">\n<li class=\"ssba\"><!-- Simple Share Buttons Adder (7.5.19) simplesharebuttons.com --><div class=\"ssba-classic-2 ssba ssbp-wrap left ssbp--theme-1\"><div style=\"text-align:left\"><a data-site=\"\" class=\"ssba_facebook_share\" href=\"http:\/\/www.facebook.com\/sharer.php?u=https:\/\/home.tovpil.org\/es_ES\/wp-json\/wp\/v2\/pages\/643\"  target=\"_blank\" ><img decoding=\"async\" src=\"https:\/\/home.tovpil.org\/wp-content\/plugins\/simple-share-buttons-adder\/buttons\/somacro\/facebook.png\" style=\"width: 35px;\" title=\"Facebook\" class=\"ssba ssba-img\" alt=\"Share on Facebook\" \/><div title=\"Facebook\" class=\"ssbp-text\">Facebook<\/div><\/a><a data-site=\"\" class=\"ssba_twitter_share\" href=\"http:\/\/twitter.com\/share?url=https:\/\/home.tovpil.org\/es_ES\/wp-json\/wp\/v2\/pages\/643&amp;text=El%20Vaticano%20y%20los%20TOV%20\"  target=&quot;_blank&quot; ><img decoding=\"async\" src=\"https:\/\/home.tovpil.org\/wp-content\/plugins\/simple-share-buttons-adder\/buttons\/somacro\/twitter.png\" style=\"width: 35px;\" title=\"Twitter\" class=\"ssba ssba-img\" alt=\"Tweet about this on Twitter\" \/><div title=\"Twitter\" class=\"ssbp-text\">Twitter<\/div><\/a><a data-site='pinterest' class='ssba_pinterest_share' href='javascript:void((function()%7Bvar%20e=document.createElement(&apos;script&apos;);e.setAttribute(&apos;type&apos;,&apos;text\/javascript&apos;);e.setAttribute(&apos;charset&apos;,&apos;UTF-8&apos;);e.setAttribute(&apos;src&apos;,&apos;\/\/assets.pinterest.com\/js\/pinmarklet.js?r=&apos;+Math.random()*99999999);document.body.appendChild(e)%7D)());'><img decoding=\"async\" src=\"https:\/\/home.tovpil.org\/wp-content\/plugins\/simple-share-buttons-adder\/buttons\/somacro\/pinterest.png\" style=\"width: 35px;\" title=\"Pinterest\" class=\"ssba ssba-img\" alt=\"Pin on Pinterest\" \/><div title=\"Pinterest\" class=\"ssbp-text\">Pinterest<\/div><\/a><\/div><\/div><\/li>\n<\/ul>\n<p>L&#8217;Osservatore Romano<\/p>\n<p>El Consejo Pontificio para los Laicos otorga la aprobaci\u00f3n a la Asociaci\u00f3n Internacional Privada de &#8220;Talleres de Oraci\u00f3n y Vida&#8221;.[\/vc_column_text][vc_row_inner css=&#8221;.vc_custom_1497390869686{margin-top: 20px !important;}&#8221;][vc_column_inner width=&#8221;1\/2&#8243;][vc_single_image image=&#8221;645&#8243; img_size=&#8221;full&#8221; alignment=&#8221;center&#8221; style=&#8221;vc_box_shadow_3d&#8221;][\/vc_column_inner][vc_column_inner width=&#8221;1\/2&#8243;][vc_column_text]&#8221;El pasado 15 de octubre de 1997, el Consejo Pontificio para los Laicos, presidido por Mons. James Francis Stafford, Arzobispo Em\u00e9rito de Denver (Estados Unidos), reconoci\u00f3 oficialmente como Asociaci\u00f3n Internacional Privada, de Derecho Pontificio, a los Talleres de Oraci\u00f3n y Vida, fundados en 1984 por el capuchino espa\u00f1ol P. Ignacio Larra\u00f1aga Orbegozo.&#8221;<\/p>\n<p>La aprobaci\u00f3n, dijeron los responsables del Dicasterio Pontificio al entregar el documento, ya hab\u00eda sido dada por los m\u00e1s de 1.500 testimonios que nos han llegado de Obispos y p\u00e1rrocos de 40 pa\u00edses de todo el mundo; nosotros s\u00f3lo nos hemos limitado a confirmarla.[\/vc_column_text][\/vc_column_inner][\/vc_row_inner][vc_column_text css=&#8221;.vc_custom_1497391166955{margin-top: 20px !important;}&#8221;]Los Talleres, ha explicado el fundador, son un servicio a la Iglesia, pero un servicio que tiene una finalidad muy precisa: ense\u00f1ar a orar de modo ordenado y progresivo, en el sentido de que se va desde las primeras experiencias de los principiantes hasta la contemplaci\u00f3n. Entre los cristianos, en general, se reflexiona bastante sobre la Palabra de Dios y se hace bastante hincapi\u00e9 en catequesis. in embargo, no se ense\u00f1a a orar, por lo menos de modo sistem\u00e1tico y pr\u00e1ctico.<\/p>\n<p>Los Talleres quieren hacerlo mediante un curso que consta de quince sesiones, que se celebran una vez por semana y duran dos horas; no se trata de un curso te\u00f3rico sino concreto y pr\u00e1ctico, precisamente como sucede en un taller, en el que se aprende trabajando y se trabaja aprendiendo. Nuestro movimiento ense\u00f1a a orar, orando.<\/p>\n<p>Decreto del Vaticano<\/p>\n<p>Pontificium Concilium Pro Laicis<\/p>\n<p>1607\/02\/S-61\/B-83[\/vc_column_text][vc_column_text css=&#8221;.vc_custom_1506937178243{margin-top: 40px !important;border-bottom-width: 1px !important;border-bottom-color: #f59f1d !important;border-bottom-style: dashed !important;}&#8221; el_class=&#8221;dash-bottom-na&#8221;]<\/p>\n<h3>Decreto<\/h3>\n<p>[\/vc_column_text][vc_row_inner css=&#8221;.vc_custom_1497393142209{margin-top: 20px !important;}&#8221;][vc_column_inner][vc_column_text]Los Talleres de Oraci\u00f3n y Vida comenzaron su andadura en 1984, mientras su fundador el Rvdo. P. Fr. Ignacio Larra\u00f1aga Orbegozo, O.F.M. Cap., recorr\u00eda numerosos pa\u00edses del mundo ejercitando su ministerio pastoral y sintiendo la necesidad de ayudar a las almas a introducirse en el trato personal con Dios para que le puedan conocer, con el fin de hacer de cada cristiano un amigo y disc\u00edpulo del Se\u00f1or. Desde entonces, los Talleres de Oraci\u00f3n y Vida han conocido una gran expansi\u00f3n en varios continentes.[\/vc_column_text][vc_single_image image=&#8221;660&#8243; img_size=&#8221;full&#8221; alignment=&#8221;center&#8221; style=&#8221;vc_box_shadow_3d&#8221;][vc_column_text css=&#8221;.vc_custom_1497393591237{margin-top: 20px !important;}&#8221;]Los Talleres de Oraci\u00f3n y Vida constituyen un servicio a la Iglesia y tienen como objetivo primordial ense\u00f1ar a los fieles a orar de un modo ordenado y progresivo, a trav\u00e9s de cursos eminentemente pr\u00e1cticos, al modo de un taller, en los que se aprende a rezar rezando. Con su ejemplo, Cristo atrae a sus disc\u00edpulos a la vida de oraci\u00f3n (cfr. Lc 11,1). (Catecismo de la Iglesia Cat\u00f3lica, 2607). Adem\u00e1s, con palabras del Concilio Ecum\u00e9nico Vaticano II, (Constituci\u00f3n Sacrosanctum Concilium, sobre la Sagrada Liturgia, 10).<\/p>\n<p>Adem\u00e1s de introducir paulatinamente a sus miembros en la vida de oraci\u00f3n, haciendo una s\u00edntesis vital con las actividades temporales ordinarias, son tambi\u00e9n objetivos propios de los Talleres de Oraci\u00f3n y Vida la concienciaci\u00f3n en sus integrantes de la dignidad recibida con el sacramento del Bautismo y de su responsabilidad en la Iglesia y en el mundo, convirtiendo cada Taller en un semillero de vocaciones al apostolado laical al servicio de las Di\u00f3cesis y Parroquias, transmitiendo con la Palabra y la presencia, el amor del Padre a todos los hombres, en especial a los m\u00e1s necesitados (cfr. Estatutos, 4).<\/p>\n<p>Tanto el Concilio Ecum\u00e9nico Vaticano II como el magisterio post-conciliar, han prestado especial atenci\u00f3n a las formas asociativas de participaci\u00f3n en la vida de la Iglesia, manifestando hacia ellas su m\u00e1s profunda estima y consideraci\u00f3n (cfr. Decreto sobre el apostolado de los laicos, Apostolicam Actuositatem, 18, 19 y 21: Juan Pablo II, Exhortaci\u00f3n apost\u00f3lica post-sinodal Christifideles Laici, 29).<\/p>\n<p>En este mismo sentido, al comienzo del nuevo milenio, Su Santidad el Papa Juan Pablo II ha escrito que (Carta apost\u00f3lica Novo Millennio Ineunte, 46).<\/p>\n<p>Por tanto:<\/p>\n<p>Considerando que el Consejo Pontificio para los Laicos, mediante decreto de fecha 4 de octubre de 1997, reconoci\u00f3 los Talleres de Oraci\u00f3n y Vida como Asociaci\u00f3n Privada Internacional de Fieles de Derecho Pontificio, con personalidad jur\u00eddica, y aprob\u00f3 sus Estatutos por un per\u00edodo ad experimentum de cinco a\u00f1os;<\/p>\n<p>Habiendo transcurrido este per\u00edodo de tiempo y atendiendo a la instancia presentada a este Dicasterio con fecha 20 de mayo de 2002 por D\u00f1a. Margarita Cano Urcelay, Coordinadora Internacional de los Talleres de Oraci\u00f3n y Vida, en la que solicita la aprobaci\u00f3n definitiva de los Estatutos;<\/p>\n<p>Acogiendo, as\u00ed mismo, las modificaciones presentadas al texto de los Estatutos;<\/p>\n<p>Considerando la extensi\u00f3n y la profundidad de las actividades formativas y apost\u00f3licas desarrolladas durante estos a\u00f1os por los Talleres de Oraci\u00f3n y Vida;<\/p>\n<p>Vistos los art\u00edculos 131-134 de la Constituci\u00f3n Apost\u00f3lica Pastor Bonus, sobre la Curia Romana, as\u00ed como el canon 312, \u00a7 1, 1\u00b0 del C\u00f3digo de Derecho Can\u00f3nico.[\/vc_column_text][\/vc_column_inner][\/vc_row_inner][vc_column_text css=&#8221;.vc_custom_1506937241872{margin-top: 40px !important;margin-bottom: 20px !important;border-bottom-width: 1px !important;border-bottom-color: #f59f1d !important;border-bottom-style: dashed !important;}&#8221; el_class=&#8221;dash-bottom-na&#8221;]<\/p>\n<h3>El Consejo Pont\u00edficio para los Laicos Decreta<\/h3>\n<p>[\/vc_column_text][vc_row_inner][vc_column_inner width=&#8221;1\/2&#8243;][vc_single_image image=&#8221;668&#8243; img_size=&#8221;full&#8221; alignment=&#8221;center&#8221; style=&#8221;vc_box_shadow_3d&#8221;][\/vc_column_inner][vc_column_inner width=&#8221;1\/2&#8243;][vc_column_text]1. La confirmaci\u00f3n del reconocimiento de los Talleres de Oraci\u00f3n y Vida como Asociaci\u00f3n Privada Internacional de Fieles de Derecho Pontificio, con personalidad jur\u00eddica, seg\u00fan los c\u00e1nones 298-311 y 321-329 del C\u00f3digo de Derecho Can\u00f3nico.<\/p>\n<p>2. La aprobaci\u00f3n definitiva de los Estatutos de los Talleres de Oraci\u00f3n y Vida, cuyo original se encuentra depositado en los archivos de este Dicasterio.[\/vc_column_text][\/vc_column_inner][\/vc_row_inner][vc_column_text css=&#8221;.vc_custom_1508445390790{margin-top: 20px !important;}&#8221;]Dado en la Ciudad del Vaticano, a cuatro de octubre de dos mil dos, memoria lit\u00fargica de San Francisco de As\u00eds.<\/p>\n<ul class=\"block-info\">\n<li class=\"ssba\"><!-- Simple Share Buttons Adder (7.5.19) simplesharebuttons.com --><div class=\"ssba-classic-2 ssba ssbp-wrap left ssbp--theme-1\"><div style=\"text-align:left\"><a data-site=\"\" class=\"ssba_facebook_share\" href=\"http:\/\/www.facebook.com\/sharer.php?u=https:\/\/home.tovpil.org\/es_ES\/wp-json\/wp\/v2\/pages\/643\"  target=\"_blank\" ><img decoding=\"async\" src=\"https:\/\/home.tovpil.org\/wp-content\/plugins\/simple-share-buttons-adder\/buttons\/somacro\/facebook.png\" style=\"width: 35px;\" title=\"Facebook\" class=\"ssba ssba-img\" alt=\"Share on Facebook\" \/><div title=\"Facebook\" class=\"ssbp-text\">Facebook<\/div><\/a><a data-site=\"\" class=\"ssba_twitter_share\" href=\"http:\/\/twitter.com\/share?url=https:\/\/home.tovpil.org\/es_ES\/wp-json\/wp\/v2\/pages\/643&amp;text=El%20Vaticano%20y%20los%20TOV%20\"  target=&quot;_blank&quot; ><img decoding=\"async\" src=\"https:\/\/home.tovpil.org\/wp-content\/plugins\/simple-share-buttons-adder\/buttons\/somacro\/twitter.png\" style=\"width: 35px;\" title=\"Twitter\" class=\"ssba ssba-img\" alt=\"Tweet about this on Twitter\" \/><div title=\"Twitter\" class=\"ssbp-text\">Twitter<\/div><\/a><a data-site='pinterest' class='ssba_pinterest_share' href='javascript:void((function()%7Bvar%20e=document.createElement(&apos;script&apos;);e.setAttribute(&apos;type&apos;,&apos;text\/javascript&apos;);e.setAttribute(&apos;charset&apos;,&apos;UTF-8&apos;);e.setAttribute(&apos;src&apos;,&apos;\/\/assets.pinterest.com\/js\/pinmarklet.js?r=&apos;+Math.random()*99999999);document.body.appendChild(e)%7D)());'><img decoding=\"async\" src=\"https:\/\/home.tovpil.org\/wp-content\/plugins\/simple-share-buttons-adder\/buttons\/somacro\/pinterest.png\" style=\"width: 35px;\" title=\"Pinterest\" class=\"ssba ssba-img\" alt=\"Pin on Pinterest\" \/><div title=\"Pinterest\" class=\"ssbp-text\">Pinterest<\/div><\/a><\/div><\/div><\/li>\n<\/ul>\n<p>[\/vc_column_text][\/vc_column][vc_column width=&#8221;4\/12&#8243;][vc_column_text el_class=&#8221;relacionados&#8221;]<\/p>\n<h6>Relacionados<\/h6>\n<p>[\/vc_column_text][vc_wp_custommenu nav_menu=&#8221;23&#8243;][\/vc_column][\/vc_row]<\/p>\n","protected":false},"excerpt":{"rendered":"<p>[vc_row][vc_column width=&#8221;8\/12&#8243; el_class=&#8221;seccion-desarrollado&#8221;][vc_column_text]<\/p>\n<h1>El Vaticano y los TOV<\/h1>\n<ul class=\"block-info\">\n<li class=\"ssba\">[ssba]<\/li>\n<\/ul>\n<p>L&#8217;Osservatore Romano<\/p>\n<p>El Consejo Pontificio para los Laicos otorga la &#8230;<\/p>\n","protected":false},"author":1,"featured_media":0,"parent":880,"menu_order":0,"comment_status":"closed","ping_status":"closed","template":"","meta":{"footnotes":""},"class_list":["post-643","page","type-page","status-publish","hentry"],"_links":{"self":[{"href":"https:\/\/home.tovpil.org\/es_ES\/wp-json\/wp\/v2\/pages\/643","targetHints":{"allow":["GET"]}}],"collection":[{"href":"https:\/\/home.tovpil.org\/es_ES\/wp-json\/wp\/v2\/pages"}],"about":[{"href":"https:\/\/home.tovpil.org\/es_ES\/wp-json\/wp\/v2\/types\/page"}],"author":[{"embeddable":true,"href":"https:\/\/home.tovpil.org\/es_ES\/wp-json\/wp\/v2\/users\/1"}],"replies":[{"embeddable":true,"href":"https:\/\/home.tovpil.org\/es_ES\/wp-json\/wp\/v2\/comments?post=643"}],"version-history":[{"count":0,"href":"https:\/\/home.tovpil.org\/es_ES\/wp-json\/wp\/v2\/pages\/643\/revisions"}],"up":[{"embeddable":true,"href":"https:\/\/home.tovpil.org\/es_ES\/wp-json\/wp\/v2\/pages\/880"}],"wp:attachment":[{"href":"https:\/\/home.tovpil.org\/es_ES\/wp-json\/wp\/v2\/media?parent=643"}],"curies":[{"name":"wp","href":"https:\/\/api.w.org\/{rel}","templated":true}]}}