{"id":7,"date":"2018-05-04T09:45:59","date_gmt":"2018-05-04T09:45:59","guid":{"rendered":"https:\/\/home.tovpil.org\/?page_id=7"},"modified":"2025-07-26T14:36:29","modified_gmt":"2025-07-26T14:36:29","slug":"home","status":"publish","type":"page","link":"https:\/\/home.tovpil.org\/es_ES\/","title":{"rendered":"Inicio"},"content":{"rendered":"<p>Abandono, camino de alta velocidad.<br \/>\nEl abandono es el camino m\u00e1s seguro porque es extraordinariamente simple. Es tambi\u00e9n universal porque todas las posibles emergencias de la vida est\u00e1n incluidas ah\u00ed. No hay peligro de ilusiones, ya que, en esta \u00f3ptica, se contempla la realidad pura y desnuda, con objetividad y sabidur\u00eda. Donde hay sabidur\u00eda, no hay ilusiones. La ilusi\u00f3n de la omnipotencia infantil y todas las hijas de la impaciencia se vienen al suelo como las flores del almendro al golpe del cierzo.<br \/>\nEl abandono hace vivir en alto voltaje la fe pura y el amor puro. Fe pura, porque atravesando el bosque de las apariencias descubre la realidad invisible, fundante y sustentadora. Amor puro porque se asumen con paz los golpes que hieren y duelen.<\/p>\n","protected":false},"excerpt":{"rendered":"<p>Abandono, camino de alta velocidad.<br \/>\nEl abandono es el camino m\u00e1s seguro porque es extraordinariamente simple. Es tambi\u00e9n universal porque todas las posibles emergencias de la vida est\u00e1n incluidas ah\u00ed. No hay peligro de ilusiones, ya que, en esta \u00f3&#8230;<\/p>\n","protected":false},"author":1,"featured_media":0,"parent":0,"menu_order":0,"comment_status":"closed","ping_status":"closed","template":"","meta":{"footnotes":""},"class_list":["post-7","page","type-page","status-publish","hentry"],"_links":{"self":[{"href":"https:\/\/home.tovpil.org\/es_ES\/wp-json\/wp\/v2\/pages\/7","targetHints":{"allow":["GET"]}}],"collection":[{"href":"https:\/\/home.tovpil.org\/es_ES\/wp-json\/wp\/v2\/pages"}],"about":[{"href":"https:\/\/home.tovpil.org\/es_ES\/wp-json\/wp\/v2\/types\/page"}],"author":[{"embeddable":true,"href":"https:\/\/home.tovpil.org\/es_ES\/wp-json\/wp\/v2\/users\/1"}],"replies":[{"embeddable":true,"href":"https:\/\/home.tovpil.org\/es_ES\/wp-json\/wp\/v2\/comments?post=7"}],"version-history":[{"count":1024,"href":"https:\/\/home.tovpil.org\/es_ES\/wp-json\/wp\/v2\/pages\/7\/revisions"}],"predecessor-version":[{"id":15664,"href":"https:\/\/home.tovpil.org\/es_ES\/wp-json\/wp\/v2\/pages\/7\/revisions\/15664"}],"wp:attachment":[{"href":"https:\/\/home.tovpil.org\/es_ES\/wp-json\/wp\/v2\/media?parent=7"}],"curies":[{"name":"wp","href":"https:\/\/api.w.org\/{rel}","templated":true}]}}