{"id":701,"date":"2017-06-13T23:45:53","date_gmt":"2017-06-13T23:45:53","guid":{"rendered":"https:\/\/home.tovpil.org\/?page_id=701"},"modified":"2017-12-26T22:25:27","modified_gmt":"2017-12-26T22:25:27","slug":"audios","status":"publish","type":"page","link":"https:\/\/home.tovpil.org\/es_ES\/fundador\/audios\/","title":{"rendered":"Audios"},"content":{"rendered":"<p>[vc_row][vc_column width=&#8221;8\/12&#8243; el_class=&#8221;seccion-desarrollado&#8221;][vc_column_text css=&#8221;.vc_custom_1509209728981{border-bottom-width: 1px !important;border-bottom-color: #d1d3d4 !important;border-bottom-style: solid !important;}&#8221;]<\/p>\n<h1>Audios<\/h1>\n<ul class=\"block-info\">\n<li class=\"ssba\"><!-- Simple Share Buttons Adder (7.5.19) simplesharebuttons.com --><div class=\"ssba-classic-2 ssba ssbp-wrap left ssbp--theme-1\"><div style=\"text-align:left\"><a data-site=\"\" class=\"ssba_facebook_share\" href=\"http:\/\/www.facebook.com\/sharer.php?u=https:\/\/home.tovpil.org\/es_ES\/wp-json\/wp\/v2\/pages\/701\"  target=\"_blank\" ><img decoding=\"async\" src=\"https:\/\/home.tovpil.org\/wp-content\/plugins\/simple-share-buttons-adder\/buttons\/somacro\/facebook.png\" style=\"width: 35px;\" title=\"Facebook\" class=\"ssba ssba-img\" alt=\"Share on Facebook\" \/><div title=\"Facebook\" class=\"ssbp-text\">Facebook<\/div><\/a><a data-site=\"\" class=\"ssba_twitter_share\" href=\"http:\/\/twitter.com\/share?url=https:\/\/home.tovpil.org\/es_ES\/wp-json\/wp\/v2\/pages\/701&amp;text=Audios%20\"  target=&quot;_blank&quot; ><img decoding=\"async\" src=\"https:\/\/home.tovpil.org\/wp-content\/plugins\/simple-share-buttons-adder\/buttons\/somacro\/twitter.png\" style=\"width: 35px;\" title=\"Twitter\" class=\"ssba ssba-img\" alt=\"Tweet about this on Twitter\" \/><div title=\"Twitter\" class=\"ssbp-text\">Twitter<\/div><\/a><a data-site='pinterest' class='ssba_pinterest_share' href='javascript:void((function()%7Bvar%20e=document.createElement(&apos;script&apos;);e.setAttribute(&apos;type&apos;,&apos;text\/javascript&apos;);e.setAttribute(&apos;charset&apos;,&apos;UTF-8&apos;);e.setAttribute(&apos;src&apos;,&apos;\/\/assets.pinterest.com\/js\/pinmarklet.js?r=&apos;+Math.random()*99999999);document.body.appendChild(e)%7D)());'><img decoding=\"async\" src=\"https:\/\/home.tovpil.org\/wp-content\/plugins\/simple-share-buttons-adder\/buttons\/somacro\/pinterest.png\" style=\"width: 35px;\" title=\"Pinterest\" class=\"ssba ssba-img\" alt=\"Pin on Pinterest\" \/><div title=\"Pinterest\" class=\"ssbp-text\">Pinterest<\/div><\/a><\/div><\/div><\/li>\n<\/ul>\n<p>[\/vc_column_text][vc_row_inner css=&#8221;.vc_custom_1507569092445{border-bottom-width: 1px !important;padding-bottom: 20px !important;border-bottom-color: #d1d3d4 !important;border-bottom-style: solid !important;}&#8221;][vc_column_inner el_class=&#8221;entry-content title-no-margin&#8221; width=&#8221;2\/6&#8243;][vc_single_image image=&#8221;4170&#8243; img_size=&#8221;220x220px&#8221; alignment=&#8221;center&#8221; style=&#8221;vc_box_shadow_3d&#8221; onclick=&#8221;custom_link&#8221; link=&#8221;https:\/\/home.tovpil.org\/fundador\/audios\/mensajes-cantos-\u2026ntos-tov-adultos\/&#8221;][\/vc_column_inner][vc_column_inner el_class=&#8221;entry-content title-no-margin&#8221; width=&#8221;4\/6&#8243;][vc_column_text]<\/p>\n<h2><a href=\"https:\/\/home.tovpil.org\/fundador\/audios\/mensajes-cantos-y-silenciamientos-tov-adultos\/\">Mensajes, Cantos y Silenciamientos TOV Adultos<\/a><\/h2>\n<p>[\/vc_column_text][vc_column_text el_class=&#8221;paragraph-space-concentradora&#8221;]Contiene los temas de la Apertura y las 15 Sesiones del Taller de Oraci\u00f3n y Vida para Adultos que imparten los Gu\u00edas, en la voz del padre Ignacio.[\/vc_column_text]\n<div class=\"text-l\"><a href=\"http:\/\/www.tovpil.org\/wp\/fundador\/audios\/mensajes-cantos-y-silenciamientos-tov-adultos\/\" class=\"button_box-126016238869fcbff092f60 slz-btn btn-absolute \"><span class=\"btn-text\">M\u00e1s informaci\u00f3n<\/span><span class=\" btn-icon fa fa-angle-right\"><\/span><\/a><\/div>[\/vc_column_inner][\/vc_row_inner][vc_row_inner css=&#8221;.vc_custom_1507569282303{border-bottom-width: 1px !important;padding-bottom: 20px !important;border-bottom-color: #d1d3d4 !important;border-bottom-style: solid !important;}&#8221;][vc_column_inner width=&#8221;2\/6&#8243;][vc_single_image image=&#8221;4184&#8243; img_size=&#8221;220x220px&#8221; alignment=&#8221;center&#8221; style=&#8221;vc_box_shadow_3d&#8221; onclick=&#8221;custom_link&#8221; link=&#8221;https:\/\/home.tovpil.org\/fundador\/audios\/mensajes-tov-jovenes\/&#8221; el_class=&#8221;margin-top-20&#8243;][\/vc_column_inner][vc_column_inner width=&#8221;4\/6&#8243;][vc_column_text]<\/p>\n<h2><a href=\"https:\/\/home.tovpil.org\/fundador\/audios\/mensajes-tov-jovenes\/\">Mensajes y Cantos TOV J\u00f3venes<\/a><\/h2>\n<p>[\/vc_column_text][vc_column_text el_class=&#8221;margin-top-20&#8243;]Contiene los mensajes y los cantos del Taller de J\u00f3venes. En la voz del padre Ignacio.[\/vc_column_text]\n<div class=\"text-l\"><a href=\"http:\/\/www.tovpil.org\/wp\/fundador\/audios\/mensajes-tov-jovenes\/\" class=\"button_box-106545780169fcbff09310f slz-btn btn-absolute \"><span class=\"btn-text\">M\u00e1s informaci\u00f3n<\/span><span class=\" btn-icon fa fa-angle-right\"><\/span><\/a><\/div>[\/vc_column_inner][\/vc_row_inner][vc_row_inner css=&#8221;.vc_custom_1507569282303{border-bottom-width: 1px !important;padding-bottom: 20px !important;border-bottom-color: #d1d3d4 !important;border-bottom-style: solid !important;}&#8221;][vc_column_inner width=&#8221;2\/6&#8243;][vc_single_image image=&#8221;4173&#8243; img_size=&#8221;220x220px&#8221; alignment=&#8221;center&#8221; style=&#8221;vc_box_shadow_3d&#8221; onclick=&#8221;custom_link&#8221; link=&#8221;https:\/\/home.tovpil.org\/fundador\/audios\/silenciamientos\/&#8221; el_class=&#8221;margin-top-20&#8243;][\/vc_column_inner][vc_column_inner width=&#8221;4\/6&#8243;][vc_column_text]<\/p>\n<h2><a href=\"https:\/\/home.tovpil.org\/fundador\/audios\/silenciamientos\/\">Silenciamientos<\/a><\/h2>\n<p>[\/vc_column_text][vc_column_text el_class=&#8221;margin-top-20&#8243;]Son sencillos ejercicios para eliminar tensiones, adquirir serenidad y conseguir un clima interior para entrar en la intimidad con Dios. CD MP3[\/vc_column_text]\n<div class=\"text-l\"><a href=\"http:\/\/www.tovpil.org\/wp\/fundador\/audios\/silenciamientos\/\" class=\"button_box-104673409269fcbff093216 slz-btn btn-absolute \"><span class=\"btn-text\">M\u00e1s informaci\u00f3n<\/span><span class=\" btn-icon fa fa-angle-right\"><\/span><\/a><\/div>[\/vc_column_inner][\/vc_row_inner][vc_row_inner css=&#8221;.vc_custom_1507569282303{border-bottom-width: 1px !important;padding-bottom: 20px !important;border-bottom-color: #d1d3d4 !important;border-bottom-style: solid !important;}&#8221;][vc_column_inner width=&#8221;2\/6&#8243;][vc_single_image image=&#8221;4166&#8243; img_size=&#8221;220x220px&#8221; alignment=&#8221;center&#8221; style=&#8221;vc_box_shadow_3d&#8221; onclick=&#8221;custom_link&#8221; link=&#8221;https:\/\/home.tovpil.org\/fundador\/audios\/curso-matrimonial\/&#8221; el_class=&#8221;margin-top-20&#8243;][\/vc_column_inner][vc_column_inner width=&#8221;4\/6&#8243;][vc_column_text]<\/p>\n<h2><a href=\"https:\/\/home.tovpil.org\/fundador\/audios\/curso-matrimonial\/\">Curso Matrimonial<\/a><\/h2>\n<p>[\/vc_column_text][vc_column_text el_class=&#8221;margin-top-20&#8243;]Contiene los 6 mensajes utilizados por las parejas de Gu\u00edas que imparten el Curso Matrimonial, en la voz de padre Ignacio.[\/vc_column_text]\n<div class=\"text-l\"><a href=\"http:\/\/www.tovpil.org\/wp\/fundador\/audios\/curso-matrimonial\/\" class=\"button_box-53477554469fcbff09331a slz-btn btn-absolute \"><span class=\"btn-text\">M\u00e1s informaci\u00f3n<\/span><span class=\" btn-icon fa fa-angle-right\"><\/span><\/a><\/div>[\/vc_column_inner][\/vc_row_inner][vc_row_inner css=&#8221;.vc_custom_1507569282303{border-bottom-width: 1px !important;padding-bottom: 20px !important;border-bottom-color: #d1d3d4 !important;border-bottom-style: solid !important;}&#8221;][vc_column_inner width=&#8221;2\/6&#8243;][vc_single_image image=&#8221;4167&#8243; img_size=&#8221;220x220px&#8221; alignment=&#8221;center&#8221; style=&#8221;vc_box_shadow_3d&#8221; onclick=&#8221;custom_link&#8221; link=&#8221;https:\/\/home.tovpil.org\/fundador\/audios\/esencia-y-trascendencia-de-un-guia\/&#8221; el_class=&#8221;margin-top-20&#8243;][\/vc_column_inner][vc_column_inner width=&#8221;4\/6&#8243;][vc_column_text]<\/p>\n<h2><a href=\"https:\/\/home.tovpil.org\/fundador\/audios\/esencia-y-trascendencia-de-un-guia\/\">Esencia y Trascendencia de un Gu\u00eda<\/a><\/h2>\n<p>[\/vc_column_text][vc_column_text el_class=&#8221;margin-top-20&#8243;]Charla del p. Ignacio en las Semanas de Culminaci\u00f3n en que trata el tema de la vocaci\u00f3n del Gu\u00eda, quien es una persona elegida, separada y destinada con alta sensibilidad divina y una insaciable sed de Dios hasta el punto que no puede vivir sin Dios torn\u00e1ndose en una posesi\u00f3n de \u00c9l. Dios, primero lo desinstala, de su entorno vital con un <em>ven y s\u00edgueme deja todo y s\u00edgueme. <\/em> Luego lo env\u00eda a que anuncie la feliz noticia que somos hijos amados del padre. La fidelidad permanente a los encuentros diarios con Jes\u00fas o Tiempos Fuertes, es lo que nos hace salir a comunicar las maravillas que El hizo en m\u00ed.[\/vc_column_text]\n<div class=\"text-l\"><a href=\"http:\/\/www.tovpil.org\/wp\/fundador\/audios\/esencia-y-trascendencia-de-un-guia\/\" class=\"button_box-43283427869fcbff0933ea slz-btn btn-absolute \"><span class=\"btn-text\">M\u00e1s informaci\u00f3n<\/span><span class=\" btn-icon fa fa-angle-right\"><\/span><\/a><\/div>[\/vc_column_inner][\/vc_row_inner][vc_row_inner css=&#8221;.vc_custom_1507569282303{border-bottom-width: 1px !important;padding-bottom: 20px !important;border-bottom-color: #d1d3d4 !important;border-bottom-style: solid !important;}&#8221;][vc_column_inner width=&#8221;2\/6&#8243;][vc_single_image image=&#8221;4168&#8243; img_size=&#8221;220x220px&#8221; alignment=&#8221;center&#8221; style=&#8221;vc_box_shadow_3d&#8221; onclick=&#8221;custom_link&#8221; link=&#8221;https:\/\/home.tovpil.org\/fundador\/audios\/espiritualidad\/&#8221; el_class=&#8221;margin-top-20&#8243;][\/vc_column_inner][vc_column_inner width=&#8221;4\/6&#8243;][vc_column_text]<\/p>\n<h2><a href=\"https:\/\/home.tovpil.org\/fundador\/audios\/espiritualidad\/\">Espiritualidad<\/a><\/h2>\n<p>[\/vc_column_text][vc_column_text el_class=&#8221;margin-top-20&#8243;]Contiene los mensajes de la espiritualidad de Talleres de Oraci\u00f3n y Vida: Personas Orantes, Vac\u00edos de Si y Sue\u00f1o de Oro utilizados por los Gu\u00edas que imparten la Escuela de Preparaci\u00f3n de Gu\u00edas.[\/vc_column_text]\n<div class=\"text-l\"><a href=\"http:\/\/www.tovpil.org\/wp\/fundador\/audios\/espiritualidad\/\" class=\"button_box-80614161969fcbff0934f2 slz-btn btn-absolute \"><span class=\"btn-text\">M\u00e1s informaci\u00f3n<\/span><span class=\" btn-icon fa fa-angle-right\"><\/span><\/a><\/div>[\/vc_column_inner][\/vc_row_inner][vc_row_inner css=&#8221;.vc_custom_1507569282303{border-bottom-width: 1px !important;padding-bottom: 20px !important;border-bottom-color: #d1d3d4 !important;border-bottom-style: solid !important;}&#8221;][vc_column_inner width=&#8221;2\/6&#8243;][vc_single_image image=&#8221;4175&#8243; img_size=&#8221;220x220px&#8221; alignment=&#8221;center&#8221; style=&#8221;vc_box_shadow_3d&#8221; onclick=&#8221;custom_link&#8221; link=&#8221;https:\/\/home.tovpil.org\/fundador\/audios\/cantos-cefepal\/&#8221; el_class=&#8221;margin-top-20&#8243;][\/vc_column_inner][vc_column_inner width=&#8221;4\/6&#8243;][vc_column_text]<\/p>\n<h2><a href=\"https:\/\/home.tovpil.org\/fundador\/audios\/cantos-cefepal\/\">Cantos Cefepal<\/a><\/h2>\n<p>[\/vc_column_text][vc_column_text el_class=&#8221;margin-top-20&#8243;]Compendio de cantos de Talleres de Oraci\u00f3n y Vida en distintas \u00e9pocas. Incluye Himno Cristo Jes\u00fas (himno de Talleres de Oraci\u00f3n y Vida) y Todo Hombre Sencillo (himno de los Gu\u00edas).[\/vc_column_text]\n<div class=\"text-l\"><a href=\"http:\/\/www.tovpil.org\/wp\/fundador\/audios\/cantos-cefepal\/\" class=\"button_box-12454000569fcbff09361b slz-btn btn-absolute \"><span class=\"btn-text\">M\u00e1s informaci\u00f3n<\/span><span class=\" btn-icon fa fa-angle-right\"><\/span><\/a><\/div>[\/vc_column_inner][\/vc_row_inner][vc_row_inner css=&#8221;.vc_custom_1507569282303{border-bottom-width: 1px !important;padding-bottom: 20px !important;border-bottom-color: #d1d3d4 !important;border-bottom-style: solid !important;}&#8221;][vc_column_inner width=&#8221;2\/6&#8243;][vc_single_image image=&#8221;4174&#8243; img_size=&#8221;220x220px&#8221; alignment=&#8221;center&#8221; style=&#8221;vc_box_shadow_3d&#8221; onclick=&#8221;custom_link&#8221; link=&#8221;https:\/\/home.tovpil.org\/fundador\/audios\/temas-de-evangelizacion\/&#8221; el_class=&#8221;margin-top-20&#8243;][\/vc_column_inner][vc_column_inner width=&#8221;4\/6&#8243;][vc_column_text]<\/p>\n<h2><a href=\"https:\/\/home.tovpil.org\/fundador\/audios\/temas-de-evangelizacion\/\">Temas de Evangelizaci\u00f3n <\/a><\/h2>\n<p>[\/vc_column_text][vc_column_text el_class=&#8221;margin-top-20&#8243;]En el primero de estos 3 CDs, en el t\u00edtulo <em>Caminos de Paz<\/em> Padre Ignacio habla sobre la relativizaci\u00f3n de los problemas, angustias; invita al oyente a <em>despertar<\/em> abandonando toda resistencia, y deposit\u00e1ndola en las manos de Dios. En el t\u00edtulo <em>Meditaciones Cristol\u00f3gicas<\/em>, hace un recorrido por la vida de Jes\u00fas en todos sus aspectos, hasta su completa glorificaci\u00f3n.[\/vc_column_text]\n<div class=\"text-l\"><a href=\"http:\/\/www.tovpil.org\/wp\/fundador\/audios\/temas-de-evangelizacion\/\" class=\"button_box-203653622569fcbff093725 slz-btn btn-absolute \"><span class=\"btn-text\">M\u00e1s informaci\u00f3n<\/span><span class=\" btn-icon fa fa-angle-right\"><\/span><\/a><\/div>[\/vc_column_inner][\/vc_row_inner][vc_row_inner css=&#8221;.vc_custom_1507569282303{border-bottom-width: 1px !important;padding-bottom: 20px !important;border-bottom-color: #d1d3d4 !important;border-bottom-style: solid !important;}&#8221;][vc_column_inner width=&#8221;2\/6&#8243;][vc_single_image image=&#8221;4169&#8243; img_size=&#8221;220x220px&#8221; alignment=&#8221;center&#8221; style=&#8221;vc_box_shadow_3d&#8221; onclick=&#8221;custom_link&#8221; link=&#8221;https:\/\/home.tovpil.org\/fundador\/audios\/humanismo-integral\/&#8221; el_class=&#8221;margin-top-20&#8243;][\/vc_column_inner][vc_column_inner width=&#8221;4\/6&#8243;][vc_column_text]<\/p>\n<h2><a href=\"https:\/\/home.tovpil.org\/fundador\/audios\/humanismo-integral\/\">Humanismo Integral<\/a><\/h2>\n<p>[\/vc_column_text][vc_column_text el_class=&#8221;margin-top-20&#8243;]Se trata de un compendio del libro \u201cLas Fuerzas de la Decadencia\u201d, donde padre Ignacio Larra\u00f1aga va describiendo las diferentes fuentes del sufrimiento, y c\u00f3mo transformarlo en compa\u00f1ero de viaje y peregrinaci\u00f3n. Explica medios pr\u00e1cticos para que cada persona pueda por s\u00ed misma, neutralizar o por lo menos atenuar todo sufrimiento. CD mp3[\/vc_column_text]\n<div class=\"text-l\"><a href=\"http:\/\/www.tovpil.org\/wp\/fundador\/audios\/humanismo-integral\/\" class=\"button_box-156878614769fcbff0937e3 slz-btn btn-absolute \"><span class=\"btn-text\">M\u00e1s informaci\u00f3n<\/span><span class=\" btn-icon fa fa-angle-right\"><\/span><\/a><\/div>[\/vc_column_inner][\/vc_row_inner][vc_row_inner css=&#8221;.vc_custom_1507569282303{border-bottom-width: 1px !important;padding-bottom: 20px !important;border-bottom-color: #d1d3d4 !important;border-bottom-style: solid !important;}&#8221;][vc_column_inner width=&#8221;2\/6&#8243;][vc_single_image image=&#8221;4172&#8243; img_size=&#8221;220x220px&#8221; alignment=&#8221;center&#8221; style=&#8221;vc_box_shadow_3d&#8221; onclick=&#8221;custom_link&#8221; link=&#8221;https:\/\/home.tovpil.org\/fundador\/audios\/oremos\/&#8221; el_class=&#8221;margin-top-20&#8243;][\/vc_column_inner][vc_column_inner width=&#8221;4\/6&#8243;][vc_column_text]<\/p>\n<h2><a href=\"https:\/\/home.tovpil.org\/fundador\/audios\/oremos\/\">Oremos<\/a><\/h2>\n<p>[\/vc_column_text][vc_column_text el_class=&#8221;margin-top-20&#8243;]Compendio de Oraciones en la voz de padre Ignacio Larra\u00f1aga. 1 CD mp3[\/vc_column_text]\n<div class=\"text-l\"><a href=\"http:\/\/www.tovpil.org\/wp\/fundador\/audios\/oremos\/\" class=\"button_box-120397490869fcbff093895 slz-btn btn-absolute \"><span class=\"btn-text\">M\u00e1s informaci\u00f3n<\/span><span class=\" btn-icon fa fa-angle-right\"><\/span><\/a><\/div>[\/vc_column_inner][\/vc_row_inner][\/vc_column][vc_column width=&#8221;4\/12&#8243;][vc_column_text el_class=&#8221;relacionados&#8221;]<\/p>\n<h6>Relacionados<\/h6>\n<p>[\/vc_column_text][vc_wp_custommenu nav_menu=&#8221;20&#8243;][\/vc_column][\/vc_row]<\/p>\n","protected":false},"excerpt":{"rendered":"<p>[vc_row][vc_column width=&#8221;8\/12&#8243; el_class=&#8221;seccion-desarrollado&#8221;][vc_column_text css=&#8221;.vc_custom_1509209728981{border-bottom-width: 1px !important;border-bottom-color: #d1d3d4 !important;border-bottom-style: solid !important;}&#8221;]<\/p>\n<h1>Audios<\/h1>\n<ul ... \n\n","protected":false},"author":1,"featured_media":0,"parent":142,"menu_order":0,"comment_status":"closed","ping_status":"closed","template":"","meta":{"footnotes":""},"class_list":["post-701","page","type-page","status-publish","hentry"],"_links":{"self":[{"href":"https:\/\/home.tovpil.org\/es_ES\/wp-json\/wp\/v2\/pages\/701","targetHints":{"allow":["GET"]}}],"collection":[{"href":"https:\/\/home.tovpil.org\/es_ES\/wp-json\/wp\/v2\/pages"}],"about":[{"href":"https:\/\/home.tovpil.org\/es_ES\/wp-json\/wp\/v2\/types\/page"}],"author":[{"embeddable":true,"href":"https:\/\/home.tovpil.org\/es_ES\/wp-json\/wp\/v2\/users\/1"}],"replies":[{"embeddable":true,"href":"https:\/\/home.tovpil.org\/es_ES\/wp-json\/wp\/v2\/comments?post=701"}],"version-history":[{"count":0,"href":"https:\/\/home.tovpil.org\/es_ES\/wp-json\/wp\/v2\/pages\/701\/revisions"}],"up":[{"embeddable":true,"href":"https:\/\/home.tovpil.org\/es_ES\/wp-json\/wp\/v2\/pages\/142"}],"wp:attachment":[{"href":"https:\/\/home.tovpil.org\/es_ES\/wp-json\/wp\/v2\/media?parent=701"}],"curies":[{"name":"wp","href":"https:\/\/api.w.org\/{rel}","templated":true}]}}