{"id":825,"date":"2017-06-24T16:37:24","date_gmt":"2017-06-24T16:37:24","guid":{"rendered":"https:\/\/home.tovpil.org\/?page_id=825"},"modified":"2026-04-30T18:11:29","modified_gmt":"2026-04-30T18:11:29","slug":"experimenta-el-amor-de-dios","status":"publish","type":"page","link":"https:\/\/home.tovpil.org\/es_ES\/experimenta-el-amor-de-dios\/","title":{"rendered":"EXPERIMENTA EL AMOR DE DIOS"},"content":{"rendered":"<p>Vida fraterna<\/p>\n<p>Jesucristo, si T\u00fa no est\u00e1s vivo en medio de nosotros, se har\u00e1 imposible el ideal fraterno.<br \/>\nNos dice San Pablo en su carta a los Efesios:<br \/>\n\u201cOs ruego que and\u00e9is como pide la vocaci\u00f3n a la que hab\u00e9is sido convocados.<br \/>\nSed siempre humildes y amables, sed comprensivos, sobrellevaos mutuamente con amor.<br \/>\nEsforz\u00e1ndoos en mantener la unidad del Esp\u00edritu con el v\u00ednculo de la paz.<br \/>\nMalas palabras no salgan de vuestra boca; lo que dig\u00e1is sea bueno, constructivo y oportuno, as\u00ed har\u00e1 bien a los que lo oyen.<br \/>\nDesterrad de vosotros la amargura, la ira, los enfados e insultos y toda maldad.<br \/>\nSed buenos, comprensivos, perdon\u00e1ndoos unos a otros como Dios os perdon\u00f3 en Cristo\u201d (Efesios 4, 1-3\/29-32)<\/p>\n<p>Querido amigo, he aqu\u00ed en este texto, de San Pablo, un buen examen para tomarnos la temperatura de nuestra vida en la relaci\u00f3n con los dem\u00e1s.<br \/>\nOtro texto bien conocido de San Pablo, es el himno al Amor, de I Cor.13; tambi\u00e9n muy exigente que te animo a meditarlo entero, pues merece tomarlo en cuenta igualmente, para probar si nuestra vida devocional, es consecuente con nuestra vida fraterna. Aqu\u00ed te dejo unos vers\u00edculos tambi\u00e9n muy cuestionadores:<br \/>\n\u201cEl amor es paciente, es benigno, el amor no tiene envidia, no presume, no se engr\u00ede; no es indecoroso ni ego\u00edsta; no se irrita, no lleva cuentas del mal; no se alegra de la injusticia; sino que goza con la verdad. Todo lo excusa, todo lo cree, todo lo espera, todo lo soporta\u2026\u201d  (I Cor 13,4-7)<br \/>\nPero el amor muchas veces se nos pone a prueba, en nuestras relaciones, cuando frecuentemente surgen hermanos con los cuales la relaci\u00f3n se hace m\u00e1s dif\u00edcil, por distintas circunstancias. Sin embargo, la primera condici\u00f3n para amar, querido amigo, es el respetarse. Aunque no haya afinidad ni se pueda dar una estrecha amistad con \u201cel otro hermano\u201d, el respeto siempre se puede y se debe conceder.<br \/>\nReza lentamente y medita la siguiente oraci\u00f3n:<br \/>\nJesucristo, Se\u00f1or y hermano nuestro,<br \/>\nPon un candado a la puerta de nuestro coraz\u00f3n, para no pensar mal de nadie, no prejuzgar, no sentir mal, para no suponer ni interpretar mal, para no invadir el santuario sagrado de las intenciones.<br \/>\nSe\u00f1or Jes\u00fas, lazo unificante de nuestra fraternidad,<br \/>\nPon un sello de silencio en nuestra boca para cerrar el paso a toda murmuraci\u00f3n o comentario desfavorable, para guardar celosamente hasta la sepultura las confidencias que recibimos o las irregularidades que observamos, sabiendo que la primera y concreta manera de amar es guardar silencio.<br \/>\nSiembra en nuestras entra\u00f1as fibras de delicadeza. Danos un esp\u00edritu de alta cortes\u00eda para reverenciarnos unos a otros como lo har\u00edamos contigo mismo. Y, danos al mismo tiempo, la exacta sabidur\u00eda para enlazar convenientemente esa cortes\u00eda con la confianza fraterna.<br \/>\nSe\u00f1or Jesucristo, danos la gracia de respetarnos. As\u00ed sea.<br \/>\n(E-43 \u201cLa gracia de respetarnos\u201d)<br \/>\nEsta oraci\u00f3n es exigente pues supone una gran delicadeza y caridad, para respetar y guardar silencio \u00a1ya desde nuestros pensamientos! hacia las personas.  Y eso no se puede conseguir f\u00e1cilmente sin tener una estrecha relaci\u00f3n con el Se\u00f1or, a trav\u00e9s de la oraci\u00f3n y viviendo muy atentos a los sentimientos e impulsos que surgen de forma espont\u00e1nea en nuestro coraz\u00f3n. Porque lo bueno y lo malo siempre salen desde adentro hacia afuera. Por eso, querido amigo, vive asomado a las intenciones del coraz\u00f3n para transformar esos impulsos agresivos o negativos en paciencia y benevolencia. Pero eso no es f\u00e1cil llevando, una vida descuidada.<br \/>\nPlegaria. &#8211;<br \/>\n\u201cL\u00edbrame Se\u00f1or, de todas las esclavitudes que me fueron impuestas por una sociedad convencional, por el ambiente en el que vivo, por las modas, por los pasatiempos, para que pueda darme mejor a mis hermanos.<br \/>\nSe\u00f1or, para poder pensar m\u00e1s en los que me rodean, ens\u00e9\u00f1ame a contentarme con poco y a usar s\u00f3lo lo necesario, a no crearme exigencias artificiales, a no preocuparme demasiado de m\u00ed mismo, para poder seguirte a Ti, mi \u00fanica riqueza, y servir desinteresadamente a mis hermanos. Am\u00e9n\u201d<br \/>\nQuerido amigo, s\u00e9 que todo lo que he expuesto, hasta aqu\u00ed, es muy exigente\u2026 Digamos que ideal: sin embargo, no hagas de ello una cruzada \u00e9pica, sino que lo ir\u00e1s consiguiendo  en tu trato asiduo con el Se\u00f1or, a trav\u00e9s de la oraci\u00f3n: P\u00eddele la gracia del amor fraterno, sabiendo que \u00c9l est\u00e1 intercediendo por nosotros ante el Padre; y poco a poco, con la ayuda de Dios, ir\u00e1s adquiriendo los rasgos de Jes\u00fas, nuestro modelo de vida en el mundo,  e ir\u00e1s avanzando en este camino hacia el Amor de Dios que se manifiesta en nuestro trato hacia los dem\u00e1s.<br \/>\nTe doy esta m\u00e1xima, querido amigo: El misterio y el secreto del amor fraterno, est\u00e1 y estar\u00e1 en imponer las convicciones de fe sobre las reacciones y los impulsos espont\u00e1neos: Aunque esa persona no me agrada o se comporta mal, su Padre Dios es tambi\u00e9n mi Padre Dios. El Dios que a m\u00ed me acogi\u00f3 y me perdon\u00f3 gratuitamente, es tambi\u00e9n el mismo Dios de esa persona.<br \/>\nSe\u00f1or Jesucristo, fue tu Gran Mandamiento, Testamento final y bandera distintiva, que nos am\u00e1ramos como T\u00fa nos hab\u00edas amado; y T\u00fa nos amaste como el Padre te hab\u00eda amado a Ti. Esa fue la fuente, la medida y el modelo.    (E-37 \u201cLa gracia del Amor Fraterno\u201d)<br \/>\nTermina rezando el Padrenuestro y detente, unos instantes, en la frase: \u201cPerdona nuestras ofensas como tambi\u00e9n nosotros perdonamos a los que nos ofenden\u201d.<br \/>\nQue el Se\u00f1or te bendiga y te guarde.<br \/>\n Escucha este Canto de San Francisco de As\u00eds:<br \/>\nC-26 \u201cHazme un instrumento de tu paz\u201d <\/p>\n","protected":false},"excerpt":{"rendered":"<p>Vida fraterna<\/p>\n<p>Jesucristo, si T\u00fa no est\u00e1s vivo en medio de nosotros, se har\u00e1 imposible el ideal fraterno.<br \/>\nNos dice San Pablo en su carta a los Efesios:<br \/>\n\u201cOs ruego que and\u00e9is como pide la vocaci\u00f3n a la que hab\u00e9is sido convocados.<br \/>\nSed siempre humil&#8230;<\/p>\n","protected":false},"author":1,"featured_media":0,"parent":0,"menu_order":0,"comment_status":"closed","ping_status":"closed","template":"","meta":{"footnotes":""},"class_list":["post-825","page","type-page","status-publish","hentry"],"_links":{"self":[{"href":"https:\/\/home.tovpil.org\/es_ES\/wp-json\/wp\/v2\/pages\/825","targetHints":{"allow":["GET"]}}],"collection":[{"href":"https:\/\/home.tovpil.org\/es_ES\/wp-json\/wp\/v2\/pages"}],"about":[{"href":"https:\/\/home.tovpil.org\/es_ES\/wp-json\/wp\/v2\/types\/page"}],"author":[{"embeddable":true,"href":"https:\/\/home.tovpil.org\/es_ES\/wp-json\/wp\/v2\/users\/1"}],"replies":[{"embeddable":true,"href":"https:\/\/home.tovpil.org\/es_ES\/wp-json\/wp\/v2\/comments?post=825"}],"version-history":[{"count":483,"href":"https:\/\/home.tovpil.org\/es_ES\/wp-json\/wp\/v2\/pages\/825\/revisions"}],"predecessor-version":[{"id":16499,"href":"https:\/\/home.tovpil.org\/es_ES\/wp-json\/wp\/v2\/pages\/825\/revisions\/16499"}],"wp:attachment":[{"href":"https:\/\/home.tovpil.org\/es_ES\/wp-json\/wp\/v2\/media?parent=825"}],"curies":[{"name":"wp","href":"https:\/\/api.w.org\/{rel}","templated":true}]}}