{"id":865,"date":"2017-06-24T18:53:58","date_gmt":"2017-06-24T18:53:58","guid":{"rendered":"https:\/\/home.tovpil.org\/?page_id=865"},"modified":"2017-12-22T01:12:30","modified_gmt":"2017-12-22T01:12:30","slug":"tov-adultos","status":"publish","type":"page","link":"https:\/\/home.tovpil.org\/es_ES\/que-ofrecemos\/tov-adultos\/","title":{"rendered":"TOV Adultos"},"content":{"rendered":"<p>[vc_row css=&#8221;.vc_custom_1499808717512{background-position: center !important;background-repeat: no-repeat !important;background-size: contain !important;}&#8221;][vc_column width=&#8221;8\/12&#8243; css=&#8221;.vc_custom_1507683164893{background-image: url(http:\/\/home.tovpil.org\/wp-content\/uploads\/2017\/06\/ADULTOS-HFF.png?id=1238) !important;background-position: 0 0 !important;background-repeat: no-repeat !important;}&#8221; el_class=&#8221;seccion-desarrollado&#8221;][vc_column_text]<\/p>\n<h1>TOV Adultos<\/h1>\n<ul class=\"block-info\">\n<li class=\"ssba\"><!-- Simple Share Buttons Adder (7.5.19) simplesharebuttons.com --><div class=\"ssba-classic-2 ssba ssbp-wrap left ssbp--theme-1\"><div style=\"text-align:left\"><a data-site=\"\" class=\"ssba_facebook_share\" href=\"http:\/\/www.facebook.com\/sharer.php?u=https:\/\/home.tovpil.org\/es_ES\/wp-json\/wp\/v2\/pages\/865\"  target=\"_blank\" ><img decoding=\"async\" src=\"https:\/\/home.tovpil.org\/wp-content\/plugins\/simple-share-buttons-adder\/buttons\/somacro\/facebook.png\" style=\"width: 35px;\" title=\"Facebook\" class=\"ssba ssba-img\" alt=\"Share on Facebook\" \/><div title=\"Facebook\" class=\"ssbp-text\">Facebook<\/div><\/a><a data-site=\"\" class=\"ssba_twitter_share\" href=\"http:\/\/twitter.com\/share?url=https:\/\/home.tovpil.org\/es_ES\/wp-json\/wp\/v2\/pages\/865&amp;text=TOV%20Adultos%20\"  target=&quot;_blank&quot; ><img decoding=\"async\" src=\"https:\/\/home.tovpil.org\/wp-content\/plugins\/simple-share-buttons-adder\/buttons\/somacro\/twitter.png\" style=\"width: 35px;\" title=\"Twitter\" class=\"ssba ssba-img\" alt=\"Tweet about this on Twitter\" \/><div title=\"Twitter\" class=\"ssbp-text\">Twitter<\/div><\/a><a data-site='pinterest' class='ssba_pinterest_share' href='javascript:void((function()%7Bvar%20e=document.createElement(&apos;script&apos;);e.setAttribute(&apos;type&apos;,&apos;text\/javascript&apos;);e.setAttribute(&apos;charset&apos;,&apos;UTF-8&apos;);e.setAttribute(&apos;src&apos;,&apos;\/\/assets.pinterest.com\/js\/pinmarklet.js?r=&apos;+Math.random()*99999999);document.body.appendChild(e)%7D)());'><img decoding=\"async\" src=\"https:\/\/home.tovpil.org\/wp-content\/plugins\/simple-share-buttons-adder\/buttons\/somacro\/pinterest.png\" style=\"width: 35px;\" title=\"Pinterest\" class=\"ssba ssba-img\" alt=\"Pin on Pinterest\" \/><div title=\"Pinterest\" class=\"ssbp-text\">Pinterest<\/div><\/a><\/div><\/div><\/li>\n<\/ul>\n<p><strong>A partir de los 30 a\u00f1os<\/strong><br \/>\n<strong>Duraci\u00f3n: 15 sesiones<\/strong><br \/>\n<strong>Una por semana de dos horas<\/strong><\/p>\n<p>Un Taller de Oraci\u00f3n y Vida es:<\/p>\n<p><strong>Primero.<\/strong> Ante todo un m\u00e9todo pr\u00e1ctico para aprender a orar, igual que en un taller en que, trabajando se aprende a trabajar, aqu\u00ed, orando, se aprende a orar.<\/p>\n<p>Paso a paso se aprende a entrar en una relaci\u00f3n personal con el Se\u00f1or desde los primeros pasos hasta la profundidad de la contemplaci\u00f3n. De esta manera los talleristas se convierten en amigos y disc\u00edpulos del Se\u00f1or.<\/p>\n<p><strong>Segundo. <\/strong>Tambi\u00e9n es Taller de Vida. Por la pr\u00e1ctica de la f\u00e9 y el abandono, y como consecuencia de la pr\u00e1ctica de la oraci\u00f3n, casi sin pretenderlo, el tallerista va sanando las heridas del coraz\u00f3n, sofocando las angustias del alma, ahuyentando los miedos hasta lograr el control de nervios y un gran serenidad. Los espacios interiores se van poblando de una paz nunca imaginada. Desaparece la tristeza y se recupera la alegr\u00eda del vivir.<\/p>\n<p><strong>Tercero.<\/strong> Contemplando la figura de Jes\u00fas y copiando sus rasgos, lentamente el tallerista va transform\u00e1ndose en una persona paciente como Jes\u00fas, humilde como Jes\u00fas, comprensivo como Jes\u00fas, manso y bondadoso como Jes\u00fas. As\u00ed el tallerista llega a superarse a s\u00ed mismo y a trascender sus propios l\u00edmites.<\/p>\n<p><strong>Padre Ignacio Larra\u00f1aga OFM cap<\/strong><br \/>\n<strong>Fundador de los Talleres de Oraci\u00f3n y Vida<\/strong>[\/vc_column_text][vc_column_text css=&#8221;.vc_custom_1501462957830{margin-top: 40px !important;margin-bottom: 40px !important;border-top-width: 1px !important;border-bottom-width: 1px !important;border-top-color: #f59f1d !important;border-top-style: dashed !important;border-bottom-color: #f59f1d !important;border-bottom-style: dashed !important;}&#8221; el_class=&#8221;dash-bottom-frase&#8221;]<\/p>\n<blockquote>\n<p class=\"p1\" style=\"text-align: center;\">\u00bfQuieres aprender a conseguir silencio y paz?<\/p>\n<p class=\"p1\" style=\"text-align: center;\">\u00bfA liberarte de angustias y temores?<\/p>\n<p class=\"p1\" style=\"text-align: center;\">Ven, aprende a vivir, asiste al Taller de Oraci\u00f3n y Vida.<\/p>\n<\/blockquote>\n<p>[\/vc_column_text][vc_column_text el_class=&#8221;title-main-na&#8221;]<\/p>\n<h2><a href=\"https:\/\/home.tovpil.org\/category\/testimonios\/plw-services\/tov-adultos-plw-services\/\">TESTIMONIOS<\/a><\/h2>\n<p>[\/vc_column_text]\n<div class=\"slz-shortcode sc_posts_mansory slz-posts-mansory slz-post-mansory-layout-1 servicios-testimonios posts-mansory-104340409269fcbff99657b \">\n\n<div class=\"slz-isotope-grid column-2\">\n<div class=\"grid-item\">\n\t<div class=\"slz-block-item-01 style-1\">\n\t\t\t\t\t\t<div class=\"block-content\">\n\t\t\t<div class=\"block-content-wrapper\">\n\t\t\t\t\t\t\t\t<a class=\"block-title\" href=\"https:\/\/home.tovpil.org\/es_ES\/2026\/04\/30\/testimonios-tov-adultos\/\">\n\t\t\t\t\tTESTIMONIOS TOV ADULTOS\t\t\t\t<\/a>\n\t\t\t\t<div class=\"block-info\">\n\t\t\t\t\t<ul>\n\t\t\t\t\t<li><a href=\"https:\/\/home.tovpil.org\/es_ES\/2026\/04\/30\/testimonios-tov-adultos\/\" class=\"link date\">abril 30, 2026<\/a><\/li>\t\t\t\t\t<\/ul>\n\t\t\t\t<\/div>\n\t\t\n\t\t\t\t\t\t\t\t\t<div class=\"block-text\">\n\t\t\t\t\t\tBlas Almenara Montoya Se\u00f1or, estoy frente a ti. Ya s\u00e9 que el desierto es \u00e1rido, vac\u00edo de mis cuestiones materiales, pero yo no busco nada material, solo vengo a Tal...\t\t\t\t\t<\/div>\n\t\t\t\t\n\t\t\t\t\n\t\t\t\t\t\t\t\t\t<a href=\"https:\/\/home.tovpil.org\/es_ES\/2026\/04\/30\/testimonios-tov-adultos\/\" class=\"block-read-more\">\n\t\t\t\t\t\tM\u00e1s informaci\u00f3n\t\t\t\t\t\t<i class=\"fa fa-angle-double-right\"><\/i>\n\t\t\t\t\t<\/a>\n\t\t\t\t\t\t\t<\/div>\n\t\t<\/div>\n\t<\/div>\n<\/div>\n<div class=\"grid-item\">\n\t<div class=\"slz-block-item-01 style-1\">\n\t\t\t\t\t\t<div class=\"block-content\">\n\t\t\t<div class=\"block-content-wrapper\">\n\t\t\t\t\t\t\t\t<a class=\"block-title\" href=\"https:\/\/home.tovpil.org\/es_ES\/2026\/04\/30\/taller-adultos-capilla-san-vicente-de-tanda-quito-ecuador\/\">\n\t\t\t\t\tTaller Adultos Capilla \u201cSan Vicente\u201d de Tanda, Quito Ecuador\t\t\t\t<\/a>\n\t\t\t\t<div class=\"block-info\">\n\t\t\t\t\t<ul>\n\t\t\t\t\t<li><a href=\"https:\/\/home.tovpil.org\/es_ES\/2026\/04\/30\/taller-adultos-capilla-san-vicente-de-tanda-quito-ecuador\/\" class=\"link date\">abril 30, 2026<\/a><\/li>\t\t\t\t\t<\/ul>\n\t\t\t\t<\/div>\n\t\t\n\t\t\t\t\t\t\t\t\t<div class=\"block-text\">\n\t\t\t\t\t\tCuando el Taller de Oraci\u00f3n y Vida, es vivido en profundidad; paulatinamente, casi imperceptiblemente, se va operando, mejor, Dios mismo va recreando la obra de sus manos. Sus hijos e hijas, con la peda...\t\t\t\t\t<\/div>\n\t\t\t\t\n\t\t\t\t\n\t\t\t\t\t\t\t\t\t<a href=\"https:\/\/home.tovpil.org\/es_ES\/2026\/04\/30\/taller-adultos-capilla-san-vicente-de-tanda-quito-ecuador\/\" class=\"block-read-more\">\n\t\t\t\t\t\tM\u00e1s informaci\u00f3n\t\t\t\t\t\t<i class=\"fa fa-angle-double-right\"><\/i>\n\t\t\t\t\t<\/a>\n\t\t\t\t\t\t\t<\/div>\n\t\t<\/div>\n\t<\/div>\n<\/div><\/div><\/div>\n\n[vc_column_text el_class=&#8221;title-main-na&#8221;]<\/p>\n<h2><a href=\"https:\/\/home.tovpil.org\/category\/testimonios\/plw-services\/tov-adultos-plw-services\/\">NOTICIAS<\/a><\/h2>\n<p>[\/vc_column_text]\n<div class=\"slz-shortcode sc_posts_mansory slz-posts-mansory slz-post-mansory-layout-1 servicios-noticias posts-mansory-133670488569fcbff9a1075 \">\n\n<div class=\"slz-isotope-grid column-2\">\n<div class=\"grid-item\">\n\t<div class=\"slz-block-item-01 style-1\">\n\t\t<a class='concentradora-noticia-item'>TOV Adultos<\/a>\t\t\t<div class=\"block-image\">\n\t\t\t\t\t<a href=\"https:\/\/home.tovpil.org\/es_ES\/2021\/03\/10\/tov-adultos-em-huambo-angola\/\" class=\"link\">\n\t\t\t\t<img loading=\"lazy\" decoding=\"async\" width=\"550\" height=\"350\" src=\"https:\/\/home.tovpil.org\/wp-content\/uploads\/2021\/03\/WhatsApp-Image-2021-03-06-at-6.32.25-PM-550x350.jpeg\" class=\"img-responsive img-full\" alt=\"\" \/>\t\t\t<\/a>\n\t<\/div>\n\t\t<div class=\"block-content\">\n\t\t\t<div class=\"block-content-wrapper\">\n\t\t\t\t\t\t\t\t<a class=\"block-title\" href=\"https:\/\/home.tovpil.org\/es_ES\/2021\/03\/10\/tov-adultos-em-huambo-angola\/\">\n\t\t\t\t\tTOV Adultos em Huambo, Angola\t\t\t\t<\/a>\n\t\t\t\t<div class=\"block-info\">\n\t\t\t\t\t<ul>\n\t\t\t\t\t<li><a href=\"https:\/\/home.tovpil.org\/es_ES\/2021\/03\/10\/tov-adultos-em-huambo-angola\/\" class=\"link date\">marzo 10, 2021<\/a><\/li>\t\t\t\t\t<\/ul>\n\t\t\t\t<\/div>\n\t\t\n\t\t\t\t\t\t\t\t\t<div class=\"block-text\">\n\t\t\t\t\t\tClausura del Taller para Adultos, en el cual participaron 30 talleristas, en Huambo, Angola, Zona Luso Africana.\r\nGracias a Dios, no obstante la situaci\u00f3n de la pandemia, ha sido posible la realizaci\u00f3n de algunas actividades de forma presencial.\r\n\t\t\t\t\t<\/div>\n\t\t\t\t\n\t\t\t\t\n\t\t\t\t\t\t\t\t\t<a href=\"https:\/\/home.tovpil.org\/es_ES\/2021\/03\/10\/tov-adultos-em-huambo-angola\/\" class=\"block-read-more\">\n\t\t\t\t\t\tM\u00e1s informaci\u00f3n\t\t\t\t\t\t<i class=\"fa fa-angle-double-right\"><\/i>\n\t\t\t\t\t<\/a>\n\t\t\t\t\t\t\t<\/div>\n\t\t<\/div>\n\t<\/div>\n<\/div>\n<div class=\"grid-item\">\n\t<div class=\"slz-block-item-01 style-1\">\n\t\t<a class='concentradora-noticia-item'>TOV Adultos<\/a>\t\t\t<div class=\"block-image\">\n\t\t\t\t\t<a href=\"https:\/\/home.tovpil.org\/es_ES\/2018\/12\/19\/taller-para-adultos-en-winnipeg-canada\/\" class=\"link\">\n\t\t\t\t<img loading=\"lazy\" decoding=\"async\" width=\"550\" height=\"350\" src=\"https:\/\/home.tovpil.org\/wp-content\/uploads\/2018\/12\/101-HOME-550x350.jpg\" class=\"img-responsive img-full\" alt=\"\" \/>\t\t\t<\/a>\n\t<\/div>\n\t\t<div class=\"block-content\">\n\t\t\t<div class=\"block-content-wrapper\">\n\t\t\t\t\t\t\t\t<a class=\"block-title\" href=\"https:\/\/home.tovpil.org\/es_ES\/2018\/12\/19\/taller-para-adultos-en-winnipeg-canada\/\">\n\t\t\t\t\tTaller para Adultos en Winnipeg, Canad\u00e1\t\t\t\t<\/a>\n\t\t\t\t<div class=\"block-info\">\n\t\t\t\t\t<ul>\n\t\t\t\t\t<li><a href=\"https:\/\/home.tovpil.org\/es_ES\/2018\/12\/19\/taller-para-adultos-en-winnipeg-canada\/\" class=\"link date\">diciembre 19, 2018<\/a><\/li>\t\t\t\t\t<\/ul>\n\t\t\t\t<\/div>\n\t\t\n\t\t\t\t\t\t\t\t\t<div class=\"block-text\">\n\t\t\t\t\t\tUna Gu\u00eda TOV residente en Winnipeg, Ca, comparte la felicidad de haber logrado impartir el primer Taller para Adultos en esta ciudad. Su mayor deseo es continuar llevando el mensaje a muchas personas y llegar a impartir una Escuela de Preparaci\u00f3n para Gu\u00edas.\t\t\t\t\t<\/div>\n\t\t\t\t\n\t\t\t\t\n\t\t\t\t\t\t\t\t\t<a href=\"https:\/\/home.tovpil.org\/es_ES\/2018\/12\/19\/taller-para-adultos-en-winnipeg-canada\/\" class=\"block-read-more\">\n\t\t\t\t\t\tM\u00e1s informaci\u00f3n\t\t\t\t\t\t<i class=\"fa fa-angle-double-right\"><\/i>\n\t\t\t\t\t<\/a>\n\t\t\t\t\t\t\t<\/div>\n\t\t<\/div>\n\t<\/div>\n<\/div><\/div><\/div>\n\n[vc_column_text css=&#8221;.vc_custom_1507069829050{margin-top: 40px !important;margin-bottom: 40px !important;border-top-width: 1px !important;border-bottom-width: 1px !important;border-top-color: #f59f1d !important;border-top-style: dashed !important;border-bottom-color: #f59f1d !important;border-bottom-style: dashed !important;}&#8221; el_class=&#8221;dash-bottom-frase&#8221;]<\/p>\n<blockquote>\n<p class=\"p1\" style=\"text-align: center;\"><a href=\"https:\/\/home.tovpil.org\/estructura\/\">&#8220;D\u00f3nde quieres vivir un Taller&#8221;<\/a><\/p>\n<\/blockquote>\n<p>[\/vc_column_text][\/vc_column][vc_column width=&#8221;4\/12&#8243;][vc_column_text el_class=&#8221;relacionados&#8221;]<\/p>\n<h6>Relacionados<\/h6>\n<p>[\/vc_column_text][vc_wp_custommenu nav_menu=&#8221;15&#8243;][\/vc_column][\/vc_row]<\/p>\n","protected":false},"excerpt":{"rendered":"<p>[vc_row css=&#8221;.vc_custom_1499808717512{background-position: center !important;background-repeat: no-repeat !important;background-size: contain !important;}&#8221;][vc_column width=&#8221;8\/12&#8243; css=&#8221;.vc_custom_1507683164893{background-image: url(http:\/\/home.tovpil&#8230;<\/p>\n","protected":false},"author":1,"featured_media":0,"parent":1270,"menu_order":0,"comment_status":"closed","ping_status":"closed","template":"","meta":{"footnotes":""},"class_list":["post-865","page","type-page","status-publish","hentry"],"_links":{"self":[{"href":"https:\/\/home.tovpil.org\/es_ES\/wp-json\/wp\/v2\/pages\/865","targetHints":{"allow":["GET"]}}],"collection":[{"href":"https:\/\/home.tovpil.org\/es_ES\/wp-json\/wp\/v2\/pages"}],"about":[{"href":"https:\/\/home.tovpil.org\/es_ES\/wp-json\/wp\/v2\/types\/page"}],"author":[{"embeddable":true,"href":"https:\/\/home.tovpil.org\/es_ES\/wp-json\/wp\/v2\/users\/1"}],"replies":[{"embeddable":true,"href":"https:\/\/home.tovpil.org\/es_ES\/wp-json\/wp\/v2\/comments?post=865"}],"version-history":[{"count":0,"href":"https:\/\/home.tovpil.org\/es_ES\/wp-json\/wp\/v2\/pages\/865\/revisions"}],"up":[{"embeddable":true,"href":"https:\/\/home.tovpil.org\/es_ES\/wp-json\/wp\/v2\/pages\/1270"}],"wp:attachment":[{"href":"https:\/\/home.tovpil.org\/es_ES\/wp-json\/wp\/v2\/media?parent=865"}],"curies":[{"name":"wp","href":"https:\/\/api.w.org\/{rel}","templated":true}]}}