{"id":880,"date":"2017-06-25T20:11:12","date_gmt":"2017-06-25T20:11:12","guid":{"rendered":"https:\/\/home.tovpil.org\/?page_id=880"},"modified":"2017-12-26T20:10:25","modified_gmt":"2017-12-26T20:10:25","slug":"quienes-somos","status":"publish","type":"page","link":"https:\/\/home.tovpil.org\/es_ES\/quienes-somos\/","title":{"rendered":"QUI\u00c9NES SOMOS"},"content":{"rendered":"<p>[vc_row full_width=&#8221;stretch_row&#8221; css=&#8221;.vc_custom_1507669933725{background-color: #fff2e6 !important;}&#8221;][vc_column width=&#8221;8\/12&#8243;][vc_row_inner equal_height=&#8221;yes&#8221; el_class=&#8221;seccion-principal seccion-principal-quienes-somos&#8221;][vc_column_inner width=&#8221;7\/12&#8243;][\/vc_column_inner][vc_column_inner width=&#8221;5\/12&#8243;][vc_column_text]<\/p>\n<h2><a href=\"https:\/\/home.tovpil.org\/quienes-somos\/que-son-los-talleres-de-oracion-y-vida\/\">\u00bfQu\u00e9 son los Talleres de Oraci\u00f3n y Vida?<\/a><\/h2>\n<p>Los Talleres de Oraci\u00f3n y Vida son una nueva forma de EVANGELIZACION. M\u00e1s VIVA y con una visi\u00f3n m\u00e1s positiva de lo que se ha mostrado siempre. Es una presentaci\u00f3n m\u00e1s vibrante y activa de JES\u00daS que posee una mayor ADAPTACI\u00d3N a las necesidades de la SOCIEDAD ACTUAL y a lo que realmente las personas necesitan.[\/vc_column_text][\/vc_column_inner][\/vc_row_inner][\/vc_column][vc_column width=&#8221;4\/12&#8243;][vc_column_text el_class=&#8221;relacionados&#8221;]<\/p>\n<h6>Relacionados<\/h6>\n<p>[\/vc_column_text][vc_wp_custommenu nav_menu=&#8221;23&#8243;][\/vc_column][\/vc_row][vc_row][vc_column][vc_row_inner][vc_column_inner width=&#8221;1\/2&#8243;][vc_column_text]<\/p>\n<h2><a href=\"https:\/\/home.tovpil.org\/mision\/\">Misi\u00f3n<\/a><\/h2>\n<p>Este servicio de los Talleres de Oraci\u00f3n y Vida, reconocido y probado por la Santa Sede en 1997 y confirmado, seg\u00fan Decreto de Aprobaci\u00f3n dado por el Concejo Pontificio para los laicos el 4 de octubre de 2002, constituyen la cumbre y coronaci\u00f3n de toda la actividad apost\u00f3lica del Padre Larra\u00f1aga, por su fuerza expansiva, por sus frutos y por el alto aprecio hacia los mismos, manifestado por la Santa Sede y los Obispos.[\/vc_column_text]\n<div class=\"text-l\"><a href=\"http:\/\/tovpil.org\/wp\/quienes-somos\/mision\/\" class=\"button_box-172548378069fcca2111b57 slz-btn btn-absolute \"><span class=\"btn-text\">M\u00e1s informaci\u00f3n<\/span><span class=\" btn-icon fa fa-angle-right\"><\/span><\/a><\/div>[\/vc_column_inner][vc_column_inner el_class=&#8221;margin-top-20&#8243; width=&#8221;1\/2&#8243;][vc_single_image image=&#8221;637&#8243; img_size=&#8221;511x312px&#8221; alignment=&#8221;center&#8221; style=&#8221;vc_box_shadow_3d&#8221; onclick=&#8221;custom_link&#8221; link=&#8221;https:\/\/home.tovpil.org\/quienes-somos\/mision\/&#8221; el_class=&#8221;seccion-quienes-somos&#8221;][\/vc_column_inner][\/vc_row_inner][\/vc_column][\/vc_row][vc_row full_width=&#8221;stretch_row&#8221; css=&#8221;.vc_custom_1509481274977{background-color: #fff2e6 !important;}&#8221;][vc_column][vc_row_inner][vc_column_inner width=&#8221;1\/2&#8243;][vc_column_text]<\/p>\n<h2><a href=\"https:\/\/home.tovpil.org\/quienes-somos\/el-vaticano\/\">El Vaticano y los TOV<\/a><\/h2>\n<p>L&#8217;Osservatore Romano<\/p>\n<p>El Consejo Pontificio para los Laicos otorga la aprobaci\u00f3n a la Asociaci\u00f3n Internacional Privada de &#8220;Talleres de Oraci\u00f3n y Vida&#8221;.<\/p>\n<p>&#8220;El pasado 15 de octubre de 1997, el Consejo Pontificio para los Laicos, presidido por Mons. James Francis Stafford, Arzobispo Em\u00e9rito de Denver (Estados Unidos), reconoci\u00f3 oficialmente como Asociaci\u00f3n Internacional Privada, de Derecho Pontificio, a los Talleres de Oraci\u00f3n y Vida, fundados en 1984 por el capuchino espa\u00f1ol P. Ignacio Larra\u00f1aga Orbegozo.&#8221;[\/vc_column_text]\n<div class=\"text-l\"><a href=\"http:\/\/tovpil.org\/wp\/quienes-somos\/el-vaticano\/\" class=\"button_box-35925055069fcca2111cbc slz-btn btn-absolute \"><span class=\"btn-text\">M\u00e1s informaci\u00f3n<\/span><span class=\" btn-icon fa fa-angle-right\"><\/span><\/a><\/div>[\/vc_column_inner][vc_column_inner el_class=&#8221;margin-top-20&#8243; width=&#8221;1\/2&#8243;][vc_single_image image=&#8221;668&#8243; img_size=&#8221;511x312px&#8221; alignment=&#8221;center&#8221; style=&#8221;vc_box_shadow_3d&#8221; onclick=&#8221;custom_link&#8221; link=&#8221;https:\/\/home.tovpil.org\/quienes-somos\/el-vaticano\/&#8221; el_class=&#8221;seccion-quienes-somos&#8221;][\/vc_column_inner][\/vc_row_inner][\/vc_column][\/vc_row][vc_row][vc_column][vc_row_inner][vc_column_inner][vc_column_text]<\/p>\n<h2><a href=\"https:\/\/home.tovpil.org\/quienes-somos\/estructura\/\">Estructura<\/a><\/h2>\n<p>[\/vc_column_text][vc_column_text css=&#8221;.vc_custom_1513816940962{margin-top: 40px !important;}&#8221;]<a href=\"https:\/\/home.tovpil.org\/quienes-somos\/estructura\/\"><img loading=\"lazy\" decoding=\"async\" class=\"alignnone wp-image-2014 size-full\" src=\"https:\/\/home.tovpil.org\/wp-content\/themes\/holycross-child\/images\/Organigrama-TOV-INTERNACIONAL.png\" alt=\"\" width=\"2400\" height=\"1456\" \/><\/a>[\/vc_column_text][\/vc_column_inner][\/vc_row_inner][\/vc_column][\/vc_row]<\/p>\n","protected":false},"excerpt":{"rendered":"<p>[vc_row full_width=&#8221;stretch_row&#8221; css=&#8221;.vc_custom_1507669933725{background-color: #fff2e6 !important;}&#8221;][vc_column width=&#8221;8\/12&#8243;][vc_row_inner equal_height=&#8221;yes&#8221; el_class=&#8221;seccion-principal seccion-principal-quienes-somos&#8221;][vc_column_inner width=&#8221;7\/12&#8243;&#8230;<\/p>\n","protected":false},"author":1,"featured_media":0,"parent":0,"menu_order":0,"comment_status":"closed","ping_status":"closed","template":"","meta":{"footnotes":""},"class_list":["post-880","page","type-page","status-publish","hentry"],"_links":{"self":[{"href":"https:\/\/home.tovpil.org\/es_ES\/wp-json\/wp\/v2\/pages\/880","targetHints":{"allow":["GET"]}}],"collection":[{"href":"https:\/\/home.tovpil.org\/es_ES\/wp-json\/wp\/v2\/pages"}],"about":[{"href":"https:\/\/home.tovpil.org\/es_ES\/wp-json\/wp\/v2\/types\/page"}],"author":[{"embeddable":true,"href":"https:\/\/home.tovpil.org\/es_ES\/wp-json\/wp\/v2\/users\/1"}],"replies":[{"embeddable":true,"href":"https:\/\/home.tovpil.org\/es_ES\/wp-json\/wp\/v2\/comments?post=880"}],"version-history":[{"count":0,"href":"https:\/\/home.tovpil.org\/es_ES\/wp-json\/wp\/v2\/pages\/880\/revisions"}],"wp:attachment":[{"href":"https:\/\/home.tovpil.org\/es_ES\/wp-json\/wp\/v2\/media?parent=880"}],"curies":[{"name":"wp","href":"https:\/\/api.w.org\/{rel}","templated":true}]}}