{"id":911,"date":"2017-06-25T21:46:18","date_gmt":"2017-06-25T21:46:18","guid":{"rendered":"https:\/\/home.tovpil.org\/?page_id=911"},"modified":"2017-12-22T01:15:04","modified_gmt":"2017-12-22T01:15:04","slug":"tov-jovenes","status":"publish","type":"page","link":"https:\/\/home.tovpil.org\/es_ES\/que-ofrecemos\/tov-jovenes\/","title":{"rendered":"TOV J\u00f3venes"},"content":{"rendered":"<p>[vc_row css=&#8221;.vc_custom_1499787679158{background-position: center !important;background-repeat: no-repeat !important;background-size: cover !important;}&#8221;][vc_column width=&#8221;8\/12&#8243; css=&#8221;.vc_custom_1507683876294{background-image: url(http:\/\/home.tovpil.org\/wp-content\/uploads\/2017\/06\/JOVENES-HFF.png?id=1226) !important;background-position: 0 0 !important;background-repeat: no-repeat !important;}&#8221; el_class=&#8221;seccion-desarrollado&#8221;][vc_column_text]<\/p>\n<h1>TOV J\u00f3venes<\/h1>\n<ul class=\"block-info\">\n<li class=\"ssba\"><!-- Simple Share Buttons Adder (7.5.19) simplesharebuttons.com --><div class=\"ssba-classic-2 ssba ssbp-wrap left ssbp--theme-1\"><div style=\"text-align:left\"><a data-site=\"\" class=\"ssba_facebook_share\" href=\"http:\/\/www.facebook.com\/sharer.php?u=https:\/\/home.tovpil.org\/es_ES\/wp-json\/wp\/v2\/pages\/911\"  target=\"_blank\" ><img decoding=\"async\" src=\"https:\/\/home.tovpil.org\/wp-content\/plugins\/simple-share-buttons-adder\/buttons\/somacro\/facebook.png\" style=\"width: 35px;\" title=\"Facebook\" class=\"ssba ssba-img\" alt=\"Share on Facebook\" \/><div title=\"Facebook\" class=\"ssbp-text\">Facebook<\/div><\/a><a data-site=\"\" class=\"ssba_twitter_share\" href=\"http:\/\/twitter.com\/share?url=https:\/\/home.tovpil.org\/es_ES\/wp-json\/wp\/v2\/pages\/911&amp;text=TOV%20J%C3%B3venes%20\"  target=&quot;_blank&quot; ><img decoding=\"async\" src=\"https:\/\/home.tovpil.org\/wp-content\/plugins\/simple-share-buttons-adder\/buttons\/somacro\/twitter.png\" style=\"width: 35px;\" title=\"Twitter\" class=\"ssba ssba-img\" alt=\"Tweet about this on Twitter\" \/><div title=\"Twitter\" class=\"ssbp-text\">Twitter<\/div><\/a><a data-site='pinterest' class='ssba_pinterest_share' href='javascript:void((function()%7Bvar%20e=document.createElement(&apos;script&apos;);e.setAttribute(&apos;type&apos;,&apos;text\/javascript&apos;);e.setAttribute(&apos;charset&apos;,&apos;UTF-8&apos;);e.setAttribute(&apos;src&apos;,&apos;\/\/assets.pinterest.com\/js\/pinmarklet.js?r=&apos;+Math.random()*99999999);document.body.appendChild(e)%7D)());'><img decoding=\"async\" src=\"https:\/\/home.tovpil.org\/wp-content\/plugins\/simple-share-buttons-adder\/buttons\/somacro\/pinterest.png\" style=\"width: 35px;\" title=\"Pinterest\" class=\"ssba ssba-img\" alt=\"Pin on Pinterest\" \/><div title=\"Pinterest\" class=\"ssbp-text\">Pinterest<\/div><\/a><\/div><\/div><\/li>\n<\/ul>\n<p><strong>Edad: 20 a 30 a\u00f1os en adelante con sus excepciones<\/strong><br \/>\n<strong> Duraci\u00f3n: 10 sesiones<\/strong><br \/>\n<strong> 1 por semana de 1:45 horas<\/strong><\/p>\n<p>Es el anuncio vibrante de la personalidad inagotable de Nuestro Se\u00f1or Jesucristo, a fin de que los j\u00f3venes queden fascinados por \u00c9l y se decidan a pisar sus pisadas; y as\u00ed, lleguen a ser disc\u00edpulos y testigos de Cristo Jes\u00fas.<\/p>\n<p>Tambi\u00e9n es Taller de Vida porque te ense\u00f1a a vivir en la perspectiva humana, liber\u00e1ndote de tristezas y angustias, sanando las heridas, superando complejos de culpa, inferioridad, inseguridades, man\u00edas depresivas, recuperando la estabilidad emocional y la alegr\u00eda de vivir.[\/vc_column_text][vc_column_text css=&#8221;.vc_custom_1501463096038{margin-top: 40px !important;margin-bottom: 40px !important;border-top-width: 1px !important;border-bottom-width: 1px !important;border-top-color: #f59f1d !important;border-top-style: dashed !important;border-bottom-color: #f59f1d !important;border-bottom-style: dashed !important;}&#8221;]<\/p>\n<blockquote>\n<p style=\"text-align: center;\"><strong><em>El camino para ser feliz, el camino de JES\u00daS&#8230;el camino del amor.<br \/>\n\u00a1Haz un TALLER DE ORACI\u00d3N Y VIDA y sabr\u00e1s c\u00f3mo lograrlo!<br \/>\n<\/em><\/strong><\/p>\n<\/blockquote>\n<p>[\/vc_column_text][vc_column_text el_class=&#8221;title-main-na&#8221;]<\/p>\n<h2><a href=\"https:\/\/home.tovpil.org\/category\/testimonios\/plw-services\/tov-jovenes\/\">TESTIMONIOS<\/a><\/h2>\n<p>[\/vc_column_text]\n<div class=\"slz-shortcode sc_posts_mansory slz-posts-mansory slz-post-mansory-layout-1  posts-mansory-85654553169fcbff0e15b1 \">\n\n<div class=\"slz-isotope-grid column-2\">\n<div class=\"grid-item\">\n\t<div class=\"slz-block-item-01 style-1\">\n\t\t\t\t\t\t<div class=\"block-content\">\n\t\t\t<div class=\"block-content-wrapper\">\n\t\t\t\t\t\t\t\t<a class=\"block-title\" href=\"https:\/\/home.tovpil.org\/es_ES\/2026\/03\/20\/talleres-para-jovenes-en-espana\/\">\n\t\t\t\t\tTALLERES PARA J\u00d3VENES EN ESPA\u00d1A\t\t\t\t<\/a>\n\t\t\t\t<div class=\"block-info\">\n\t\t\t\t\t<ul>\n\t\t\t\t\t<li><a href=\"https:\/\/home.tovpil.org\/es_ES\/2026\/03\/20\/talleres-para-jovenes-en-espana\/\" class=\"link date\">marzo 20, 2026<\/a><\/li>\t\t\t\t\t<\/ul>\n\t\t\t\t<\/div>\n\t\t\n\t\t\t\t\t\t\t\t\t<div class=\"block-text\">\n\t\t\t\t\t\t[video width=\"480\" height=\"848\" mp4=\"https:\/\/home.tovpil.org\/wp-content\/uploads\/2026\/03\/TESTIMONIOS-TALLER-JOVENES-MADRID-2026-01-12.mp4\"][\/video]...\t\t\t\t\t<\/div>\n\t\t\t\t\n\t\t\t\t\n\t\t\t\t\t\t\t\t\t<a href=\"https:\/\/home.tovpil.org\/es_ES\/2026\/03\/20\/talleres-para-jovenes-en-espana\/\" class=\"block-read-more\">\n\t\t\t\t\t\tM\u00e1s informaci\u00f3n\t\t\t\t\t\t<i class=\"fa fa-angle-double-right\"><\/i>\n\t\t\t\t\t<\/a>\n\t\t\t\t\t\t\t<\/div>\n\t\t<\/div>\n\t<\/div>\n<\/div>\n<div class=\"grid-item\">\n\t<div class=\"slz-block-item-01 style-1\">\n\t\t\t\t\t\t<div class=\"block-content\">\n\t\t\t<div class=\"block-content-wrapper\">\n\t\t\t\t\t\t\t\t<a class=\"block-title\" href=\"https:\/\/home.tovpil.org\/es_ES\/2022\/02\/22\/quinto-testimonio-del-taller-de-jovenes\/\">\n\t\t\t\t\tQuinto Testimonio del Taller de J\u00f3venes\t\t\t\t<\/a>\n\t\t\t\t<div class=\"block-info\">\n\t\t\t\t\t<ul>\n\t\t\t\t\t<li><a href=\"https:\/\/home.tovpil.org\/es_ES\/2022\/02\/22\/quinto-testimonio-del-taller-de-jovenes\/\" class=\"link date\">febrero 22, 2022<\/a><\/li>\t\t\t\t\t<\/ul>\n\t\t\t\t<\/div>\n\t\t\n\t\t\t\t\t\t\t\t\t<div class=\"block-text\">\n\t\t\t\t\t\t[vc_row css=\".vc_custom_1499787679158{background-position: center !important;background-repeat: no-repeat !important;background-size: cover !important;}\"][vc_column width=\"8\/12\" css=\".vc_custom_1507683876294{background-image: url(http:\/\/home.tovpil.o...\t\t\t\t\t<\/div>\n\t\t\t\t\n\t\t\t\t\n\t\t\t\t\t\t\t\t\t<a href=\"https:\/\/home.tovpil.org\/es_ES\/2022\/02\/22\/quinto-testimonio-del-taller-de-jovenes\/\" class=\"block-read-more\">\n\t\t\t\t\t\tM\u00e1s informaci\u00f3n\t\t\t\t\t\t<i class=\"fa fa-angle-double-right\"><\/i>\n\t\t\t\t\t<\/a>\n\t\t\t\t\t\t\t<\/div>\n\t\t<\/div>\n\t<\/div>\n<\/div><\/div><\/div>\n\n[vc_column_text el_class=&#8221;title-main-na&#8221;]<\/p>\n<h2><a href=\"\/wp\/category\/noticias\/servicios\/young-adults\/\">NOTICIAS<\/a><\/h2>\n<p>[\/vc_column_text]\n<div class=\"slz-shortcode sc_posts_mansory slz-posts-mansory slz-post-mansory-layout-1  posts-mansory-170880076069fcbff0ec2d0 \">\n\n<div class=\"slz-isotope-grid column-2\">\n<div class=\"grid-item\">\n\t<div class=\"slz-block-item-01 style-1\">\n\t\t<a class='concentradora-noticia-item'>TOV J\u00f3venes<\/a>\t\t\t<div class=\"block-image\">\n\t\t\t\t\t<a href=\"https:\/\/home.tovpil.org\/es_ES\/2025\/06\/06\/finalizacion-del-taller-de-jovenes-en-la-comunidad-alianza-de-misericordia-brasil\/\" class=\"link\">\n\t\t\t\t<img loading=\"lazy\" decoding=\"async\" width=\"550\" height=\"350\" src=\"https:\/\/home.tovpil.org\/wp-content\/uploads\/2025\/06\/taller-jovenes-550x350.jpg\" class=\"img-responsive img-full\" alt=\"\" \/>\t\t\t<\/a>\n\t<\/div>\n\t\t<div class=\"block-content\">\n\t\t\t<div class=\"block-content-wrapper\">\n\t\t\t\t\t\t\t\t<a class=\"block-title\" href=\"https:\/\/home.tovpil.org\/es_ES\/2025\/06\/06\/finalizacion-del-taller-de-jovenes-en-la-comunidad-alianza-de-misericordia-brasil\/\">\n\t\t\t\t\tFinalizaci\u00f3n del Taller de J\u00f3venes en la Comunidad \"Alianza de Misericordia\". Brasil.\t\t\t\t<\/a>\n\t\t\t\t<div class=\"block-info\">\n\t\t\t\t\t<ul>\n\t\t\t\t\t<li><a href=\"https:\/\/home.tovpil.org\/es_ES\/2025\/06\/06\/finalizacion-del-taller-de-jovenes-en-la-comunidad-alianza-de-misericordia-brasil\/\" class=\"link date\">junio 6, 2025<\/a><\/li>\t\t\t\t\t<\/ul>\n\t\t\t\t<\/div>\n\t\t\n\t\t\t\t\t\t\t\t\t<div class=\"block-text\">\n\t\t\t\t\t\tEn el per\u00edodo de 06\/02 al 17\/04\/25, se realiz\u00f3 en San Jos\u00e9 de los Campos, estado de S\u00e3o Paulo, Brasil, organizado por la Coordinaci\u00f3n San Jos\u00e9 de los Campos 1, que forma parte del Nacional Brasil Oeste 10, de la Zona Brasil Oeste, conducido por las G...\t\t\t\t\t<\/div>\n\t\t\t\t\n\t\t\t\t\n\t\t\t\t\t\t\t\t\t<a href=\"https:\/\/home.tovpil.org\/es_ES\/2025\/06\/06\/finalizacion-del-taller-de-jovenes-en-la-comunidad-alianza-de-misericordia-brasil\/\" class=\"block-read-more\">\n\t\t\t\t\t\tM\u00e1s informaci\u00f3n\t\t\t\t\t\t<i class=\"fa fa-angle-double-right\"><\/i>\n\t\t\t\t\t<\/a>\n\t\t\t\t\t\t\t<\/div>\n\t\t<\/div>\n\t<\/div>\n<\/div>\n<div class=\"grid-item\">\n\t<div class=\"slz-block-item-01 style-1\">\n\t\t<a class='concentradora-noticia-item'>TOV J\u00f3venes<\/a>\t\t\t<div class=\"block-image\">\n\t\t\t\t\t<a href=\"https:\/\/home.tovpil.org\/es_ES\/2025\/05\/23\/taller-para-jovenes-en-tangara-da-serra-mato-grosso-brasil\/\" class=\"link\">\n\t\t\t\t<img loading=\"lazy\" decoding=\"async\" width=\"550\" height=\"350\" src=\"https:\/\/home.tovpil.org\/wp-content\/uploads\/2025\/05\/taller-jovenes-sierra-2-550x350.jpg\" class=\"img-responsive img-full\" alt=\"\" \/>\t\t\t<\/a>\n\t<\/div>\n\t\t<div class=\"block-content\">\n\t\t\t<div class=\"block-content-wrapper\">\n\t\t\t\t\t\t\t\t<a class=\"block-title\" href=\"https:\/\/home.tovpil.org\/es_ES\/2025\/05\/23\/taller-para-jovenes-en-tangara-da-serra-mato-grosso-brasil\/\">\n\t\t\t\t\tTALLER PARA J\u00d3VENES EN TANGAR\u00c1 DA SERRA, MATO GROSSO, BRASIL\t\t\t\t<\/a>\n\t\t\t\t<div class=\"block-info\">\n\t\t\t\t\t<ul>\n\t\t\t\t\t<li><a href=\"https:\/\/home.tovpil.org\/es_ES\/2025\/05\/23\/taller-para-jovenes-en-tangara-da-serra-mato-grosso-brasil\/\" class=\"link date\">mayo 23, 2025<\/a><\/li>\t\t\t\t\t<\/ul>\n\t\t\t\t<\/div>\n\t\t\n\t\t\t\t\t\t\t\t\t<div class=\"block-text\">\n\t\t\t\t\t\tCon alegr\u00eda terminamos el Taller de J\u00f3venes, para los postulantes de la Casa de Formaci\u00f3n San Francisco de As\u00eds, en Tangar\u00e1 da Serra, Mato Grosso, centro oeste de Brasil. Los Gu\u00edas que aplicaron este Taller fueron Andrea Cristina Gon\u00e7alves Carvalh...\t\t\t\t\t<\/div>\n\t\t\t\t\n\t\t\t\t\n\t\t\t\t\t\t\t\t\t<a href=\"https:\/\/home.tovpil.org\/es_ES\/2025\/05\/23\/taller-para-jovenes-en-tangara-da-serra-mato-grosso-brasil\/\" class=\"block-read-more\">\n\t\t\t\t\t\tM\u00e1s informaci\u00f3n\t\t\t\t\t\t<i class=\"fa fa-angle-double-right\"><\/i>\n\t\t\t\t\t<\/a>\n\t\t\t\t\t\t\t<\/div>\n\t\t<\/div>\n\t<\/div>\n<\/div><\/div><\/div>\n\n[vc_column_text css=&#8221;.vc_custom_1507052513009{margin-top: 40px !important;margin-bottom: 40px !important;border-top-width: 1px !important;border-bottom-width: 1px !important;border-top-color: #f59f1d !important;border-top-style: dashed !important;border-bottom-color: #f59f1d !important;border-bottom-style: dashed !important;}&#8221; el_class=&#8221;dash-bottom-frase&#8221;]<\/p>\n<blockquote>\n<p class=\"p1\" style=\"text-align: center;\"><a href=\"https:\/\/home.tovpil.org\/estructura\/\">&#8220;D\u00f3nde quieres vivir un Taller&#8221;<\/a><\/p>\n<\/blockquote>\n<p>[\/vc_column_text][\/vc_column][vc_column width=&#8221;4\/12&#8243;][vc_column_text el_class=&#8221;relacionados&#8221;]<\/p>\n<h6>Relacionados<\/h6>\n<p>[\/vc_column_text][vc_wp_custommenu nav_menu=&#8221;15&#8243;][\/vc_column][\/vc_row]<\/p>\n","protected":false},"excerpt":{"rendered":"<p>[vc_row css=&#8221;.vc_custom_1499787679158{background-position: center !important;background-repeat: no-repeat !important;background-size: cover !important;}&#8221;][vc_column width=&#8221;8\/12&#8243; css=&#8221;.vc_custom_1507683876294{background-image: url(http:\/\/home.tovpil.o&#8230;<\/p>\n","protected":false},"author":1,"featured_media":0,"parent":1270,"menu_order":0,"comment_status":"closed","ping_status":"closed","template":"","meta":{"footnotes":""},"class_list":["post-911","page","type-page","status-publish","hentry"],"_links":{"self":[{"href":"https:\/\/home.tovpil.org\/es_ES\/wp-json\/wp\/v2\/pages\/911","targetHints":{"allow":["GET"]}}],"collection":[{"href":"https:\/\/home.tovpil.org\/es_ES\/wp-json\/wp\/v2\/pages"}],"about":[{"href":"https:\/\/home.tovpil.org\/es_ES\/wp-json\/wp\/v2\/types\/page"}],"author":[{"embeddable":true,"href":"https:\/\/home.tovpil.org\/es_ES\/wp-json\/wp\/v2\/users\/1"}],"replies":[{"embeddable":true,"href":"https:\/\/home.tovpil.org\/es_ES\/wp-json\/wp\/v2\/comments?post=911"}],"version-history":[{"count":0,"href":"https:\/\/home.tovpil.org\/es_ES\/wp-json\/wp\/v2\/pages\/911\/revisions"}],"up":[{"embeddable":true,"href":"https:\/\/home.tovpil.org\/es_ES\/wp-json\/wp\/v2\/pages\/1270"}],"wp:attachment":[{"href":"https:\/\/home.tovpil.org\/es_ES\/wp-json\/wp\/v2\/media?parent=911"}],"curies":[{"name":"wp","href":"https:\/\/api.w.org\/{rel}","templated":true}]}}