{"id":915,"date":"2017-06-25T21:58:20","date_gmt":"2017-06-25T21:58:20","guid":{"rendered":"https:\/\/home.tovpil.org\/?page_id=915"},"modified":"2018-02-10T15:44:41","modified_gmt":"2018-02-10T15:44:41","slug":"tov-adolescentes","status":"publish","type":"page","link":"https:\/\/home.tovpil.org\/es_ES\/que-ofrecemos\/tov-adolescentes\/","title":{"rendered":"TOV Adolescentes"},"content":{"rendered":"<p>[vc_row][vc_column width=&#8221;8\/12&#8243; css=&#8221;.vc_custom_1507684172356{background-image: url(http:\/\/home.tovpil.org\/wp-content\/uploads\/2017\/06\/ADOLESCENTES-HFF.png?id=1250) !important;background-position: 0 0 !important;background-repeat: no-repeat !important;}&#8221; el_class=&#8221;seccion-desarrollado&#8221;][vc_column_text]<\/p>\n<h1>TOV Adolescentes<\/h1>\n<ul class=\"block-info\">\n<li class=\"ssba\"><!-- Simple Share Buttons Adder (7.5.19) simplesharebuttons.com --><div class=\"ssba-classic-2 ssba ssbp-wrap left ssbp--theme-1\"><div style=\"text-align:left\"><a data-site=\"\" class=\"ssba_facebook_share\" href=\"http:\/\/www.facebook.com\/sharer.php?u=https:\/\/home.tovpil.org\/es_ES\/wp-json\/wp\/v2\/pages\/915\"  target=\"_blank\" ><img decoding=\"async\" src=\"https:\/\/home.tovpil.org\/wp-content\/plugins\/simple-share-buttons-adder\/buttons\/somacro\/facebook.png\" style=\"width: 35px;\" title=\"Facebook\" class=\"ssba ssba-img\" alt=\"Share on Facebook\" \/><div title=\"Facebook\" class=\"ssbp-text\">Facebook<\/div><\/a><a data-site=\"\" class=\"ssba_twitter_share\" href=\"http:\/\/twitter.com\/share?url=https:\/\/home.tovpil.org\/es_ES\/wp-json\/wp\/v2\/pages\/915&amp;text=TOV%20Adolescentes%20\"  target=&quot;_blank&quot; ><img decoding=\"async\" src=\"https:\/\/home.tovpil.org\/wp-content\/plugins\/simple-share-buttons-adder\/buttons\/somacro\/twitter.png\" style=\"width: 35px;\" title=\"Twitter\" class=\"ssba ssba-img\" alt=\"Tweet about this on Twitter\" \/><div title=\"Twitter\" class=\"ssbp-text\">Twitter<\/div><\/a><a data-site='pinterest' class='ssba_pinterest_share' href='javascript:void((function()%7Bvar%20e=document.createElement(&apos;script&apos;);e.setAttribute(&apos;type&apos;,&apos;text\/javascript&apos;);e.setAttribute(&apos;charset&apos;,&apos;UTF-8&apos;);e.setAttribute(&apos;src&apos;,&apos;\/\/assets.pinterest.com\/js\/pinmarklet.js?r=&apos;+Math.random()*99999999);document.body.appendChild(e)%7D)());'><img decoding=\"async\" src=\"https:\/\/home.tovpil.org\/wp-content\/plugins\/simple-share-buttons-adder\/buttons\/somacro\/pinterest.png\" style=\"width: 35px;\" title=\"Pinterest\" class=\"ssba ssba-img\" alt=\"Pin on Pinterest\" \/><div title=\"Pinterest\" class=\"ssbp-text\">Pinterest<\/div><\/a><\/div><\/div><\/li>\n<\/ul>\n<p><strong>Edad: 13 a 19 a\u00f1os<\/strong><br \/>\n<strong>Duraci\u00f3n: 8 sesiones<\/strong><br \/>\n<strong>1 por semana de 1:45 horas<\/strong><\/p>\n<p>Es una evangelizaci\u00f3n que presenta la figura de Jes\u00fas como su &#8220;compa\u00f1ero de viaje&#8221; y referente para la vida. Durante los encuentros semanales aprenden a tratar a Jes\u00fas como un amigo, a conocerlo, se sienten seducidos por \u00c9l, se descubren a s\u00ed mismos y deciden vivir como \u00c9l.[\/vc_column_text][vc_column_text css=&#8221;.vc_custom_1502829732255{margin-top: 40px !important;margin-bottom: 40px !important;border-top-width: 1px !important;border-bottom-width: 1px !important;border-top-color: #f59f1d !important;border-top-style: dashed !important;border-bottom-color: #f59f1d !important;border-bottom-style: dashed !important;}&#8221; el_class=&#8221;dash-bottom-frase&#8221;]<\/p>\n<blockquote>\n<p style=\"text-align: center;\">Un juego apasionante.<br \/>\n\u00danete a la invitaci\u00f3n del SE\u00d1OR JES\u00daS:<br \/>\n&#8220;Si quieres&#8230;s\u00edgueme&#8221;<strong><em><br \/>\n<\/em><\/strong><\/p>\n<\/blockquote>\n<p>[\/vc_column_text][vc_column_text el_class=&#8221;title-main-na&#8221;]<\/p>\n<h2><a href=\"\/wp\/category\/testimonios\/plw-services\/plw-adolecents\/\">TESTIMONIOS<\/a><\/h2>\n<p>[\/vc_column_text]\n<div class=\"slz-shortcode sc_posts_mansory slz-posts-mansory slz-post-mansory-layout-1  posts-mansory-67493272069fcbff97a39c \">\n\n<div class=\"slz-isotope-grid column-2\">\n<div class=\"grid-item\">\n\t<div class=\"slz-block-item-01 style-1\">\n\t\t\t\t\t\t<div class=\"block-content\">\n\t\t\t<div class=\"block-content-wrapper\">\n\t\t\t\t\t\t\t\t<a class=\"block-title\" href=\"https:\/\/home.tovpil.org\/es_ES\/2020\/02\/24\/testimonio-2-tov-adolescentes\/\">\n\t\t\t\t\tTestimonio 2 - TOV Adolescentes\t\t\t\t<\/a>\n\t\t\t\t<div class=\"block-info\">\n\t\t\t\t\t<ul>\n\t\t\t\t\t<li><a href=\"https:\/\/home.tovpil.org\/es_ES\/2020\/02\/24\/testimonio-2-tov-adolescentes\/\" class=\"link date\">febrero 24, 2020<\/a><\/li>\t\t\t\t\t<\/ul>\n\t\t\t\t<\/div>\n\t\t\n\t\t\t\t\t\t\t\t\t<div class=\"block-text\">\n\t\t\t\t\t\t[vc_row][vc_column width=\"8\/12\" css=\".vc_custom_1507684172356{background-image: url(http:\/\/home.tovpil.org\/wp-content\/uploads\/2017\/06\/ADOLESCENTES-HFF.png?id=1250) !important;background-position: 0 0 !important;background-repeat: no-repeat !important...\t\t\t\t\t<\/div>\n\t\t\t\t\n\t\t\t\t\n\t\t\t\t\t\t\t\t\t<a href=\"https:\/\/home.tovpil.org\/es_ES\/2020\/02\/24\/testimonio-2-tov-adolescentes\/\" class=\"block-read-more\">\n\t\t\t\t\t\tM\u00e1s informaci\u00f3n\t\t\t\t\t\t<i class=\"fa fa-angle-double-right\"><\/i>\n\t\t\t\t\t<\/a>\n\t\t\t\t\t\t\t<\/div>\n\t\t<\/div>\n\t<\/div>\n<\/div>\n<div class=\"grid-item\">\n\t<div class=\"slz-block-item-01 style-1\">\n\t\t\t\t\t\t<div class=\"block-content\">\n\t\t\t<div class=\"block-content-wrapper\">\n\t\t\t\t\t\t\t\t<a class=\"block-title\" href=\"https:\/\/home.tovpil.org\/es_ES\/2020\/02\/24\/testimonio-tov-adolescentes\/\">\n\t\t\t\t\tTestimonio - TOV Adolescentes\t\t\t\t<\/a>\n\t\t\t\t<div class=\"block-info\">\n\t\t\t\t\t<ul>\n\t\t\t\t\t<li><a href=\"https:\/\/home.tovpil.org\/es_ES\/2020\/02\/24\/testimonio-tov-adolescentes\/\" class=\"link date\">febrero 24, 2020<\/a><\/li>\t\t\t\t\t<\/ul>\n\t\t\t\t<\/div>\n\t\t\n\t\t\t\t\t\t\t\t\t<div class=\"block-text\">\n\t\t\t\t\t\tEn este taller me sent\u00ed muy bien, me ha ayudado a ser una ni\u00f1a m\u00e1s gentil, amorosa, a ayudar a los dem\u00e1s, yo creo que este taller es el mejor que he tomado. El taller me ayudo a que Jes\u00fas viva en m\u00ed, en mi esp\u00edritu. En este taller encontr\u00e9 con orar con Jes\u00fas, las diferentes formas de estar y orar con Jes\u00fas y su Padre. Al terminar este taller yo espero ser una ni\u00f1a con su esp\u00edritu lleno de gracia y amor por Jes\u00fas\u2026\t\t\t\t\t<\/div>\n\t\t\t\t\n\t\t\t\t\n\t\t\t\t\t\t\t\t\t<a href=\"https:\/\/home.tovpil.org\/es_ES\/2020\/02\/24\/testimonio-tov-adolescentes\/\" class=\"block-read-more\">\n\t\t\t\t\t\tM\u00e1s informaci\u00f3n\t\t\t\t\t\t<i class=\"fa fa-angle-double-right\"><\/i>\n\t\t\t\t\t<\/a>\n\t\t\t\t\t\t\t<\/div>\n\t\t<\/div>\n\t<\/div>\n<\/div><\/div><\/div>\n\n[vc_column_text el_class=&#8221;title-main-na&#8221;]<\/p>\n<h2><a href=\"\/wp\/category\/noticias\/servicios\/tov-adolecentes\/\">NOTICIAS<\/a><\/h2>\n<p>[\/vc_column_text]\n<div class=\"slz-shortcode sc_posts_mansory slz-posts-mansory slz-post-mansory-layout-1  posts-mansory-69621339669fcbff982f2a \">\n\n<div class=\"slz-isotope-grid column-2\">\n<div class=\"grid-item\">\n\t<div class=\"slz-block-item-01 style-1\">\n\t\t<a class='concentradora-noticia-item'>TOV Adolecentes<\/a>\t\t\t<div class=\"block-image\">\n\t\t\t\t\t<a href=\"https:\/\/home.tovpil.org\/es_ES\/2025\/05\/10\/oficina-para-adolescentes-em-campina-grande-no-brasil\/\" class=\"link\">\n\t\t\t\t<img loading=\"lazy\" decoding=\"async\" width=\"524\" height=\"350\" src=\"https:\/\/home.tovpil.org\/wp-content\/uploads\/2025\/05\/taller-Adolesc-B-524x350.jpg\" class=\"img-responsive img-full\" alt=\"\" \/>\t\t\t<\/a>\n\t<\/div>\n\t\t<div class=\"block-content\">\n\t\t\t<div class=\"block-content-wrapper\">\n\t\t\t\t\t\t\t\t<a class=\"block-title\" href=\"https:\/\/home.tovpil.org\/es_ES\/2025\/05\/10\/oficina-para-adolescentes-em-campina-grande-no-brasil\/\">\n\t\t\t\t\tTALLER PARA ADOLESCENTES EN CAMPINA GRANDE, BRASIL.\t\t\t\t<\/a>\n\t\t\t\t<div class=\"block-info\">\n\t\t\t\t\t<ul>\n\t\t\t\t\t<li><a href=\"https:\/\/home.tovpil.org\/es_ES\/2025\/05\/10\/oficina-para-adolescentes-em-campina-grande-no-brasil\/\" class=\"link date\">mayo 10, 2025<\/a><\/li>\t\t\t\t\t<\/ul>\n\t\t\t\t<\/div>\n\t\t\n\t\t\t\t\t\t\t\t\t<div class=\"block-text\">\n\t\t\t\t\t\tSe est\u00e1 aplicando en estos meses de abril y mayo el Taller para Adolescentes, en Campina Grande, Para\u00edba, en Brasil, por las Gu\u00edas Gildete y Ana L\u00facia. Este Taller est\u00e1 transcurriendo en la residencia de la Gu\u00eda Gildete, que pertenece a la Coordin...\t\t\t\t\t<\/div>\n\t\t\t\t\n\t\t\t\t\n\t\t\t\t\t\t\t\t\t<a href=\"https:\/\/home.tovpil.org\/es_ES\/2025\/05\/10\/oficina-para-adolescentes-em-campina-grande-no-brasil\/\" class=\"block-read-more\">\n\t\t\t\t\t\tM\u00e1s informaci\u00f3n\t\t\t\t\t\t<i class=\"fa fa-angle-double-right\"><\/i>\n\t\t\t\t\t<\/a>\n\t\t\t\t\t\t\t<\/div>\n\t\t<\/div>\n\t<\/div>\n<\/div>\n<div class=\"grid-item\">\n\t<div class=\"slz-block-item-01 style-1\">\n\t\t<a class='concentradora-noticia-item'>TOV Adolecentes<\/a>\t\t\t<div class=\"block-image\">\n\t\t\t\t\t<a href=\"https:\/\/home.tovpil.org\/es_ES\/2021\/06\/04\/taller-para-adolescentes-en-huambo-angola\/\" class=\"link\">\n\t\t\t\t<img loading=\"lazy\" decoding=\"async\" width=\"550\" height=\"350\" src=\"https:\/\/home.tovpil.org\/wp-content\/uploads\/2021\/06\/HOME-550x350.jpeg\" class=\"img-responsive img-full\" alt=\"\" \/>\t\t\t<\/a>\n\t<\/div>\n\t\t<div class=\"block-content\">\n\t\t\t<div class=\"block-content-wrapper\">\n\t\t\t\t\t\t\t\t<a class=\"block-title\" href=\"https:\/\/home.tovpil.org\/es_ES\/2021\/06\/04\/taller-para-adolescentes-en-huambo-angola\/\">\n\t\t\t\t\tTaller para Adolescentes en Huambo, Angola\t\t\t\t<\/a>\n\t\t\t\t<div class=\"block-info\">\n\t\t\t\t\t<ul>\n\t\t\t\t\t<li><a href=\"https:\/\/home.tovpil.org\/es_ES\/2021\/06\/04\/taller-para-adolescentes-en-huambo-angola\/\" class=\"link date\">junio 4, 2021<\/a><\/li>\t\t\t\t\t<\/ul>\n\t\t\t\t<\/div>\n\t\t\n\t\t\t\t\t\t\t\t\t<div class=\"block-text\">\n\t\t\t\t\t\tSe imparti\u00f3 un Taller para Adolescentes en la Zona Luso Africana, en la localidad de Huambo, Angola;\r\nal final de la Clausura vivieron una Eucarist\u00eda en Acci\u00f3n de Gracias por el Taller, el cual fue una experiencia piloto en la Zona.\r\nLos padres de los j\u00f3venes dieron testimonios por el cambio y la actitud de sus hijos.\r\n\r\nDios sea alabado por las maravillas que inspir\u00f3 el Esp\u00edritu Santo al Padre Ignacio en la ceaci\u00f3n de tan bendecida obra de Talleres de Oraci\u00f3n y Vida.\t\t\t\t\t<\/div>\n\t\t\t\t\n\t\t\t\t\n\t\t\t\t\t\t\t\t\t<a href=\"https:\/\/home.tovpil.org\/es_ES\/2021\/06\/04\/taller-para-adolescentes-en-huambo-angola\/\" class=\"block-read-more\">\n\t\t\t\t\t\tM\u00e1s informaci\u00f3n\t\t\t\t\t\t<i class=\"fa fa-angle-double-right\"><\/i>\n\t\t\t\t\t<\/a>\n\t\t\t\t\t\t\t<\/div>\n\t\t<\/div>\n\t<\/div>\n<\/div><\/div><\/div>\n\n[vc_column_text css=&#8221;.vc_custom_1507043868622{margin-top: 40px !important;margin-bottom: 40px !important;border-top-width: 1px !important;border-bottom-width: 1px !important;border-top-color: #f59f1d !important;border-top-style: dashed !important;border-bottom-color: #f59f1d !important;border-bottom-style: dashed !important;}&#8221; el_class=&#8221;dash-bottom-frase&#8221;]<\/p>\n<blockquote>\n<p style=\"text-align: center;\"><a href=\"https:\/\/home.tovpil.org\/estructura\/\">&#8220;D\u00f3nde quieres vivir un Taller&#8221;<\/a><strong><em><br \/>\n<\/em><\/strong><\/p>\n<\/blockquote>\n<p>[\/vc_column_text][\/vc_column][vc_column width=&#8221;4\/12&#8243;][vc_column_text el_class=&#8221;relacionados&#8221;]<\/p>\n<h6>Relacionados<\/h6>\n<p>[\/vc_column_text][vc_wp_custommenu nav_menu=&#8221;15&#8243;][\/vc_column][\/vc_row]<\/p>\n","protected":false},"excerpt":{"rendered":"<p>[vc_row][vc_column width=&#8221;8\/12&#8243; css=&#8221;.vc_custom_1507684172356{background-image: url(http:\/\/home.tovpil.org\/wp-content\/uploads\/2017\/06\/ADOLESCENTES-HFF.png?id=1250) !important;background-position: 0 0 !important;background-repeat: no-repeat !important&#8230;<\/p>\n","protected":false},"author":1,"featured_media":0,"parent":1270,"menu_order":0,"comment_status":"closed","ping_status":"closed","template":"","meta":{"footnotes":""},"class_list":["post-915","page","type-page","status-publish","hentry"],"_links":{"self":[{"href":"https:\/\/home.tovpil.org\/es_ES\/wp-json\/wp\/v2\/pages\/915","targetHints":{"allow":["GET"]}}],"collection":[{"href":"https:\/\/home.tovpil.org\/es_ES\/wp-json\/wp\/v2\/pages"}],"about":[{"href":"https:\/\/home.tovpil.org\/es_ES\/wp-json\/wp\/v2\/types\/page"}],"author":[{"embeddable":true,"href":"https:\/\/home.tovpil.org\/es_ES\/wp-json\/wp\/v2\/users\/1"}],"replies":[{"embeddable":true,"href":"https:\/\/home.tovpil.org\/es_ES\/wp-json\/wp\/v2\/comments?post=915"}],"version-history":[{"count":1,"href":"https:\/\/home.tovpil.org\/es_ES\/wp-json\/wp\/v2\/pages\/915\/revisions"}],"predecessor-version":[{"id":5166,"href":"https:\/\/home.tovpil.org\/es_ES\/wp-json\/wp\/v2\/pages\/915\/revisions\/5166"}],"up":[{"embeddable":true,"href":"https:\/\/home.tovpil.org\/es_ES\/wp-json\/wp\/v2\/pages\/1270"}],"wp:attachment":[{"href":"https:\/\/home.tovpil.org\/es_ES\/wp-json\/wp\/v2\/media?parent=915"}],"curies":[{"name":"wp","href":"https:\/\/api.w.org\/{rel}","templated":true}]}}