{"id":924,"date":"2017-06-25T22:11:07","date_gmt":"2017-06-25T22:11:07","guid":{"rendered":"https:\/\/home.tovpil.org\/?page_id=924"},"modified":"2017-12-22T01:29:16","modified_gmt":"2017-12-22T01:29:16","slug":"encuentro-de-experiencia-de-dios","status":"publish","type":"page","link":"https:\/\/home.tovpil.org\/es_ES\/que-ofrecemos\/encuentro-de-experiencia-de-dios\/","title":{"rendered":"Encuentro de Experiencia de Dios"},"content":{"rendered":"<p>[vc_row][vc_column width=&#8221;8\/12&#8243; css=&#8221;.vc_custom_1507685124144{background-image: url(http:\/\/home.tovpil.org\/wp-content\/uploads\/2017\/06\/EED-HFF.png?id=1236) !important;background-position: 0 0 !important;background-repeat: no-repeat !important;}&#8221; el_class=&#8221;fondo_taller_eed seccion-desarrollado&#8221;][vc_column_text]<\/p>\n<h1>Encuentro de Experiencia de Dios<\/h1>\n<ul class=\"block-info\">\n<li class=\"ssba\"><!-- Simple Share Buttons Adder (7.5.19) simplesharebuttons.com --><div class=\"ssba-classic-2 ssba ssbp-wrap left ssbp--theme-1\"><div style=\"text-align:left\"><a data-site=\"\" class=\"ssba_facebook_share\" href=\"http:\/\/www.facebook.com\/sharer.php?u=https:\/\/home.tovpil.org\/es_ES\/wp-json\/wp\/v2\/pages\/924\"  target=\"_blank\" ><img decoding=\"async\" src=\"https:\/\/home.tovpil.org\/wp-content\/plugins\/simple-share-buttons-adder\/buttons\/somacro\/facebook.png\" style=\"width: 35px;\" title=\"Facebook\" class=\"ssba ssba-img\" alt=\"Share on Facebook\" \/><div title=\"Facebook\" class=\"ssbp-text\">Facebook<\/div><\/a><a data-site=\"\" class=\"ssba_twitter_share\" href=\"http:\/\/twitter.com\/share?url=https:\/\/home.tovpil.org\/es_ES\/wp-json\/wp\/v2\/pages\/924&amp;text=Encuentro%20de%20Experiencia%20de%20Dios%20\"  target=&quot;_blank&quot; ><img decoding=\"async\" src=\"https:\/\/home.tovpil.org\/wp-content\/plugins\/simple-share-buttons-adder\/buttons\/somacro\/twitter.png\" style=\"width: 35px;\" title=\"Twitter\" class=\"ssba ssba-img\" alt=\"Tweet about this on Twitter\" \/><div title=\"Twitter\" class=\"ssbp-text\">Twitter<\/div><\/a><a data-site='pinterest' class='ssba_pinterest_share' href='javascript:void((function()%7Bvar%20e=document.createElement(&apos;script&apos;);e.setAttribute(&apos;type&apos;,&apos;text\/javascript&apos;);e.setAttribute(&apos;charset&apos;,&apos;UTF-8&apos;);e.setAttribute(&apos;src&apos;,&apos;\/\/assets.pinterest.com\/js\/pinmarklet.js?r=&apos;+Math.random()*99999999);document.body.appendChild(e)%7D)());'><img decoding=\"async\" src=\"https:\/\/home.tovpil.org\/wp-content\/plugins\/simple-share-buttons-adder\/buttons\/somacro\/pinterest.png\" style=\"width: 35px;\" title=\"Pinterest\" class=\"ssba ssba-img\" alt=\"Pin on Pinterest\" \/><div title=\"Pinterest\" class=\"ssbp-text\">Pinterest<\/div><\/a><\/div><\/div><\/li>\n<\/ul>\n<p>Es un servicio in\u00e9dito que Talleres de Oraci\u00f3n y Vida ha entregado, primero impartidos por su propio fundador\u00a0padre Ignacio Larra\u00f1aga desde el a\u00f1o 1974 y posteriormente\u00a0 por los Gu\u00edas Matrimonio Evangelizador (GME)\u00a0 a quienes el mismo padre\u00a0Ignacio prepar\u00f3 para entregar estos Encuentros desde el a\u00f1o 1994.<\/p>\n<p>Tal como su nombre lo indica es una semana de una fuerte experiencia de Dios en silencio y soledad. Cada d\u00eda se vive una aventura en el esp\u00edritu porque se va de menos a m\u00e1s en la intimidad de aquel que sabemos nos ama. Para terminar diciendo que vali\u00f3 la pena dejar todo para vivir esto.<\/p>\n<p>Se recupera el encanto de la vida a trav\u00e9s de sentirnos encantados con Dios.\u00a0Es tan extraordinaria la vivencia de Dios en cada persona que asiste a estos Encuentros, que muchos de ellos tienen la viva impresi\u00f3n de que su vida toma otro rumbo a partir de ellos. Dejan una huella imborrable.<\/p>\n<p>Han sido millares las personas que los han tomado y han sido los mayores promotores de vivir esta experiencia.\u00a0Estos Encuentros de Experiencia de Dios fueron el germen de los Talleres de Oraci\u00f3n y Vida, de all\u00ed nacieron.<\/p>\n<p>El \u00fanico requisito para asistir a ellos es querer tratar con Dios.<\/p>\n<p><strong>P. Ignacio Larra\u00f1aga OFM cap<\/strong><br \/>\n<strong>Fundador de los Talleres de Oraci\u00f3n y Vida<\/strong>[\/vc_column_text][vc_column_text css=&#8221;.vc_custom_1500747172899{margin-top: 40px !important;margin-bottom: 40px !important;border-top-width: 1px !important;border-bottom-width: 1px !important;border-top-color: #f59f1d !important;border-top-style: dashed !important;border-bottom-color: #f59f1d !important;border-bottom-style: dashed !important;}&#8221; el_class=&#8221;dash-bottom-frase&#8221;]<\/p>\n<blockquote><p>Vive un Encuentro, es una experiencia \u00fanica que te llenar\u00e1 de una paz nunca imaginada<\/p><\/blockquote>\n<p>[\/vc_column_text][vc_column_text el_class=&#8221;title-main-na&#8221;]<\/p>\n<h2><a href=\"\/wp\/category\/testimonios\/plw-services\/encuentro-de-experiencia-de-dios-servicios\/\">TESTIMONIOS<\/a><\/h2>\n<p>[\/vc_column_text]\n<div class=\"slz-shortcode sc_posts_mansory slz-posts-mansory slz-post-mansory-layout-1  posts-mansory-61116521069fcca207c25c \">\n\n<div class=\"slz-isotope-grid column-2\">\n<div class=\"grid-item\">\n\t<div class=\"slz-block-item-01 style-1\">\n\t\t\t\t\t\t<div class=\"block-content\">\n\t\t\t<div class=\"block-content-wrapper\">\n\t\t\t\t\t\t\t\t<a class=\"block-title\" href=\"https:\/\/home.tovpil.org\/es_ES\/2022\/10\/06\/encuentro-de-experiencia-de-dios-celebrado-en-brasil\/\">\n\t\t\t\t\tENCUENTRO DE EXPERIENCIA DE DIOS CELEBRADO EN BRASIL\t\t\t\t<\/a>\n\t\t\t\t<div class=\"block-info\">\n\t\t\t\t\t<ul>\n\t\t\t\t\t<li><a href=\"https:\/\/home.tovpil.org\/es_ES\/2022\/10\/06\/encuentro-de-experiencia-de-dios-celebrado-en-brasil\/\" class=\"link date\">octubre 6, 2022<\/a><\/li>\t\t\t\t\t<\/ul>\n\t\t\t\t<\/div>\n\t\t\n\t\t\t\t\t\t\t\t\t<div class=\"block-text\">\n\t\t\t\t\t\t\u00a0 El Encuentro de Experiencia de Dios organizado por la Coordinaci\u00f3n Nacional Brasil Oeste 10 junto con la Coordinaci\u00f3n local de Pindamonhangaba, ha tenido lugar en Casas Pia C\u00f4nego Tobias. \u00a0 Desde el d\u00eda 26 al 31 de Julio de 2022 los partic...\t\t\t\t\t<\/div>\n\t\t\t\t\n\t\t\t\t\n\t\t\t\t\t\t\t\t\t<a href=\"https:\/\/home.tovpil.org\/es_ES\/2022\/10\/06\/encuentro-de-experiencia-de-dios-celebrado-en-brasil\/\" class=\"block-read-more\">\n\t\t\t\t\t\tM\u00e1s informaci\u00f3n\t\t\t\t\t\t<i class=\"fa fa-angle-double-right\"><\/i>\n\t\t\t\t\t<\/a>\n\t\t\t\t\t\t\t<\/div>\n\t\t<\/div>\n\t<\/div>\n<\/div>\n<div class=\"grid-item\">\n\t<div class=\"slz-block-item-01 style-1\">\n\t\t<a class='concentradora-noticia-item'>Encuentro de Experiencia de Dios<\/a>\t\t\t<div class=\"block-image\">\n\t\t\t\t\t<a href=\"https:\/\/home.tovpil.org\/es_ES\/2022\/10\/04\/retiro-anual-fundamentos-basicos-vividos-en-mexico\/\" class=\"link\">\n\t\t\t\t<img loading=\"lazy\" decoding=\"async\" width=\"550\" height=\"350\" src=\"https:\/\/home.tovpil.org\/wp-content\/uploads\/2022\/10\/COORDINACION-LOCAL-ESTE-2-550x350.jpeg\" class=\"img-responsive img-full\" alt=\"\" \/>\t\t\t<\/a>\n\t<\/div>\n\t\t<div class=\"block-content\">\n\t\t\t<div class=\"block-content-wrapper\">\n\t\t\t\t\t\t\t\t<a class=\"block-title\" href=\"https:\/\/home.tovpil.org\/es_ES\/2022\/10\/04\/retiro-anual-fundamentos-basicos-vividos-en-mexico\/\">\n\t\t\t\t\tRETIRO ANUAL \"FUNDAMENTOS B\u00c1SICOS\" VIVIDOS EN M\u00c9XICO\t\t\t\t<\/a>\n\t\t\t\t<div class=\"block-info\">\n\t\t\t\t\t<ul>\n\t\t\t\t\t<li><a href=\"https:\/\/home.tovpil.org\/es_ES\/2022\/10\/04\/retiro-anual-fundamentos-basicos-vividos-en-mexico\/\" class=\"link date\">octubre 4, 2022<\/a><\/li>\t\t\t\t\t<\/ul>\n\t\t\t\t<\/div>\n\t\t\n\t\t\t\t\t\t\t\t\t<div class=\"block-text\">\n\t\t\t\t\t\tGu\u00edas Coordinaci\u00f3n Local Este 2 y Coordinaci\u00f3n Campeche y Ciudad del Carmen vivieron en estos d\u00edas la alegr\u00eda de poder renovarse nuevamente.\t\t\t\t\t<\/div>\n\t\t\t\t\n\t\t\t\t\n\t\t\t\t\t\t\t\t\t<a href=\"https:\/\/home.tovpil.org\/es_ES\/2022\/10\/04\/retiro-anual-fundamentos-basicos-vividos-en-mexico\/\" class=\"block-read-more\">\n\t\t\t\t\t\tM\u00e1s informaci\u00f3n\t\t\t\t\t\t<i class=\"fa fa-angle-double-right\"><\/i>\n\t\t\t\t\t<\/a>\n\t\t\t\t\t\t\t<\/div>\n\t\t<\/div>\n\t<\/div>\n<\/div><\/div><\/div>\n\n[vc_row_inner][vc_column_inner][vc_column_text css=&#8221;.vc_custom_1501946850401{margin-top: 20px !important;margin-bottom: 20px !important;border-bottom-width: 1px !important;border-bottom-color: #f59f1d !important;border-bottom-style: solid !important;}&#8221;]<\/p>\n<h2>PROMOCI\u00d3N<\/h2>\n<p>[\/vc_column_text][\/vc_column_inner][\/vc_row_inner][vc_row_inner][vc_column_inner width=&#8221;1\/2&#8243;][vc_single_image image=&#8221;2278&#8243; img_size=&#8221;full&#8221; alignment=&#8221;center&#8221; style=&#8221;vc_box_shadow_3d&#8221;][\/vc_column_inner][vc_column_inner width=&#8221;1\/2&#8243;][vc_column_text]<strong>Pr\u00f3ximo Encuentro de Experiencia de Dios<\/strong><br \/>\n<strong>En Bogot\u00e1, Colombia<\/strong><br \/>\nLUGAR: Casa de Encuentros Olessa (Ch\u00eda)<br \/>\nFECHA: 1 al 6 de Noviembre 2017<br \/>\nVALOR: $440.000<br \/>\nINFORMES: Tels. 571 2268682<br \/>\nCel 57 3132658946<br \/>\n<span style=\"color: #ff0000;\"><em>\u201cEl Encuentro despierta la sed de Dios y la sacia\u201d<\/em><\/span>[\/vc_column_text][\/vc_column_inner][\/vc_row_inner][vc_column_text el_class=&#8221;title-main-na&#8221;]<\/p>\n<h2><a href=\"\/wp\/category\/noticias\/servicios\/ encuentro-de-experiencia-de-dios\/\">NOTICIAS<\/a><\/h2>\n<p>[\/vc_column_text]\n<div class=\"slz-shortcode sc_posts_mansory slz-posts-mansory slz-post-mansory-layout-1  posts-mansory-77891018869fcca2086edb \">\n\n<div class=\"slz-isotope-grid column-2\">\n<div class=\"grid-item\">\n\t<div class=\"slz-block-item-01 style-1\">\n\t\t<a class='concentradora-noticia-item'>Encuentro de Experiencia de Dios<\/a>\t\t\t\t<div class=\"block-content\">\n\t\t\t<div class=\"block-content-wrapper\">\n\t\t\t\t\t\t\t\t<a class=\"block-title\" href=\"https:\/\/home.tovpil.org\/es_ES\/2026\/04\/30\/encuentro-experiencia-de-dios-el-salvador\/\">\n\t\t\t\t\tENCUENTRO EXPERIENCIA DE DIOS EL SALVADOR\t\t\t\t<\/a>\n\t\t\t\t<div class=\"block-info\">\n\t\t\t\t\t<ul>\n\t\t\t\t\t<li><a href=\"https:\/\/home.tovpil.org\/es_ES\/2026\/04\/30\/encuentro-experiencia-de-dios-el-salvador\/\" class=\"link date\">abril 30, 2026<\/a><\/li>\t\t\t\t\t<\/ul>\n\t\t\t\t<\/div>\n\t\t\n\t\t\t\t\t\t\t\t\t<div class=\"block-text\">\n\t\t\t\t\t\tYav\u00e9 vio que Mois\u00e9s se acercaba para mirar; Dios lo llam\u00f3 de en medio de la zarza: \u00a1Mois\u00e9s, Mois\u00e9s! y \u00e9l respondi\u00f3: Aqu\u00ed estoy, &lt;span style=&quot;col...\t\t\t\t\t<\/div>\n\t\t\t\t\n\t\t\t\t\n\t\t\t\t\t\t\t\t\t<a href=\"https:\/\/home.tovpil.org\/es_ES\/2026\/04\/30\/encuentro-experiencia-de-dios-el-salvador\/\" class=\"block-read-more\">\n\t\t\t\t\t\tM\u00e1s informaci\u00f3n\t\t\t\t\t\t<i class=\"fa fa-angle-double-right\"><\/i>\n\t\t\t\t\t<\/a>\n\t\t\t\t\t\t\t<\/div>\n\t\t<\/div>\n\t<\/div>\n<\/div>\n<div class=\"grid-item\">\n\t<div class=\"slz-block-item-01 style-1\">\n\t\t<a class='concentradora-noticia-item'>Encuentro de Experiencia de Dios<\/a>\t\t\t\t<div class=\"block-content\">\n\t\t\t<div class=\"block-content-wrapper\">\n\t\t\t\t\t\t\t\t<a class=\"block-title\" href=\"https:\/\/home.tovpil.org\/es_ES\/2026\/04\/30\/encuentro-experiencia-de-dios-en-costa-rica\/\">\n\t\t\t\t\tENCUENTRO EXPERIENCIA DE DIOS EN COSTA RICA\t\t\t\t<\/a>\n\t\t\t\t<div class=\"block-info\">\n\t\t\t\t\t<ul>\n\t\t\t\t\t<li><a href=\"https:\/\/home.tovpil.org\/es_ES\/2026\/04\/30\/encuentro-experiencia-de-dios-en-costa-rica\/\" class=\"link date\">abril 30, 2026<\/a><\/li>\t\t\t\t\t<\/ul>\n\t\t\t\t<\/div>\n\t\t\n\t\t\t\t\t\t\t\t\t<div class=\"block-text\">\n\t\t\t\t\t\t\u00abSilencio en la mente, paz en el coraz\u00f3n\u00bb Casa de Ejercicios Espirituales Misioneros Claretianos San Francisco, San Francisco, Goicoechea, San Jos\u00e9 &lt;img cl...\t\t\t\t\t<\/div>\n\t\t\t\t\n\t\t\t\t\n\t\t\t\t\t\t\t\t\t<a href=\"https:\/\/home.tovpil.org\/es_ES\/2026\/04\/30\/encuentro-experiencia-de-dios-en-costa-rica\/\" class=\"block-read-more\">\n\t\t\t\t\t\tM\u00e1s informaci\u00f3n\t\t\t\t\t\t<i class=\"fa fa-angle-double-right\"><\/i>\n\t\t\t\t\t<\/a>\n\t\t\t\t\t\t\t<\/div>\n\t\t<\/div>\n\t<\/div>\n<\/div><\/div><\/div>\n\n[vc_column_text el_class=&#8221;dash-bottom-frase&#8221;]<\/p>\n<blockquote>\n<p style=\"text-align: center;\"><a href=\"https:\/\/home.tovpil.org\/estructura\/\">&#8220;D\u00f3nde quieres vivir un EED&#8221;<\/a><\/p>\n<\/blockquote>\n<p>[\/vc_column_text][\/vc_column][vc_column width=&#8221;4\/12&#8243;][vc_column_text el_class=&#8221;relacionados&#8221;]<\/p>\n<h6>Relacionados<\/h6>\n<p>[\/vc_column_text][vc_wp_custommenu nav_menu=&#8221;15&#8243;][\/vc_column][\/vc_row]<\/p>\n","protected":false},"excerpt":{"rendered":"<p>[vc_row][vc_column width=&#8221;8\/12&#8243; css=&#8221;.vc_custom_1507685124144{background-image: url(http:\/\/home.tovpil.org\/wp-content\/uploads\/2017\/06\/EED-HFF.png?id=1236) !important;background-position: 0 0 !important;background-repeat: no-repeat !important;}&#8221; el_cl&#8230;<\/p>\n","protected":false},"author":1,"featured_media":0,"parent":1270,"menu_order":0,"comment_status":"closed","ping_status":"closed","template":"","meta":{"footnotes":""},"class_list":["post-924","page","type-page","status-publish","hentry"],"_links":{"self":[{"href":"https:\/\/home.tovpil.org\/es_ES\/wp-json\/wp\/v2\/pages\/924","targetHints":{"allow":["GET"]}}],"collection":[{"href":"https:\/\/home.tovpil.org\/es_ES\/wp-json\/wp\/v2\/pages"}],"about":[{"href":"https:\/\/home.tovpil.org\/es_ES\/wp-json\/wp\/v2\/types\/page"}],"author":[{"embeddable":true,"href":"https:\/\/home.tovpil.org\/es_ES\/wp-json\/wp\/v2\/users\/1"}],"replies":[{"embeddable":true,"href":"https:\/\/home.tovpil.org\/es_ES\/wp-json\/wp\/v2\/comments?post=924"}],"version-history":[{"count":0,"href":"https:\/\/home.tovpil.org\/es_ES\/wp-json\/wp\/v2\/pages\/924\/revisions"}],"up":[{"embeddable":true,"href":"https:\/\/home.tovpil.org\/es_ES\/wp-json\/wp\/v2\/pages\/1270"}],"wp:attachment":[{"href":"https:\/\/home.tovpil.org\/es_ES\/wp-json\/wp\/v2\/media?parent=924"}],"curies":[{"name":"wp","href":"https:\/\/api.w.org\/{rel}","templated":true}]}}