{"id":945,"date":"2017-06-26T21:21:36","date_gmt":"2017-06-26T21:21:36","guid":{"rendered":"https:\/\/home.tovpil.org\/?page_id=945"},"modified":"2017-12-22T01:31:45","modified_gmt":"2017-12-22T01:31:45","slug":"charlas-y-jornadas-de-evangelizacion","status":"publish","type":"page","link":"https:\/\/home.tovpil.org\/es_ES\/que-ofrecemos\/charlas-y-jornadas-de-evangelizacion\/","title":{"rendered":"Charlas y Jornadas de Evangelizaci\u00f3n"},"content":{"rendered":"<p>[vc_row][vc_column width=&#8221;8\/12&#8243; el_class=&#8221;seccion-desarrollado&#8221;][vc_column_text el_class=&#8221;margin-bottom-40&#8243;]<\/p>\n<h1>Charlas y Jornadas de Evangelizaci\u00f3n<\/h1>\n<ul class=\"block-info\">\n<li class=\"ssba\"><!-- Simple Share Buttons Adder (7.5.19) simplesharebuttons.com --><div class=\"ssba-classic-2 ssba ssbp-wrap left ssbp--theme-1\"><div style=\"text-align:left\"><a data-site=\"\" class=\"ssba_facebook_share\" href=\"http:\/\/www.facebook.com\/sharer.php?u=https:\/\/home.tovpil.org\/es_ES\/wp-json\/wp\/v2\/pages\/945\"  target=\"_blank\" ><img decoding=\"async\" src=\"https:\/\/home.tovpil.org\/wp-content\/plugins\/simple-share-buttons-adder\/buttons\/somacro\/facebook.png\" style=\"width: 35px;\" title=\"Facebook\" class=\"ssba ssba-img\" alt=\"Share on Facebook\" \/><div title=\"Facebook\" class=\"ssbp-text\">Facebook<\/div><\/a><a data-site=\"\" class=\"ssba_twitter_share\" href=\"http:\/\/twitter.com\/share?url=https:\/\/home.tovpil.org\/es_ES\/wp-json\/wp\/v2\/pages\/945&amp;text=Charlas%20y%20Jornadas%20de%20Evangelizaci%C3%B3n%20\"  target=&quot;_blank&quot; ><img decoding=\"async\" src=\"https:\/\/home.tovpil.org\/wp-content\/plugins\/simple-share-buttons-adder\/buttons\/somacro\/twitter.png\" style=\"width: 35px;\" title=\"Twitter\" class=\"ssba ssba-img\" alt=\"Tweet about this on Twitter\" \/><div title=\"Twitter\" class=\"ssbp-text\">Twitter<\/div><\/a><a data-site='pinterest' class='ssba_pinterest_share' href='javascript:void((function()%7Bvar%20e=document.createElement(&apos;script&apos;);e.setAttribute(&apos;type&apos;,&apos;text\/javascript&apos;);e.setAttribute(&apos;charset&apos;,&apos;UTF-8&apos;);e.setAttribute(&apos;src&apos;,&apos;\/\/assets.pinterest.com\/js\/pinmarklet.js?r=&apos;+Math.random()*99999999);document.body.appendChild(e)%7D)());'><img decoding=\"async\" src=\"https:\/\/home.tovpil.org\/wp-content\/plugins\/simple-share-buttons-adder\/buttons\/somacro\/pinterest.png\" style=\"width: 35px;\" title=\"Pinterest\" class=\"ssba ssba-img\" alt=\"Pin on Pinterest\" \/><div title=\"Pinterest\" class=\"ssbp-text\">Pinterest<\/div><\/a><\/div><\/div><\/li>\n<\/ul>\n<p>Talleres de Oraci\u00f3n y Vida tiene como tarea principal la Nueva Evangelizaci\u00f3n en el mundo entero y junto con los Talleres cada miembro de nuestra Asociaci\u00f3n, como Gu\u00eda, entrega a la comunidad Charlas y\/o Jornadas de Evangelizaci\u00f3n.<\/p>\n<p>Estas pueden ser de un par de horas, medios d\u00edas, d\u00edas completos o fines de semana.<\/p>\n<p>Todos los contenidos de estas Charlas o Jornadas se basan en el riqu\u00edsimo y variado patrimonio de nuestra Asociaci\u00f3n, original de nuestro fundador el padre Ignacio Larra\u00f1aga.<\/p>\n<p>Habitualmente los temas m\u00e1s entregados son Meditaciones Cristol\u00f3gicas, Vida con Mar\u00eda, la Vida de fraternidad, como orar con los Salmos, Caminos de Paz, etc.<\/p>\n<p>Est\u00e1n invitadas todas aquellas personas que buscan recibir esta Buena Nueva que nos ha anunciado Jes\u00eds en su Evangelio, y cuyo \u00ednico requisito es querer conocer y tratar con Dios.[\/vc_column_text][vc_column_text el_class=&#8221;title-main-na&#8221;]<\/p>\n<h2><a href=\"\/wp\/category\/testimonios\/plw-services\/charlas-y-jornadas-de-evangelizacion-plw-services\/\">TESTIMONIOS<\/a><\/h2>\n<p>[\/vc_column_text]\n<div class=\"slz-shortcode sc_posts_mansory slz-posts-mansory slz-post-mansory-layout-1  posts-mansory-112205706569fcc0839b55c \">\n\n<div class=\"slz-isotope-grid column-2\">\n<div class=\"grid-item\">\n\t<div class=\"slz-block-item-01 style-1\">\n\t\t\t\t\t\t<div class=\"block-content\">\n\t\t\t<div class=\"block-content-wrapper\">\n\t\t\t\t\t\t\t\t<a class=\"block-title\" href=\"https:\/\/home.tovpil.org\/es_ES\/2018\/02\/20\/testimony-of-the-retreat-in-south-africa\/\">\n\t\t\t\t\tThe Retreat \u2013 \u201cJESUS CENTRE OF LIFE\u201d for me was Heartfelt and Mind Changing! After the Hymn \u201cSpirit of the Living God\u201d was sung by all \u2026I could really FEEL his presence upon me.\t\t\t\t<\/a>\n\t\t\t\t<div class=\"block-info\">\n\t\t\t\t\t<ul>\n\t\t\t\t\t<li><a href=\"https:\/\/home.tovpil.org\/es_ES\/2018\/02\/20\/testimony-of-the-retreat-in-south-africa\/\" class=\"link date\">febrero 20, 2018<\/a><\/li>\t\t\t\t\t<\/ul>\n\t\t\t\t<\/div>\n\t\t\n\t\t\t\t\t\t\t\t\t<div class=\"block-text\">\n\t\t\t\t\t\tThe Retreat \u2013 \u201cJESUS CENTRE OF LIFE\u201d for me was Heartfelt and Mind Changing! After the Hymn \u201cSpirit of the Living God\u201d was sung by all \u2026I could really FEEL his presence upon me. Through the various prayer methods, Readings of the Word, Meditation and Intense moments I felt myself extremely Sensitive to Jesus.. I cried a lot as my heart was touched and many times I became very emotional just to hear again How much Love He has for me and also how Hard He worked and how He Suffered as he was let down time and again by people who saw but could not comprehend Him fully\u2026A Misunderstood, Lonely man who always turned to His Father for Strength. I asked myself if I had lived then would I have treated Him like they did?\t\t\t\t\t<\/div>\n\t\t\t\t\n\t\t\t\t\n\t\t\t\t\t\t\t\t\t<a href=\"https:\/\/home.tovpil.org\/es_ES\/2018\/02\/20\/testimony-of-the-retreat-in-south-africa\/\" class=\"block-read-more\">\n\t\t\t\t\t\tM\u00e1s informaci\u00f3n\t\t\t\t\t\t<i class=\"fa fa-angle-double-right\"><\/i>\n\t\t\t\t\t<\/a>\n\t\t\t\t\t\t\t<\/div>\n\t\t<\/div>\n\t<\/div>\n<\/div>\n<div class=\"grid-item\">\n\t<div class=\"slz-block-item-01 style-1\">\n\t\t\t\t\t\t<div class=\"block-content\">\n\t\t\t<div class=\"block-content-wrapper\">\n\t\t\t\t\t\t\t\t<a class=\"block-title\" href=\"https:\/\/home.tovpil.org\/es_ES\/2017\/08\/07\/testimonio-retiro-transfiguracion\/\">\n\t\t\t\t\tRealizar esta experiencia fue muy enriquecedora y emotiva. Sent\u00ed la necesidad de trabajar m\u00e1s en mi espiritualidad, con ella fortalecida y siendo consciente que Dios vive en m\u00ed que me ama y confiando plenamente en \u00c9l, siento que mi vida tiene sentido y las dificultades o problemas que se me presentan son razones para crecer, los veo de otra manera con positivismo y les veo soluci\u00f3n.\t\t\t\t<\/a>\n\t\t\t\t<div class=\"block-info\">\n\t\t\t\t\t<ul>\n\t\t\t\t\t<li><a href=\"https:\/\/home.tovpil.org\/es_ES\/2017\/08\/07\/testimonio-retiro-transfiguracion\/\" class=\"link date\">agosto 7, 2017<\/a><\/li>\t\t\t\t\t<\/ul>\n\t\t\t\t<\/div>\n\t\t\n\t\t\t\t\t\t\t\t\t<div class=\"block-text\">\n\t\t\t\t\t\tRealizar esta experiencia fue muy enriquecedora y emotiva. Sent\u00ed la necesidad de trabajar m\u00e1s en mi espiritualidad, con ella fortalecida y siendo consciente que Dios vive en m\u00ed que me ama \t\t\t\t\t<\/div>\n\t\t\t\t\n\t\t\t\t\n\t\t\t\t\t\t\t\t\t<a href=\"https:\/\/home.tovpil.org\/es_ES\/2017\/08\/07\/testimonio-retiro-transfiguracion\/\" class=\"block-read-more\">\n\t\t\t\t\t\tM\u00e1s informaci\u00f3n\t\t\t\t\t\t<i class=\"fa fa-angle-double-right\"><\/i>\n\t\t\t\t\t<\/a>\n\t\t\t\t\t\t\t<\/div>\n\t\t<\/div>\n\t<\/div>\n<\/div><\/div><\/div>\n\n[\/vc_column][vc_column width=&#8221;4\/12&#8243;][vc_column_text el_class=&#8221;relacionados&#8221;]<\/p>\n<h6>Relacionados<\/h6>\n<p>[\/vc_column_text][vc_wp_custommenu nav_menu=&#8221;15&#8243;][\/vc_column][\/vc_row]<\/p>\n","protected":false},"excerpt":{"rendered":"<p>[vc_row][vc_column width=&#8221;8\/12&#8243; el_class=&#8221;seccion-desarrollado&#8221;][vc_column_text el_class=&#8221;margin-bottom-40&#8243;]<\/p>\n<h1>Charlas y Jornadas de Evangelizaci\u00f3n<\/h1>\n<ul class=\"block-info\">\n<li class=\"ssba\">[ssba]<\/li>\n<\/ul>\n<p>Talleres de Oraci\u00f3n y Vida ti&#8230;<\/p>\n","protected":false},"author":1,"featured_media":0,"parent":1270,"menu_order":0,"comment_status":"closed","ping_status":"closed","template":"","meta":{"footnotes":""},"class_list":["post-945","page","type-page","status-publish","hentry"],"_links":{"self":[{"href":"https:\/\/home.tovpil.org\/es_ES\/wp-json\/wp\/v2\/pages\/945","targetHints":{"allow":["GET"]}}],"collection":[{"href":"https:\/\/home.tovpil.org\/es_ES\/wp-json\/wp\/v2\/pages"}],"about":[{"href":"https:\/\/home.tovpil.org\/es_ES\/wp-json\/wp\/v2\/types\/page"}],"author":[{"embeddable":true,"href":"https:\/\/home.tovpil.org\/es_ES\/wp-json\/wp\/v2\/users\/1"}],"replies":[{"embeddable":true,"href":"https:\/\/home.tovpil.org\/es_ES\/wp-json\/wp\/v2\/comments?post=945"}],"version-history":[{"count":0,"href":"https:\/\/home.tovpil.org\/es_ES\/wp-json\/wp\/v2\/pages\/945\/revisions"}],"up":[{"embeddable":true,"href":"https:\/\/home.tovpil.org\/es_ES\/wp-json\/wp\/v2\/pages\/1270"}],"wp:attachment":[{"href":"https:\/\/home.tovpil.org\/es_ES\/wp-json\/wp\/v2\/media?parent=945"}],"curies":[{"name":"wp","href":"https:\/\/api.w.org\/{rel}","templated":true}]}}